{"id":12512,"date":"2026-03-08T15:15:42","date_gmt":"2026-03-08T20:15:42","guid":{"rendered":"https:\/\/vinal.co\/?page_id=12512"},"modified":"2026-03-08T15:18:18","modified_gmt":"2026-03-08T20:18:18","slug":"vinos-casal-garcia","status":"publish","type":"page","link":"https:\/\/vinal.co\/index.php\/vinos-casal-garcia\/","title":{"rendered":"Vinos Casal Garcia"},"content":{"rendered":"<div class=\"wpb-content-wrapper\"><p>[vc_row row_content_width=\u00bbgrid\u00bb css=\u00bb.vc_custom_1613357630842{padding-top: 80px !important;background-color: #ffffff !important;}\u00bb][vc_column width=\u00bb1\/3&#8243; offset=\u00bbvc_col-md-12&#8243;][vc_row_inner][vc_column_inner][vc_single_image image=\u00bb12361&#8243; img_size=\u00bbmedium\u00bb alignment=\u00bbcenter\u00bb css=\u00bb\u00bb][\/vc_column_inner][\/vc_row_inner]<div class=\"eltdf-elements-holder eltdf-responsive-mode-768\" ><div class=\"eltdf-eh-item eltdf-horizontal-alignment-center\" data-item-class=\"eltdf-eh-custom-627164\" >\n\t<div class=\"eltdf-eh-item-inner\" >\n\t\t<div class=\"eltdf-eh-item-content eltdf-eh-custom-627164\" style=\"padding: 0 15% 0 15%\">\n\t\t\t[vc_column_text css=\u00bb\u00bb]<\/p>\n<h2 style=\"text-align: justify;\"><span style=\"color: #85754e;\">Haya Alegr\u00eda, Haya Casal Garcia!<\/span><\/h2>\n<p>[\/vc_column_text][vc_column_text css=\u00bb\u00bb]<\/p>\n<p style=\"text-align: left;\" data-start=\"0\" data-end=\"116\"><span style=\"color: #85754e;\"><span class=\"hover:entity-accent entity-underline inline cursor-pointer align-baseline\"><span class=\"whitespace-normal\">Casal Garcia<\/span><\/span> es una marca con m\u00e1s de 80 a\u00f1os de historia y presencia en m\u00e1s de 70 pa\u00edses.<\/span><\/p>\n<p style=\"text-align: left;\" data-start=\"118\" data-end=\"335\" data-is-last-node=\"\" data-is-only-node=\"\"><span style=\"color: #85754e;\">Nacida en la Regi\u00f3n de los Vinhos Verdes, Casal Garcia ofrece una amplia experiencia de alegr\u00eda a trav\u00e9s de sus vinos y es hoy la marca de Vinho Verde m\u00e1s vendida en el mundo.<\/span><\/p>\n<p style=\"text-align: left;\" data-start=\"0\" data-end=\"157\"><span style=\"color: #85754e;\"><span class=\"hover:entity-accent entity-underline inline cursor-pointer align-baseline\"><span class=\"whitespace-normal\">Casal Garcia<\/span><\/span> es el embajador de la alegr\u00eda en todo el mundo, acompa\u00f1ando los momentos de buena disposici\u00f3n de varias generaciones.<\/span><\/p>\n<p style=\"text-align: left;\" data-start=\"159\" data-end=\"371\" data-is-last-node=\"\" data-is-only-node=\"\"><span style=\"color: #85754e;\">Con una historia ligada a las tradiciones de la regi\u00f3n del Mi\u00f1o, Casal Garcia se hizo reconocido por su innovadora botella de vidrio azul, que hoy es un referente para los vinos de la Regi\u00f3n de los Vinhos Verdes.<\/span><\/p>\n<p>[\/vc_column_text][vc_empty_space height=\u00bb100px\u00bb]\t\t<\/div>\n\t<\/div>\n\t<\/div><\/div>[\/vc_column][\/vc_row][vc_row][vc_column][vc_row_inner][vc_column_inner width=\u00bb1\/4&#8243;][\/vc_column_inner][vc_column_inner width=\u00bb1\/2&#8243;][vc_empty_space height=\u00bb70px\u00bb]<div class=\"eltdf-elements-holder eltdf-responsive-mode-768\" ><div class=\"eltdf-eh-item \" data-item-class=\"eltdf-eh-custom-267200\" >\n\t<div class=\"eltdf-eh-item-inner\" >\n\t\t<div class=\"eltdf-eh-item-content eltdf-eh-custom-267200\" >\n\t\t\t<div class=\"woocommerce columns-2 \"><ul class=\"products columns-2\">\n<li class=\"product type-product post-450 status-publish first instock product_cat-blanco product_cat-portugal product_cat-vino-verde product_cat-vino product_tag-arinto product_tag-loureiro product_tag-portugal product_tag-vinho product_tag-vinho-verde product_tag-vino product_tag-vino-verde has-post-thumbnail featured shipping-taxable product-type-simple\">\n\t<div class=\"eltdf-pl-inner\"><span class=\"eltd-pl-image-border-top\"><\/span><span class=\"eltd-pl-image-border-right\"><\/span><span class=\"eltd-pl-image-border-bottom\"><\/span><span class=\"eltd-pl-image-border-left\"><\/span><div class=\"eltdf-pl-image\"><img decoding=\"async\" width=\"195\" height=\"195\" src=\"https:\/\/vinal.co\/wp-content\/uploads\/2026\/02\/CG-BL-195x195.png\" class=\"attachment-woocommerce_thumbnail size-woocommerce_thumbnail\" alt=\"Botella vino casal garcia blanco\" srcset=\"https:\/\/vinal.co\/wp-content\/uploads\/2026\/02\/CG-BL-195x195.png 195w, https:\/\/vinal.co\/wp-content\/uploads\/2026\/02\/CG-BL-300x300.png 300w, https:\/\/vinal.co\/wp-content\/uploads\/2026\/02\/CG-BL-150x150.png 150w, https:\/\/vinal.co\/wp-content\/uploads\/2026\/02\/CG-BL-768x768.png 768w, https:\/\/vinal.co\/wp-content\/uploads\/2026\/02\/CG-BL-550x550.png 550w, https:\/\/vinal.co\/wp-content\/uploads\/2026\/02\/CG-BL-600x600.png 600w, https:\/\/vinal.co\/wp-content\/uploads\/2026\/02\/CG-BL-100x100.png 100w, https:\/\/vinal.co\/wp-content\/uploads\/2026\/02\/CG-BL.png 840w\" sizes=\"(max-width: 195px) 100vw, 195px\" \/><div class=\"eltdf-pl-text\"><div class=\"eltdf-pl-text-outer\"><div class=\"eltdf-pl-text-inner\"><a href=\"https:\/\/vinal.co\/index.php\/product\/vino-casal-garcia-blanco\/\" aria-describedby=\"woocommerce_loop_add_to_cart_link_describedby_450\" data-quantity=\"1\" class=\"button product_type_simple\" data-product_id=\"450\" data-product_sku=\"\" aria-label=\"Lee m\u00e1s sobre &ldquo;Casal Garcia Blanco&rdquo;\" rel=\"nofollow\" data-success_message=\"\">Leer m\u00e1s<\/a>\t<span id=\"woocommerce_loop_add_to_cart_link_describedby_450\" class=\"screen-reader-text\">\n\t\t\t<\/span>\n<\/div><\/div><\/div><\/div><a href=\"https:\/\/vinal.co\/index.php\/product\/vino-casal-garcia-blanco\/\" class=\"woocommerce-LoopProduct-link woocommerce-loop-product__link\"><\/a><\/div><div class=\"eltdf-pl-text-wrapper\"><h5 class=\"eltdf-product-list-title\"><a href=\"https:\/\/vinal.co\/index.php\/product\/vino-casal-garcia-blanco\/\">Casal Garcia Blanco<\/a><\/h5><h6 class=\"eltdf-product-list-category\"><a href=\"https:\/\/vinal.co\/index.php\/product-category\/vino\/blanco\/\" rel=\"tag\">Blanco<\/a>, <a href=\"https:\/\/vinal.co\/index.php\/product-category\/vino\/portugal\/\" rel=\"tag\">Portugal<\/a>, <a href=\"https:\/\/vinal.co\/index.php\/product-category\/vino\/vino-verde\/\" rel=\"tag\">Vinho Verde<\/a>, <a href=\"https:\/\/vinal.co\/index.php\/product-category\/vino\/\" rel=\"tag\">Vino<\/a><\/h6><\/div><\/li><li class=\"product type-product post-682 status-publish last instock product_cat-portugal product_cat-rosado product_cat-vino-verde product_cat-vino product_tag-portugal product_tag-rosado product_tag-vinho product_tag-vinho-verde product_tag-vino product_tag-vino-verde has-post-thumbnail shipping-taxable product-type-simple\">\n\t<div class=\"eltdf-pl-inner\"><span class=\"eltd-pl-image-border-top\"><\/span><span class=\"eltd-pl-image-border-right\"><\/span><span class=\"eltd-pl-image-border-bottom\"><\/span><span class=\"eltd-pl-image-border-left\"><\/span><div class=\"eltdf-pl-image\"><img decoding=\"async\" width=\"195\" height=\"195\" src=\"https:\/\/vinal.co\/wp-content\/uploads\/2026\/02\/CG-RO-195x195.png\" class=\"attachment-woocommerce_thumbnail size-woocommerce_thumbnail\" alt=\"Botella vino casal garcia rosado\" srcset=\"https:\/\/vinal.co\/wp-content\/uploads\/2026\/02\/CG-RO-195x195.png 195w, https:\/\/vinal.co\/wp-content\/uploads\/2026\/02\/CG-RO-300x300.png 300w, https:\/\/vinal.co\/wp-content\/uploads\/2026\/02\/CG-RO-150x150.png 150w, https:\/\/vinal.co\/wp-content\/uploads\/2026\/02\/CG-RO-768x768.png 768w, https:\/\/vinal.co\/wp-content\/uploads\/2026\/02\/CG-RO-550x550.png 550w, https:\/\/vinal.co\/wp-content\/uploads\/2026\/02\/CG-RO-600x600.png 600w, https:\/\/vinal.co\/wp-content\/uploads\/2026\/02\/CG-RO-100x100.png 100w, https:\/\/vinal.co\/wp-content\/uploads\/2026\/02\/CG-RO.png 840w\" sizes=\"(max-width: 195px) 100vw, 195px\" \/><div class=\"eltdf-pl-text\"><div class=\"eltdf-pl-text-outer\"><div class=\"eltdf-pl-text-inner\"><a href=\"https:\/\/vinal.co\/index.php\/product\/vino-casal-garcia-rose\/\" aria-describedby=\"woocommerce_loop_add_to_cart_link_describedby_682\" data-quantity=\"1\" class=\"button product_type_simple\" data-product_id=\"682\" data-product_sku=\"\" aria-label=\"Lee m\u00e1s sobre &ldquo;Casal Garcia Ros\u00e9&rdquo;\" rel=\"nofollow\" data-success_message=\"\">Leer m\u00e1s<\/a>\t<span id=\"woocommerce_loop_add_to_cart_link_describedby_682\" class=\"screen-reader-text\">\n\t\t\t<\/span>\n<\/div><\/div><\/div><\/div><a href=\"https:\/\/vinal.co\/index.php\/product\/vino-casal-garcia-rose\/\" class=\"woocommerce-LoopProduct-link woocommerce-loop-product__link\"><\/a><\/div><div class=\"eltdf-pl-text-wrapper\"><h5 class=\"eltdf-product-list-title\"><a href=\"https:\/\/vinal.co\/index.php\/product\/vino-casal-garcia-rose\/\">Casal Garcia Ros\u00e9<\/a><\/h5><h6 class=\"eltdf-product-list-category\"><a href=\"https:\/\/vinal.co\/index.php\/product-category\/vino\/portugal\/\" rel=\"tag\">Portugal<\/a>, <a href=\"https:\/\/vinal.co\/index.php\/product-category\/vino\/rosado\/\" rel=\"tag\">Rosado<\/a>, <a href=\"https:\/\/vinal.co\/index.php\/product-category\/vino\/vino-verde\/\" rel=\"tag\">Vinho Verde<\/a>, <a href=\"https:\/\/vinal.co\/index.php\/product-category\/vino\/\" rel=\"tag\">Vino<\/a><\/h6><\/div><\/li><\/ul>\n<\/div>\t\t<\/div>\n\t<\/div>\n\t<\/div><\/div>[vc_empty_space height=\u00bb70px\u00bb][\/vc_column_inner][vc_column_inner width=\u00bb1\/4&#8243;][\/vc_column_inner][\/vc_row_inner][\/vc_column][\/vc_row][vc_row row_content_width=\u00bbgrid\u00bb content_text_aligment=\u00bbcenter\u00bb css=\u00bb.vc_custom_1772581940354{padding-top: 20px !important;padding-bottom: 80px !important;}\u00bb][vc_column][vc_empty_space height=\u00bb15px\u00bb]<a itemprop=\"url\" href=\"https:\/\/vinal.co\/index.php\/vinal-colombia-vinos-y-alimentos\/\" target=\"_self\" style=\"color: #FFFFFF;background-color: #A2907A;font-size: 16px;font-weight: 500\" class=\"eltdf-btn eltdf-btn-medium eltdf-btn-solid eltdf-btn-custom-hover-bg eltdf-btn-custom-hover-color\" data-hover-color=\"#FFFFFF\" data-hover-bg-color=\"#4C4853\" >\n    <span class=\"eltdf-btn-text\">Me Interesa<\/span>\n    <\/a>[vc_empty_space height=\u00bb200px\u00bb][\/vc_column][\/vc_row]<\/p>\n<\/div>","protected":false},"excerpt":{"rendered":"<p>[vc_row row_content_width=\u00bbgrid\u00bb css=\u00bb.vc_custom_1613357630842{padding-top: 80px !important;background-color: #ffffff !important;}\u00bb][vc_column width=\u00bb1\/3&#8243; offset=\u00bbvc_col-md-12&#8243;][vc_row_inner][vc_column_inner][vc_single_image image=\u00bb12361&#8243; img_size=\u00bbmedium\u00bb alignment=\u00bbcenter\u00bb css=\u00bb\u00bb][\/vc_column_inner][\/vc_row_inner][\/vc_column][\/vc_row][vc_row][vc_column][vc_row_inner][vc_column_inner width=\u00bb1\/4&#8243;][\/vc_column_inner][vc_column_inner width=\u00bb1\/2&#8243;][vc_empty_space height=\u00bb70px\u00bb][vc_empty_space height=\u00bb70px\u00bb][\/vc_column_inner][vc_column_inner width=\u00bb1\/4&#8243;][\/vc_column_inner][\/vc_row_inner][\/vc_column][\/vc_row][vc_row row_content_width=\u00bbgrid\u00bb content_text_aligment=\u00bbcenter\u00bb css=\u00bb.vc_custom_1772581940354{padding-top: 20px !important;padding-bottom: 80px !important;}\u00bb][vc_column][vc_empty_space height=\u00bb15px\u00bb][vc_empty_space height=\u00bb200px\u00bb][\/vc_column][\/vc_row]<\/p>\n","protected":false},"author":1,"featured_media":0,"parent":0,"menu_order":0,"comment_status":"closed","ping_status":"closed","template":"full-width.php","meta":{"om_disable_all_campaigns":false,"_monsterinsights_skip_tracking":false,"_monsterinsights_sitenote_active":false,"_monsterinsights_sitenote_note":"","_monsterinsights_sitenote_category":0,"_uf_show_specific_survey":0,"_uf_disable_surveys":false,"_joinchat":[],"footnotes":""},"wf_page_folders":[214],"class_list":["post-12512","page","type-page","status-publish","hentry"],"yoast_head":"<!-- This site is optimized with the Yoast SEO plugin v27.3 - https:\/\/yoast.com\/product\/yoast-seo-wordpress\/ -->\n<title>Vinos Casal Garcia<\/title>\n<meta name=\"description\" content=\"los vinos Casal Garcia son embajador de la alegr\u00eda en todo el mundo, acompa\u00f1ando los momentos de buena disposici\u00f3n de varias generaciones.\" \/>\n<meta name=\"robots\" content=\"index, follow, max-snippet:-1, max-image-preview:large, max-video-preview:-1\" \/>\n<link rel=\"canonical\" href=\"https:\/\/vinal.co\/index.php\/vinos-casal-garcia\/\" \/>\n<meta property=\"og:locale\" content=\"es_ES\" \/>\n<meta property=\"og:type\" content=\"article\" \/>\n<meta property=\"og:title\" content=\"Vinos Casal Garcia\" \/>\n<meta property=\"og:description\" content=\"los vinos Casal Garcia son embajador de la alegr\u00eda en todo el mundo, acompa\u00f1ando los momentos de buena disposici\u00f3n de varias generaciones.\" \/>\n<meta property=\"og:url\" content=\"https:\/\/vinal.co\/index.php\/vinos-casal-garcia\/\" \/>\n<meta property=\"og:site_name\" content=\"Vinal Colombia\" \/>\n<meta property=\"article:publisher\" content=\"https:\/\/www.facebook.com\/VinalColombia\/\" \/>\n<meta property=\"article:modified_time\" content=\"2026-03-08T20:18:18+00:00\" \/>\n<meta name=\"twitter:card\" content=\"summary_large_image\" \/>\n<meta name=\"twitter:label1\" content=\"Tiempo de lectura\" \/>\n\t<meta name=\"twitter:data1\" content=\"2 minutos\" \/>\n<script type=\"application\/ld+json\" class=\"yoast-schema-graph\">{\"@context\":\"https:\\\/\\\/schema.org\",\"@graph\":[{\"@type\":\"WebPage\",\"@id\":\"https:\\\/\\\/vinal.co\\\/index.php\\\/vinos-casal-garcia\\\/\",\"url\":\"https:\\\/\\\/vinal.co\\\/index.php\\\/vinos-casal-garcia\\\/\",\"name\":\"Vinos Casal Garcia\",\"isPartOf\":{\"@id\":\"https:\\\/\\\/vinal.co\\\/#website\"},\"datePublished\":\"2026-03-08T20:15:42+00:00\",\"dateModified\":\"2026-03-08T20:18:18+00:00\",\"description\":\"los vinos Casal Garcia son embajador de la alegr\u00eda en todo el mundo, acompa\u00f1ando los momentos de buena disposici\u00f3n de varias generaciones.\",\"breadcrumb\":{\"@id\":\"https:\\\/\\\/vinal.co\\\/index.php\\\/vinos-casal-garcia\\\/#breadcrumb\"},\"inLanguage\":\"es\",\"potentialAction\":[{\"@type\":\"ReadAction\",\"target\":[\"https:\\\/\\\/vinal.co\\\/index.php\\\/vinos-casal-garcia\\\/\"]}]},{\"@type\":\"BreadcrumbList\",\"@id\":\"https:\\\/\\\/vinal.co\\\/index.php\\\/vinos-casal-garcia\\\/#breadcrumb\",\"itemListElement\":[{\"@type\":\"ListItem\",\"position\":1,\"name\":\"Inicio\",\"item\":\"https:\\\/\\\/vinal.co\\\/\"},{\"@type\":\"ListItem\",\"position\":2,\"name\":\"Vinos Casal Garcia\"}]},{\"@type\":\"WebSite\",\"@id\":\"https:\\\/\\\/vinal.co\\\/#website\",\"url\":\"https:\\\/\\\/vinal.co\\\/\",\"name\":\"Vinal Colombia\",\"description\":\"El mundo en una copa!\",\"publisher\":{\"@id\":\"https:\\\/\\\/vinal.co\\\/#organization\"},\"potentialAction\":[{\"@type\":\"SearchAction\",\"target\":{\"@type\":\"EntryPoint\",\"urlTemplate\":\"https:\\\/\\\/vinal.co\\\/?s={search_term_string}\"},\"query-input\":{\"@type\":\"PropertyValueSpecification\",\"valueRequired\":true,\"valueName\":\"search_term_string\"}}],\"inLanguage\":\"es\"},{\"@type\":\"Organization\",\"@id\":\"https:\\\/\\\/vinal.co\\\/#organization\",\"name\":\"VINAL COLOMBIA\",\"url\":\"https:\\\/\\\/vinal.co\\\/\",\"logo\":{\"@type\":\"ImageObject\",\"inLanguage\":\"es\",\"@id\":\"https:\\\/\\\/vinal.co\\\/#\\\/schema\\\/logo\\\/image\\\/\",\"url\":\"https:\\\/\\\/i2.wp.com\\\/vinal.co\\\/wp-content\\\/uploads\\\/2020\\\/09\\\/Portugal-en-una-copa-Vinal-Colombia-Logo.png?fit=216%2C252&ssl=1\",\"contentUrl\":\"https:\\\/\\\/i2.wp.com\\\/vinal.co\\\/wp-content\\\/uploads\\\/2020\\\/09\\\/Portugal-en-una-copa-Vinal-Colombia-Logo.png?fit=216%2C252&ssl=1\",\"width\":216,\"height\":252,\"caption\":\"VINAL COLOMBIA\"},\"image\":{\"@id\":\"https:\\\/\\\/vinal.co\\\/#\\\/schema\\\/logo\\\/image\\\/\"},\"sameAs\":[\"https:\\\/\\\/www.facebook.com\\\/VinalColombia\\\/\",\"https:\\\/\\\/www.instagram.com\\\/vinalcolombia\\\/\"]}]}<\/script>\n<!-- \/ Yoast SEO plugin. -->","yoast_head_json":{"title":"Vinos Casal Garcia","description":"los vinos Casal Garcia son embajador de la alegr\u00eda en todo el mundo, acompa\u00f1ando los momentos de buena disposici\u00f3n de varias generaciones.","robots":{"index":"index","follow":"follow","max-snippet":"max-snippet:-1","max-image-preview":"max-image-preview:large","max-video-preview":"max-video-preview:-1"},"canonical":"https:\/\/vinal.co\/index.php\/vinos-casal-garcia\/","og_locale":"es_ES","og_type":"article","og_title":"Vinos Casal Garcia","og_description":"los vinos Casal Garcia son embajador de la alegr\u00eda en todo el mundo, acompa\u00f1ando los momentos de buena disposici\u00f3n de varias generaciones.","og_url":"https:\/\/vinal.co\/index.php\/vinos-casal-garcia\/","og_site_name":"Vinal Colombia","article_publisher":"https:\/\/www.facebook.com\/VinalColombia\/","article_modified_time":"2026-03-08T20:18:18+00:00","twitter_card":"summary_large_image","twitter_misc":{"Tiempo de lectura":"2 minutos"},"schema":{"@context":"https:\/\/schema.org","@graph":[{"@type":"WebPage","@id":"https:\/\/vinal.co\/index.php\/vinos-casal-garcia\/","url":"https:\/\/vinal.co\/index.php\/vinos-casal-garcia\/","name":"Vinos Casal Garcia","isPartOf":{"@id":"https:\/\/vinal.co\/#website"},"datePublished":"2026-03-08T20:15:42+00:00","dateModified":"2026-03-08T20:18:18+00:00","description":"los vinos Casal Garcia son embajador de la alegr\u00eda en todo el mundo, acompa\u00f1ando los momentos de buena disposici\u00f3n de varias generaciones.","breadcrumb":{"@id":"https:\/\/vinal.co\/index.php\/vinos-casal-garcia\/#breadcrumb"},"inLanguage":"es","potentialAction":[{"@type":"ReadAction","target":["https:\/\/vinal.co\/index.php\/vinos-casal-garcia\/"]}]},{"@type":"BreadcrumbList","@id":"https:\/\/vinal.co\/index.php\/vinos-casal-garcia\/#breadcrumb","itemListElement":[{"@type":"ListItem","position":1,"name":"Inicio","item":"https:\/\/vinal.co\/"},{"@type":"ListItem","position":2,"name":"Vinos Casal Garcia"}]},{"@type":"WebSite","@id":"https:\/\/vinal.co\/#website","url":"https:\/\/vinal.co\/","name":"Vinal Colombia","description":"El mundo en una copa!","publisher":{"@id":"https:\/\/vinal.co\/#organization"},"potentialAction":[{"@type":"SearchAction","target":{"@type":"EntryPoint","urlTemplate":"https:\/\/vinal.co\/?s={search_term_string}"},"query-input":{"@type":"PropertyValueSpecification","valueRequired":true,"valueName":"search_term_string"}}],"inLanguage":"es"},{"@type":"Organization","@id":"https:\/\/vinal.co\/#organization","name":"VINAL COLOMBIA","url":"https:\/\/vinal.co\/","logo":{"@type":"ImageObject","inLanguage":"es","@id":"https:\/\/vinal.co\/#\/schema\/logo\/image\/","url":"https:\/\/i2.wp.com\/vinal.co\/wp-content\/uploads\/2020\/09\/Portugal-en-una-copa-Vinal-Colombia-Logo.png?fit=216%2C252&ssl=1","contentUrl":"https:\/\/i2.wp.com\/vinal.co\/wp-content\/uploads\/2020\/09\/Portugal-en-una-copa-Vinal-Colombia-Logo.png?fit=216%2C252&ssl=1","width":216,"height":252,"caption":"VINAL COLOMBIA"},"image":{"@id":"https:\/\/vinal.co\/#\/schema\/logo\/image\/"},"sameAs":["https:\/\/www.facebook.com\/VinalColombia\/","https:\/\/www.instagram.com\/vinalcolombia\/"]}]}},"_links":{"self":[{"href":"https:\/\/vinal.co\/index.php\/wp-json\/wp\/v2\/pages\/12512","targetHints":{"allow":["GET"]}}],"collection":[{"href":"https:\/\/vinal.co\/index.php\/wp-json\/wp\/v2\/pages"}],"about":[{"href":"https:\/\/vinal.co\/index.php\/wp-json\/wp\/v2\/types\/page"}],"author":[{"embeddable":true,"href":"https:\/\/vinal.co\/index.php\/wp-json\/wp\/v2\/users\/1"}],"replies":[{"embeddable":true,"href":"https:\/\/vinal.co\/index.php\/wp-json\/wp\/v2\/comments?post=12512"}],"version-history":[{"count":16,"href":"https:\/\/vinal.co\/index.php\/wp-json\/wp\/v2\/pages\/12512\/revisions"}],"predecessor-version":[{"id":12776,"href":"https:\/\/vinal.co\/index.php\/wp-json\/wp\/v2\/pages\/12512\/revisions\/12776"}],"wp:attachment":[{"href":"https:\/\/vinal.co\/index.php\/wp-json\/wp\/v2\/media?parent=12512"}],"wp:term":[{"taxonomy":"wf_page_folders","embeddable":true,"href":"https:\/\/vinal.co\/index.php\/wp-json\/wp\/v2\/wf_page_folders?post=12512"}],"curies":[{"name":"wp","href":"https:\/\/api.w.org\/{rel}","templated":true}]}}