{"id":12528,"date":"2026-03-08T14:52:11","date_gmt":"2026-03-08T19:52:11","guid":{"rendered":"https:\/\/vinal.co\/?page_id=12528"},"modified":"2026-03-08T19:59:42","modified_gmt":"2026-03-09T00:59:42","slug":"vinos-quinta-de-s-sebastiao","status":"publish","type":"page","link":"https:\/\/vinal.co\/index.php\/vinos-quinta-de-s-sebastiao\/","title":{"rendered":"Vinos Quinta De S. Sebasti\u00e3o"},"content":{"rendered":"<div class=\"wpb-content-wrapper\"><p>[vc_row row_content_width=\u00bbgrid\u00bb css=\u00bb.vc_custom_1613357630842{padding-top: 80px !important;background-color: #ffffff !important;}\u00bb][vc_column width=\u00bb1\/3&#8243; offset=\u00bbvc_col-md-12&#8243;][vc_row_inner][vc_column_inner][vc_single_image image=\u00bb12284&#8243; img_size=\u00bbmedium\u00bb alignment=\u00bbcenter\u00bb css=\u00bb\u00bb][\/vc_column_inner][\/vc_row_inner]<div class=\"eltdf-elements-holder eltdf-responsive-mode-768\" ><div class=\"eltdf-eh-item eltdf-horizontal-alignment-center\" data-item-class=\"eltdf-eh-custom-291681\" >\n\t<div class=\"eltdf-eh-item-inner\" >\n\t\t<div class=\"eltdf-eh-item-content eltdf-eh-custom-291681\" style=\"padding: 0 15% 0 15%\">\n\t\t\t[vc_column_text css=\u00bb\u00bb]<\/p>\n<h2 style=\"text-align: justify;\"><span style=\"color: #85754e;\">Los vinos Quinta De S. Sebasti\u00e3o son una gama de vinos de excelencia, llenos de glamour, suaves, intensos y de extrema elegancia.<\/span><\/h2>\n<p>[\/vc_column_text][vc_column_text css=\u00bb\u00bb]<\/p>\n<p style=\"text-align: left;\" data-start=\"246\" data-end=\"370\"><span style=\"color: #85754e;\">Proceden de un clima mediterr\u00e1neo con una marcada influencia atl\u00e1ntica, debido a la proximidad de los vi\u00f1edos al mar.<\/span><\/p>\n<p style=\"text-align: left;\" data-start=\"372\" data-end=\"573\"><span style=\"color: #85754e;\">Los tintos se elaboran a partir de castas nacionales como Touriga Nacional y Tinta Roriz, as\u00ed como internacionales como Merlot y Syrah, y cuentan con varios meses de crianza en roble franc\u00e9s.<\/span><\/p>\n<p style=\"text-align: left;\" data-start=\"575\" data-end=\"715\" data-is-last-node=\"\" data-is-only-node=\"\"><span style=\"color: #85754e;\">El blanco nace de las variedades Arinto, Cercial y Sauvignon Blanc.<\/span><\/p>\n<p>[\/vc_column_text][vc_empty_space height=\u00bb100px\u00bb]\t\t<\/div>\n\t<\/div>\n\t<\/div><\/div>[\/vc_column][\/vc_row][vc_row][vc_column][vc_row_inner][vc_column_inner width=\u00bb1\/4&#8243;][\/vc_column_inner][vc_column_inner width=\u00bb1\/2&#8243;][vc_empty_space]<div class=\"eltdf-elements-holder eltdf-responsive-mode-768\" ><div class=\"eltdf-eh-item \" data-item-class=\"eltdf-eh-custom-753865\" >\n\t<div class=\"eltdf-eh-item-inner\" >\n\t\t<div class=\"eltdf-eh-item-content eltdf-eh-custom-753865\" >\n\t\t\t<div class=\"woocommerce columns-2 \"><ul class=\"products columns-2\">\n<li class=\"product type-product post-755 status-publish first instock product_cat-blanco product_cat-portugal product_cat-reserva product_cat-vino product_tag-arinto product_tag-barrica product_tag-blanco product_tag-cerceal product_tag-lisboa product_tag-portugal product_tag-reserva product_tag-sauvignon-blanc product_tag-vinho product_tag-vino has-post-thumbnail featured shipping-taxable product-type-simple\">\n\t<div class=\"eltdf-pl-inner\"><span class=\"eltd-pl-image-border-top\"><\/span><span class=\"eltd-pl-image-border-right\"><\/span><span class=\"eltd-pl-image-border-bottom\"><\/span><span class=\"eltd-pl-image-border-left\"><\/span><div class=\"eltdf-pl-image\"><img decoding=\"async\" width=\"195\" height=\"195\" src=\"https:\/\/vinal.co\/wp-content\/uploads\/2026\/02\/QSS-BLR-195x195.png\" class=\"attachment-woocommerce_thumbnail size-woocommerce_thumbnail\" alt=\"Botella vino Quinta de S. Sebastiao Blanco reserva\" srcset=\"https:\/\/vinal.co\/wp-content\/uploads\/2026\/02\/QSS-BLR-195x195.png 195w, https:\/\/vinal.co\/wp-content\/uploads\/2026\/02\/QSS-BLR-300x300.png 300w, https:\/\/vinal.co\/wp-content\/uploads\/2026\/02\/QSS-BLR-150x150.png 150w, https:\/\/vinal.co\/wp-content\/uploads\/2026\/02\/QSS-BLR-768x768.png 768w, https:\/\/vinal.co\/wp-content\/uploads\/2026\/02\/QSS-BLR-550x550.png 550w, https:\/\/vinal.co\/wp-content\/uploads\/2026\/02\/QSS-BLR-600x600.png 600w, https:\/\/vinal.co\/wp-content\/uploads\/2026\/02\/QSS-BLR-100x100.png 100w, https:\/\/vinal.co\/wp-content\/uploads\/2026\/02\/QSS-BLR.png 840w\" sizes=\"(max-width: 195px) 100vw, 195px\" \/><div class=\"eltdf-pl-text\"><div class=\"eltdf-pl-text-outer\"><div class=\"eltdf-pl-text-inner\"><a href=\"https:\/\/vinal.co\/index.php\/product\/quinta-de-sao-sebastiao-blanco-reserva\/\" aria-describedby=\"woocommerce_loop_add_to_cart_link_describedby_755\" data-quantity=\"1\" class=\"button product_type_simple\" data-product_id=\"755\" data-product_sku=\"\" aria-label=\"Lee m\u00e1s sobre &ldquo;Quinta De S\u00e3o Sebasti\u00e3o Blanco Reserva&rdquo;\" rel=\"nofollow\" data-success_message=\"\">Leer m\u00e1s<\/a>\t<span id=\"woocommerce_loop_add_to_cart_link_describedby_755\" class=\"screen-reader-text\">\n\t\t\t<\/span>\n<\/div><\/div><\/div><\/div><a href=\"https:\/\/vinal.co\/index.php\/product\/quinta-de-sao-sebastiao-blanco-reserva\/\" class=\"woocommerce-LoopProduct-link woocommerce-loop-product__link\"><\/a><\/div><div class=\"eltdf-pl-text-wrapper\"><h5 class=\"eltdf-product-list-title\"><a href=\"https:\/\/vinal.co\/index.php\/product\/quinta-de-sao-sebastiao-blanco-reserva\/\">Quinta De S\u00e3o Sebasti\u00e3o Blanco Reserva<\/a><\/h5><h6 class=\"eltdf-product-list-category\"><a href=\"https:\/\/vinal.co\/index.php\/product-category\/vino\/blanco\/\" rel=\"tag\">Blanco<\/a>, <a href=\"https:\/\/vinal.co\/index.php\/product-category\/vino\/portugal\/\" rel=\"tag\">Portugal<\/a>, <a href=\"https:\/\/vinal.co\/index.php\/product-category\/vino\/reserva\/\" rel=\"tag\">Reserva<\/a>, <a href=\"https:\/\/vinal.co\/index.php\/product-category\/vino\/\" rel=\"tag\">Vino<\/a><\/h6><\/div><\/li><li class=\"product type-product post-754 status-publish last instock product_cat-portugal product_cat-reserva product_cat-tinto product_cat-vino product_tag-barrica product_tag-lisboa product_tag-merlot product_tag-portugal product_tag-reserva product_tag-syrah product_tag-tinto product_tag-touriga-nacional product_tag-vinho product_tag-vino has-post-thumbnail shipping-taxable product-type-simple\">\n\t<div class=\"eltdf-pl-inner\"><span class=\"eltd-pl-image-border-top\"><\/span><span class=\"eltd-pl-image-border-right\"><\/span><span class=\"eltd-pl-image-border-bottom\"><\/span><span class=\"eltd-pl-image-border-left\"><\/span><div class=\"eltdf-pl-image\"><img decoding=\"async\" width=\"195\" height=\"195\" src=\"https:\/\/vinal.co\/wp-content\/uploads\/2026\/02\/QSS-TTR-195x195.png\" class=\"attachment-woocommerce_thumbnail size-woocommerce_thumbnail\" alt=\"Botella vino Quinta de S. Sebastiao tinto reserva\" srcset=\"https:\/\/vinal.co\/wp-content\/uploads\/2026\/02\/QSS-TTR-195x195.png 195w, https:\/\/vinal.co\/wp-content\/uploads\/2026\/02\/QSS-TTR-300x300.png 300w, https:\/\/vinal.co\/wp-content\/uploads\/2026\/02\/QSS-TTR-150x150.png 150w, https:\/\/vinal.co\/wp-content\/uploads\/2026\/02\/QSS-TTR-768x768.png 768w, https:\/\/vinal.co\/wp-content\/uploads\/2026\/02\/QSS-TTR-550x550.png 550w, https:\/\/vinal.co\/wp-content\/uploads\/2026\/02\/QSS-TTR-600x600.png 600w, https:\/\/vinal.co\/wp-content\/uploads\/2026\/02\/QSS-TTR-100x100.png 100w, https:\/\/vinal.co\/wp-content\/uploads\/2026\/02\/QSS-TTR.png 840w\" sizes=\"(max-width: 195px) 100vw, 195px\" \/><div class=\"eltdf-pl-text\"><div class=\"eltdf-pl-text-outer\"><div class=\"eltdf-pl-text-inner\"><a href=\"https:\/\/vinal.co\/index.php\/product\/quinta-de-sao-sebastiao-reserva\/\" aria-describedby=\"woocommerce_loop_add_to_cart_link_describedby_754\" data-quantity=\"1\" class=\"button product_type_simple\" data-product_id=\"754\" data-product_sku=\"\" aria-label=\"Lee m\u00e1s sobre &ldquo;Quinta De S\u00e3o Sebasti\u00e3o Reserva&rdquo;\" rel=\"nofollow\" data-success_message=\"\">Leer m\u00e1s<\/a>\t<span id=\"woocommerce_loop_add_to_cart_link_describedby_754\" class=\"screen-reader-text\">\n\t\t\t<\/span>\n<\/div><\/div><\/div><\/div><a href=\"https:\/\/vinal.co\/index.php\/product\/quinta-de-sao-sebastiao-reserva\/\" class=\"woocommerce-LoopProduct-link woocommerce-loop-product__link\"><\/a><\/div><div class=\"eltdf-pl-text-wrapper\"><h5 class=\"eltdf-product-list-title\"><a href=\"https:\/\/vinal.co\/index.php\/product\/quinta-de-sao-sebastiao-reserva\/\">Quinta De S\u00e3o Sebasti\u00e3o Reserva<\/a><\/h5><h6 class=\"eltdf-product-list-category\"><a href=\"https:\/\/vinal.co\/index.php\/product-category\/vino\/portugal\/\" rel=\"tag\">Portugal<\/a>, <a href=\"https:\/\/vinal.co\/index.php\/product-category\/vino\/reserva\/\" rel=\"tag\">Reserva<\/a>, <a href=\"https:\/\/vinal.co\/index.php\/product-category\/vino\/tinto\/\" rel=\"tag\">Tinto<\/a>, <a href=\"https:\/\/vinal.co\/index.php\/product-category\/vino\/\" rel=\"tag\">Vino<\/a><\/h6><\/div><\/li><\/ul>\n<\/div>\t\t<\/div>\n\t<\/div>\n\t<\/div><\/div>[vc_empty_space height=\u00bb70px\u00bb][\/vc_column_inner][vc_column_inner width=\u00bb1\/4&#8243;][\/vc_column_inner][\/vc_row_inner][\/vc_column][\/vc_row][vc_row row_content_width=\u00bbgrid\u00bb content_text_aligment=\u00bbcenter\u00bb css=\u00bb.vc_custom_1772581940354{padding-top: 20px !important;padding-bottom: 80px !important;}\u00bb][vc_column][vc_empty_space height=\u00bb15px\u00bb]<a itemprop=\"url\" href=\"https:\/\/vinal.co\/index.php\/vinal-colombia-vinos-y-alimentos\/\" target=\"_self\" style=\"color: #FFFFFF;background-color: #A2907A;font-size: 16px;font-weight: 500\" class=\"eltdf-btn eltdf-btn-medium eltdf-btn-solid eltdf-btn-custom-hover-bg eltdf-btn-custom-hover-color\" data-hover-color=\"#FFFFFF\" data-hover-bg-color=\"#4C4853\" >\n    <span class=\"eltdf-btn-text\">Me Interesa<\/span>\n    <\/a>[vc_empty_space height=\u00bb200px\u00bb][\/vc_column][\/vc_row]<\/p>\n<\/div>","protected":false},"excerpt":{"rendered":"<p>[vc_row row_content_width=\u00bbgrid\u00bb css=\u00bb.vc_custom_1613357630842{padding-top: 80px !important;background-color: #ffffff !important;}\u00bb][vc_column width=\u00bb1\/3&#8243; offset=\u00bbvc_col-md-12&#8243;][vc_row_inner][vc_column_inner][vc_single_image image=\u00bb12284&#8243; img_size=\u00bbmedium\u00bb alignment=\u00bbcenter\u00bb css=\u00bb\u00bb][\/vc_column_inner][\/vc_row_inner][\/vc_column][\/vc_row][vc_row][vc_column][vc_row_inner][vc_column_inner width=\u00bb1\/4&#8243;][\/vc_column_inner][vc_column_inner width=\u00bb1\/2&#8243;][vc_empty_space][vc_empty_space height=\u00bb70px\u00bb][\/vc_column_inner][vc_column_inner width=\u00bb1\/4&#8243;][\/vc_column_inner][\/vc_row_inner][\/vc_column][\/vc_row][vc_row row_content_width=\u00bbgrid\u00bb content_text_aligment=\u00bbcenter\u00bb css=\u00bb.vc_custom_1772581940354{padding-top: 20px !important;padding-bottom: 80px !important;}\u00bb][vc_column][vc_empty_space height=\u00bb15px\u00bb][vc_empty_space height=\u00bb200px\u00bb][\/vc_column][\/vc_row]<\/p>\n","protected":false},"author":1,"featured_media":0,"parent":0,"menu_order":0,"comment_status":"closed","ping_status":"closed","template":"full-width.php","meta":{"om_disable_all_campaigns":false,"_monsterinsights_skip_tracking":false,"_monsterinsights_sitenote_active":false,"_monsterinsights_sitenote_note":"","_monsterinsights_sitenote_category":0,"_uf_show_specific_survey":0,"_uf_disable_surveys":false,"_joinchat":[],"footnotes":""},"wf_page_folders":[214],"class_list":["post-12528","page","type-page","status-publish","hentry"],"yoast_head":"<!-- This site is optimized with the Yoast SEO plugin v27.3 - https:\/\/yoast.com\/product\/yoast-seo-wordpress\/ -->\n<title>Vinos Quinta De S. Sebasti\u00e3o - Vinos de Portugal<\/title>\n<meta name=\"description\" content=\"Los Vinos Quinta De S. Sebasti\u00e3o son una gama de vinos de excelencia, llenos de glamour, suaves, intensos y de extrema elegancia.\" \/>\n<meta name=\"robots\" content=\"index, follow, max-snippet:-1, max-image-preview:large, max-video-preview:-1\" \/>\n<link rel=\"canonical\" href=\"https:\/\/vinal.co\/index.php\/vinos-quinta-de-s-sebastiao\/\" \/>\n<meta property=\"og:locale\" content=\"es_ES\" \/>\n<meta property=\"og:type\" content=\"article\" \/>\n<meta property=\"og:title\" content=\"Vinos Quinta De S. Sebasti\u00e3o - Vinos de Portugal\" \/>\n<meta property=\"og:description\" content=\"Los Vinos Quinta De S. Sebasti\u00e3o son una gama de vinos de excelencia, llenos de glamour, suaves, intensos y de extrema elegancia.\" \/>\n<meta property=\"og:url\" content=\"https:\/\/vinal.co\/index.php\/vinos-quinta-de-s-sebastiao\/\" \/>\n<meta property=\"og:site_name\" content=\"Vinal Colombia\" \/>\n<meta property=\"article:publisher\" content=\"https:\/\/www.facebook.com\/VinalColombia\/\" \/>\n<meta property=\"article:modified_time\" content=\"2026-03-09T00:59:42+00:00\" \/>\n<meta name=\"twitter:card\" content=\"summary_large_image\" \/>\n<meta name=\"twitter:label1\" content=\"Tiempo de lectura\" \/>\n\t<meta name=\"twitter:data1\" content=\"1 minuto\" \/>\n<script type=\"application\/ld+json\" class=\"yoast-schema-graph\">{\"@context\":\"https:\\\/\\\/schema.org\",\"@graph\":[{\"@type\":\"WebPage\",\"@id\":\"https:\\\/\\\/vinal.co\\\/index.php\\\/vinos-quinta-de-s-sebastiao\\\/\",\"url\":\"https:\\\/\\\/vinal.co\\\/index.php\\\/vinos-quinta-de-s-sebastiao\\\/\",\"name\":\"Vinos Quinta De S. Sebasti\u00e3o - Vinos de Portugal\",\"isPartOf\":{\"@id\":\"https:\\\/\\\/vinal.co\\\/#website\"},\"datePublished\":\"2026-03-08T19:52:11+00:00\",\"dateModified\":\"2026-03-09T00:59:42+00:00\",\"description\":\"Los Vinos Quinta De S. Sebasti\u00e3o son una gama de vinos de excelencia, llenos de glamour, suaves, intensos y de extrema elegancia.\",\"breadcrumb\":{\"@id\":\"https:\\\/\\\/vinal.co\\\/index.php\\\/vinos-quinta-de-s-sebastiao\\\/#breadcrumb\"},\"inLanguage\":\"es\",\"potentialAction\":[{\"@type\":\"ReadAction\",\"target\":[\"https:\\\/\\\/vinal.co\\\/index.php\\\/vinos-quinta-de-s-sebastiao\\\/\"]}]},{\"@type\":\"BreadcrumbList\",\"@id\":\"https:\\\/\\\/vinal.co\\\/index.php\\\/vinos-quinta-de-s-sebastiao\\\/#breadcrumb\",\"itemListElement\":[{\"@type\":\"ListItem\",\"position\":1,\"name\":\"Inicio\",\"item\":\"https:\\\/\\\/vinal.co\\\/\"},{\"@type\":\"ListItem\",\"position\":2,\"name\":\"Vinos Quinta De S. Sebasti\u00e3o\"}]},{\"@type\":\"WebSite\",\"@id\":\"https:\\\/\\\/vinal.co\\\/#website\",\"url\":\"https:\\\/\\\/vinal.co\\\/\",\"name\":\"Vinal Colombia\",\"description\":\"El mundo en una copa!\",\"publisher\":{\"@id\":\"https:\\\/\\\/vinal.co\\\/#organization\"},\"potentialAction\":[{\"@type\":\"SearchAction\",\"target\":{\"@type\":\"EntryPoint\",\"urlTemplate\":\"https:\\\/\\\/vinal.co\\\/?s={search_term_string}\"},\"query-input\":{\"@type\":\"PropertyValueSpecification\",\"valueRequired\":true,\"valueName\":\"search_term_string\"}}],\"inLanguage\":\"es\"},{\"@type\":\"Organization\",\"@id\":\"https:\\\/\\\/vinal.co\\\/#organization\",\"name\":\"VINAL COLOMBIA\",\"url\":\"https:\\\/\\\/vinal.co\\\/\",\"logo\":{\"@type\":\"ImageObject\",\"inLanguage\":\"es\",\"@id\":\"https:\\\/\\\/vinal.co\\\/#\\\/schema\\\/logo\\\/image\\\/\",\"url\":\"https:\\\/\\\/i2.wp.com\\\/vinal.co\\\/wp-content\\\/uploads\\\/2020\\\/09\\\/Portugal-en-una-copa-Vinal-Colombia-Logo.png?fit=216%2C252&ssl=1\",\"contentUrl\":\"https:\\\/\\\/i2.wp.com\\\/vinal.co\\\/wp-content\\\/uploads\\\/2020\\\/09\\\/Portugal-en-una-copa-Vinal-Colombia-Logo.png?fit=216%2C252&ssl=1\",\"width\":216,\"height\":252,\"caption\":\"VINAL COLOMBIA\"},\"image\":{\"@id\":\"https:\\\/\\\/vinal.co\\\/#\\\/schema\\\/logo\\\/image\\\/\"},\"sameAs\":[\"https:\\\/\\\/www.facebook.com\\\/VinalColombia\\\/\",\"https:\\\/\\\/www.instagram.com\\\/vinalcolombia\\\/\"]}]}<\/script>\n<!-- \/ Yoast SEO plugin. -->","yoast_head_json":{"title":"Vinos Quinta De S. Sebasti\u00e3o - Vinos de Portugal","description":"Los Vinos Quinta De S. Sebasti\u00e3o son una gama de vinos de excelencia, llenos de glamour, suaves, intensos y de extrema elegancia.","robots":{"index":"index","follow":"follow","max-snippet":"max-snippet:-1","max-image-preview":"max-image-preview:large","max-video-preview":"max-video-preview:-1"},"canonical":"https:\/\/vinal.co\/index.php\/vinos-quinta-de-s-sebastiao\/","og_locale":"es_ES","og_type":"article","og_title":"Vinos Quinta De S. Sebasti\u00e3o - Vinos de Portugal","og_description":"Los Vinos Quinta De S. Sebasti\u00e3o son una gama de vinos de excelencia, llenos de glamour, suaves, intensos y de extrema elegancia.","og_url":"https:\/\/vinal.co\/index.php\/vinos-quinta-de-s-sebastiao\/","og_site_name":"Vinal Colombia","article_publisher":"https:\/\/www.facebook.com\/VinalColombia\/","article_modified_time":"2026-03-09T00:59:42+00:00","twitter_card":"summary_large_image","twitter_misc":{"Tiempo de lectura":"1 minuto"},"schema":{"@context":"https:\/\/schema.org","@graph":[{"@type":"WebPage","@id":"https:\/\/vinal.co\/index.php\/vinos-quinta-de-s-sebastiao\/","url":"https:\/\/vinal.co\/index.php\/vinos-quinta-de-s-sebastiao\/","name":"Vinos Quinta De S. Sebasti\u00e3o - Vinos de Portugal","isPartOf":{"@id":"https:\/\/vinal.co\/#website"},"datePublished":"2026-03-08T19:52:11+00:00","dateModified":"2026-03-09T00:59:42+00:00","description":"Los Vinos Quinta De S. Sebasti\u00e3o son una gama de vinos de excelencia, llenos de glamour, suaves, intensos y de extrema elegancia.","breadcrumb":{"@id":"https:\/\/vinal.co\/index.php\/vinos-quinta-de-s-sebastiao\/#breadcrumb"},"inLanguage":"es","potentialAction":[{"@type":"ReadAction","target":["https:\/\/vinal.co\/index.php\/vinos-quinta-de-s-sebastiao\/"]}]},{"@type":"BreadcrumbList","@id":"https:\/\/vinal.co\/index.php\/vinos-quinta-de-s-sebastiao\/#breadcrumb","itemListElement":[{"@type":"ListItem","position":1,"name":"Inicio","item":"https:\/\/vinal.co\/"},{"@type":"ListItem","position":2,"name":"Vinos Quinta De S. Sebasti\u00e3o"}]},{"@type":"WebSite","@id":"https:\/\/vinal.co\/#website","url":"https:\/\/vinal.co\/","name":"Vinal Colombia","description":"El mundo en una copa!","publisher":{"@id":"https:\/\/vinal.co\/#organization"},"potentialAction":[{"@type":"SearchAction","target":{"@type":"EntryPoint","urlTemplate":"https:\/\/vinal.co\/?s={search_term_string}"},"query-input":{"@type":"PropertyValueSpecification","valueRequired":true,"valueName":"search_term_string"}}],"inLanguage":"es"},{"@type":"Organization","@id":"https:\/\/vinal.co\/#organization","name":"VINAL COLOMBIA","url":"https:\/\/vinal.co\/","logo":{"@type":"ImageObject","inLanguage":"es","@id":"https:\/\/vinal.co\/#\/schema\/logo\/image\/","url":"https:\/\/i2.wp.com\/vinal.co\/wp-content\/uploads\/2020\/09\/Portugal-en-una-copa-Vinal-Colombia-Logo.png?fit=216%2C252&ssl=1","contentUrl":"https:\/\/i2.wp.com\/vinal.co\/wp-content\/uploads\/2020\/09\/Portugal-en-una-copa-Vinal-Colombia-Logo.png?fit=216%2C252&ssl=1","width":216,"height":252,"caption":"VINAL COLOMBIA"},"image":{"@id":"https:\/\/vinal.co\/#\/schema\/logo\/image\/"},"sameAs":["https:\/\/www.facebook.com\/VinalColombia\/","https:\/\/www.instagram.com\/vinalcolombia\/"]}]}},"_links":{"self":[{"href":"https:\/\/vinal.co\/index.php\/wp-json\/wp\/v2\/pages\/12528","targetHints":{"allow":["GET"]}}],"collection":[{"href":"https:\/\/vinal.co\/index.php\/wp-json\/wp\/v2\/pages"}],"about":[{"href":"https:\/\/vinal.co\/index.php\/wp-json\/wp\/v2\/types\/page"}],"author":[{"embeddable":true,"href":"https:\/\/vinal.co\/index.php\/wp-json\/wp\/v2\/users\/1"}],"replies":[{"embeddable":true,"href":"https:\/\/vinal.co\/index.php\/wp-json\/wp\/v2\/comments?post=12528"}],"version-history":[{"count":10,"href":"https:\/\/vinal.co\/index.php\/wp-json\/wp\/v2\/pages\/12528\/revisions"}],"predecessor-version":[{"id":12766,"href":"https:\/\/vinal.co\/index.php\/wp-json\/wp\/v2\/pages\/12528\/revisions\/12766"}],"wp:attachment":[{"href":"https:\/\/vinal.co\/index.php\/wp-json\/wp\/v2\/media?parent=12528"}],"wp:term":[{"taxonomy":"wf_page_folders","embeddable":true,"href":"https:\/\/vinal.co\/index.php\/wp-json\/wp\/v2\/wf_page_folders?post=12528"}],"curies":[{"name":"wp","href":"https:\/\/api.w.org\/{rel}","templated":true}]}}