{"id":12552,"date":"2026-03-08T15:07:43","date_gmt":"2026-03-08T20:07:43","guid":{"rendered":"https:\/\/vinal.co\/?page_id=12552"},"modified":"2026-03-08T15:11:34","modified_gmt":"2026-03-08T20:11:34","slug":"vinos-mil-caminhos","status":"publish","type":"page","link":"https:\/\/vinal.co\/index.php\/vinos-mil-caminhos\/","title":{"rendered":"Vinos Mil Caminhos"},"content":{"rendered":"<div class=\"wpb-content-wrapper\"><p>[vc_row row_content_width=\u00bbgrid\u00bb css=\u00bb.vc_custom_1613357630842{padding-top: 80px !important;background-color: #ffffff !important;}\u00bb][vc_column width=\u00bb1\/3&#8243; offset=\u00bbvc_col-md-12&#8243;][vc_row_inner][vc_column_inner][vc_single_image image=\u00bb12293&#8243; img_size=\u00bbmedium\u00bb alignment=\u00bbcenter\u00bb css=\u00bb\u00bb][\/vc_column_inner][\/vc_row_inner]<div class=\"eltdf-elements-holder eltdf-responsive-mode-768\" ><div class=\"eltdf-eh-item eltdf-horizontal-alignment-center\" data-item-class=\"eltdf-eh-custom-872071\" >\n\t<div class=\"eltdf-eh-item-inner\" >\n\t\t<div class=\"eltdf-eh-item-content eltdf-eh-custom-872071\" style=\"padding: 0 15% 0 15%\">\n\t\t\t[vc_column_text css=\u00bb\u00bb]<\/p>\n<h2 style=\"text-align: left;\"><span style=\"color: #85754e;\"><span class=\"hover:entity-accent entity-underline inline cursor-pointer align-baseline\"><span class=\"whitespace-normal\">Los Vinos Mil Caminhos toman su nombre de los mil caminos \u201cMil Caminhos\u201d que se pueden contemplar y recorrer entre cada vi\u00f1edo de la Quinta.<\/span><\/span><\/span><\/h2>\n<p>[\/vc_column_text][vc_column_text css=\u00bb\u00bb]<\/p>\n<p style=\"text-align: left;\" data-start=\"178\" data-end=\"325\"><span style=\"color: #85754e;\">Una inmensidad de vi\u00f1as en distintos tonos que dan lugar a vinos arom\u00e1ticos y expresivos, con sabores suaves y frescos, vibrantes y persistentes.<\/span><\/p>\n<p style=\"text-align: left;\" data-start=\"178\" data-end=\"325\"><span style=\"color: #85754e;\">Proceden de vi\u00f1edos asentados en suelos arcillo-calc\u00e1reos y de un clima mediterr\u00e1neo con marcada influencia atl\u00e1ntica.<\/span><\/p>\n<p>[\/vc_column_text][vc_empty_space height=\u00bb100px\u00bb]\t\t<\/div>\n\t<\/div>\n\t<\/div><\/div>[vc_row_inner][vc_column_inner][vc_empty_space]<div class=\"eltdf-elements-holder eltdf-responsive-mode-768\" ><div class=\"eltdf-eh-item eltdf-horizontal-alignment-center\" data-item-class=\"eltdf-eh-custom-281819\" >\n\t<div class=\"eltdf-eh-item-inner\" >\n\t\t<div class=\"eltdf-eh-item-content eltdf-eh-custom-281819\" >\n\t\t\t<div class=\"woocommerce columns-3 \"><ul class=\"products columns-3\">\n<li class=\"product type-product post-732 status-publish first instock product_cat-blanco product_cat-portugal product_cat-vino product_tag-arinto product_tag-blanco product_tag-portugal product_tag-vinho product_tag-vino has-post-thumbnail shipping-taxable product-type-simple\">\n\t<div class=\"eltdf-pl-inner\"><span class=\"eltd-pl-image-border-top\"><\/span><span class=\"eltd-pl-image-border-right\"><\/span><span class=\"eltd-pl-image-border-bottom\"><\/span><span class=\"eltd-pl-image-border-left\"><\/span><div class=\"eltdf-pl-image\"><img decoding=\"async\" width=\"195\" height=\"195\" src=\"https:\/\/vinal.co\/wp-content\/uploads\/2026\/02\/MC-BL-195x195.png\" class=\"attachment-woocommerce_thumbnail size-woocommerce_thumbnail\" alt=\"Botella vino mil caminhos blanco\" srcset=\"https:\/\/vinal.co\/wp-content\/uploads\/2026\/02\/MC-BL-195x195.png 195w, https:\/\/vinal.co\/wp-content\/uploads\/2026\/02\/MC-BL-300x300.png 300w, https:\/\/vinal.co\/wp-content\/uploads\/2026\/02\/MC-BL-150x150.png 150w, https:\/\/vinal.co\/wp-content\/uploads\/2026\/02\/MC-BL-768x768.png 768w, https:\/\/vinal.co\/wp-content\/uploads\/2026\/02\/MC-BL-550x550.png 550w, https:\/\/vinal.co\/wp-content\/uploads\/2026\/02\/MC-BL-600x600.png 600w, https:\/\/vinal.co\/wp-content\/uploads\/2026\/02\/MC-BL-100x100.png 100w, https:\/\/vinal.co\/wp-content\/uploads\/2026\/02\/MC-BL.png 840w\" sizes=\"(max-width: 195px) 100vw, 195px\" \/><div class=\"eltdf-pl-text\"><div class=\"eltdf-pl-text-outer\"><div class=\"eltdf-pl-text-inner\"><a href=\"https:\/\/vinal.co\/index.php\/product\/vinos-de-portugal-vino-blanco-mil-caminhos\/\" aria-describedby=\"woocommerce_loop_add_to_cart_link_describedby_732\" data-quantity=\"1\" class=\"button product_type_simple\" data-product_id=\"732\" data-product_sku=\"\" aria-label=\"Lee m\u00e1s sobre &ldquo;Mil Caminhos Blanco&rdquo;\" rel=\"nofollow\" data-success_message=\"\">Leer m\u00e1s<\/a>\t<span id=\"woocommerce_loop_add_to_cart_link_describedby_732\" class=\"screen-reader-text\">\n\t\t\t<\/span>\n<\/div><\/div><\/div><\/div><a href=\"https:\/\/vinal.co\/index.php\/product\/vinos-de-portugal-vino-blanco-mil-caminhos\/\" class=\"woocommerce-LoopProduct-link woocommerce-loop-product__link\"><\/a><\/div><div class=\"eltdf-pl-text-wrapper\"><h5 class=\"eltdf-product-list-title\"><a href=\"https:\/\/vinal.co\/index.php\/product\/vinos-de-portugal-vino-blanco-mil-caminhos\/\">Mil Caminhos Blanco<\/a><\/h5><h6 class=\"eltdf-product-list-category\"><a href=\"https:\/\/vinal.co\/index.php\/product-category\/vino\/blanco\/\" rel=\"tag\">Blanco<\/a>, <a href=\"https:\/\/vinal.co\/index.php\/product-category\/vino\/portugal\/\" rel=\"tag\">Portugal<\/a>, <a href=\"https:\/\/vinal.co\/index.php\/product-category\/vino\/\" rel=\"tag\">Vino<\/a><\/h6><\/div><\/li><li class=\"product type-product post-734 status-publish instock product_cat-portugal product_cat-rosado product_cat-vino product_tag-portugal product_tag-rosado product_tag-touriga-nacional product_tag-vinho product_tag-vino has-post-thumbnail shipping-taxable product-type-simple\">\n\t<div class=\"eltdf-pl-inner\"><span class=\"eltd-pl-image-border-top\"><\/span><span class=\"eltd-pl-image-border-right\"><\/span><span class=\"eltd-pl-image-border-bottom\"><\/span><span class=\"eltd-pl-image-border-left\"><\/span><div class=\"eltdf-pl-image\"><img decoding=\"async\" width=\"195\" height=\"195\" src=\"https:\/\/vinal.co\/wp-content\/uploads\/2026\/02\/MC-RO-195x195.png\" class=\"attachment-woocommerce_thumbnail size-woocommerce_thumbnail\" alt=\"Botella vino mil caminhos rosado\" srcset=\"https:\/\/vinal.co\/wp-content\/uploads\/2026\/02\/MC-RO-195x195.png 195w, https:\/\/vinal.co\/wp-content\/uploads\/2026\/02\/MC-RO-300x300.png 300w, https:\/\/vinal.co\/wp-content\/uploads\/2026\/02\/MC-RO-150x150.png 150w, https:\/\/vinal.co\/wp-content\/uploads\/2026\/02\/MC-RO-768x768.png 768w, https:\/\/vinal.co\/wp-content\/uploads\/2026\/02\/MC-RO-550x550.png 550w, https:\/\/vinal.co\/wp-content\/uploads\/2026\/02\/MC-RO-600x600.png 600w, https:\/\/vinal.co\/wp-content\/uploads\/2026\/02\/MC-RO-100x100.png 100w, https:\/\/vinal.co\/wp-content\/uploads\/2026\/02\/MC-RO.png 840w\" sizes=\"(max-width: 195px) 100vw, 195px\" \/><div class=\"eltdf-pl-text\"><div class=\"eltdf-pl-text-outer\"><div class=\"eltdf-pl-text-inner\"><a href=\"https:\/\/vinal.co\/index.php\/product\/vino-mil-caminhos-rose\/\" aria-describedby=\"woocommerce_loop_add_to_cart_link_describedby_734\" data-quantity=\"1\" class=\"button product_type_simple\" data-product_id=\"734\" data-product_sku=\"\" aria-label=\"Lee m\u00e1s sobre &ldquo;Mil Caminhos Ros\u00e9&rdquo;\" rel=\"nofollow\" data-success_message=\"\">Leer m\u00e1s<\/a>\t<span id=\"woocommerce_loop_add_to_cart_link_describedby_734\" class=\"screen-reader-text\">\n\t\t\t<\/span>\n<\/div><\/div><\/div><\/div><a href=\"https:\/\/vinal.co\/index.php\/product\/vino-mil-caminhos-rose\/\" class=\"woocommerce-LoopProduct-link woocommerce-loop-product__link\"><\/a><\/div><div class=\"eltdf-pl-text-wrapper\"><h5 class=\"eltdf-product-list-title\"><a href=\"https:\/\/vinal.co\/index.php\/product\/vino-mil-caminhos-rose\/\">Mil Caminhos Ros\u00e9<\/a><\/h5><h6 class=\"eltdf-product-list-category\"><a href=\"https:\/\/vinal.co\/index.php\/product-category\/vino\/portugal\/\" rel=\"tag\">Portugal<\/a>, <a href=\"https:\/\/vinal.co\/index.php\/product-category\/vino\/rosado\/\" rel=\"tag\">Rosado<\/a>, <a href=\"https:\/\/vinal.co\/index.php\/product-category\/vino\/\" rel=\"tag\">Vino<\/a><\/h6><\/div><\/li><li class=\"product type-product post-735 status-publish last instock product_cat-portugal product_cat-tinto product_cat-vino product_tag-portugal product_tag-tinto product_tag-touriga-nacional product_tag-vinho product_tag-vino has-post-thumbnail featured shipping-taxable product-type-simple\">\n\t<div class=\"eltdf-pl-inner\"><span class=\"eltd-pl-image-border-top\"><\/span><span class=\"eltd-pl-image-border-right\"><\/span><span class=\"eltd-pl-image-border-bottom\"><\/span><span class=\"eltd-pl-image-border-left\"><\/span><div class=\"eltdf-pl-image\"><img decoding=\"async\" width=\"195\" height=\"195\" src=\"https:\/\/vinal.co\/wp-content\/uploads\/2026\/02\/MC-TT-195x195.png\" class=\"attachment-woocommerce_thumbnail size-woocommerce_thumbnail\" alt=\"Botella vino mil caminhos tinto\" srcset=\"https:\/\/vinal.co\/wp-content\/uploads\/2026\/02\/MC-TT-195x195.png 195w, https:\/\/vinal.co\/wp-content\/uploads\/2026\/02\/MC-TT-300x300.png 300w, https:\/\/vinal.co\/wp-content\/uploads\/2026\/02\/MC-TT-150x150.png 150w, https:\/\/vinal.co\/wp-content\/uploads\/2026\/02\/MC-TT-768x768.png 768w, https:\/\/vinal.co\/wp-content\/uploads\/2026\/02\/MC-TT-550x550.png 550w, https:\/\/vinal.co\/wp-content\/uploads\/2026\/02\/MC-TT-600x600.png 600w, https:\/\/vinal.co\/wp-content\/uploads\/2026\/02\/MC-TT-100x100.png 100w, https:\/\/vinal.co\/wp-content\/uploads\/2026\/02\/MC-TT.png 840w\" sizes=\"(max-width: 195px) 100vw, 195px\" \/><div class=\"eltdf-pl-text\"><div class=\"eltdf-pl-text-outer\"><div class=\"eltdf-pl-text-inner\"><a href=\"https:\/\/vinal.co\/index.php\/product\/vino-mil-caminhos-tinto\/\" aria-describedby=\"woocommerce_loop_add_to_cart_link_describedby_735\" data-quantity=\"1\" class=\"button product_type_simple\" data-product_id=\"735\" data-product_sku=\"\" aria-label=\"Lee m\u00e1s sobre &ldquo;Mil Caminhos Tinto&rdquo;\" rel=\"nofollow\" data-success_message=\"\">Leer m\u00e1s<\/a>\t<span id=\"woocommerce_loop_add_to_cart_link_describedby_735\" class=\"screen-reader-text\">\n\t\t\t<\/span>\n<\/div><\/div><\/div><\/div><a href=\"https:\/\/vinal.co\/index.php\/product\/vino-mil-caminhos-tinto\/\" class=\"woocommerce-LoopProduct-link woocommerce-loop-product__link\"><\/a><\/div><div class=\"eltdf-pl-text-wrapper\"><h5 class=\"eltdf-product-list-title\"><a href=\"https:\/\/vinal.co\/index.php\/product\/vino-mil-caminhos-tinto\/\">Mil Caminhos Tinto<\/a><\/h5><h6 class=\"eltdf-product-list-category\"><a href=\"https:\/\/vinal.co\/index.php\/product-category\/vino\/portugal\/\" rel=\"tag\">Portugal<\/a>, <a href=\"https:\/\/vinal.co\/index.php\/product-category\/vino\/tinto\/\" rel=\"tag\">Tinto<\/a>, <a href=\"https:\/\/vinal.co\/index.php\/product-category\/vino\/\" rel=\"tag\">Vino<\/a><\/h6><\/div><\/li><\/ul>\n<\/div>\t\t<\/div>\n\t<\/div>\n\t<\/div><\/div>[vc_empty_space height=\u00bb70px\u00bb][\/vc_column_inner][\/vc_row_inner][\/vc_column][\/vc_row][vc_row row_content_width=\u00bbgrid\u00bb content_text_aligment=\u00bbcenter\u00bb css=\u00bb.vc_custom_1772581940354{padding-top: 20px !important;padding-bottom: 80px !important;}\u00bb][vc_column][vc_empty_space height=\u00bb15px\u00bb]<a itemprop=\"url\" href=\"https:\/\/vinal.co\/index.php\/vinal-colombia-vinos-y-alimentos\/\" target=\"_self\" style=\"color: #FFFFFF;background-color: #A2907A;font-size: 16px;font-weight: 500\" class=\"eltdf-btn eltdf-btn-medium eltdf-btn-solid eltdf-btn-custom-hover-bg eltdf-btn-custom-hover-color\" data-hover-color=\"#FFFFFF\" data-hover-bg-color=\"#4C4853\" >\n    <span class=\"eltdf-btn-text\">Me Interesa<\/span>\n    <\/a>[vc_empty_space height=\u00bb200px\u00bb][\/vc_column][\/vc_row]<\/p>\n<\/div>","protected":false},"excerpt":{"rendered":"<p>[vc_row row_content_width=\u00bbgrid\u00bb css=\u00bb.vc_custom_1613357630842{padding-top: 80px !important;background-color: #ffffff !important;}\u00bb][vc_column width=\u00bb1\/3&#8243; offset=\u00bbvc_col-md-12&#8243;][vc_row_inner][vc_column_inner][vc_single_image image=\u00bb12293&#8243; img_size=\u00bbmedium\u00bb alignment=\u00bbcenter\u00bb css=\u00bb\u00bb][\/vc_column_inner][\/vc_row_inner][vc_row_inner][vc_column_inner][vc_empty_space][vc_empty_space height=\u00bb70px\u00bb][\/vc_column_inner][\/vc_row_inner][\/vc_column][\/vc_row][vc_row row_content_width=\u00bbgrid\u00bb content_text_aligment=\u00bbcenter\u00bb css=\u00bb.vc_custom_1772581940354{padding-top: 20px !important;padding-bottom: 80px !important;}\u00bb][vc_column][vc_empty_space height=\u00bb15px\u00bb][vc_empty_space height=\u00bb200px\u00bb][\/vc_column][\/vc_row]<\/p>\n","protected":false},"author":1,"featured_media":0,"parent":0,"menu_order":0,"comment_status":"closed","ping_status":"closed","template":"full-width.php","meta":{"om_disable_all_campaigns":false,"_monsterinsights_skip_tracking":false,"_monsterinsights_sitenote_active":false,"_monsterinsights_sitenote_note":"","_monsterinsights_sitenote_category":0,"_uf_show_specific_survey":0,"_uf_disable_surveys":false,"_joinchat":[],"footnotes":""},"wf_page_folders":[214],"class_list":["post-12552","page","type-page","status-publish","hentry"],"yoast_head":"<!-- This site is optimized with the Yoast SEO plugin v27.3 - https:\/\/yoast.com\/product\/yoast-seo-wordpress\/ -->\n<title>Vinos Mil Caminhos - Vinos de Portugal<\/title>\n<meta name=\"description\" content=\"Los vino Mil Caminhos proceden de vi\u00f1edos asentados en suelos arcillo-calc\u00e1reos y de un clima mediterr\u00e1neo con marcada influencia atl\u00e1ntica.\" \/>\n<meta name=\"robots\" content=\"index, follow, max-snippet:-1, max-image-preview:large, max-video-preview:-1\" \/>\n<link rel=\"canonical\" href=\"https:\/\/vinal.co\/index.php\/vinos-mil-caminhos\/\" \/>\n<meta property=\"og:locale\" content=\"es_ES\" \/>\n<meta property=\"og:type\" content=\"article\" \/>\n<meta property=\"og:title\" content=\"Vinos Mil Caminhos - Vinos de Portugal\" \/>\n<meta property=\"og:description\" content=\"Los vino Mil Caminhos proceden de vi\u00f1edos asentados en suelos arcillo-calc\u00e1reos y de un clima mediterr\u00e1neo con marcada influencia atl\u00e1ntica.\" \/>\n<meta property=\"og:url\" content=\"https:\/\/vinal.co\/index.php\/vinos-mil-caminhos\/\" \/>\n<meta property=\"og:site_name\" content=\"Vinal Colombia\" \/>\n<meta property=\"article:publisher\" content=\"https:\/\/www.facebook.com\/VinalColombia\/\" \/>\n<meta property=\"article:modified_time\" content=\"2026-03-08T20:11:34+00:00\" \/>\n<meta name=\"twitter:card\" content=\"summary_large_image\" \/>\n<meta name=\"twitter:label1\" content=\"Tiempo de lectura\" \/>\n\t<meta name=\"twitter:data1\" content=\"1 minuto\" \/>\n<script type=\"application\/ld+json\" class=\"yoast-schema-graph\">{\"@context\":\"https:\\\/\\\/schema.org\",\"@graph\":[{\"@type\":\"WebPage\",\"@id\":\"https:\\\/\\\/vinal.co\\\/index.php\\\/vinos-mil-caminhos\\\/\",\"url\":\"https:\\\/\\\/vinal.co\\\/index.php\\\/vinos-mil-caminhos\\\/\",\"name\":\"Vinos Mil Caminhos - Vinos de Portugal\",\"isPartOf\":{\"@id\":\"https:\\\/\\\/vinal.co\\\/#website\"},\"datePublished\":\"2026-03-08T20:07:43+00:00\",\"dateModified\":\"2026-03-08T20:11:34+00:00\",\"description\":\"Los vino Mil Caminhos proceden de vi\u00f1edos asentados en suelos arcillo-calc\u00e1reos y de un clima mediterr\u00e1neo con marcada influencia atl\u00e1ntica.\",\"breadcrumb\":{\"@id\":\"https:\\\/\\\/vinal.co\\\/index.php\\\/vinos-mil-caminhos\\\/#breadcrumb\"},\"inLanguage\":\"es\",\"potentialAction\":[{\"@type\":\"ReadAction\",\"target\":[\"https:\\\/\\\/vinal.co\\\/index.php\\\/vinos-mil-caminhos\\\/\"]}]},{\"@type\":\"BreadcrumbList\",\"@id\":\"https:\\\/\\\/vinal.co\\\/index.php\\\/vinos-mil-caminhos\\\/#breadcrumb\",\"itemListElement\":[{\"@type\":\"ListItem\",\"position\":1,\"name\":\"Inicio\",\"item\":\"https:\\\/\\\/vinal.co\\\/\"},{\"@type\":\"ListItem\",\"position\":2,\"name\":\"Vinos Mil Caminhos\"}]},{\"@type\":\"WebSite\",\"@id\":\"https:\\\/\\\/vinal.co\\\/#website\",\"url\":\"https:\\\/\\\/vinal.co\\\/\",\"name\":\"Vinal Colombia\",\"description\":\"El mundo en una copa!\",\"publisher\":{\"@id\":\"https:\\\/\\\/vinal.co\\\/#organization\"},\"potentialAction\":[{\"@type\":\"SearchAction\",\"target\":{\"@type\":\"EntryPoint\",\"urlTemplate\":\"https:\\\/\\\/vinal.co\\\/?s={search_term_string}\"},\"query-input\":{\"@type\":\"PropertyValueSpecification\",\"valueRequired\":true,\"valueName\":\"search_term_string\"}}],\"inLanguage\":\"es\"},{\"@type\":\"Organization\",\"@id\":\"https:\\\/\\\/vinal.co\\\/#organization\",\"name\":\"VINAL COLOMBIA\",\"url\":\"https:\\\/\\\/vinal.co\\\/\",\"logo\":{\"@type\":\"ImageObject\",\"inLanguage\":\"es\",\"@id\":\"https:\\\/\\\/vinal.co\\\/#\\\/schema\\\/logo\\\/image\\\/\",\"url\":\"https:\\\/\\\/i2.wp.com\\\/vinal.co\\\/wp-content\\\/uploads\\\/2020\\\/09\\\/Portugal-en-una-copa-Vinal-Colombia-Logo.png?fit=216%2C252&ssl=1\",\"contentUrl\":\"https:\\\/\\\/i2.wp.com\\\/vinal.co\\\/wp-content\\\/uploads\\\/2020\\\/09\\\/Portugal-en-una-copa-Vinal-Colombia-Logo.png?fit=216%2C252&ssl=1\",\"width\":216,\"height\":252,\"caption\":\"VINAL COLOMBIA\"},\"image\":{\"@id\":\"https:\\\/\\\/vinal.co\\\/#\\\/schema\\\/logo\\\/image\\\/\"},\"sameAs\":[\"https:\\\/\\\/www.facebook.com\\\/VinalColombia\\\/\",\"https:\\\/\\\/www.instagram.com\\\/vinalcolombia\\\/\"]}]}<\/script>\n<!-- \/ Yoast SEO plugin. -->","yoast_head_json":{"title":"Vinos Mil Caminhos - Vinos de Portugal","description":"Los vino Mil Caminhos proceden de vi\u00f1edos asentados en suelos arcillo-calc\u00e1reos y de un clima mediterr\u00e1neo con marcada influencia atl\u00e1ntica.","robots":{"index":"index","follow":"follow","max-snippet":"max-snippet:-1","max-image-preview":"max-image-preview:large","max-video-preview":"max-video-preview:-1"},"canonical":"https:\/\/vinal.co\/index.php\/vinos-mil-caminhos\/","og_locale":"es_ES","og_type":"article","og_title":"Vinos Mil Caminhos - Vinos de Portugal","og_description":"Los vino Mil Caminhos proceden de vi\u00f1edos asentados en suelos arcillo-calc\u00e1reos y de un clima mediterr\u00e1neo con marcada influencia atl\u00e1ntica.","og_url":"https:\/\/vinal.co\/index.php\/vinos-mil-caminhos\/","og_site_name":"Vinal Colombia","article_publisher":"https:\/\/www.facebook.com\/VinalColombia\/","article_modified_time":"2026-03-08T20:11:34+00:00","twitter_card":"summary_large_image","twitter_misc":{"Tiempo de lectura":"1 minuto"},"schema":{"@context":"https:\/\/schema.org","@graph":[{"@type":"WebPage","@id":"https:\/\/vinal.co\/index.php\/vinos-mil-caminhos\/","url":"https:\/\/vinal.co\/index.php\/vinos-mil-caminhos\/","name":"Vinos Mil Caminhos - Vinos de Portugal","isPartOf":{"@id":"https:\/\/vinal.co\/#website"},"datePublished":"2026-03-08T20:07:43+00:00","dateModified":"2026-03-08T20:11:34+00:00","description":"Los vino Mil Caminhos proceden de vi\u00f1edos asentados en suelos arcillo-calc\u00e1reos y de un clima mediterr\u00e1neo con marcada influencia atl\u00e1ntica.","breadcrumb":{"@id":"https:\/\/vinal.co\/index.php\/vinos-mil-caminhos\/#breadcrumb"},"inLanguage":"es","potentialAction":[{"@type":"ReadAction","target":["https:\/\/vinal.co\/index.php\/vinos-mil-caminhos\/"]}]},{"@type":"BreadcrumbList","@id":"https:\/\/vinal.co\/index.php\/vinos-mil-caminhos\/#breadcrumb","itemListElement":[{"@type":"ListItem","position":1,"name":"Inicio","item":"https:\/\/vinal.co\/"},{"@type":"ListItem","position":2,"name":"Vinos Mil Caminhos"}]},{"@type":"WebSite","@id":"https:\/\/vinal.co\/#website","url":"https:\/\/vinal.co\/","name":"Vinal Colombia","description":"El mundo en una copa!","publisher":{"@id":"https:\/\/vinal.co\/#organization"},"potentialAction":[{"@type":"SearchAction","target":{"@type":"EntryPoint","urlTemplate":"https:\/\/vinal.co\/?s={search_term_string}"},"query-input":{"@type":"PropertyValueSpecification","valueRequired":true,"valueName":"search_term_string"}}],"inLanguage":"es"},{"@type":"Organization","@id":"https:\/\/vinal.co\/#organization","name":"VINAL COLOMBIA","url":"https:\/\/vinal.co\/","logo":{"@type":"ImageObject","inLanguage":"es","@id":"https:\/\/vinal.co\/#\/schema\/logo\/image\/","url":"https:\/\/i2.wp.com\/vinal.co\/wp-content\/uploads\/2020\/09\/Portugal-en-una-copa-Vinal-Colombia-Logo.png?fit=216%2C252&ssl=1","contentUrl":"https:\/\/i2.wp.com\/vinal.co\/wp-content\/uploads\/2020\/09\/Portugal-en-una-copa-Vinal-Colombia-Logo.png?fit=216%2C252&ssl=1","width":216,"height":252,"caption":"VINAL COLOMBIA"},"image":{"@id":"https:\/\/vinal.co\/#\/schema\/logo\/image\/"},"sameAs":["https:\/\/www.facebook.com\/VinalColombia\/","https:\/\/www.instagram.com\/vinalcolombia\/"]}]}},"_links":{"self":[{"href":"https:\/\/vinal.co\/index.php\/wp-json\/wp\/v2\/pages\/12552","targetHints":{"allow":["GET"]}}],"collection":[{"href":"https:\/\/vinal.co\/index.php\/wp-json\/wp\/v2\/pages"}],"about":[{"href":"https:\/\/vinal.co\/index.php\/wp-json\/wp\/v2\/types\/page"}],"author":[{"embeddable":true,"href":"https:\/\/vinal.co\/index.php\/wp-json\/wp\/v2\/users\/1"}],"replies":[{"embeddable":true,"href":"https:\/\/vinal.co\/index.php\/wp-json\/wp\/v2\/comments?post=12552"}],"version-history":[{"count":16,"href":"https:\/\/vinal.co\/index.php\/wp-json\/wp\/v2\/pages\/12552\/revisions"}],"predecessor-version":[{"id":12772,"href":"https:\/\/vinal.co\/index.php\/wp-json\/wp\/v2\/pages\/12552\/revisions\/12772"}],"wp:attachment":[{"href":"https:\/\/vinal.co\/index.php\/wp-json\/wp\/v2\/media?parent=12552"}],"wp:term":[{"taxonomy":"wf_page_folders","embeddable":true,"href":"https:\/\/vinal.co\/index.php\/wp-json\/wp\/v2\/wf_page_folders?post=12552"}],"curies":[{"name":"wp","href":"https:\/\/api.w.org\/{rel}","templated":true}]}}