{"id":12566,"date":"2026-03-08T16:06:15","date_gmt":"2026-03-08T21:06:15","guid":{"rendered":"https:\/\/vinal.co\/?page_id=12566"},"modified":"2026-03-08T16:10:59","modified_gmt":"2026-03-08T21:10:59","slug":"vinos-sol-de-chile-2","status":"publish","type":"page","link":"https:\/\/vinal.co\/index.php\/vinos-sol-de-chile-2\/","title":{"rendered":"Vinos Sol De Chile"},"content":{"rendered":"<div class=\"wpb-content-wrapper\"><p>[vc_row row_content_width=\u00bbgrid\u00bb css=\u00bb.vc_custom_1613357630842{padding-top: 80px !important;background-color: #ffffff !important;}\u00bb][vc_column width=\u00bb1\/3&#8243; offset=\u00bbvc_col-md-12&#8243;][vc_row_inner][vc_column_inner][vc_single_image image=\u00bb12568&#8243; img_size=\u00bbmedium\u00bb alignment=\u00bbcenter\u00bb css=\u00bb\u00bb][\/vc_column_inner][\/vc_row_inner]<div class=\"eltdf-elements-holder eltdf-responsive-mode-768\" ><div class=\"eltdf-eh-item eltdf-horizontal-alignment-center\" data-item-class=\"eltdf-eh-custom-193176\" >\n\t<div class=\"eltdf-eh-item-inner\" >\n\t\t<div class=\"eltdf-eh-item-content eltdf-eh-custom-193176\" style=\"padding: 0 15% 0 15%\">\n\t\t\t[vc_column_text css=\u00bb\u00bb]<\/p>\n<h2 style=\"text-align: justify;\"><span style=\"color: #85754e;\">El vino siempre ha estado presente en la historia y el esp\u00edritu de Chile<\/span><\/h2>\n<p>[\/vc_column_text][vc_column_text css=\u00bb\u00bb]<\/p>\n<p style=\"text-align: left;\" data-start=\"432\" data-end=\"716\" data-is-last-node=\"\" data-is-only-node=\"\"><span style=\"color: #85754e;\">El arte de hacer vino es parte de la cultura y patrimonio de Chile. La exposici\u00f3n al sol, las limpias aguas de las nieves de los Andes, las f\u00e9rtiles tierras del Valle del Maule y la ternura y cuidado de toda una familia dedicada a la elaboraci\u00f3n de vinos excepcionales reflejan claramente el alma de Chile y el esp\u00edritu de Villa Alegre.<\/span><\/p>\n<p style=\"text-align: left;\" data-start=\"432\" data-end=\"716\" data-is-last-node=\"\" data-is-only-node=\"\"><span style=\"color: #85754e;\">En nuestros vinos varietales buscamos expresar la fruta y el natural car\u00e1cter de cada una de sus variedades. Vinos con colores intensos, buena concentraci\u00f3n y listos para ser consumidos.<\/span><\/p>\n<p>[\/vc_column_text][vc_empty_space height=\u00bb100px\u00bb]\t\t<\/div>\n\t<\/div>\n\t<\/div><\/div>[\/vc_column][\/vc_row][vc_row][vc_column][vc_row_inner][vc_column_inner][vc_empty_space]<div class=\"eltdf-elements-holder eltdf-responsive-mode-768\" ><div class=\"eltdf-eh-item eltdf-horizontal-alignment-center\" data-item-class=\"eltdf-eh-custom-333314\" >\n\t<div class=\"eltdf-eh-item-inner\" >\n\t\t<div class=\"eltdf-eh-item-content eltdf-eh-custom-333314\" >\n\t\t\t<div class=\"woocommerce columns-4 \"><ul class=\"products columns-4\">\n<li class=\"product type-product post-11294 status-publish first instock product_cat-chile product_cat-tinto product_cat-vino product_tag-cabernet-sauvignon product_tag-chile product_tag-maule product_tag-tinto product_tag-valle-central product_tag-vino product_tag-vino-chileno product_tag-vino-tinto has-post-thumbnail shipping-taxable product-type-simple\">\n\t<div class=\"eltdf-pl-inner\"><span class=\"eltd-pl-image-border-top\"><\/span><span class=\"eltd-pl-image-border-right\"><\/span><span class=\"eltd-pl-image-border-bottom\"><\/span><span class=\"eltd-pl-image-border-left\"><\/span><div class=\"eltdf-pl-image\"><img decoding=\"async\" width=\"195\" height=\"195\" src=\"https:\/\/vinal.co\/wp-content\/uploads\/2026\/02\/SDC-CS-195x195.png\" class=\"attachment-woocommerce_thumbnail size-woocommerce_thumbnail\" alt=\"Botella vino Sol de chile cabernet sauvignon\" srcset=\"https:\/\/vinal.co\/wp-content\/uploads\/2026\/02\/SDC-CS-195x195.png 195w, https:\/\/vinal.co\/wp-content\/uploads\/2026\/02\/SDC-CS-300x300.png 300w, https:\/\/vinal.co\/wp-content\/uploads\/2026\/02\/SDC-CS-150x150.png 150w, https:\/\/vinal.co\/wp-content\/uploads\/2026\/02\/SDC-CS-768x768.png 768w, https:\/\/vinal.co\/wp-content\/uploads\/2026\/02\/SDC-CS-550x550.png 550w, https:\/\/vinal.co\/wp-content\/uploads\/2026\/02\/SDC-CS-600x600.png 600w, https:\/\/vinal.co\/wp-content\/uploads\/2026\/02\/SDC-CS-100x100.png 100w, https:\/\/vinal.co\/wp-content\/uploads\/2026\/02\/SDC-CS.png 840w\" sizes=\"(max-width: 195px) 100vw, 195px\" \/><div class=\"eltdf-pl-text\"><div class=\"eltdf-pl-text-outer\"><div class=\"eltdf-pl-text-inner\"><a href=\"https:\/\/vinal.co\/index.php\/product\/vino-sol-de-chile-cabernet-sauvigon\/\" aria-describedby=\"woocommerce_loop_add_to_cart_link_describedby_11294\" data-quantity=\"1\" class=\"button product_type_simple\" data-product_id=\"11294\" data-product_sku=\"\" aria-label=\"Lee m\u00e1s sobre &ldquo;Sol De Chile Cabernet Sauvigon&rdquo;\" rel=\"nofollow\" data-success_message=\"\">Leer m\u00e1s<\/a>\t<span id=\"woocommerce_loop_add_to_cart_link_describedby_11294\" class=\"screen-reader-text\">\n\t\t\t<\/span>\n<\/div><\/div><\/div><\/div><a href=\"https:\/\/vinal.co\/index.php\/product\/vino-sol-de-chile-cabernet-sauvigon\/\" class=\"woocommerce-LoopProduct-link woocommerce-loop-product__link\"><\/a><\/div><div class=\"eltdf-pl-text-wrapper\"><h5 class=\"eltdf-product-list-title\"><a href=\"https:\/\/vinal.co\/index.php\/product\/vino-sol-de-chile-cabernet-sauvigon\/\">Sol De Chile Cabernet Sauvigon<\/a><\/h5><h6 class=\"eltdf-product-list-category\"><a href=\"https:\/\/vinal.co\/index.php\/product-category\/vino\/chile\/\" rel=\"tag\">Chile<\/a>, <a href=\"https:\/\/vinal.co\/index.php\/product-category\/vino\/tinto\/\" rel=\"tag\">Tinto<\/a>, <a href=\"https:\/\/vinal.co\/index.php\/product-category\/vino\/\" rel=\"tag\">Vino<\/a><\/h6><\/div><\/li><li class=\"product type-product post-11310 status-publish instock product_cat-chile product_cat-tinto product_cat-vino product_tag-carmenere product_tag-chile product_tag-maule product_tag-tinto product_tag-valle-central product_tag-vino product_tag-vino-chileno product_tag-vino-tinto has-post-thumbnail shipping-taxable product-type-simple\">\n\t<div class=\"eltdf-pl-inner\"><span class=\"eltd-pl-image-border-top\"><\/span><span class=\"eltd-pl-image-border-right\"><\/span><span class=\"eltd-pl-image-border-bottom\"><\/span><span class=\"eltd-pl-image-border-left\"><\/span><div class=\"eltdf-pl-image\"><img decoding=\"async\" width=\"195\" height=\"195\" src=\"https:\/\/vinal.co\/wp-content\/uploads\/2026\/02\/SDC-CR-195x195.png\" class=\"attachment-woocommerce_thumbnail size-woocommerce_thumbnail\" alt=\"Botella vino Sol de chile cabernet carmenere\" srcset=\"https:\/\/vinal.co\/wp-content\/uploads\/2026\/02\/SDC-CR-195x195.png 195w, https:\/\/vinal.co\/wp-content\/uploads\/2026\/02\/SDC-CR-300x300.png 300w, https:\/\/vinal.co\/wp-content\/uploads\/2026\/02\/SDC-CR-150x150.png 150w, https:\/\/vinal.co\/wp-content\/uploads\/2026\/02\/SDC-CR-768x768.png 768w, https:\/\/vinal.co\/wp-content\/uploads\/2026\/02\/SDC-CR-550x550.png 550w, https:\/\/vinal.co\/wp-content\/uploads\/2026\/02\/SDC-CR-600x600.png 600w, https:\/\/vinal.co\/wp-content\/uploads\/2026\/02\/SDC-CR-100x100.png 100w, https:\/\/vinal.co\/wp-content\/uploads\/2026\/02\/SDC-CR.png 840w\" sizes=\"(max-width: 195px) 100vw, 195px\" \/><div class=\"eltdf-pl-text\"><div class=\"eltdf-pl-text-outer\"><div class=\"eltdf-pl-text-inner\"><a href=\"https:\/\/vinal.co\/index.php\/product\/sol-de-chile-carmenere\/\" aria-describedby=\"woocommerce_loop_add_to_cart_link_describedby_11310\" data-quantity=\"1\" class=\"button product_type_simple\" data-product_id=\"11310\" data-product_sku=\"\" aria-label=\"Lee m\u00e1s sobre &ldquo;Sol De Chile Carmenere&rdquo;\" rel=\"nofollow\" data-success_message=\"\">Leer m\u00e1s<\/a>\t<span id=\"woocommerce_loop_add_to_cart_link_describedby_11310\" class=\"screen-reader-text\">\n\t\t\t<\/span>\n<\/div><\/div><\/div><\/div><a href=\"https:\/\/vinal.co\/index.php\/product\/sol-de-chile-carmenere\/\" class=\"woocommerce-LoopProduct-link woocommerce-loop-product__link\"><\/a><\/div><div class=\"eltdf-pl-text-wrapper\"><h5 class=\"eltdf-product-list-title\"><a href=\"https:\/\/vinal.co\/index.php\/product\/sol-de-chile-carmenere\/\">Sol De Chile Carmenere<\/a><\/h5><h6 class=\"eltdf-product-list-category\"><a href=\"https:\/\/vinal.co\/index.php\/product-category\/vino\/chile\/\" rel=\"tag\">Chile<\/a>, <a href=\"https:\/\/vinal.co\/index.php\/product-category\/vino\/tinto\/\" rel=\"tag\">Tinto<\/a>, <a href=\"https:\/\/vinal.co\/index.php\/product-category\/vino\/\" rel=\"tag\">Vino<\/a><\/h6><\/div><\/li><li class=\"product type-product post-11314 status-publish instock product_cat-blanco product_cat-chile product_cat-vino product_tag-chile product_tag-maule product_tag-sauvignon-blanc product_tag-valle-central product_tag-vino product_tag-vino-blanco product_tag-vino-chileno has-post-thumbnail shipping-taxable product-type-simple\">\n\t<div class=\"eltdf-pl-inner\"><span class=\"eltd-pl-image-border-top\"><\/span><span class=\"eltd-pl-image-border-right\"><\/span><span class=\"eltd-pl-image-border-bottom\"><\/span><span class=\"eltd-pl-image-border-left\"><\/span><div class=\"eltdf-pl-image\"><img decoding=\"async\" width=\"195\" height=\"195\" src=\"https:\/\/vinal.co\/wp-content\/uploads\/2026\/02\/SDC-SB-195x195.png\" class=\"attachment-woocommerce_thumbnail size-woocommerce_thumbnail\" alt=\"Botella vino Sol de chile sauvignon blanc\" srcset=\"https:\/\/vinal.co\/wp-content\/uploads\/2026\/02\/SDC-SB-195x195.png 195w, https:\/\/vinal.co\/wp-content\/uploads\/2026\/02\/SDC-SB-300x300.png 300w, https:\/\/vinal.co\/wp-content\/uploads\/2026\/02\/SDC-SB-150x150.png 150w, https:\/\/vinal.co\/wp-content\/uploads\/2026\/02\/SDC-SB-768x768.png 768w, https:\/\/vinal.co\/wp-content\/uploads\/2026\/02\/SDC-SB-550x550.png 550w, https:\/\/vinal.co\/wp-content\/uploads\/2026\/02\/SDC-SB-600x600.png 600w, https:\/\/vinal.co\/wp-content\/uploads\/2026\/02\/SDC-SB-100x100.png 100w, https:\/\/vinal.co\/wp-content\/uploads\/2026\/02\/SDC-SB.png 840w\" sizes=\"(max-width: 195px) 100vw, 195px\" \/><div class=\"eltdf-pl-text\"><div class=\"eltdf-pl-text-outer\"><div class=\"eltdf-pl-text-inner\"><a href=\"https:\/\/vinal.co\/index.php\/product\/sol-de-chile-sauvignon-blanc\/\" aria-describedby=\"woocommerce_loop_add_to_cart_link_describedby_11314\" data-quantity=\"1\" class=\"button product_type_simple\" data-product_id=\"11314\" data-product_sku=\"\" aria-label=\"Lee m\u00e1s sobre &ldquo;Sol De Chile Sauvignon Blanc&rdquo;\" rel=\"nofollow\" data-success_message=\"\">Leer m\u00e1s<\/a>\t<span id=\"woocommerce_loop_add_to_cart_link_describedby_11314\" class=\"screen-reader-text\">\n\t\t\t<\/span>\n<\/div><\/div><\/div><\/div><a href=\"https:\/\/vinal.co\/index.php\/product\/sol-de-chile-sauvignon-blanc\/\" class=\"woocommerce-LoopProduct-link woocommerce-loop-product__link\"><\/a><\/div><div class=\"eltdf-pl-text-wrapper\"><h5 class=\"eltdf-product-list-title\"><a href=\"https:\/\/vinal.co\/index.php\/product\/sol-de-chile-sauvignon-blanc\/\">Sol De Chile Sauvignon Blanc<\/a><\/h5><h6 class=\"eltdf-product-list-category\"><a href=\"https:\/\/vinal.co\/index.php\/product-category\/vino\/blanco\/\" rel=\"tag\">Blanco<\/a>, <a href=\"https:\/\/vinal.co\/index.php\/product-category\/vino\/chile\/\" rel=\"tag\">Chile<\/a>, <a href=\"https:\/\/vinal.co\/index.php\/product-category\/vino\/\" rel=\"tag\">Vino<\/a><\/h6><\/div><\/li><li class=\"product type-product post-11317 status-publish last instock product_cat-chile product_cat-rosado product_cat-vino product_tag-chile product_tag-maule product_tag-syrah product_tag-valle-central product_tag-vino product_tag-vino-chileno product_tag-vino-rosado product_tag-vino-rose has-post-thumbnail shipping-taxable product-type-simple\">\n\t<div class=\"eltdf-pl-inner\"><span class=\"eltd-pl-image-border-top\"><\/span><span class=\"eltd-pl-image-border-right\"><\/span><span class=\"eltd-pl-image-border-bottom\"><\/span><span class=\"eltd-pl-image-border-left\"><\/span><div class=\"eltdf-pl-image\"><img loading=\"lazy\" decoding=\"async\" width=\"195\" height=\"195\" src=\"https:\/\/vinal.co\/wp-content\/uploads\/2026\/02\/SDC-RO-195x195.png\" class=\"attachment-woocommerce_thumbnail size-woocommerce_thumbnail\" alt=\"Botella Vino Sol de Chile Rose\" srcset=\"https:\/\/vinal.co\/wp-content\/uploads\/2026\/02\/SDC-RO-195x195.png 195w, https:\/\/vinal.co\/wp-content\/uploads\/2026\/02\/SDC-RO-300x300.png 300w, https:\/\/vinal.co\/wp-content\/uploads\/2026\/02\/SDC-RO-150x150.png 150w, https:\/\/vinal.co\/wp-content\/uploads\/2026\/02\/SDC-RO-768x768.png 768w, https:\/\/vinal.co\/wp-content\/uploads\/2026\/02\/SDC-RO-550x550.png 550w, https:\/\/vinal.co\/wp-content\/uploads\/2026\/02\/SDC-RO-600x600.png 600w, https:\/\/vinal.co\/wp-content\/uploads\/2026\/02\/SDC-RO-100x100.png 100w, https:\/\/vinal.co\/wp-content\/uploads\/2026\/02\/SDC-RO.png 840w\" sizes=\"(max-width: 195px) 100vw, 195px\" \/><div class=\"eltdf-pl-text\"><div class=\"eltdf-pl-text-outer\"><div class=\"eltdf-pl-text-inner\"><a href=\"https:\/\/vinal.co\/index.php\/product\/vino-sol-de-chile-rose\/\" aria-describedby=\"woocommerce_loop_add_to_cart_link_describedby_11317\" data-quantity=\"1\" class=\"button product_type_simple\" data-product_id=\"11317\" data-product_sku=\"\" aria-label=\"Lee m\u00e1s sobre &ldquo;Sol De Chile Ros\u00e9&rdquo;\" rel=\"nofollow\" data-success_message=\"\">Leer m\u00e1s<\/a>\t<span id=\"woocommerce_loop_add_to_cart_link_describedby_11317\" class=\"screen-reader-text\">\n\t\t\t<\/span>\n<\/div><\/div><\/div><\/div><a href=\"https:\/\/vinal.co\/index.php\/product\/vino-sol-de-chile-rose\/\" class=\"woocommerce-LoopProduct-link woocommerce-loop-product__link\"><\/a><\/div><div class=\"eltdf-pl-text-wrapper\"><h5 class=\"eltdf-product-list-title\"><a href=\"https:\/\/vinal.co\/index.php\/product\/vino-sol-de-chile-rose\/\">Sol De Chile Ros\u00e9<\/a><\/h5><h6 class=\"eltdf-product-list-category\"><a href=\"https:\/\/vinal.co\/index.php\/product-category\/vino\/chile\/\" rel=\"tag\">Chile<\/a>, <a href=\"https:\/\/vinal.co\/index.php\/product-category\/vino\/rosado\/\" rel=\"tag\">Rosado<\/a>, <a href=\"https:\/\/vinal.co\/index.php\/product-category\/vino\/\" rel=\"tag\">Vino<\/a><\/h6><\/div><\/li><\/ul>\n<\/div>\t\t<\/div>\n\t<\/div>\n\t<\/div><\/div>[vc_empty_space height=\u00bb70px\u00bb][\/vc_column_inner][\/vc_row_inner][\/vc_column][\/vc_row][vc_row row_content_width=\u00bbgrid\u00bb content_text_aligment=\u00bbcenter\u00bb css=\u00bb.vc_custom_1772581940354{padding-top: 20px !important;padding-bottom: 80px !important;}\u00bb][vc_column][vc_empty_space height=\u00bb15px\u00bb]<a itemprop=\"url\" href=\"https:\/\/vinal.co\/index.php\/vinal-colombia-vinos-y-alimentos\/\" target=\"_self\" style=\"color: #FFFFFF;background-color: #A2907A;font-size: 16px;font-weight: 500\" class=\"eltdf-btn eltdf-btn-medium eltdf-btn-solid eltdf-btn-custom-hover-bg eltdf-btn-custom-hover-color\" data-hover-color=\"#FFFFFF\" data-hover-bg-color=\"#4C4853\" >\n    <span class=\"eltdf-btn-text\">Me Interesa<\/span>\n    <\/a>[vc_empty_space height=\u00bb200px\u00bb][\/vc_column][\/vc_row]<\/p>\n<\/div>","protected":false},"excerpt":{"rendered":"<p>[vc_row row_content_width=\u00bbgrid\u00bb css=\u00bb.vc_custom_1613357630842{padding-top: 80px !important;background-color: #ffffff !important;}\u00bb][vc_column width=\u00bb1\/3&#8243; offset=\u00bbvc_col-md-12&#8243;][vc_row_inner][vc_column_inner][vc_single_image image=\u00bb12568&#8243; img_size=\u00bbmedium\u00bb alignment=\u00bbcenter\u00bb css=\u00bb\u00bb][\/vc_column_inner][\/vc_row_inner][\/vc_column][\/vc_row][vc_row][vc_column][vc_row_inner][vc_column_inner][vc_empty_space][vc_empty_space height=\u00bb70px\u00bb][\/vc_column_inner][\/vc_row_inner][\/vc_column][\/vc_row][vc_row row_content_width=\u00bbgrid\u00bb content_text_aligment=\u00bbcenter\u00bb css=\u00bb.vc_custom_1772581940354{padding-top: 20px !important;padding-bottom: 80px !important;}\u00bb][vc_column][vc_empty_space height=\u00bb15px\u00bb][vc_empty_space height=\u00bb200px\u00bb][\/vc_column][\/vc_row]<\/p>\n","protected":false},"author":1,"featured_media":0,"parent":0,"menu_order":0,"comment_status":"closed","ping_status":"closed","template":"full-width.php","meta":{"om_disable_all_campaigns":false,"_monsterinsights_skip_tracking":false,"_monsterinsights_sitenote_active":false,"_monsterinsights_sitenote_note":"","_monsterinsights_sitenote_category":0,"_uf_show_specific_survey":0,"_uf_disable_surveys":false,"_joinchat":[],"footnotes":""},"wf_page_folders":[214],"class_list":["post-12566","page","type-page","status-publish","hentry"],"yoast_head":"<!-- This site is optimized with the Yoast SEO plugin v27.3 - https:\/\/yoast.com\/product\/yoast-seo-wordpress\/ -->\n<title>Vinos Sol De Chile<\/title>\n<meta name=\"description\" content=\"En los Vinos Sol De Chile expresan la fruta y el natural car\u00e1cter de cada una de sus variedades. Vinos que reflejan el alma de Chile.\" \/>\n<meta name=\"robots\" content=\"index, follow, max-snippet:-1, max-image-preview:large, max-video-preview:-1\" \/>\n<link rel=\"canonical\" href=\"https:\/\/vinal.co\/index.php\/vinos-sol-de-chile-2\/\" \/>\n<meta property=\"og:locale\" content=\"es_ES\" \/>\n<meta property=\"og:type\" content=\"article\" \/>\n<meta property=\"og:title\" content=\"Vinos Sol De Chile\" \/>\n<meta property=\"og:description\" content=\"En los Vinos Sol De Chile expresan la fruta y el natural car\u00e1cter de cada una de sus variedades. Vinos que reflejan el alma de Chile.\" \/>\n<meta property=\"og:url\" content=\"https:\/\/vinal.co\/index.php\/vinos-sol-de-chile-2\/\" \/>\n<meta property=\"og:site_name\" content=\"Vinal Colombia\" \/>\n<meta property=\"article:publisher\" content=\"https:\/\/www.facebook.com\/VinalColombia\/\" \/>\n<meta property=\"article:modified_time\" content=\"2026-03-08T21:10:59+00:00\" \/>\n<meta name=\"twitter:card\" content=\"summary_large_image\" \/>\n<meta name=\"twitter:label1\" content=\"Tiempo de lectura\" \/>\n\t<meta name=\"twitter:data1\" content=\"1 minuto\" \/>\n<script type=\"application\/ld+json\" class=\"yoast-schema-graph\">{\"@context\":\"https:\\\/\\\/schema.org\",\"@graph\":[{\"@type\":\"WebPage\",\"@id\":\"https:\\\/\\\/vinal.co\\\/index.php\\\/vinos-sol-de-chile-2\\\/\",\"url\":\"https:\\\/\\\/vinal.co\\\/index.php\\\/vinos-sol-de-chile-2\\\/\",\"name\":\"Vinos Sol De Chile\",\"isPartOf\":{\"@id\":\"https:\\\/\\\/vinal.co\\\/#website\"},\"datePublished\":\"2026-03-08T21:06:15+00:00\",\"dateModified\":\"2026-03-08T21:10:59+00:00\",\"description\":\"En los Vinos Sol De Chile expresan la fruta y el natural car\u00e1cter de cada una de sus variedades. Vinos que reflejan el alma de Chile.\",\"breadcrumb\":{\"@id\":\"https:\\\/\\\/vinal.co\\\/index.php\\\/vinos-sol-de-chile-2\\\/#breadcrumb\"},\"inLanguage\":\"es\",\"potentialAction\":[{\"@type\":\"ReadAction\",\"target\":[\"https:\\\/\\\/vinal.co\\\/index.php\\\/vinos-sol-de-chile-2\\\/\"]}]},{\"@type\":\"BreadcrumbList\",\"@id\":\"https:\\\/\\\/vinal.co\\\/index.php\\\/vinos-sol-de-chile-2\\\/#breadcrumb\",\"itemListElement\":[{\"@type\":\"ListItem\",\"position\":1,\"name\":\"Inicio\",\"item\":\"https:\\\/\\\/vinal.co\\\/\"},{\"@type\":\"ListItem\",\"position\":2,\"name\":\"Vinos Sol De Chile\"}]},{\"@type\":\"WebSite\",\"@id\":\"https:\\\/\\\/vinal.co\\\/#website\",\"url\":\"https:\\\/\\\/vinal.co\\\/\",\"name\":\"Vinal Colombia\",\"description\":\"El mundo en una copa!\",\"publisher\":{\"@id\":\"https:\\\/\\\/vinal.co\\\/#organization\"},\"potentialAction\":[{\"@type\":\"SearchAction\",\"target\":{\"@type\":\"EntryPoint\",\"urlTemplate\":\"https:\\\/\\\/vinal.co\\\/?s={search_term_string}\"},\"query-input\":{\"@type\":\"PropertyValueSpecification\",\"valueRequired\":true,\"valueName\":\"search_term_string\"}}],\"inLanguage\":\"es\"},{\"@type\":\"Organization\",\"@id\":\"https:\\\/\\\/vinal.co\\\/#organization\",\"name\":\"VINAL COLOMBIA\",\"url\":\"https:\\\/\\\/vinal.co\\\/\",\"logo\":{\"@type\":\"ImageObject\",\"inLanguage\":\"es\",\"@id\":\"https:\\\/\\\/vinal.co\\\/#\\\/schema\\\/logo\\\/image\\\/\",\"url\":\"https:\\\/\\\/i2.wp.com\\\/vinal.co\\\/wp-content\\\/uploads\\\/2020\\\/09\\\/Portugal-en-una-copa-Vinal-Colombia-Logo.png?fit=216%2C252&ssl=1\",\"contentUrl\":\"https:\\\/\\\/i2.wp.com\\\/vinal.co\\\/wp-content\\\/uploads\\\/2020\\\/09\\\/Portugal-en-una-copa-Vinal-Colombia-Logo.png?fit=216%2C252&ssl=1\",\"width\":216,\"height\":252,\"caption\":\"VINAL COLOMBIA\"},\"image\":{\"@id\":\"https:\\\/\\\/vinal.co\\\/#\\\/schema\\\/logo\\\/image\\\/\"},\"sameAs\":[\"https:\\\/\\\/www.facebook.com\\\/VinalColombia\\\/\",\"https:\\\/\\\/www.instagram.com\\\/vinalcolombia\\\/\"]}]}<\/script>\n<!-- \/ Yoast SEO plugin. -->","yoast_head_json":{"title":"Vinos Sol De Chile","description":"En los Vinos Sol De Chile expresan la fruta y el natural car\u00e1cter de cada una de sus variedades. Vinos que reflejan el alma de Chile.","robots":{"index":"index","follow":"follow","max-snippet":"max-snippet:-1","max-image-preview":"max-image-preview:large","max-video-preview":"max-video-preview:-1"},"canonical":"https:\/\/vinal.co\/index.php\/vinos-sol-de-chile-2\/","og_locale":"es_ES","og_type":"article","og_title":"Vinos Sol De Chile","og_description":"En los Vinos Sol De Chile expresan la fruta y el natural car\u00e1cter de cada una de sus variedades. Vinos que reflejan el alma de Chile.","og_url":"https:\/\/vinal.co\/index.php\/vinos-sol-de-chile-2\/","og_site_name":"Vinal Colombia","article_publisher":"https:\/\/www.facebook.com\/VinalColombia\/","article_modified_time":"2026-03-08T21:10:59+00:00","twitter_card":"summary_large_image","twitter_misc":{"Tiempo de lectura":"1 minuto"},"schema":{"@context":"https:\/\/schema.org","@graph":[{"@type":"WebPage","@id":"https:\/\/vinal.co\/index.php\/vinos-sol-de-chile-2\/","url":"https:\/\/vinal.co\/index.php\/vinos-sol-de-chile-2\/","name":"Vinos Sol De Chile","isPartOf":{"@id":"https:\/\/vinal.co\/#website"},"datePublished":"2026-03-08T21:06:15+00:00","dateModified":"2026-03-08T21:10:59+00:00","description":"En los Vinos Sol De Chile expresan la fruta y el natural car\u00e1cter de cada una de sus variedades. Vinos que reflejan el alma de Chile.","breadcrumb":{"@id":"https:\/\/vinal.co\/index.php\/vinos-sol-de-chile-2\/#breadcrumb"},"inLanguage":"es","potentialAction":[{"@type":"ReadAction","target":["https:\/\/vinal.co\/index.php\/vinos-sol-de-chile-2\/"]}]},{"@type":"BreadcrumbList","@id":"https:\/\/vinal.co\/index.php\/vinos-sol-de-chile-2\/#breadcrumb","itemListElement":[{"@type":"ListItem","position":1,"name":"Inicio","item":"https:\/\/vinal.co\/"},{"@type":"ListItem","position":2,"name":"Vinos Sol De Chile"}]},{"@type":"WebSite","@id":"https:\/\/vinal.co\/#website","url":"https:\/\/vinal.co\/","name":"Vinal Colombia","description":"El mundo en una copa!","publisher":{"@id":"https:\/\/vinal.co\/#organization"},"potentialAction":[{"@type":"SearchAction","target":{"@type":"EntryPoint","urlTemplate":"https:\/\/vinal.co\/?s={search_term_string}"},"query-input":{"@type":"PropertyValueSpecification","valueRequired":true,"valueName":"search_term_string"}}],"inLanguage":"es"},{"@type":"Organization","@id":"https:\/\/vinal.co\/#organization","name":"VINAL COLOMBIA","url":"https:\/\/vinal.co\/","logo":{"@type":"ImageObject","inLanguage":"es","@id":"https:\/\/vinal.co\/#\/schema\/logo\/image\/","url":"https:\/\/i2.wp.com\/vinal.co\/wp-content\/uploads\/2020\/09\/Portugal-en-una-copa-Vinal-Colombia-Logo.png?fit=216%2C252&ssl=1","contentUrl":"https:\/\/i2.wp.com\/vinal.co\/wp-content\/uploads\/2020\/09\/Portugal-en-una-copa-Vinal-Colombia-Logo.png?fit=216%2C252&ssl=1","width":216,"height":252,"caption":"VINAL COLOMBIA"},"image":{"@id":"https:\/\/vinal.co\/#\/schema\/logo\/image\/"},"sameAs":["https:\/\/www.facebook.com\/VinalColombia\/","https:\/\/www.instagram.com\/vinalcolombia\/"]}]}},"_links":{"self":[{"href":"https:\/\/vinal.co\/index.php\/wp-json\/wp\/v2\/pages\/12566","targetHints":{"allow":["GET"]}}],"collection":[{"href":"https:\/\/vinal.co\/index.php\/wp-json\/wp\/v2\/pages"}],"about":[{"href":"https:\/\/vinal.co\/index.php\/wp-json\/wp\/v2\/types\/page"}],"author":[{"embeddable":true,"href":"https:\/\/vinal.co\/index.php\/wp-json\/wp\/v2\/users\/1"}],"replies":[{"embeddable":true,"href":"https:\/\/vinal.co\/index.php\/wp-json\/wp\/v2\/comments?post=12566"}],"version-history":[{"count":7,"href":"https:\/\/vinal.co\/index.php\/wp-json\/wp\/v2\/pages\/12566\/revisions"}],"predecessor-version":[{"id":12810,"href":"https:\/\/vinal.co\/index.php\/wp-json\/wp\/v2\/pages\/12566\/revisions\/12810"}],"wp:attachment":[{"href":"https:\/\/vinal.co\/index.php\/wp-json\/wp\/v2\/media?parent=12566"}],"wp:term":[{"taxonomy":"wf_page_folders","embeddable":true,"href":"https:\/\/vinal.co\/index.php\/wp-json\/wp\/v2\/wf_page_folders?post=12566"}],"curies":[{"name":"wp","href":"https:\/\/api.w.org\/{rel}","templated":true}]}}