{"id":11294,"date":"2021-03-22T18:30:59","date_gmt":"2021-03-22T23:30:59","guid":{"rendered":"https:\/\/vinal.co\/?post_type=product&#038;p=11294"},"modified":"2026-03-08T13:41:57","modified_gmt":"2026-03-08T18:41:57","slug":"vino-sol-de-chile-cabernet-sauvigon","status":"publish","type":"product","link":"https:\/\/vinal.co\/index.php\/product\/vino-sol-de-chile-cabernet-sauvigon\/","title":{"rendered":"Sol De Chile Cabernet Sauvigon"},"content":{"rendered":"<p>El vino Sol De Chile Cabernet Sauvignon proviene de Vi\u00f1a de Aguirre, uno de los vi\u00f1edos m\u00e1s premiados y reconocidos de Chile. Ubicados en Villa Alegre, 285 km al sur de Santiago, en el Valle del Maule. Este lugar posee un clima de tipo mediterr\u00e1neo, donde las lluvias de invierno son normales y los veranos secos, con marcadas variaciones de temperatura entre el d\u00eda y la noche. Esto permite que las uvas obtengan el desarrollo de tanino maduro, as\u00ed como excelentes aromas y la concentraci\u00f3n de color. Los suelos son una combinaci\u00f3n de tierra arenosa y cenizas volc\u00e1nicas. El terreno es llano y recibe una excelente exposici\u00f3n a la luz solar.<\/p>\n<h4><span style=\"color: #87764f;\"><a style=\"color: #87764f;\" href=\"https:\/\/vinal.co\/wp-content\/uploads\/2026\/03\/FT-Sol-De-Chile-CS.pdf\" target=\"_blank\" rel=\"noopener noreferrer\">Ficha T\u00e9cnica<\/a><\/span><\/h4>\n","protected":false},"excerpt":{"rendered":"<p>REGI\u00d3N | Chile, Villa Alegre<br \/>\nD.O. | Valle Central<br \/>\nCEPAS | Cabernet Sauvignon<br \/>\nNOTAS DE CATA | Color: De color rub\u00ed viol\u00e1ceo intenso y concentrado. | Aroma: En nariz ofrece notas de grosella negra y cerezas negras. | Boca: Es elegante y bien equilibrado, con taninos suaves y maduros. Una excelente opci\u00f3n para acompa\u00f1ar carnes rojas, platos con hierbas finas o quesos curados.<\/p>\n<div class=\"flex flex-col text-sm pb-25\">\n<article class=\"text-token-text-primary w-full focus:outline-none [--shadow-height:45px] has-data-writing-block:pointer-events-none has-data-writing-block:-mt-(--shadow-height) has-data-writing-block:pt-(--shadow-height) [&amp;:has([data-writing-block])&gt;*]:pointer-events-auto scroll-mt-[calc(var(--header-height)+min(200px,max(70px,20svh)))]\" dir=\"auto\" tabindex=\"-1\" data-turn-id=\"request-WEB:2a55f5eb-787d-448c-88b9-0ebb3f3205e2-11\" data-testid=\"conversation-turn-16\" data-scroll-anchor=\"true\" data-turn=\"assistant\">\n<div class=\"text-base my-auto mx-auto pb-10 [--thread-content-margin:--spacing(4)] @w-sm\/main:[--thread-content-margin:--spacing(6)] @w-lg\/main:[--thread-content-margin:--spacing(16)] px-(--thread-content-margin)\">\n<div class=\"[--thread-content-max-width:40rem] @w-lg\/main:[--thread-content-max-width:48rem] mx-auto max-w-(--thread-content-max-width) flex-1 group\/turn-messages focus-visible:outline-hidden relative flex w-full min-w-0 flex-col agent-turn\" tabindex=\"-1\">\n<div class=\"z-0 flex min-h-[46px] justify-start\"><\/div>\n<div class=\"mt-3 w-full empty:hidden\">\n<div class=\"text-center\"><\/div>\n<\/div>\n<\/div>\n<\/div>\n<\/article>\n<\/div>\n","protected":false},"featured_media":11901,"template":"","meta":{"om_disable_all_campaigns":false,"_monsterinsights_skip_tracking":false,"_monsterinsights_sitenote_active":false,"_monsterinsights_sitenote_note":"","_monsterinsights_sitenote_category":0,"_uf_show_specific_survey":0,"_uf_disable_surveys":false,"_joinchat":[]},"product_brand":[193],"product_cat":[179,26,23],"product_tag":[53,159,160,35,161,28,162,89],"class_list":{"0":"post-11294","1":"product","2":"type-product","3":"status-publish","4":"has-post-thumbnail","6":"product_brand-sol-de-chile","7":"product_cat-chile","8":"product_cat-tinto","9":"product_cat-vino","10":"product_tag-cabernet-sauvignon","11":"product_tag-chile","12":"product_tag-maule","13":"product_tag-tinto","14":"product_tag-valle-central","15":"product_tag-vino","16":"product_tag-vino-chileno","17":"product_tag-vino-tinto","19":"first","20":"instock","21":"shipping-taxable","22":"product-type-simple"},"yoast_head":"<!-- This site is optimized with the Yoast SEO plugin v27.3 - https:\/\/yoast.com\/product\/yoast-seo-wordpress\/ -->\n<title>Vino Sol de Chile Cabernet Sauvignon - Vinal Colombia<\/title>\n<meta name=\"description\" content=\"Vino tinto Sol de Chile Cabernet Sauvignon, Vi\u00f1a de Aguirre valle del Maule. De intenso color rojo rub\u00ed. Sus aromas nos recuerdan a frutas rojas frescas.\" \/>\n<meta name=\"robots\" content=\"index, follow, max-snippet:-1, max-image-preview:large, max-video-preview:-1\" \/>\n<link rel=\"canonical\" href=\"https:\/\/vinal.co\/index.php\/product\/vino-sol-de-chile-cabernet-sauvigon\/\" \/>\n<meta property=\"og:locale\" content=\"es_ES\" \/>\n<meta property=\"og:type\" content=\"article\" \/>\n<meta property=\"og:title\" content=\"Vino Sol de Chile Cabernet Sauvignon - Vinal Colombia\" \/>\n<meta property=\"og:description\" content=\"Vino tinto Sol de Chile Cabernet Sauvignon, Vi\u00f1a de Aguirre valle del Maule. De intenso color rojo rub\u00ed. Sus aromas nos recuerdan a frutas rojas frescas.\" \/>\n<meta property=\"og:url\" content=\"https:\/\/vinal.co\/index.php\/product\/vino-sol-de-chile-cabernet-sauvigon\/\" \/>\n<meta property=\"og:site_name\" content=\"Vinal Colombia\" \/>\n<meta property=\"article:publisher\" content=\"https:\/\/www.facebook.com\/VinalColombia\/\" \/>\n<meta property=\"article:modified_time\" content=\"2026-03-08T18:41:57+00:00\" \/>\n<meta property=\"og:image\" content=\"https:\/\/vinal.co\/wp-content\/uploads\/2026\/02\/SDC-CS.png\" \/>\n\t<meta property=\"og:image:width\" content=\"840\" \/>\n\t<meta property=\"og:image:height\" content=\"840\" \/>\n\t<meta property=\"og:image:type\" content=\"image\/png\" \/>\n<meta name=\"twitter:card\" content=\"summary_large_image\" \/>\n<meta name=\"twitter:label1\" content=\"Tiempo de lectura\" \/>\n\t<meta name=\"twitter:data1\" content=\"1 minuto\" \/>\n<script type=\"application\/ld+json\" class=\"yoast-schema-graph\">{\"@context\":\"https:\\\/\\\/schema.org\",\"@graph\":[{\"@type\":\"WebPage\",\"@id\":\"https:\\\/\\\/vinal.co\\\/index.php\\\/product\\\/vino-sol-de-chile-cabernet-sauvigon\\\/\",\"url\":\"https:\\\/\\\/vinal.co\\\/index.php\\\/product\\\/vino-sol-de-chile-cabernet-sauvigon\\\/\",\"name\":\"Vino Sol de Chile Cabernet Sauvignon - Vinal Colombia\",\"isPartOf\":{\"@id\":\"https:\\\/\\\/vinal.co\\\/#website\"},\"primaryImageOfPage\":{\"@id\":\"https:\\\/\\\/vinal.co\\\/index.php\\\/product\\\/vino-sol-de-chile-cabernet-sauvigon\\\/#primaryimage\"},\"image\":{\"@id\":\"https:\\\/\\\/vinal.co\\\/index.php\\\/product\\\/vino-sol-de-chile-cabernet-sauvigon\\\/#primaryimage\"},\"thumbnailUrl\":\"https:\\\/\\\/vinal.co\\\/wp-content\\\/uploads\\\/2026\\\/02\\\/SDC-CS.png\",\"datePublished\":\"2021-03-22T23:30:59+00:00\",\"dateModified\":\"2026-03-08T18:41:57+00:00\",\"description\":\"Vino tinto Sol de Chile Cabernet Sauvignon, Vi\u00f1a de Aguirre valle del Maule. De intenso color rojo rub\u00ed. Sus aromas nos recuerdan a frutas rojas frescas.\",\"breadcrumb\":{\"@id\":\"https:\\\/\\\/vinal.co\\\/index.php\\\/product\\\/vino-sol-de-chile-cabernet-sauvigon\\\/#breadcrumb\"},\"inLanguage\":\"es\",\"potentialAction\":[{\"@type\":\"ReadAction\",\"target\":[\"https:\\\/\\\/vinal.co\\\/index.php\\\/product\\\/vino-sol-de-chile-cabernet-sauvigon\\\/\"]}]},{\"@type\":\"ImageObject\",\"inLanguage\":\"es\",\"@id\":\"https:\\\/\\\/vinal.co\\\/index.php\\\/product\\\/vino-sol-de-chile-cabernet-sauvigon\\\/#primaryimage\",\"url\":\"https:\\\/\\\/vinal.co\\\/wp-content\\\/uploads\\\/2026\\\/02\\\/SDC-CS.png\",\"contentUrl\":\"https:\\\/\\\/vinal.co\\\/wp-content\\\/uploads\\\/2026\\\/02\\\/SDC-CS.png\",\"width\":840,\"height\":840,\"caption\":\"Botella vino Sol de chile cabernet sauvignon\"},{\"@type\":\"BreadcrumbList\",\"@id\":\"https:\\\/\\\/vinal.co\\\/index.php\\\/product\\\/vino-sol-de-chile-cabernet-sauvigon\\\/#breadcrumb\",\"itemListElement\":[{\"@type\":\"ListItem\",\"position\":1,\"name\":\"Inicio\",\"item\":\"https:\\\/\\\/vinal.co\\\/\"},{\"@type\":\"ListItem\",\"position\":2,\"name\":\"Comprar\",\"item\":\"https:\\\/\\\/vinal.co\\\/index.php\\\/vinal-colombia-vinos-y-alimentos\\\/\"},{\"@type\":\"ListItem\",\"position\":3,\"name\":\"Sol De Chile Cabernet Sauvigon\"}]},{\"@type\":\"WebSite\",\"@id\":\"https:\\\/\\\/vinal.co\\\/#website\",\"url\":\"https:\\\/\\\/vinal.co\\\/\",\"name\":\"Vinal Colombia\",\"description\":\"El mundo en una copa!\",\"publisher\":{\"@id\":\"https:\\\/\\\/vinal.co\\\/#organization\"},\"potentialAction\":[{\"@type\":\"SearchAction\",\"target\":{\"@type\":\"EntryPoint\",\"urlTemplate\":\"https:\\\/\\\/vinal.co\\\/?s={search_term_string}\"},\"query-input\":{\"@type\":\"PropertyValueSpecification\",\"valueRequired\":true,\"valueName\":\"search_term_string\"}}],\"inLanguage\":\"es\"},{\"@type\":\"Organization\",\"@id\":\"https:\\\/\\\/vinal.co\\\/#organization\",\"name\":\"VINAL COLOMBIA\",\"url\":\"https:\\\/\\\/vinal.co\\\/\",\"logo\":{\"@type\":\"ImageObject\",\"inLanguage\":\"es\",\"@id\":\"https:\\\/\\\/vinal.co\\\/#\\\/schema\\\/logo\\\/image\\\/\",\"url\":\"https:\\\/\\\/i2.wp.com\\\/vinal.co\\\/wp-content\\\/uploads\\\/2020\\\/09\\\/Portugal-en-una-copa-Vinal-Colombia-Logo.png?fit=216%2C252&ssl=1\",\"contentUrl\":\"https:\\\/\\\/i2.wp.com\\\/vinal.co\\\/wp-content\\\/uploads\\\/2020\\\/09\\\/Portugal-en-una-copa-Vinal-Colombia-Logo.png?fit=216%2C252&ssl=1\",\"width\":216,\"height\":252,\"caption\":\"VINAL COLOMBIA\"},\"image\":{\"@id\":\"https:\\\/\\\/vinal.co\\\/#\\\/schema\\\/logo\\\/image\\\/\"},\"sameAs\":[\"https:\\\/\\\/www.facebook.com\\\/VinalColombia\\\/\",\"https:\\\/\\\/www.instagram.com\\\/vinalcolombia\\\/\"]}]}<\/script>\n<!-- \/ Yoast SEO plugin. -->","yoast_head_json":{"title":"Vino Sol de Chile Cabernet Sauvignon - Vinal Colombia","description":"Vino tinto Sol de Chile Cabernet Sauvignon, Vi\u00f1a de Aguirre valle del Maule. De intenso color rojo rub\u00ed. Sus aromas nos recuerdan a frutas rojas frescas.","robots":{"index":"index","follow":"follow","max-snippet":"max-snippet:-1","max-image-preview":"max-image-preview:large","max-video-preview":"max-video-preview:-1"},"canonical":"https:\/\/vinal.co\/index.php\/product\/vino-sol-de-chile-cabernet-sauvigon\/","og_locale":"es_ES","og_type":"article","og_title":"Vino Sol de Chile Cabernet Sauvignon - Vinal Colombia","og_description":"Vino tinto Sol de Chile Cabernet Sauvignon, Vi\u00f1a de Aguirre valle del Maule. De intenso color rojo rub\u00ed. Sus aromas nos recuerdan a frutas rojas frescas.","og_url":"https:\/\/vinal.co\/index.php\/product\/vino-sol-de-chile-cabernet-sauvigon\/","og_site_name":"Vinal Colombia","article_publisher":"https:\/\/www.facebook.com\/VinalColombia\/","article_modified_time":"2026-03-08T18:41:57+00:00","og_image":[{"width":840,"height":840,"url":"https:\/\/vinal.co\/wp-content\/uploads\/2026\/02\/SDC-CS.png","type":"image\/png"}],"twitter_card":"summary_large_image","twitter_misc":{"Tiempo de lectura":"1 minuto"},"schema":{"@context":"https:\/\/schema.org","@graph":[{"@type":"WebPage","@id":"https:\/\/vinal.co\/index.php\/product\/vino-sol-de-chile-cabernet-sauvigon\/","url":"https:\/\/vinal.co\/index.php\/product\/vino-sol-de-chile-cabernet-sauvigon\/","name":"Vino Sol de Chile Cabernet Sauvignon - Vinal Colombia","isPartOf":{"@id":"https:\/\/vinal.co\/#website"},"primaryImageOfPage":{"@id":"https:\/\/vinal.co\/index.php\/product\/vino-sol-de-chile-cabernet-sauvigon\/#primaryimage"},"image":{"@id":"https:\/\/vinal.co\/index.php\/product\/vino-sol-de-chile-cabernet-sauvigon\/#primaryimage"},"thumbnailUrl":"https:\/\/vinal.co\/wp-content\/uploads\/2026\/02\/SDC-CS.png","datePublished":"2021-03-22T23:30:59+00:00","dateModified":"2026-03-08T18:41:57+00:00","description":"Vino tinto Sol de Chile Cabernet Sauvignon, Vi\u00f1a de Aguirre valle del Maule. De intenso color rojo rub\u00ed. Sus aromas nos recuerdan a frutas rojas frescas.","breadcrumb":{"@id":"https:\/\/vinal.co\/index.php\/product\/vino-sol-de-chile-cabernet-sauvigon\/#breadcrumb"},"inLanguage":"es","potentialAction":[{"@type":"ReadAction","target":["https:\/\/vinal.co\/index.php\/product\/vino-sol-de-chile-cabernet-sauvigon\/"]}]},{"@type":"ImageObject","inLanguage":"es","@id":"https:\/\/vinal.co\/index.php\/product\/vino-sol-de-chile-cabernet-sauvigon\/#primaryimage","url":"https:\/\/vinal.co\/wp-content\/uploads\/2026\/02\/SDC-CS.png","contentUrl":"https:\/\/vinal.co\/wp-content\/uploads\/2026\/02\/SDC-CS.png","width":840,"height":840,"caption":"Botella vino Sol de chile cabernet sauvignon"},{"@type":"BreadcrumbList","@id":"https:\/\/vinal.co\/index.php\/product\/vino-sol-de-chile-cabernet-sauvigon\/#breadcrumb","itemListElement":[{"@type":"ListItem","position":1,"name":"Inicio","item":"https:\/\/vinal.co\/"},{"@type":"ListItem","position":2,"name":"Comprar","item":"https:\/\/vinal.co\/index.php\/vinal-colombia-vinos-y-alimentos\/"},{"@type":"ListItem","position":3,"name":"Sol De Chile Cabernet Sauvigon"}]},{"@type":"WebSite","@id":"https:\/\/vinal.co\/#website","url":"https:\/\/vinal.co\/","name":"Vinal Colombia","description":"El mundo en una copa!","publisher":{"@id":"https:\/\/vinal.co\/#organization"},"potentialAction":[{"@type":"SearchAction","target":{"@type":"EntryPoint","urlTemplate":"https:\/\/vinal.co\/?s={search_term_string}"},"query-input":{"@type":"PropertyValueSpecification","valueRequired":true,"valueName":"search_term_string"}}],"inLanguage":"es"},{"@type":"Organization","@id":"https:\/\/vinal.co\/#organization","name":"VINAL COLOMBIA","url":"https:\/\/vinal.co\/","logo":{"@type":"ImageObject","inLanguage":"es","@id":"https:\/\/vinal.co\/#\/schema\/logo\/image\/","url":"https:\/\/i2.wp.com\/vinal.co\/wp-content\/uploads\/2020\/09\/Portugal-en-una-copa-Vinal-Colombia-Logo.png?fit=216%2C252&ssl=1","contentUrl":"https:\/\/i2.wp.com\/vinal.co\/wp-content\/uploads\/2020\/09\/Portugal-en-una-copa-Vinal-Colombia-Logo.png?fit=216%2C252&ssl=1","width":216,"height":252,"caption":"VINAL COLOMBIA"},"image":{"@id":"https:\/\/vinal.co\/#\/schema\/logo\/image\/"},"sameAs":["https:\/\/www.facebook.com\/VinalColombia\/","https:\/\/www.instagram.com\/vinalcolombia\/"]}]}},"_links":{"self":[{"href":"https:\/\/vinal.co\/index.php\/wp-json\/wp\/v2\/product\/11294","targetHints":{"allow":["GET"]}}],"collection":[{"href":"https:\/\/vinal.co\/index.php\/wp-json\/wp\/v2\/product"}],"about":[{"href":"https:\/\/vinal.co\/index.php\/wp-json\/wp\/v2\/types\/product"}],"version-history":[{"count":11,"href":"https:\/\/vinal.co\/index.php\/wp-json\/wp\/v2\/product\/11294\/revisions"}],"predecessor-version":[{"id":11309,"href":"https:\/\/vinal.co\/index.php\/wp-json\/wp\/v2\/product\/11294\/revisions\/11309"}],"wp:featuredmedia":[{"embeddable":true,"href":"https:\/\/vinal.co\/index.php\/wp-json\/wp\/v2\/media\/11901"}],"wp:attachment":[{"href":"https:\/\/vinal.co\/index.php\/wp-json\/wp\/v2\/media?parent=11294"}],"wp:term":[{"taxonomy":"product_brand","embeddable":true,"href":"https:\/\/vinal.co\/index.php\/wp-json\/wp\/v2\/product_brand?post=11294"},{"taxonomy":"product_cat","embeddable":true,"href":"https:\/\/vinal.co\/index.php\/wp-json\/wp\/v2\/product_cat?post=11294"},{"taxonomy":"product_tag","embeddable":true,"href":"https:\/\/vinal.co\/index.php\/wp-json\/wp\/v2\/product_tag?post=11294"}],"curies":[{"name":"wp","href":"https:\/\/api.w.org\/{rel}","templated":true}]}}