{"id":11314,"date":"2021-03-22T19:37:02","date_gmt":"2021-03-23T00:37:02","guid":{"rendered":"https:\/\/vinal.co\/?post_type=product&#038;p=11314"},"modified":"2026-03-08T13:06:08","modified_gmt":"2026-03-08T18:06:08","slug":"sol-de-chile-sauvignon-blanc","status":"publish","type":"product","link":"https:\/\/vinal.co\/index.php\/product\/sol-de-chile-sauvignon-blanc\/","title":{"rendered":"Sol De Chile Sauvignon Blanc"},"content":{"rendered":"<p class=\"p1\">El vino Sol De Chile Sauvignon Blanc proviene de Vi\u00f1a de Aguirre, uno de los vi\u00f1edos m\u00e1s premiados y reconocidos de Chile. Ubicados en Villa Alegre, 285 km al sur de Santiago, en el Valle del Maule. Este lugar posee un clima de tipo mediterr\u00e1neo, donde las lluvias de invierno son normales y los veranos secos, con marcadas variaciones de temperatura entre el d\u00eda y la noche. Esto permite que las uvas obtengan el desarrollo de tanino maduro, as\u00ed como excelentes aromas y la concentraci\u00f3n de color.<\/p>\n<h4><span style=\"color: #87764f;\"><a style=\"color: #87764f;\" href=\"https:\/\/vinal.co\/wp-content\/uploads\/2026\/03\/FT-Sol-De-Chile-SB.pdf\" target=\"_blank\" rel=\"noopener noreferrer\">Ficha T\u00e9cnica<\/a><\/span><\/h4>\n","protected":false},"excerpt":{"rendered":"<p>REGI\u00d3N | Chile, Villa Alegre<br \/>\nD.O. | Valle Central<br \/>\nCEPAS | Sauvignon Blanc<br \/>\nNOTAS DE CATA | Color: Amarillo p\u00e1lido con matices verdes. | Aroma: Presenta aromas de pomelo amarillo y manzana verde. | Boca: En boca se muestra elegante y equilibrado. Su estilo fresco resalta la expresi\u00f3n frutal, manteniendo un car\u00e1cter limpio y refrescante.<\/p>\n","protected":false},"featured_media":11904,"template":"","meta":{"om_disable_all_campaigns":false,"_monsterinsights_skip_tracking":false,"_monsterinsights_sitenote_active":false,"_monsterinsights_sitenote_note":"","_monsterinsights_sitenote_category":0,"_uf_show_specific_survey":0,"_uf_disable_surveys":false,"_joinchat":[]},"product_brand":[193],"product_cat":[25,179,23],"product_tag":[159,160,45,161,28,90,162],"class_list":{"0":"post-11314","1":"product","2":"type-product","3":"status-publish","4":"has-post-thumbnail","6":"product_brand-sol-de-chile","7":"product_cat-blanco","8":"product_cat-chile","9":"product_cat-vino","10":"product_tag-chile","11":"product_tag-maule","12":"product_tag-sauvignon-blanc","13":"product_tag-valle-central","14":"product_tag-vino","15":"product_tag-vino-blanco","16":"product_tag-vino-chileno","18":"first","19":"instock","20":"shipping-taxable","21":"product-type-simple"},"yoast_head":"<!-- This site is optimized with the Yoast SEO plugin v27.3 - https:\/\/yoast.com\/product\/yoast-seo-wordpress\/ -->\n<title>Vino Sol de Chile Sauvignon Blanc<\/title>\n<meta name=\"description\" content=\"Vino blanco Sol de Chile Sauvignon Blanc, Vi\u00f1a de Aguirre valle del Maule. De color color amarillo lim\u00f3n p\u00e1lido, con aromas a c\u00edtricos y flores blancas.\" \/>\n<meta name=\"robots\" content=\"index, follow, max-snippet:-1, max-image-preview:large, max-video-preview:-1\" \/>\n<link rel=\"canonical\" href=\"https:\/\/vinal.co\/index.php\/product\/sol-de-chile-sauvignon-blanc\/\" \/>\n<meta property=\"og:locale\" content=\"es_ES\" \/>\n<meta property=\"og:type\" content=\"article\" \/>\n<meta property=\"og:title\" content=\"Vino Sol de Chile Sauvignon Blanc\" \/>\n<meta property=\"og:description\" content=\"Vino blanco Sol de Chile Sauvignon Blanc, Vi\u00f1a de Aguirre valle del Maule. De color color amarillo lim\u00f3n p\u00e1lido, con aromas a c\u00edtricos y flores blancas.\" \/>\n<meta property=\"og:url\" content=\"https:\/\/vinal.co\/index.php\/product\/sol-de-chile-sauvignon-blanc\/\" \/>\n<meta property=\"og:site_name\" content=\"Vinal Colombia\" \/>\n<meta property=\"article:publisher\" content=\"https:\/\/www.facebook.com\/VinalColombia\/\" \/>\n<meta property=\"article:modified_time\" content=\"2026-03-08T18:06:08+00:00\" \/>\n<meta property=\"og:image\" content=\"https:\/\/vinal.co\/wp-content\/uploads\/2026\/02\/SDC-SB.png\" \/>\n\t<meta property=\"og:image:width\" content=\"840\" \/>\n\t<meta property=\"og:image:height\" content=\"840\" \/>\n\t<meta property=\"og:image:type\" content=\"image\/png\" \/>\n<meta name=\"twitter:card\" content=\"summary_large_image\" \/>\n<meta name=\"twitter:label1\" content=\"Tiempo de lectura\" \/>\n\t<meta name=\"twitter:data1\" content=\"1 minuto\" \/>\n<script type=\"application\/ld+json\" class=\"yoast-schema-graph\">{\"@context\":\"https:\\\/\\\/schema.org\",\"@graph\":[{\"@type\":\"WebPage\",\"@id\":\"https:\\\/\\\/vinal.co\\\/index.php\\\/product\\\/sol-de-chile-sauvignon-blanc\\\/\",\"url\":\"https:\\\/\\\/vinal.co\\\/index.php\\\/product\\\/sol-de-chile-sauvignon-blanc\\\/\",\"name\":\"Vino Sol de Chile Sauvignon Blanc\",\"isPartOf\":{\"@id\":\"https:\\\/\\\/vinal.co\\\/#website\"},\"primaryImageOfPage\":{\"@id\":\"https:\\\/\\\/vinal.co\\\/index.php\\\/product\\\/sol-de-chile-sauvignon-blanc\\\/#primaryimage\"},\"image\":{\"@id\":\"https:\\\/\\\/vinal.co\\\/index.php\\\/product\\\/sol-de-chile-sauvignon-blanc\\\/#primaryimage\"},\"thumbnailUrl\":\"https:\\\/\\\/vinal.co\\\/wp-content\\\/uploads\\\/2026\\\/02\\\/SDC-SB.png\",\"datePublished\":\"2021-03-23T00:37:02+00:00\",\"dateModified\":\"2026-03-08T18:06:08+00:00\",\"description\":\"Vino blanco Sol de Chile Sauvignon Blanc, Vi\u00f1a de Aguirre valle del Maule. De color color amarillo lim\u00f3n p\u00e1lido, con aromas a c\u00edtricos y flores blancas.\",\"breadcrumb\":{\"@id\":\"https:\\\/\\\/vinal.co\\\/index.php\\\/product\\\/sol-de-chile-sauvignon-blanc\\\/#breadcrumb\"},\"inLanguage\":\"es\",\"potentialAction\":[{\"@type\":\"ReadAction\",\"target\":[\"https:\\\/\\\/vinal.co\\\/index.php\\\/product\\\/sol-de-chile-sauvignon-blanc\\\/\"]}]},{\"@type\":\"ImageObject\",\"inLanguage\":\"es\",\"@id\":\"https:\\\/\\\/vinal.co\\\/index.php\\\/product\\\/sol-de-chile-sauvignon-blanc\\\/#primaryimage\",\"url\":\"https:\\\/\\\/vinal.co\\\/wp-content\\\/uploads\\\/2026\\\/02\\\/SDC-SB.png\",\"contentUrl\":\"https:\\\/\\\/vinal.co\\\/wp-content\\\/uploads\\\/2026\\\/02\\\/SDC-SB.png\",\"width\":840,\"height\":840,\"caption\":\"Botella vino Sol de chile sauvignon blanc\"},{\"@type\":\"BreadcrumbList\",\"@id\":\"https:\\\/\\\/vinal.co\\\/index.php\\\/product\\\/sol-de-chile-sauvignon-blanc\\\/#breadcrumb\",\"itemListElement\":[{\"@type\":\"ListItem\",\"position\":1,\"name\":\"Inicio\",\"item\":\"https:\\\/\\\/vinal.co\\\/\"},{\"@type\":\"ListItem\",\"position\":2,\"name\":\"Comprar\",\"item\":\"https:\\\/\\\/vinal.co\\\/index.php\\\/vinal-colombia-vinos-y-alimentos\\\/\"},{\"@type\":\"ListItem\",\"position\":3,\"name\":\"Sol De Chile Sauvignon Blanc\"}]},{\"@type\":\"WebSite\",\"@id\":\"https:\\\/\\\/vinal.co\\\/#website\",\"url\":\"https:\\\/\\\/vinal.co\\\/\",\"name\":\"Vinal Colombia\",\"description\":\"El mundo en una copa!\",\"publisher\":{\"@id\":\"https:\\\/\\\/vinal.co\\\/#organization\"},\"potentialAction\":[{\"@type\":\"SearchAction\",\"target\":{\"@type\":\"EntryPoint\",\"urlTemplate\":\"https:\\\/\\\/vinal.co\\\/?s={search_term_string}\"},\"query-input\":{\"@type\":\"PropertyValueSpecification\",\"valueRequired\":true,\"valueName\":\"search_term_string\"}}],\"inLanguage\":\"es\"},{\"@type\":\"Organization\",\"@id\":\"https:\\\/\\\/vinal.co\\\/#organization\",\"name\":\"VINAL COLOMBIA\",\"url\":\"https:\\\/\\\/vinal.co\\\/\",\"logo\":{\"@type\":\"ImageObject\",\"inLanguage\":\"es\",\"@id\":\"https:\\\/\\\/vinal.co\\\/#\\\/schema\\\/logo\\\/image\\\/\",\"url\":\"https:\\\/\\\/i2.wp.com\\\/vinal.co\\\/wp-content\\\/uploads\\\/2020\\\/09\\\/Portugal-en-una-copa-Vinal-Colombia-Logo.png?fit=216%2C252&ssl=1\",\"contentUrl\":\"https:\\\/\\\/i2.wp.com\\\/vinal.co\\\/wp-content\\\/uploads\\\/2020\\\/09\\\/Portugal-en-una-copa-Vinal-Colombia-Logo.png?fit=216%2C252&ssl=1\",\"width\":216,\"height\":252,\"caption\":\"VINAL COLOMBIA\"},\"image\":{\"@id\":\"https:\\\/\\\/vinal.co\\\/#\\\/schema\\\/logo\\\/image\\\/\"},\"sameAs\":[\"https:\\\/\\\/www.facebook.com\\\/VinalColombia\\\/\",\"https:\\\/\\\/www.instagram.com\\\/vinalcolombia\\\/\"]}]}<\/script>\n<!-- \/ Yoast SEO plugin. -->","yoast_head_json":{"title":"Vino Sol de Chile Sauvignon Blanc","description":"Vino blanco Sol de Chile Sauvignon Blanc, Vi\u00f1a de Aguirre valle del Maule. De color color amarillo lim\u00f3n p\u00e1lido, con aromas a c\u00edtricos y flores blancas.","robots":{"index":"index","follow":"follow","max-snippet":"max-snippet:-1","max-image-preview":"max-image-preview:large","max-video-preview":"max-video-preview:-1"},"canonical":"https:\/\/vinal.co\/index.php\/product\/sol-de-chile-sauvignon-blanc\/","og_locale":"es_ES","og_type":"article","og_title":"Vino Sol de Chile Sauvignon Blanc","og_description":"Vino blanco Sol de Chile Sauvignon Blanc, Vi\u00f1a de Aguirre valle del Maule. De color color amarillo lim\u00f3n p\u00e1lido, con aromas a c\u00edtricos y flores blancas.","og_url":"https:\/\/vinal.co\/index.php\/product\/sol-de-chile-sauvignon-blanc\/","og_site_name":"Vinal Colombia","article_publisher":"https:\/\/www.facebook.com\/VinalColombia\/","article_modified_time":"2026-03-08T18:06:08+00:00","og_image":[{"width":840,"height":840,"url":"https:\/\/vinal.co\/wp-content\/uploads\/2026\/02\/SDC-SB.png","type":"image\/png"}],"twitter_card":"summary_large_image","twitter_misc":{"Tiempo de lectura":"1 minuto"},"schema":{"@context":"https:\/\/schema.org","@graph":[{"@type":"WebPage","@id":"https:\/\/vinal.co\/index.php\/product\/sol-de-chile-sauvignon-blanc\/","url":"https:\/\/vinal.co\/index.php\/product\/sol-de-chile-sauvignon-blanc\/","name":"Vino Sol de Chile Sauvignon Blanc","isPartOf":{"@id":"https:\/\/vinal.co\/#website"},"primaryImageOfPage":{"@id":"https:\/\/vinal.co\/index.php\/product\/sol-de-chile-sauvignon-blanc\/#primaryimage"},"image":{"@id":"https:\/\/vinal.co\/index.php\/product\/sol-de-chile-sauvignon-blanc\/#primaryimage"},"thumbnailUrl":"https:\/\/vinal.co\/wp-content\/uploads\/2026\/02\/SDC-SB.png","datePublished":"2021-03-23T00:37:02+00:00","dateModified":"2026-03-08T18:06:08+00:00","description":"Vino blanco Sol de Chile Sauvignon Blanc, Vi\u00f1a de Aguirre valle del Maule. De color color amarillo lim\u00f3n p\u00e1lido, con aromas a c\u00edtricos y flores blancas.","breadcrumb":{"@id":"https:\/\/vinal.co\/index.php\/product\/sol-de-chile-sauvignon-blanc\/#breadcrumb"},"inLanguage":"es","potentialAction":[{"@type":"ReadAction","target":["https:\/\/vinal.co\/index.php\/product\/sol-de-chile-sauvignon-blanc\/"]}]},{"@type":"ImageObject","inLanguage":"es","@id":"https:\/\/vinal.co\/index.php\/product\/sol-de-chile-sauvignon-blanc\/#primaryimage","url":"https:\/\/vinal.co\/wp-content\/uploads\/2026\/02\/SDC-SB.png","contentUrl":"https:\/\/vinal.co\/wp-content\/uploads\/2026\/02\/SDC-SB.png","width":840,"height":840,"caption":"Botella vino Sol de chile sauvignon blanc"},{"@type":"BreadcrumbList","@id":"https:\/\/vinal.co\/index.php\/product\/sol-de-chile-sauvignon-blanc\/#breadcrumb","itemListElement":[{"@type":"ListItem","position":1,"name":"Inicio","item":"https:\/\/vinal.co\/"},{"@type":"ListItem","position":2,"name":"Comprar","item":"https:\/\/vinal.co\/index.php\/vinal-colombia-vinos-y-alimentos\/"},{"@type":"ListItem","position":3,"name":"Sol De Chile Sauvignon Blanc"}]},{"@type":"WebSite","@id":"https:\/\/vinal.co\/#website","url":"https:\/\/vinal.co\/","name":"Vinal Colombia","description":"El mundo en una copa!","publisher":{"@id":"https:\/\/vinal.co\/#organization"},"potentialAction":[{"@type":"SearchAction","target":{"@type":"EntryPoint","urlTemplate":"https:\/\/vinal.co\/?s={search_term_string}"},"query-input":{"@type":"PropertyValueSpecification","valueRequired":true,"valueName":"search_term_string"}}],"inLanguage":"es"},{"@type":"Organization","@id":"https:\/\/vinal.co\/#organization","name":"VINAL COLOMBIA","url":"https:\/\/vinal.co\/","logo":{"@type":"ImageObject","inLanguage":"es","@id":"https:\/\/vinal.co\/#\/schema\/logo\/image\/","url":"https:\/\/i2.wp.com\/vinal.co\/wp-content\/uploads\/2020\/09\/Portugal-en-una-copa-Vinal-Colombia-Logo.png?fit=216%2C252&ssl=1","contentUrl":"https:\/\/i2.wp.com\/vinal.co\/wp-content\/uploads\/2020\/09\/Portugal-en-una-copa-Vinal-Colombia-Logo.png?fit=216%2C252&ssl=1","width":216,"height":252,"caption":"VINAL COLOMBIA"},"image":{"@id":"https:\/\/vinal.co\/#\/schema\/logo\/image\/"},"sameAs":["https:\/\/www.facebook.com\/VinalColombia\/","https:\/\/www.instagram.com\/vinalcolombia\/"]}]}},"_links":{"self":[{"href":"https:\/\/vinal.co\/index.php\/wp-json\/wp\/v2\/product\/11314","targetHints":{"allow":["GET"]}}],"collection":[{"href":"https:\/\/vinal.co\/index.php\/wp-json\/wp\/v2\/product"}],"about":[{"href":"https:\/\/vinal.co\/index.php\/wp-json\/wp\/v2\/types\/product"}],"version-history":[{"count":10,"href":"https:\/\/vinal.co\/index.php\/wp-json\/wp\/v2\/product\/11314\/revisions"}],"predecessor-version":[{"id":11977,"href":"https:\/\/vinal.co\/index.php\/wp-json\/wp\/v2\/product\/11314\/revisions\/11977"}],"wp:featuredmedia":[{"embeddable":true,"href":"https:\/\/vinal.co\/index.php\/wp-json\/wp\/v2\/media\/11904"}],"wp:attachment":[{"href":"https:\/\/vinal.co\/index.php\/wp-json\/wp\/v2\/media?parent=11314"}],"wp:term":[{"taxonomy":"product_brand","embeddable":true,"href":"https:\/\/vinal.co\/index.php\/wp-json\/wp\/v2\/product_brand?post=11314"},{"taxonomy":"product_cat","embeddable":true,"href":"https:\/\/vinal.co\/index.php\/wp-json\/wp\/v2\/product_cat?post=11314"},{"taxonomy":"product_tag","embeddable":true,"href":"https:\/\/vinal.co\/index.php\/wp-json\/wp\/v2\/product_tag?post=11314"}],"curies":[{"name":"wp","href":"https:\/\/api.w.org\/{rel}","templated":true}]}}