{"id":11646,"date":"2024-03-17T21:18:54","date_gmt":"2024-03-18T02:18:54","guid":{"rendered":"https:\/\/vinal.co\/?post_type=product&#038;p=11646"},"modified":"2026-03-08T18:06:18","modified_gmt":"2026-03-08T23:06:18","slug":"aveleda-loureiro-alvarinho","status":"publish","type":"product","link":"https:\/\/vinal.co\/index.php\/product\/aveleda-loureiro-alvarinho\/","title":{"rendered":"Aveleda Loureiro &#038; Alvarinho"},"content":{"rendered":"<div class=\"page\" title=\"Page 9\">\n<div class=\"layoutArea\">\n<div class=\"column\">\n<p>El vino Aveleda Loureiro &amp; Alvarinho nace de la exuberancia floral del loureiro y de la intensidad del albari\u00f1o, un romance cl\u00e1sico. Un matrimonio perfecto, celebrado hasta hoy en la atemporal Quinta de Aveleda.<\/p>\n<\/div>\n<\/div>\n<\/div>\n<h4><span style=\"color: #857650;\">Premios<\/span><\/h4>\n<div class=\"page\" title=\"Page 9\">\n<div class=\"layoutArea\">\n<div class=\"column\">\n<div class=\"page\" title=\"Page 1\">\n<div class=\"section\">\n<div class=\"layoutArea\">\n<div class=\"column\">\n<ul>\n<li>James Suckling 2023 &#8211; 90 puntos<\/li>\n<li>The Star Vancouver 2023 &#8211; 93 puntos,<\/li>\n<li>Wine Enthusiast 2023 &#8211; Best Buy<\/li>\n<li>International Wine Challenge 2022 &#8211; Medalla de plata<\/li>\n<li>Wine Enthusiast 2022 &#8211; Best Buy<\/li>\n<li>Concurso Uva D\u2019ouro 2022 &#8211; Medalla de plata<\/li>\n<li>Berliner Wein Trophy 2022 &#8211; Medalla de oro<\/li>\n<li>Decanter 2018 &#8211; Medalla de plata 92 puntos<\/li>\n<\/ul>\n<\/div>\n<\/div>\n<\/div>\n<\/div>\n<p><span style=\"font-family: -apple-system, BlinkMacSystemFont, 'Segoe UI', Roboto, Oxygen-Sans, Ubuntu, Cantarell, 'Helvetica Neue', sans-serif;\">Entre otros<\/span><\/p>\n<\/div>\n<\/div>\n<\/div>\n<h4><span style=\"color: #87764f;\"><a style=\"color: #87764f;\" href=\"https:\/\/vinal.co\/wp-content\/uploads\/2026\/03\/FT-Aveleda-Loureiro-Alavarinho.pdf\" target=\"_blank\" rel=\"noopener noreferrer\">Ficha T\u00e9cnica<\/a><\/span><\/h4>\n<p><a href=\"https:\/\/vinal.co\/index.php\/2026\/03\/08\/que-es-el-vinho-verde\/\" target=\"_blank\" rel=\"noopener noreferrer\">Puedes leer m\u00e1s sobre el vino verde aqui<\/a><\/p>\n","protected":false},"excerpt":{"rendered":"<p>REGI\u00d3N | Portugal, Vinho Verde<br \/>\nCEPAS | Loureiro &amp; Albari\u00f1o<br \/>\nNOTAS DE CATA | Color: Amarillo lim\u00f3n p\u00e1lido. | Aroma: C\u00edtrico con notas de lima y un toque de flor de sa\u00faco. | Boca: Presenta una frescura vibrante, acidez bien equilibrada y un final largo con notas de mandarina y mango.<\/p>\n<div class=\"fusion-title title fusion-title-11 fusion-sep-none fusion-title-text fusion-title-size-two ficha_produto fusion-border-below-title\"><\/div>\n<div class=\"fusion-text\">\n<p>&nbsp;<\/p>\n<\/div>\n<div class=\"fusion-title title fusion-title-17 fusion-sep-none fusion-title-text fusion-title-size-two ficha_produto fusion-border-below-title\"><\/div>\n<div class=\"fusion-text\">\n<p>&nbsp;<\/p>\n<\/div>\n<div class=\"fusion-title title fusion-title-19 fusion-sep-none fusion-title-text fusion-title-size-two ficha_produto fusion-border-below-title\"><\/div>\n<div class=\"fusion-text\">\n<p>&nbsp;<\/p>\n<\/div>\n","protected":false},"featured_media":11929,"template":"","meta":{"om_disable_all_campaigns":false,"_monsterinsights_skip_tracking":false,"_monsterinsights_sitenote_active":false,"_monsterinsights_sitenote_note":"","_monsterinsights_sitenote_category":0,"_uf_show_specific_survey":0,"_uf_disable_surveys":false,"_joinchat":[]},"product_brand":[182],"product_cat":[25,177,143,23],"product_tag":[171,170,36,29,30,28,90,31],"class_list":{"0":"post-11646","1":"product","2":"type-product","3":"status-publish","4":"has-post-thumbnail","6":"product_brand-aveleda","7":"product_cat-blanco","8":"product_cat-portugal","9":"product_cat-vino-verde","10":"product_cat-vino","11":"product_tag-albarino","12":"product_tag-alvarinho","13":"product_tag-portugal","14":"product_tag-vinho","15":"product_tag-vinho-verde","16":"product_tag-vino","17":"product_tag-vino-blanco","18":"product_tag-vino-verde","20":"first","21":"instock","22":"featured","23":"shipping-taxable","24":"product-type-simple"},"yoast_head":"<!-- This site is optimized with the Yoast SEO plugin v27.3 - https:\/\/yoast.com\/product\/yoast-seo-wordpress\/ -->\n<title>Vino Aveleda Loureiro &amp; Alvarinho<\/title>\n<meta name=\"description\" content=\"El Vinho Verde Aveleda Loureiro &amp; Alvarinho es la expresi\u00f3n m\u00e1xima de la pasi\u00f3n por los vinos y el blend m\u00e1s ic\u00f3nico de la regi\u00f3n de Vinho Verde.\" \/>\n<meta name=\"robots\" content=\"index, follow, max-snippet:-1, max-image-preview:large, max-video-preview:-1\" \/>\n<link rel=\"canonical\" href=\"https:\/\/vinal.co\/index.php\/product\/aveleda-loureiro-alvarinho\/\" \/>\n<meta property=\"og:locale\" content=\"es_ES\" \/>\n<meta property=\"og:type\" content=\"article\" \/>\n<meta property=\"og:title\" content=\"Vino Aveleda Loureiro &amp; Alvarinho\" \/>\n<meta property=\"og:description\" content=\"El Vinho Verde Aveleda Loureiro &amp; Alvarinho es la expresi\u00f3n m\u00e1xima de la pasi\u00f3n por los vinos y el blend m\u00e1s ic\u00f3nico de la regi\u00f3n de Vinho Verde.\" \/>\n<meta property=\"og:url\" content=\"https:\/\/vinal.co\/index.php\/product\/aveleda-loureiro-alvarinho\/\" \/>\n<meta property=\"og:site_name\" content=\"Vinal Colombia\" \/>\n<meta property=\"article:publisher\" content=\"https:\/\/www.facebook.com\/VinalColombia\/\" \/>\n<meta property=\"article:modified_time\" content=\"2026-03-08T23:06:18+00:00\" \/>\n<meta property=\"og:image\" content=\"https:\/\/vinal.co\/wp-content\/uploads\/2026\/02\/Aveleda-Alva-Lou.png\" \/>\n\t<meta property=\"og:image:width\" content=\"840\" \/>\n\t<meta property=\"og:image:height\" content=\"840\" \/>\n\t<meta property=\"og:image:type\" content=\"image\/png\" \/>\n<meta name=\"twitter:card\" content=\"summary_large_image\" \/>\n<meta name=\"twitter:label1\" content=\"Tiempo de lectura\" \/>\n\t<meta name=\"twitter:data1\" content=\"1 minuto\" \/>\n<script type=\"application\/ld+json\" class=\"yoast-schema-graph\">{\"@context\":\"https:\\\/\\\/schema.org\",\"@graph\":[{\"@type\":\"WebPage\",\"@id\":\"https:\\\/\\\/vinal.co\\\/index.php\\\/product\\\/aveleda-loureiro-alvarinho\\\/\",\"url\":\"https:\\\/\\\/vinal.co\\\/index.php\\\/product\\\/aveleda-loureiro-alvarinho\\\/\",\"name\":\"Vino Aveleda Loureiro & Alvarinho\",\"isPartOf\":{\"@id\":\"https:\\\/\\\/vinal.co\\\/#website\"},\"primaryImageOfPage\":{\"@id\":\"https:\\\/\\\/vinal.co\\\/index.php\\\/product\\\/aveleda-loureiro-alvarinho\\\/#primaryimage\"},\"image\":{\"@id\":\"https:\\\/\\\/vinal.co\\\/index.php\\\/product\\\/aveleda-loureiro-alvarinho\\\/#primaryimage\"},\"thumbnailUrl\":\"https:\\\/\\\/vinal.co\\\/wp-content\\\/uploads\\\/2026\\\/02\\\/Aveleda-Alva-Lou.png\",\"datePublished\":\"2024-03-18T02:18:54+00:00\",\"dateModified\":\"2026-03-08T23:06:18+00:00\",\"description\":\"El Vinho Verde Aveleda Loureiro & Alvarinho es la expresi\u00f3n m\u00e1xima de la pasi\u00f3n por los vinos y el blend m\u00e1s ic\u00f3nico de la regi\u00f3n de Vinho Verde.\",\"breadcrumb\":{\"@id\":\"https:\\\/\\\/vinal.co\\\/index.php\\\/product\\\/aveleda-loureiro-alvarinho\\\/#breadcrumb\"},\"inLanguage\":\"es\",\"potentialAction\":[{\"@type\":\"ReadAction\",\"target\":[\"https:\\\/\\\/vinal.co\\\/index.php\\\/product\\\/aveleda-loureiro-alvarinho\\\/\"]}]},{\"@type\":\"ImageObject\",\"inLanguage\":\"es\",\"@id\":\"https:\\\/\\\/vinal.co\\\/index.php\\\/product\\\/aveleda-loureiro-alvarinho\\\/#primaryimage\",\"url\":\"https:\\\/\\\/vinal.co\\\/wp-content\\\/uploads\\\/2026\\\/02\\\/Aveleda-Alva-Lou.png\",\"contentUrl\":\"https:\\\/\\\/vinal.co\\\/wp-content\\\/uploads\\\/2026\\\/02\\\/Aveleda-Alva-Lou.png\",\"width\":840,\"height\":840,\"caption\":\"Botella de Vino Aveleda Loureiro & Alvarinho\"},{\"@type\":\"BreadcrumbList\",\"@id\":\"https:\\\/\\\/vinal.co\\\/index.php\\\/product\\\/aveleda-loureiro-alvarinho\\\/#breadcrumb\",\"itemListElement\":[{\"@type\":\"ListItem\",\"position\":1,\"name\":\"Inicio\",\"item\":\"https:\\\/\\\/vinal.co\\\/\"},{\"@type\":\"ListItem\",\"position\":2,\"name\":\"Comprar\",\"item\":\"https:\\\/\\\/vinal.co\\\/index.php\\\/vinal-colombia-vinos-y-alimentos\\\/\"},{\"@type\":\"ListItem\",\"position\":3,\"name\":\"Aveleda Loureiro &#038; Alvarinho\"}]},{\"@type\":\"WebSite\",\"@id\":\"https:\\\/\\\/vinal.co\\\/#website\",\"url\":\"https:\\\/\\\/vinal.co\\\/\",\"name\":\"Vinal Colombia\",\"description\":\"El mundo en una copa!\",\"publisher\":{\"@id\":\"https:\\\/\\\/vinal.co\\\/#organization\"},\"potentialAction\":[{\"@type\":\"SearchAction\",\"target\":{\"@type\":\"EntryPoint\",\"urlTemplate\":\"https:\\\/\\\/vinal.co\\\/?s={search_term_string}\"},\"query-input\":{\"@type\":\"PropertyValueSpecification\",\"valueRequired\":true,\"valueName\":\"search_term_string\"}}],\"inLanguage\":\"es\"},{\"@type\":\"Organization\",\"@id\":\"https:\\\/\\\/vinal.co\\\/#organization\",\"name\":\"VINAL COLOMBIA\",\"url\":\"https:\\\/\\\/vinal.co\\\/\",\"logo\":{\"@type\":\"ImageObject\",\"inLanguage\":\"es\",\"@id\":\"https:\\\/\\\/vinal.co\\\/#\\\/schema\\\/logo\\\/image\\\/\",\"url\":\"https:\\\/\\\/i2.wp.com\\\/vinal.co\\\/wp-content\\\/uploads\\\/2020\\\/09\\\/Portugal-en-una-copa-Vinal-Colombia-Logo.png?fit=216%2C252&ssl=1\",\"contentUrl\":\"https:\\\/\\\/i2.wp.com\\\/vinal.co\\\/wp-content\\\/uploads\\\/2020\\\/09\\\/Portugal-en-una-copa-Vinal-Colombia-Logo.png?fit=216%2C252&ssl=1\",\"width\":216,\"height\":252,\"caption\":\"VINAL COLOMBIA\"},\"image\":{\"@id\":\"https:\\\/\\\/vinal.co\\\/#\\\/schema\\\/logo\\\/image\\\/\"},\"sameAs\":[\"https:\\\/\\\/www.facebook.com\\\/VinalColombia\\\/\",\"https:\\\/\\\/www.instagram.com\\\/vinalcolombia\\\/\"]}]}<\/script>\n<!-- \/ Yoast SEO plugin. -->","yoast_head_json":{"title":"Vino Aveleda Loureiro & Alvarinho","description":"El Vinho Verde Aveleda Loureiro & Alvarinho es la expresi\u00f3n m\u00e1xima de la pasi\u00f3n por los vinos y el blend m\u00e1s ic\u00f3nico de la regi\u00f3n de Vinho Verde.","robots":{"index":"index","follow":"follow","max-snippet":"max-snippet:-1","max-image-preview":"max-image-preview:large","max-video-preview":"max-video-preview:-1"},"canonical":"https:\/\/vinal.co\/index.php\/product\/aveleda-loureiro-alvarinho\/","og_locale":"es_ES","og_type":"article","og_title":"Vino Aveleda Loureiro & Alvarinho","og_description":"El Vinho Verde Aveleda Loureiro & Alvarinho es la expresi\u00f3n m\u00e1xima de la pasi\u00f3n por los vinos y el blend m\u00e1s ic\u00f3nico de la regi\u00f3n de Vinho Verde.","og_url":"https:\/\/vinal.co\/index.php\/product\/aveleda-loureiro-alvarinho\/","og_site_name":"Vinal Colombia","article_publisher":"https:\/\/www.facebook.com\/VinalColombia\/","article_modified_time":"2026-03-08T23:06:18+00:00","og_image":[{"width":840,"height":840,"url":"https:\/\/vinal.co\/wp-content\/uploads\/2026\/02\/Aveleda-Alva-Lou.png","type":"image\/png"}],"twitter_card":"summary_large_image","twitter_misc":{"Tiempo de lectura":"1 minuto"},"schema":{"@context":"https:\/\/schema.org","@graph":[{"@type":"WebPage","@id":"https:\/\/vinal.co\/index.php\/product\/aveleda-loureiro-alvarinho\/","url":"https:\/\/vinal.co\/index.php\/product\/aveleda-loureiro-alvarinho\/","name":"Vino Aveleda Loureiro & Alvarinho","isPartOf":{"@id":"https:\/\/vinal.co\/#website"},"primaryImageOfPage":{"@id":"https:\/\/vinal.co\/index.php\/product\/aveleda-loureiro-alvarinho\/#primaryimage"},"image":{"@id":"https:\/\/vinal.co\/index.php\/product\/aveleda-loureiro-alvarinho\/#primaryimage"},"thumbnailUrl":"https:\/\/vinal.co\/wp-content\/uploads\/2026\/02\/Aveleda-Alva-Lou.png","datePublished":"2024-03-18T02:18:54+00:00","dateModified":"2026-03-08T23:06:18+00:00","description":"El Vinho Verde Aveleda Loureiro & Alvarinho es la expresi\u00f3n m\u00e1xima de la pasi\u00f3n por los vinos y el blend m\u00e1s ic\u00f3nico de la regi\u00f3n de Vinho Verde.","breadcrumb":{"@id":"https:\/\/vinal.co\/index.php\/product\/aveleda-loureiro-alvarinho\/#breadcrumb"},"inLanguage":"es","potentialAction":[{"@type":"ReadAction","target":["https:\/\/vinal.co\/index.php\/product\/aveleda-loureiro-alvarinho\/"]}]},{"@type":"ImageObject","inLanguage":"es","@id":"https:\/\/vinal.co\/index.php\/product\/aveleda-loureiro-alvarinho\/#primaryimage","url":"https:\/\/vinal.co\/wp-content\/uploads\/2026\/02\/Aveleda-Alva-Lou.png","contentUrl":"https:\/\/vinal.co\/wp-content\/uploads\/2026\/02\/Aveleda-Alva-Lou.png","width":840,"height":840,"caption":"Botella de Vino Aveleda Loureiro & Alvarinho"},{"@type":"BreadcrumbList","@id":"https:\/\/vinal.co\/index.php\/product\/aveleda-loureiro-alvarinho\/#breadcrumb","itemListElement":[{"@type":"ListItem","position":1,"name":"Inicio","item":"https:\/\/vinal.co\/"},{"@type":"ListItem","position":2,"name":"Comprar","item":"https:\/\/vinal.co\/index.php\/vinal-colombia-vinos-y-alimentos\/"},{"@type":"ListItem","position":3,"name":"Aveleda Loureiro &#038; Alvarinho"}]},{"@type":"WebSite","@id":"https:\/\/vinal.co\/#website","url":"https:\/\/vinal.co\/","name":"Vinal Colombia","description":"El mundo en una copa!","publisher":{"@id":"https:\/\/vinal.co\/#organization"},"potentialAction":[{"@type":"SearchAction","target":{"@type":"EntryPoint","urlTemplate":"https:\/\/vinal.co\/?s={search_term_string}"},"query-input":{"@type":"PropertyValueSpecification","valueRequired":true,"valueName":"search_term_string"}}],"inLanguage":"es"},{"@type":"Organization","@id":"https:\/\/vinal.co\/#organization","name":"VINAL COLOMBIA","url":"https:\/\/vinal.co\/","logo":{"@type":"ImageObject","inLanguage":"es","@id":"https:\/\/vinal.co\/#\/schema\/logo\/image\/","url":"https:\/\/i2.wp.com\/vinal.co\/wp-content\/uploads\/2020\/09\/Portugal-en-una-copa-Vinal-Colombia-Logo.png?fit=216%2C252&ssl=1","contentUrl":"https:\/\/i2.wp.com\/vinal.co\/wp-content\/uploads\/2020\/09\/Portugal-en-una-copa-Vinal-Colombia-Logo.png?fit=216%2C252&ssl=1","width":216,"height":252,"caption":"VINAL COLOMBIA"},"image":{"@id":"https:\/\/vinal.co\/#\/schema\/logo\/image\/"},"sameAs":["https:\/\/www.facebook.com\/VinalColombia\/","https:\/\/www.instagram.com\/vinalcolombia\/"]}]}},"_links":{"self":[{"href":"https:\/\/vinal.co\/index.php\/wp-json\/wp\/v2\/product\/11646","targetHints":{"allow":["GET"]}}],"collection":[{"href":"https:\/\/vinal.co\/index.php\/wp-json\/wp\/v2\/product"}],"about":[{"href":"https:\/\/vinal.co\/index.php\/wp-json\/wp\/v2\/types\/product"}],"version-history":[{"count":13,"href":"https:\/\/vinal.co\/index.php\/wp-json\/wp\/v2\/product\/11646\/revisions"}],"predecessor-version":[{"id":11945,"href":"https:\/\/vinal.co\/index.php\/wp-json\/wp\/v2\/product\/11646\/revisions\/11945"}],"wp:featuredmedia":[{"embeddable":true,"href":"https:\/\/vinal.co\/index.php\/wp-json\/wp\/v2\/media\/11929"}],"wp:attachment":[{"href":"https:\/\/vinal.co\/index.php\/wp-json\/wp\/v2\/media?parent=11646"}],"wp:term":[{"taxonomy":"product_brand","embeddable":true,"href":"https:\/\/vinal.co\/index.php\/wp-json\/wp\/v2\/product_brand?post=11646"},{"taxonomy":"product_cat","embeddable":true,"href":"https:\/\/vinal.co\/index.php\/wp-json\/wp\/v2\/product_cat?post=11646"},{"taxonomy":"product_tag","embeddable":true,"href":"https:\/\/vinal.co\/index.php\/wp-json\/wp\/v2\/product_tag?post=11646"}],"curies":[{"name":"wp","href":"https:\/\/api.w.org\/{rel}","templated":true}]}}