{"id":12058,"date":"2026-02-18T15:59:28","date_gmt":"2026-02-18T20:59:28","guid":{"rendered":"https:\/\/vinal.co\/?post_type=product&#038;p=12058"},"modified":"2026-03-08T12:59:14","modified_gmt":"2026-03-08T17:59:14","slug":"18-chardonnay","status":"publish","type":"product","link":"https:\/\/vinal.co\/index.php\/product\/18-chardonnay\/","title":{"rendered":"18 Chardonnay"},"content":{"rendered":"<p>El vino 18 Chardonnay, elaborado con uvas cuidadosamente seleccionadas,\u00a0 es ideal para celebrar momentos especiales.<\/p>\n<p class=\"p1\">Los vinos, simplemente llamados 18, honran el d\u00eda de la Independencia de Chile y a los orgullosos habitantes ind\u00edgenas que lograron reconquistar sus tierras de los espa\u00f1oles el 18 de septiembre de 1810. Esta marca subyace al esp\u00edritu de perseverancia y amor por la tierra y, por supuesto, por todo lo que produce.<\/p>\n<p data-start=\"0\" data-end=\"117\">Las uvas provienen de nuestros vi\u00f1edos propios en Villa Alegre, a 285 km al sur de Santiago, en el Valle del Maule. Los suelos son de origen volc\u00e1nico, derivados de cenizas, y est\u00e1n compuestos por tierras arenosas a franco-arenosas. Los vi\u00f1edos son planos y cuentan con una excelente exposici\u00f3n solar.<\/p>\n<h4><span style=\"color: #87764f;\"><a style=\"color: #87764f;\" href=\"https:\/\/vinal.co\/wp-content\/uploads\/2026\/03\/FT-18-Chardonnay.pdf\" target=\"_blank\" rel=\"noopener noreferrer\">Ficha T\u00e9cnica<\/a><\/span><\/h4>\n","protected":false},"excerpt":{"rendered":"<p>REGI\u00d3N | Chile, Villa Alegre<br \/>\nD.O. | Valle Central<br \/>\nCEPAS | Chardonnay<br \/>\nNOTAS DE CATA | Color: Nuestro Chardonnay presenta un color amarillo lim\u00f3n de intensidad media. | Aroma: Ofrece aromas destacados de pi\u00f1a y durazno maduro. | Boca: En boca es equilibrado, con sabores que evocan frutas tropicales. Tiene un excelente final y una estructura fresca. Marida muy bien con aperitivos, ensaladas verdes, mariscos, aves y quesos j\u00f3venes.<\/p>\n","protected":false},"featured_media":11938,"template":"","meta":{"om_disable_all_campaigns":false,"_monsterinsights_skip_tracking":false,"_monsterinsights_sitenote_active":false,"_monsterinsights_sitenote_note":"","_monsterinsights_sitenote_category":0,"_uf_show_specific_survey":0,"_uf_disable_surveys":false,"_joinchat":[]},"product_brand":[183],"product_cat":[25,179,23],"product_tag":[60,159,160,161,28,90,162],"class_list":{"0":"post-12058","1":"product","2":"type-product","3":"status-publish","4":"has-post-thumbnail","6":"product_brand-183","7":"product_cat-blanco","8":"product_cat-chile","9":"product_cat-vino","10":"product_tag-chardonnay","11":"product_tag-chile","12":"product_tag-maule","13":"product_tag-valle-central","14":"product_tag-vino","15":"product_tag-vino-blanco","16":"product_tag-vino-chileno","18":"first","19":"instock","20":"shipping-taxable","21":"product-type-simple"},"yoast_head":"<!-- This site is optimized with the Yoast SEO plugin v27.3 - https:\/\/yoast.com\/product\/yoast-seo-wordpress\/ -->\n<title>Vino 18 Chardonnay - Vinal Colombia<\/title>\n<meta name=\"description\" content=\"El vino 18 Chardonnay es ideal para celebrar momentos especiales. Marida muy bien con aperitivos, ensaladas verdes, mariscos, aves y quesos j\u00f3venes.\" \/>\n<meta name=\"robots\" content=\"index, follow, max-snippet:-1, max-image-preview:large, max-video-preview:-1\" \/>\n<link rel=\"canonical\" href=\"https:\/\/vinal.co\/index.php\/product\/18-chardonnay\/\" \/>\n<meta property=\"og:locale\" content=\"es_ES\" \/>\n<meta property=\"og:type\" content=\"article\" \/>\n<meta property=\"og:title\" content=\"Vino 18 Chardonnay - Vinal Colombia\" \/>\n<meta property=\"og:description\" content=\"El vino 18 Chardonnay es ideal para celebrar momentos especiales. Marida muy bien con aperitivos, ensaladas verdes, mariscos, aves y quesos j\u00f3venes.\" \/>\n<meta property=\"og:url\" content=\"https:\/\/vinal.co\/index.php\/product\/18-chardonnay\/\" \/>\n<meta property=\"og:site_name\" content=\"Vinal Colombia\" \/>\n<meta property=\"article:publisher\" content=\"https:\/\/www.facebook.com\/VinalColombia\/\" \/>\n<meta property=\"article:modified_time\" content=\"2026-03-08T17:59:14+00:00\" \/>\n<meta property=\"og:image\" content=\"https:\/\/vinal.co\/wp-content\/uploads\/2026\/02\/18-V-CH.png\" \/>\n\t<meta property=\"og:image:width\" content=\"840\" \/>\n\t<meta property=\"og:image:height\" content=\"840\" \/>\n\t<meta property=\"og:image:type\" content=\"image\/png\" \/>\n<meta name=\"twitter:card\" content=\"summary_large_image\" \/>\n<meta name=\"twitter:label1\" content=\"Tiempo de lectura\" \/>\n\t<meta name=\"twitter:data1\" content=\"1 minuto\" \/>\n<script type=\"application\/ld+json\" class=\"yoast-schema-graph\">{\"@context\":\"https:\\\/\\\/schema.org\",\"@graph\":[{\"@type\":\"WebPage\",\"@id\":\"https:\\\/\\\/vinal.co\\\/index.php\\\/product\\\/18-chardonnay\\\/\",\"url\":\"https:\\\/\\\/vinal.co\\\/index.php\\\/product\\\/18-chardonnay\\\/\",\"name\":\"Vino 18 Chardonnay - Vinal Colombia\",\"isPartOf\":{\"@id\":\"https:\\\/\\\/vinal.co\\\/#website\"},\"primaryImageOfPage\":{\"@id\":\"https:\\\/\\\/vinal.co\\\/index.php\\\/product\\\/18-chardonnay\\\/#primaryimage\"},\"image\":{\"@id\":\"https:\\\/\\\/vinal.co\\\/index.php\\\/product\\\/18-chardonnay\\\/#primaryimage\"},\"thumbnailUrl\":\"https:\\\/\\\/vinal.co\\\/wp-content\\\/uploads\\\/2026\\\/02\\\/18-V-CH.png\",\"datePublished\":\"2026-02-18T20:59:28+00:00\",\"dateModified\":\"2026-03-08T17:59:14+00:00\",\"description\":\"El vino 18 Chardonnay es ideal para celebrar momentos especiales. Marida muy bien con aperitivos, ensaladas verdes, mariscos, aves y quesos j\u00f3venes.\",\"breadcrumb\":{\"@id\":\"https:\\\/\\\/vinal.co\\\/index.php\\\/product\\\/18-chardonnay\\\/#breadcrumb\"},\"inLanguage\":\"es\",\"potentialAction\":[{\"@type\":\"ReadAction\",\"target\":[\"https:\\\/\\\/vinal.co\\\/index.php\\\/product\\\/18-chardonnay\\\/\"]}]},{\"@type\":\"ImageObject\",\"inLanguage\":\"es\",\"@id\":\"https:\\\/\\\/vinal.co\\\/index.php\\\/product\\\/18-chardonnay\\\/#primaryimage\",\"url\":\"https:\\\/\\\/vinal.co\\\/wp-content\\\/uploads\\\/2026\\\/02\\\/18-V-CH.png\",\"contentUrl\":\"https:\\\/\\\/vinal.co\\\/wp-content\\\/uploads\\\/2026\\\/02\\\/18-V-CH.png\",\"width\":840,\"height\":840,\"caption\":\"Botella vino 18 chardonnay\"},{\"@type\":\"BreadcrumbList\",\"@id\":\"https:\\\/\\\/vinal.co\\\/index.php\\\/product\\\/18-chardonnay\\\/#breadcrumb\",\"itemListElement\":[{\"@type\":\"ListItem\",\"position\":1,\"name\":\"Inicio\",\"item\":\"https:\\\/\\\/vinal.co\\\/\"},{\"@type\":\"ListItem\",\"position\":2,\"name\":\"Comprar\",\"item\":\"https:\\\/\\\/vinal.co\\\/index.php\\\/vinal-colombia-vinos-y-alimentos\\\/\"},{\"@type\":\"ListItem\",\"position\":3,\"name\":\"18 Chardonnay\"}]},{\"@type\":\"WebSite\",\"@id\":\"https:\\\/\\\/vinal.co\\\/#website\",\"url\":\"https:\\\/\\\/vinal.co\\\/\",\"name\":\"Vinal Colombia\",\"description\":\"El mundo en una copa!\",\"publisher\":{\"@id\":\"https:\\\/\\\/vinal.co\\\/#organization\"},\"potentialAction\":[{\"@type\":\"SearchAction\",\"target\":{\"@type\":\"EntryPoint\",\"urlTemplate\":\"https:\\\/\\\/vinal.co\\\/?s={search_term_string}\"},\"query-input\":{\"@type\":\"PropertyValueSpecification\",\"valueRequired\":true,\"valueName\":\"search_term_string\"}}],\"inLanguage\":\"es\"},{\"@type\":\"Organization\",\"@id\":\"https:\\\/\\\/vinal.co\\\/#organization\",\"name\":\"VINAL COLOMBIA\",\"url\":\"https:\\\/\\\/vinal.co\\\/\",\"logo\":{\"@type\":\"ImageObject\",\"inLanguage\":\"es\",\"@id\":\"https:\\\/\\\/vinal.co\\\/#\\\/schema\\\/logo\\\/image\\\/\",\"url\":\"https:\\\/\\\/i2.wp.com\\\/vinal.co\\\/wp-content\\\/uploads\\\/2020\\\/09\\\/Portugal-en-una-copa-Vinal-Colombia-Logo.png?fit=216%2C252&ssl=1\",\"contentUrl\":\"https:\\\/\\\/i2.wp.com\\\/vinal.co\\\/wp-content\\\/uploads\\\/2020\\\/09\\\/Portugal-en-una-copa-Vinal-Colombia-Logo.png?fit=216%2C252&ssl=1\",\"width\":216,\"height\":252,\"caption\":\"VINAL COLOMBIA\"},\"image\":{\"@id\":\"https:\\\/\\\/vinal.co\\\/#\\\/schema\\\/logo\\\/image\\\/\"},\"sameAs\":[\"https:\\\/\\\/www.facebook.com\\\/VinalColombia\\\/\",\"https:\\\/\\\/www.instagram.com\\\/vinalcolombia\\\/\"]}]}<\/script>\n<!-- \/ Yoast SEO plugin. -->","yoast_head_json":{"title":"Vino 18 Chardonnay - Vinal Colombia","description":"El vino 18 Chardonnay es ideal para celebrar momentos especiales. Marida muy bien con aperitivos, ensaladas verdes, mariscos, aves y quesos j\u00f3venes.","robots":{"index":"index","follow":"follow","max-snippet":"max-snippet:-1","max-image-preview":"max-image-preview:large","max-video-preview":"max-video-preview:-1"},"canonical":"https:\/\/vinal.co\/index.php\/product\/18-chardonnay\/","og_locale":"es_ES","og_type":"article","og_title":"Vino 18 Chardonnay - Vinal Colombia","og_description":"El vino 18 Chardonnay es ideal para celebrar momentos especiales. Marida muy bien con aperitivos, ensaladas verdes, mariscos, aves y quesos j\u00f3venes.","og_url":"https:\/\/vinal.co\/index.php\/product\/18-chardonnay\/","og_site_name":"Vinal Colombia","article_publisher":"https:\/\/www.facebook.com\/VinalColombia\/","article_modified_time":"2026-03-08T17:59:14+00:00","og_image":[{"width":840,"height":840,"url":"https:\/\/vinal.co\/wp-content\/uploads\/2026\/02\/18-V-CH.png","type":"image\/png"}],"twitter_card":"summary_large_image","twitter_misc":{"Tiempo de lectura":"1 minuto"},"schema":{"@context":"https:\/\/schema.org","@graph":[{"@type":"WebPage","@id":"https:\/\/vinal.co\/index.php\/product\/18-chardonnay\/","url":"https:\/\/vinal.co\/index.php\/product\/18-chardonnay\/","name":"Vino 18 Chardonnay - Vinal Colombia","isPartOf":{"@id":"https:\/\/vinal.co\/#website"},"primaryImageOfPage":{"@id":"https:\/\/vinal.co\/index.php\/product\/18-chardonnay\/#primaryimage"},"image":{"@id":"https:\/\/vinal.co\/index.php\/product\/18-chardonnay\/#primaryimage"},"thumbnailUrl":"https:\/\/vinal.co\/wp-content\/uploads\/2026\/02\/18-V-CH.png","datePublished":"2026-02-18T20:59:28+00:00","dateModified":"2026-03-08T17:59:14+00:00","description":"El vino 18 Chardonnay es ideal para celebrar momentos especiales. Marida muy bien con aperitivos, ensaladas verdes, mariscos, aves y quesos j\u00f3venes.","breadcrumb":{"@id":"https:\/\/vinal.co\/index.php\/product\/18-chardonnay\/#breadcrumb"},"inLanguage":"es","potentialAction":[{"@type":"ReadAction","target":["https:\/\/vinal.co\/index.php\/product\/18-chardonnay\/"]}]},{"@type":"ImageObject","inLanguage":"es","@id":"https:\/\/vinal.co\/index.php\/product\/18-chardonnay\/#primaryimage","url":"https:\/\/vinal.co\/wp-content\/uploads\/2026\/02\/18-V-CH.png","contentUrl":"https:\/\/vinal.co\/wp-content\/uploads\/2026\/02\/18-V-CH.png","width":840,"height":840,"caption":"Botella vino 18 chardonnay"},{"@type":"BreadcrumbList","@id":"https:\/\/vinal.co\/index.php\/product\/18-chardonnay\/#breadcrumb","itemListElement":[{"@type":"ListItem","position":1,"name":"Inicio","item":"https:\/\/vinal.co\/"},{"@type":"ListItem","position":2,"name":"Comprar","item":"https:\/\/vinal.co\/index.php\/vinal-colombia-vinos-y-alimentos\/"},{"@type":"ListItem","position":3,"name":"18 Chardonnay"}]},{"@type":"WebSite","@id":"https:\/\/vinal.co\/#website","url":"https:\/\/vinal.co\/","name":"Vinal Colombia","description":"El mundo en una copa!","publisher":{"@id":"https:\/\/vinal.co\/#organization"},"potentialAction":[{"@type":"SearchAction","target":{"@type":"EntryPoint","urlTemplate":"https:\/\/vinal.co\/?s={search_term_string}"},"query-input":{"@type":"PropertyValueSpecification","valueRequired":true,"valueName":"search_term_string"}}],"inLanguage":"es"},{"@type":"Organization","@id":"https:\/\/vinal.co\/#organization","name":"VINAL COLOMBIA","url":"https:\/\/vinal.co\/","logo":{"@type":"ImageObject","inLanguage":"es","@id":"https:\/\/vinal.co\/#\/schema\/logo\/image\/","url":"https:\/\/i2.wp.com\/vinal.co\/wp-content\/uploads\/2020\/09\/Portugal-en-una-copa-Vinal-Colombia-Logo.png?fit=216%2C252&ssl=1","contentUrl":"https:\/\/i2.wp.com\/vinal.co\/wp-content\/uploads\/2020\/09\/Portugal-en-una-copa-Vinal-Colombia-Logo.png?fit=216%2C252&ssl=1","width":216,"height":252,"caption":"VINAL COLOMBIA"},"image":{"@id":"https:\/\/vinal.co\/#\/schema\/logo\/image\/"},"sameAs":["https:\/\/www.facebook.com\/VinalColombia\/","https:\/\/www.instagram.com\/vinalcolombia\/"]}]}},"_links":{"self":[{"href":"https:\/\/vinal.co\/index.php\/wp-json\/wp\/v2\/product\/12058","targetHints":{"allow":["GET"]}}],"collection":[{"href":"https:\/\/vinal.co\/index.php\/wp-json\/wp\/v2\/product"}],"about":[{"href":"https:\/\/vinal.co\/index.php\/wp-json\/wp\/v2\/types\/product"}],"version-history":[{"count":5,"href":"https:\/\/vinal.co\/index.php\/wp-json\/wp\/v2\/product\/12058\/revisions"}],"predecessor-version":[{"id":12060,"href":"https:\/\/vinal.co\/index.php\/wp-json\/wp\/v2\/product\/12058\/revisions\/12060"}],"wp:featuredmedia":[{"embeddable":true,"href":"https:\/\/vinal.co\/index.php\/wp-json\/wp\/v2\/media\/11938"}],"wp:attachment":[{"href":"https:\/\/vinal.co\/index.php\/wp-json\/wp\/v2\/media?parent=12058"}],"wp:term":[{"taxonomy":"product_brand","embeddable":true,"href":"https:\/\/vinal.co\/index.php\/wp-json\/wp\/v2\/product_brand?post=12058"},{"taxonomy":"product_cat","embeddable":true,"href":"https:\/\/vinal.co\/index.php\/wp-json\/wp\/v2\/product_cat?post=12058"},{"taxonomy":"product_tag","embeddable":true,"href":"https:\/\/vinal.co\/index.php\/wp-json\/wp\/v2\/product_tag?post=12058"}],"curies":[{"name":"wp","href":"https:\/\/api.w.org\/{rel}","templated":true}]}}