{"id":12085,"date":"2026-02-18T17:41:23","date_gmt":"2026-02-18T22:41:23","guid":{"rendered":"https:\/\/vinal.co\/?post_type=product&#038;p=12085"},"modified":"2026-03-08T12:53:05","modified_gmt":"2026-03-08T17:53:05","slug":"18-cabernet-sauvigon-reserva","status":"publish","type":"product","link":"https:\/\/vinal.co\/index.php\/product\/18-cabernet-sauvigon-reserva\/","title":{"rendered":"18 Cabernet Sauvigon Reserva"},"content":{"rendered":"<p>El vino 18 Cabernet Sauvignon Reserva con cuerpo, fruta madura y notas sutiles de madera que elevan cualquier comida o celebraci\u00f3n.<\/p>\n<p class=\"p1\">Los vinos, simplemente llamados 18, honran el d\u00eda de la Independencia de Chile y a los orgullosos habitantes ind\u00edgenas que lograron reconquistar sus tierras de los espa\u00f1oles el 18 de septiembre de 1810. Esta marca subyace al esp\u00edritu de perseverancia y amor por la tierra y, por supuesto, por todo lo que produce.<\/p>\n<p data-start=\"0\" data-end=\"117\">Las uvas provienen de nuestros vi\u00f1edos propios en Villa Alegre, a 285 km al sur de Santiago, en el Valle del Maule. Los suelos son de origen volc\u00e1nico, derivados de cenizas, y est\u00e1n compuestos por tierras arenosas a franco-arenosas. Los vi\u00f1edos son planos y cuentan con una excelente exposici\u00f3n solar.<\/p>\n<h4><span style=\"color: #87764f;\"><a style=\"color: #87764f;\" href=\"https:\/\/vinal.co\/wp-content\/uploads\/2026\/03\/FT18-Cab-Sauv-Reserva.pdf\" target=\"_blank\" rel=\"noopener noreferrer\">Ficha T\u00e9cnica<\/a><\/span><\/h4>\n","protected":false},"excerpt":{"rendered":"<p>REGI\u00d3N | Chile, Villa Alegre<br \/>\nD.O. | Valle Central<br \/>\nCEPAS | Cabernet Sauvignon<br \/>\n8 meses en barrica<br \/>\nNOTAS DE CATA | Color: Nuestro Cabernet Sauvignon Reserva presenta un intenso color rojo rub\u00ed. | Aroma: Es un excelente ejemplo de vino complejo, con aromas y sabores de cassis y cereza negra, acompa\u00f1ados de sutiles notas de avellana y chocolate. | Boca: Es un vino potente y concentrado, con taninos maduros y elegantes. Marida perfectamente con carnes rojas, cortes de res, roast beef y quesos curados o de sabor intenso.<\/p>\n","protected":false},"featured_media":11933,"template":"","meta":{"om_disable_all_campaigns":false,"_monsterinsights_skip_tracking":false,"_monsterinsights_sitenote_active":false,"_monsterinsights_sitenote_note":"","_monsterinsights_sitenote_category":0,"_uf_show_specific_survey":0,"_uf_disable_surveys":false,"_joinchat":[]},"product_brand":[183],"product_cat":[179,194,26,23],"product_tag":[53,159,160,35,161,28,162,89],"class_list":{"0":"post-12085","1":"product","2":"type-product","3":"status-publish","4":"has-post-thumbnail","6":"product_brand-183","7":"product_cat-chile","8":"product_cat-reserva","9":"product_cat-tinto","10":"product_cat-vino","11":"product_tag-cabernet-sauvignon","12":"product_tag-chile","13":"product_tag-maule","14":"product_tag-tinto","15":"product_tag-valle-central","16":"product_tag-vino","17":"product_tag-vino-chileno","18":"product_tag-vino-tinto","20":"first","21":"instock","22":"shipping-taxable","23":"product-type-simple"},"yoast_head":"<!-- This site is optimized with the Yoast SEO plugin v27.3 - https:\/\/yoast.com\/product\/yoast-seo-wordpress\/ -->\n<title>Vino 18 Cabernet Sauvignon Reserva<\/title>\n<meta name=\"description\" content=\"El vino 18 Cabernet Sauvignon Reserva con cuerpo, fruta madura y notas sutiles de madera que elevan cualquier comida o celebraci\u00f3n.\" \/>\n<meta name=\"robots\" content=\"index, follow, max-snippet:-1, max-image-preview:large, max-video-preview:-1\" \/>\n<link rel=\"canonical\" href=\"https:\/\/vinal.co\/index.php\/product\/18-cabernet-sauvigon-reserva\/\" \/>\n<meta property=\"og:locale\" content=\"es_ES\" \/>\n<meta property=\"og:type\" content=\"article\" \/>\n<meta property=\"og:title\" content=\"Vino 18 Cabernet Sauvignon Reserva\" \/>\n<meta property=\"og:description\" content=\"El vino 18 Cabernet Sauvignon Reserva con cuerpo, fruta madura y notas sutiles de madera que elevan cualquier comida o celebraci\u00f3n.\" \/>\n<meta property=\"og:url\" content=\"https:\/\/vinal.co\/index.php\/product\/18-cabernet-sauvigon-reserva\/\" \/>\n<meta property=\"og:site_name\" content=\"Vinal Colombia\" \/>\n<meta property=\"article:publisher\" content=\"https:\/\/www.facebook.com\/VinalColombia\/\" \/>\n<meta property=\"article:modified_time\" content=\"2026-03-08T17:53:05+00:00\" \/>\n<meta property=\"og:image\" content=\"https:\/\/vinal.co\/wp-content\/uploads\/2026\/02\/18-V-CS-R.png\" \/>\n\t<meta property=\"og:image:width\" content=\"840\" \/>\n\t<meta property=\"og:image:height\" content=\"840\" \/>\n\t<meta property=\"og:image:type\" content=\"image\/png\" \/>\n<meta name=\"twitter:card\" content=\"summary_large_image\" \/>\n<meta name=\"twitter:label1\" content=\"Tiempo de lectura\" \/>\n\t<meta name=\"twitter:data1\" content=\"1 minuto\" \/>\n<script type=\"application\/ld+json\" class=\"yoast-schema-graph\">{\"@context\":\"https:\\\/\\\/schema.org\",\"@graph\":[{\"@type\":\"WebPage\",\"@id\":\"https:\\\/\\\/vinal.co\\\/index.php\\\/product\\\/18-cabernet-sauvigon-reserva\\\/\",\"url\":\"https:\\\/\\\/vinal.co\\\/index.php\\\/product\\\/18-cabernet-sauvigon-reserva\\\/\",\"name\":\"Vino 18 Cabernet Sauvignon Reserva\",\"isPartOf\":{\"@id\":\"https:\\\/\\\/vinal.co\\\/#website\"},\"primaryImageOfPage\":{\"@id\":\"https:\\\/\\\/vinal.co\\\/index.php\\\/product\\\/18-cabernet-sauvigon-reserva\\\/#primaryimage\"},\"image\":{\"@id\":\"https:\\\/\\\/vinal.co\\\/index.php\\\/product\\\/18-cabernet-sauvigon-reserva\\\/#primaryimage\"},\"thumbnailUrl\":\"https:\\\/\\\/vinal.co\\\/wp-content\\\/uploads\\\/2026\\\/02\\\/18-V-CS-R.png\",\"datePublished\":\"2026-02-18T22:41:23+00:00\",\"dateModified\":\"2026-03-08T17:53:05+00:00\",\"description\":\"El vino 18 Cabernet Sauvignon Reserva con cuerpo, fruta madura y notas sutiles de madera que elevan cualquier comida o celebraci\u00f3n.\",\"breadcrumb\":{\"@id\":\"https:\\\/\\\/vinal.co\\\/index.php\\\/product\\\/18-cabernet-sauvigon-reserva\\\/#breadcrumb\"},\"inLanguage\":\"es\",\"potentialAction\":[{\"@type\":\"ReadAction\",\"target\":[\"https:\\\/\\\/vinal.co\\\/index.php\\\/product\\\/18-cabernet-sauvigon-reserva\\\/\"]}]},{\"@type\":\"ImageObject\",\"inLanguage\":\"es\",\"@id\":\"https:\\\/\\\/vinal.co\\\/index.php\\\/product\\\/18-cabernet-sauvigon-reserva\\\/#primaryimage\",\"url\":\"https:\\\/\\\/vinal.co\\\/wp-content\\\/uploads\\\/2026\\\/02\\\/18-V-CS-R.png\",\"contentUrl\":\"https:\\\/\\\/vinal.co\\\/wp-content\\\/uploads\\\/2026\\\/02\\\/18-V-CS-R.png\",\"width\":840,\"height\":840,\"caption\":\"Botella vino 18 cabernet sauvignon reserva\"},{\"@type\":\"BreadcrumbList\",\"@id\":\"https:\\\/\\\/vinal.co\\\/index.php\\\/product\\\/18-cabernet-sauvigon-reserva\\\/#breadcrumb\",\"itemListElement\":[{\"@type\":\"ListItem\",\"position\":1,\"name\":\"Inicio\",\"item\":\"https:\\\/\\\/vinal.co\\\/\"},{\"@type\":\"ListItem\",\"position\":2,\"name\":\"Comprar\",\"item\":\"https:\\\/\\\/vinal.co\\\/index.php\\\/vinal-colombia-vinos-y-alimentos\\\/\"},{\"@type\":\"ListItem\",\"position\":3,\"name\":\"18 Cabernet Sauvigon Reserva\"}]},{\"@type\":\"WebSite\",\"@id\":\"https:\\\/\\\/vinal.co\\\/#website\",\"url\":\"https:\\\/\\\/vinal.co\\\/\",\"name\":\"Vinal Colombia\",\"description\":\"El mundo en una copa!\",\"publisher\":{\"@id\":\"https:\\\/\\\/vinal.co\\\/#organization\"},\"potentialAction\":[{\"@type\":\"SearchAction\",\"target\":{\"@type\":\"EntryPoint\",\"urlTemplate\":\"https:\\\/\\\/vinal.co\\\/?s={search_term_string}\"},\"query-input\":{\"@type\":\"PropertyValueSpecification\",\"valueRequired\":true,\"valueName\":\"search_term_string\"}}],\"inLanguage\":\"es\"},{\"@type\":\"Organization\",\"@id\":\"https:\\\/\\\/vinal.co\\\/#organization\",\"name\":\"VINAL COLOMBIA\",\"url\":\"https:\\\/\\\/vinal.co\\\/\",\"logo\":{\"@type\":\"ImageObject\",\"inLanguage\":\"es\",\"@id\":\"https:\\\/\\\/vinal.co\\\/#\\\/schema\\\/logo\\\/image\\\/\",\"url\":\"https:\\\/\\\/i2.wp.com\\\/vinal.co\\\/wp-content\\\/uploads\\\/2020\\\/09\\\/Portugal-en-una-copa-Vinal-Colombia-Logo.png?fit=216%2C252&ssl=1\",\"contentUrl\":\"https:\\\/\\\/i2.wp.com\\\/vinal.co\\\/wp-content\\\/uploads\\\/2020\\\/09\\\/Portugal-en-una-copa-Vinal-Colombia-Logo.png?fit=216%2C252&ssl=1\",\"width\":216,\"height\":252,\"caption\":\"VINAL COLOMBIA\"},\"image\":{\"@id\":\"https:\\\/\\\/vinal.co\\\/#\\\/schema\\\/logo\\\/image\\\/\"},\"sameAs\":[\"https:\\\/\\\/www.facebook.com\\\/VinalColombia\\\/\",\"https:\\\/\\\/www.instagram.com\\\/vinalcolombia\\\/\"]}]}<\/script>\n<!-- \/ Yoast SEO plugin. -->","yoast_head_json":{"title":"Vino 18 Cabernet Sauvignon Reserva","description":"El vino 18 Cabernet Sauvignon Reserva con cuerpo, fruta madura y notas sutiles de madera que elevan cualquier comida o celebraci\u00f3n.","robots":{"index":"index","follow":"follow","max-snippet":"max-snippet:-1","max-image-preview":"max-image-preview:large","max-video-preview":"max-video-preview:-1"},"canonical":"https:\/\/vinal.co\/index.php\/product\/18-cabernet-sauvigon-reserva\/","og_locale":"es_ES","og_type":"article","og_title":"Vino 18 Cabernet Sauvignon Reserva","og_description":"El vino 18 Cabernet Sauvignon Reserva con cuerpo, fruta madura y notas sutiles de madera que elevan cualquier comida o celebraci\u00f3n.","og_url":"https:\/\/vinal.co\/index.php\/product\/18-cabernet-sauvigon-reserva\/","og_site_name":"Vinal Colombia","article_publisher":"https:\/\/www.facebook.com\/VinalColombia\/","article_modified_time":"2026-03-08T17:53:05+00:00","og_image":[{"width":840,"height":840,"url":"https:\/\/vinal.co\/wp-content\/uploads\/2026\/02\/18-V-CS-R.png","type":"image\/png"}],"twitter_card":"summary_large_image","twitter_misc":{"Tiempo de lectura":"1 minuto"},"schema":{"@context":"https:\/\/schema.org","@graph":[{"@type":"WebPage","@id":"https:\/\/vinal.co\/index.php\/product\/18-cabernet-sauvigon-reserva\/","url":"https:\/\/vinal.co\/index.php\/product\/18-cabernet-sauvigon-reserva\/","name":"Vino 18 Cabernet Sauvignon Reserva","isPartOf":{"@id":"https:\/\/vinal.co\/#website"},"primaryImageOfPage":{"@id":"https:\/\/vinal.co\/index.php\/product\/18-cabernet-sauvigon-reserva\/#primaryimage"},"image":{"@id":"https:\/\/vinal.co\/index.php\/product\/18-cabernet-sauvigon-reserva\/#primaryimage"},"thumbnailUrl":"https:\/\/vinal.co\/wp-content\/uploads\/2026\/02\/18-V-CS-R.png","datePublished":"2026-02-18T22:41:23+00:00","dateModified":"2026-03-08T17:53:05+00:00","description":"El vino 18 Cabernet Sauvignon Reserva con cuerpo, fruta madura y notas sutiles de madera que elevan cualquier comida o celebraci\u00f3n.","breadcrumb":{"@id":"https:\/\/vinal.co\/index.php\/product\/18-cabernet-sauvigon-reserva\/#breadcrumb"},"inLanguage":"es","potentialAction":[{"@type":"ReadAction","target":["https:\/\/vinal.co\/index.php\/product\/18-cabernet-sauvigon-reserva\/"]}]},{"@type":"ImageObject","inLanguage":"es","@id":"https:\/\/vinal.co\/index.php\/product\/18-cabernet-sauvigon-reserva\/#primaryimage","url":"https:\/\/vinal.co\/wp-content\/uploads\/2026\/02\/18-V-CS-R.png","contentUrl":"https:\/\/vinal.co\/wp-content\/uploads\/2026\/02\/18-V-CS-R.png","width":840,"height":840,"caption":"Botella vino 18 cabernet sauvignon reserva"},{"@type":"BreadcrumbList","@id":"https:\/\/vinal.co\/index.php\/product\/18-cabernet-sauvigon-reserva\/#breadcrumb","itemListElement":[{"@type":"ListItem","position":1,"name":"Inicio","item":"https:\/\/vinal.co\/"},{"@type":"ListItem","position":2,"name":"Comprar","item":"https:\/\/vinal.co\/index.php\/vinal-colombia-vinos-y-alimentos\/"},{"@type":"ListItem","position":3,"name":"18 Cabernet Sauvigon Reserva"}]},{"@type":"WebSite","@id":"https:\/\/vinal.co\/#website","url":"https:\/\/vinal.co\/","name":"Vinal Colombia","description":"El mundo en una copa!","publisher":{"@id":"https:\/\/vinal.co\/#organization"},"potentialAction":[{"@type":"SearchAction","target":{"@type":"EntryPoint","urlTemplate":"https:\/\/vinal.co\/?s={search_term_string}"},"query-input":{"@type":"PropertyValueSpecification","valueRequired":true,"valueName":"search_term_string"}}],"inLanguage":"es"},{"@type":"Organization","@id":"https:\/\/vinal.co\/#organization","name":"VINAL COLOMBIA","url":"https:\/\/vinal.co\/","logo":{"@type":"ImageObject","inLanguage":"es","@id":"https:\/\/vinal.co\/#\/schema\/logo\/image\/","url":"https:\/\/i2.wp.com\/vinal.co\/wp-content\/uploads\/2020\/09\/Portugal-en-una-copa-Vinal-Colombia-Logo.png?fit=216%2C252&ssl=1","contentUrl":"https:\/\/i2.wp.com\/vinal.co\/wp-content\/uploads\/2020\/09\/Portugal-en-una-copa-Vinal-Colombia-Logo.png?fit=216%2C252&ssl=1","width":216,"height":252,"caption":"VINAL COLOMBIA"},"image":{"@id":"https:\/\/vinal.co\/#\/schema\/logo\/image\/"},"sameAs":["https:\/\/www.facebook.com\/VinalColombia\/","https:\/\/www.instagram.com\/vinalcolombia\/"]}]}},"_links":{"self":[{"href":"https:\/\/vinal.co\/index.php\/wp-json\/wp\/v2\/product\/12085","targetHints":{"allow":["GET"]}}],"collection":[{"href":"https:\/\/vinal.co\/index.php\/wp-json\/wp\/v2\/product"}],"about":[{"href":"https:\/\/vinal.co\/index.php\/wp-json\/wp\/v2\/types\/product"}],"version-history":[{"count":6,"href":"https:\/\/vinal.co\/index.php\/wp-json\/wp\/v2\/product\/12085\/revisions"}],"predecessor-version":[{"id":12089,"href":"https:\/\/vinal.co\/index.php\/wp-json\/wp\/v2\/product\/12085\/revisions\/12089"}],"wp:featuredmedia":[{"embeddable":true,"href":"https:\/\/vinal.co\/index.php\/wp-json\/wp\/v2\/media\/11933"}],"wp:attachment":[{"href":"https:\/\/vinal.co\/index.php\/wp-json\/wp\/v2\/media?parent=12085"}],"wp:term":[{"taxonomy":"product_brand","embeddable":true,"href":"https:\/\/vinal.co\/index.php\/wp-json\/wp\/v2\/product_brand?post=12085"},{"taxonomy":"product_cat","embeddable":true,"href":"https:\/\/vinal.co\/index.php\/wp-json\/wp\/v2\/product_cat?post=12085"},{"taxonomy":"product_tag","embeddable":true,"href":"https:\/\/vinal.co\/index.php\/wp-json\/wp\/v2\/product_tag?post=12085"}],"curies":[{"name":"wp","href":"https:\/\/api.w.org\/{rel}","templated":true}]}}