{"id":12116,"date":"2026-02-18T19:13:32","date_gmt":"2026-02-19T00:13:32","guid":{"rendered":"https:\/\/vinal.co\/?post_type=product&#038;p=12116"},"modified":"2026-03-08T12:45:42","modified_gmt":"2026-03-08T17:45:42","slug":"bianai-crianza","status":"publish","type":"product","link":"https:\/\/vinal.co\/index.php\/product\/bianai-crianza\/","title":{"rendered":"Bianai Crianza"},"content":{"rendered":"<p>El vino Bianai Crianza proviene de la Bodega Ugalde, bodega hist\u00f3rica creada en 1882 por Felipe Ugalde, pionera en la elaboraci\u00f3n de vino en Rioja. El secreto de estos vinos es la complejidad del terru\u00f1o y el respeto m\u00e1s absoluto a la joya m\u00e1s preciada: el vi\u00f1edo. Los vinos enclavados en terru\u00f1os de muy diferentes caracter\u00edsticas cuentan con distintos componentes de suelos, altitudes y localizaciones, lo que imprime una personalidad \u00fanica.<\/p>\n<h4><span style=\"color: #87764f;\"><a style=\"color: #87764f;\" href=\"https:\/\/vinal.co\/wp-content\/uploads\/2026\/03\/FT-Bianai-Crianza.pdf\" target=\"_blank\" rel=\"noopener noreferrer\">Ficha T\u00e9cnica<\/a><\/span><\/h4>\n","protected":false},"excerpt":{"rendered":"<p>REGI\u00d3N | Espa\u00f1a, Rioja<br \/>\nDOCa Rioja<br \/>\n12 meses en barrica<br \/>\nCEPAS | Tempranillo y Garnacha<br \/>\nNOTAS DE CATA | Color: Color granate profundo con buena intensidad. | Aroma:\u00a0En nariz tiene aromas a frutos rojos, bien integrados con aromas tostados de canela, toffe caramelizado y mantequilla. | Boca: Es un vino aterciopelado, muy agradable en boca, con gran expresi\u00f3n frutal. Con un final largo y taninos de calidad. <i><\/i><\/p>\n","protected":false},"featured_media":11924,"template":"","meta":{"om_disable_all_campaigns":false,"_monsterinsights_skip_tracking":false,"_monsterinsights_sitenote_active":false,"_monsterinsights_sitenote_note":"","_monsterinsights_sitenote_category":0,"_uf_show_specific_survey":0,"_uf_disable_surveys":false,"_joinchat":[]},"product_brand":[184],"product_cat":[195,178,26,23],"product_tag":[201,205,181,91,35,28],"class_list":{"0":"post-12116","1":"product","2":"type-product","3":"status-publish","4":"has-post-thumbnail","6":"product_brand-bianai","7":"product_cat-crianza","8":"product_cat-espana","9":"product_cat-tinto","10":"product_cat-vino","11":"product_tag-espana","12":"product_tag-garnacha","13":"product_tag-rioja","14":"product_tag-tempranillo","15":"product_tag-tinto","16":"product_tag-vino","18":"first","19":"instock","20":"featured","21":"shipping-taxable","22":"product-type-simple"},"yoast_head":"<!-- This site is optimized with the Yoast SEO plugin v27.3 - https:\/\/yoast.com\/product\/yoast-seo-wordpress\/ -->\n<title>Vino Bianai Crianza<\/title>\n<meta name=\"description\" content=\"El vino Bianai Crianza seduce con un bouquet de cerezas maduras, frutos negros, toffee. En boca destaca por la elegancia y la potencia de un Rioja cl\u00e1sico.\" \/>\n<meta name=\"robots\" content=\"index, follow, max-snippet:-1, max-image-preview:large, max-video-preview:-1\" \/>\n<link rel=\"canonical\" href=\"https:\/\/vinal.co\/index.php\/product\/bianai-crianza\/\" \/>\n<meta property=\"og:locale\" content=\"es_ES\" \/>\n<meta property=\"og:type\" content=\"article\" \/>\n<meta property=\"og:title\" content=\"Vino Bianai Crianza\" \/>\n<meta property=\"og:description\" content=\"El vino Bianai Crianza seduce con un bouquet de cerezas maduras, frutos negros, toffee. En boca destaca por la elegancia y la potencia de un Rioja cl\u00e1sico.\" \/>\n<meta property=\"og:url\" content=\"https:\/\/vinal.co\/index.php\/product\/bianai-crianza\/\" \/>\n<meta property=\"og:site_name\" content=\"Vinal Colombia\" \/>\n<meta property=\"article:publisher\" content=\"https:\/\/www.facebook.com\/VinalColombia\/\" \/>\n<meta property=\"article:modified_time\" content=\"2026-03-08T17:45:42+00:00\" \/>\n<meta property=\"og:image\" content=\"https:\/\/vinal.co\/wp-content\/uploads\/2026\/02\/Bianai-Crianza.png\" \/>\n\t<meta property=\"og:image:width\" content=\"840\" \/>\n\t<meta property=\"og:image:height\" content=\"840\" \/>\n\t<meta property=\"og:image:type\" content=\"image\/png\" \/>\n<meta name=\"twitter:card\" content=\"summary_large_image\" \/>\n<meta name=\"twitter:label1\" content=\"Tiempo de lectura\" \/>\n\t<meta name=\"twitter:data1\" content=\"1 minuto\" \/>\n<script type=\"application\/ld+json\" class=\"yoast-schema-graph\">{\"@context\":\"https:\\\/\\\/schema.org\",\"@graph\":[{\"@type\":\"WebPage\",\"@id\":\"https:\\\/\\\/vinal.co\\\/index.php\\\/product\\\/bianai-crianza\\\/\",\"url\":\"https:\\\/\\\/vinal.co\\\/index.php\\\/product\\\/bianai-crianza\\\/\",\"name\":\"Vino Bianai Crianza\",\"isPartOf\":{\"@id\":\"https:\\\/\\\/vinal.co\\\/#website\"},\"primaryImageOfPage\":{\"@id\":\"https:\\\/\\\/vinal.co\\\/index.php\\\/product\\\/bianai-crianza\\\/#primaryimage\"},\"image\":{\"@id\":\"https:\\\/\\\/vinal.co\\\/index.php\\\/product\\\/bianai-crianza\\\/#primaryimage\"},\"thumbnailUrl\":\"https:\\\/\\\/vinal.co\\\/wp-content\\\/uploads\\\/2026\\\/02\\\/Bianai-Crianza.png\",\"datePublished\":\"2026-02-19T00:13:32+00:00\",\"dateModified\":\"2026-03-08T17:45:42+00:00\",\"description\":\"El vino Bianai Crianza seduce con un bouquet de cerezas maduras, frutos negros, toffee. En boca destaca por la elegancia y la potencia de un Rioja cl\u00e1sico.\",\"breadcrumb\":{\"@id\":\"https:\\\/\\\/vinal.co\\\/index.php\\\/product\\\/bianai-crianza\\\/#breadcrumb\"},\"inLanguage\":\"es\",\"potentialAction\":[{\"@type\":\"ReadAction\",\"target\":[\"https:\\\/\\\/vinal.co\\\/index.php\\\/product\\\/bianai-crianza\\\/\"]}]},{\"@type\":\"ImageObject\",\"inLanguage\":\"es\",\"@id\":\"https:\\\/\\\/vinal.co\\\/index.php\\\/product\\\/bianai-crianza\\\/#primaryimage\",\"url\":\"https:\\\/\\\/vinal.co\\\/wp-content\\\/uploads\\\/2026\\\/02\\\/Bianai-Crianza.png\",\"contentUrl\":\"https:\\\/\\\/vinal.co\\\/wp-content\\\/uploads\\\/2026\\\/02\\\/Bianai-Crianza.png\",\"width\":840,\"height\":840,\"caption\":\"Botella vino bianai crianza\"},{\"@type\":\"BreadcrumbList\",\"@id\":\"https:\\\/\\\/vinal.co\\\/index.php\\\/product\\\/bianai-crianza\\\/#breadcrumb\",\"itemListElement\":[{\"@type\":\"ListItem\",\"position\":1,\"name\":\"Inicio\",\"item\":\"https:\\\/\\\/vinal.co\\\/\"},{\"@type\":\"ListItem\",\"position\":2,\"name\":\"Comprar\",\"item\":\"https:\\\/\\\/vinal.co\\\/index.php\\\/vinal-colombia-vinos-y-alimentos\\\/\"},{\"@type\":\"ListItem\",\"position\":3,\"name\":\"Bianai Crianza\"}]},{\"@type\":\"WebSite\",\"@id\":\"https:\\\/\\\/vinal.co\\\/#website\",\"url\":\"https:\\\/\\\/vinal.co\\\/\",\"name\":\"Vinal Colombia\",\"description\":\"El mundo en una copa!\",\"publisher\":{\"@id\":\"https:\\\/\\\/vinal.co\\\/#organization\"},\"potentialAction\":[{\"@type\":\"SearchAction\",\"target\":{\"@type\":\"EntryPoint\",\"urlTemplate\":\"https:\\\/\\\/vinal.co\\\/?s={search_term_string}\"},\"query-input\":{\"@type\":\"PropertyValueSpecification\",\"valueRequired\":true,\"valueName\":\"search_term_string\"}}],\"inLanguage\":\"es\"},{\"@type\":\"Organization\",\"@id\":\"https:\\\/\\\/vinal.co\\\/#organization\",\"name\":\"VINAL COLOMBIA\",\"url\":\"https:\\\/\\\/vinal.co\\\/\",\"logo\":{\"@type\":\"ImageObject\",\"inLanguage\":\"es\",\"@id\":\"https:\\\/\\\/vinal.co\\\/#\\\/schema\\\/logo\\\/image\\\/\",\"url\":\"https:\\\/\\\/i2.wp.com\\\/vinal.co\\\/wp-content\\\/uploads\\\/2020\\\/09\\\/Portugal-en-una-copa-Vinal-Colombia-Logo.png?fit=216%2C252&ssl=1\",\"contentUrl\":\"https:\\\/\\\/i2.wp.com\\\/vinal.co\\\/wp-content\\\/uploads\\\/2020\\\/09\\\/Portugal-en-una-copa-Vinal-Colombia-Logo.png?fit=216%2C252&ssl=1\",\"width\":216,\"height\":252,\"caption\":\"VINAL COLOMBIA\"},\"image\":{\"@id\":\"https:\\\/\\\/vinal.co\\\/#\\\/schema\\\/logo\\\/image\\\/\"},\"sameAs\":[\"https:\\\/\\\/www.facebook.com\\\/VinalColombia\\\/\",\"https:\\\/\\\/www.instagram.com\\\/vinalcolombia\\\/\"]}]}<\/script>\n<!-- \/ Yoast SEO plugin. -->","yoast_head_json":{"title":"Vino Bianai Crianza","description":"El vino Bianai Crianza seduce con un bouquet de cerezas maduras, frutos negros, toffee. En boca destaca por la elegancia y la potencia de un Rioja cl\u00e1sico.","robots":{"index":"index","follow":"follow","max-snippet":"max-snippet:-1","max-image-preview":"max-image-preview:large","max-video-preview":"max-video-preview:-1"},"canonical":"https:\/\/vinal.co\/index.php\/product\/bianai-crianza\/","og_locale":"es_ES","og_type":"article","og_title":"Vino Bianai Crianza","og_description":"El vino Bianai Crianza seduce con un bouquet de cerezas maduras, frutos negros, toffee. En boca destaca por la elegancia y la potencia de un Rioja cl\u00e1sico.","og_url":"https:\/\/vinal.co\/index.php\/product\/bianai-crianza\/","og_site_name":"Vinal Colombia","article_publisher":"https:\/\/www.facebook.com\/VinalColombia\/","article_modified_time":"2026-03-08T17:45:42+00:00","og_image":[{"width":840,"height":840,"url":"https:\/\/vinal.co\/wp-content\/uploads\/2026\/02\/Bianai-Crianza.png","type":"image\/png"}],"twitter_card":"summary_large_image","twitter_misc":{"Tiempo de lectura":"1 minuto"},"schema":{"@context":"https:\/\/schema.org","@graph":[{"@type":"WebPage","@id":"https:\/\/vinal.co\/index.php\/product\/bianai-crianza\/","url":"https:\/\/vinal.co\/index.php\/product\/bianai-crianza\/","name":"Vino Bianai Crianza","isPartOf":{"@id":"https:\/\/vinal.co\/#website"},"primaryImageOfPage":{"@id":"https:\/\/vinal.co\/index.php\/product\/bianai-crianza\/#primaryimage"},"image":{"@id":"https:\/\/vinal.co\/index.php\/product\/bianai-crianza\/#primaryimage"},"thumbnailUrl":"https:\/\/vinal.co\/wp-content\/uploads\/2026\/02\/Bianai-Crianza.png","datePublished":"2026-02-19T00:13:32+00:00","dateModified":"2026-03-08T17:45:42+00:00","description":"El vino Bianai Crianza seduce con un bouquet de cerezas maduras, frutos negros, toffee. En boca destaca por la elegancia y la potencia de un Rioja cl\u00e1sico.","breadcrumb":{"@id":"https:\/\/vinal.co\/index.php\/product\/bianai-crianza\/#breadcrumb"},"inLanguage":"es","potentialAction":[{"@type":"ReadAction","target":["https:\/\/vinal.co\/index.php\/product\/bianai-crianza\/"]}]},{"@type":"ImageObject","inLanguage":"es","@id":"https:\/\/vinal.co\/index.php\/product\/bianai-crianza\/#primaryimage","url":"https:\/\/vinal.co\/wp-content\/uploads\/2026\/02\/Bianai-Crianza.png","contentUrl":"https:\/\/vinal.co\/wp-content\/uploads\/2026\/02\/Bianai-Crianza.png","width":840,"height":840,"caption":"Botella vino bianai crianza"},{"@type":"BreadcrumbList","@id":"https:\/\/vinal.co\/index.php\/product\/bianai-crianza\/#breadcrumb","itemListElement":[{"@type":"ListItem","position":1,"name":"Inicio","item":"https:\/\/vinal.co\/"},{"@type":"ListItem","position":2,"name":"Comprar","item":"https:\/\/vinal.co\/index.php\/vinal-colombia-vinos-y-alimentos\/"},{"@type":"ListItem","position":3,"name":"Bianai Crianza"}]},{"@type":"WebSite","@id":"https:\/\/vinal.co\/#website","url":"https:\/\/vinal.co\/","name":"Vinal Colombia","description":"El mundo en una copa!","publisher":{"@id":"https:\/\/vinal.co\/#organization"},"potentialAction":[{"@type":"SearchAction","target":{"@type":"EntryPoint","urlTemplate":"https:\/\/vinal.co\/?s={search_term_string}"},"query-input":{"@type":"PropertyValueSpecification","valueRequired":true,"valueName":"search_term_string"}}],"inLanguage":"es"},{"@type":"Organization","@id":"https:\/\/vinal.co\/#organization","name":"VINAL COLOMBIA","url":"https:\/\/vinal.co\/","logo":{"@type":"ImageObject","inLanguage":"es","@id":"https:\/\/vinal.co\/#\/schema\/logo\/image\/","url":"https:\/\/i2.wp.com\/vinal.co\/wp-content\/uploads\/2020\/09\/Portugal-en-una-copa-Vinal-Colombia-Logo.png?fit=216%2C252&ssl=1","contentUrl":"https:\/\/i2.wp.com\/vinal.co\/wp-content\/uploads\/2020\/09\/Portugal-en-una-copa-Vinal-Colombia-Logo.png?fit=216%2C252&ssl=1","width":216,"height":252,"caption":"VINAL COLOMBIA"},"image":{"@id":"https:\/\/vinal.co\/#\/schema\/logo\/image\/"},"sameAs":["https:\/\/www.facebook.com\/VinalColombia\/","https:\/\/www.instagram.com\/vinalcolombia\/"]}]}},"_links":{"self":[{"href":"https:\/\/vinal.co\/index.php\/wp-json\/wp\/v2\/product\/12116","targetHints":{"allow":["GET"]}}],"collection":[{"href":"https:\/\/vinal.co\/index.php\/wp-json\/wp\/v2\/product"}],"about":[{"href":"https:\/\/vinal.co\/index.php\/wp-json\/wp\/v2\/types\/product"}],"version-history":[{"count":5,"href":"https:\/\/vinal.co\/index.php\/wp-json\/wp\/v2\/product\/12116\/revisions"}],"predecessor-version":[{"id":12118,"href":"https:\/\/vinal.co\/index.php\/wp-json\/wp\/v2\/product\/12116\/revisions\/12118"}],"wp:featuredmedia":[{"embeddable":true,"href":"https:\/\/vinal.co\/index.php\/wp-json\/wp\/v2\/media\/11924"}],"wp:attachment":[{"href":"https:\/\/vinal.co\/index.php\/wp-json\/wp\/v2\/media?parent=12116"}],"wp:term":[{"taxonomy":"product_brand","embeddable":true,"href":"https:\/\/vinal.co\/index.php\/wp-json\/wp\/v2\/product_brand?post=12116"},{"taxonomy":"product_cat","embeddable":true,"href":"https:\/\/vinal.co\/index.php\/wp-json\/wp\/v2\/product_cat?post=12116"},{"taxonomy":"product_tag","embeddable":true,"href":"https:\/\/vinal.co\/index.php\/wp-json\/wp\/v2\/product_tag?post=12116"}],"curies":[{"name":"wp","href":"https:\/\/api.w.org\/{rel}","templated":true}]}}