{"id":12121,"date":"2026-02-18T19:27:59","date_gmt":"2026-02-19T00:27:59","guid":{"rendered":"https:\/\/vinal.co\/?post_type=product&#038;p=12121"},"modified":"2026-03-08T12:42:48","modified_gmt":"2026-03-08T17:42:48","slug":"bianai-reserva","status":"publish","type":"product","link":"https:\/\/vinal.co\/index.php\/product\/bianai-reserva\/","title":{"rendered":"Bianai Reserva"},"content":{"rendered":"<p>El vino Bianai Reserva proviene de la Bodega Ugalde, bodega hist\u00f3rica creada en 1882 por Felipe Ugalde, pionera en la elaboraci\u00f3n de vino en Rioja. El secreto de estos vinos es la complejidad del terru\u00f1o y el respeto m\u00e1s absoluto a la joya m\u00e1s preciada: el vi\u00f1edo. Los vinos enclavados en terru\u00f1os de muy diferentes caracter\u00edsticas cuentan con distintos componentes de suelos, altitudes y localizaciones, lo que imprime una personalidad \u00fanica.<\/p>\n<h4><span style=\"color: #87764f;\"><a style=\"color: #87764f;\" href=\"https:\/\/vinal.co\/wp-content\/uploads\/2026\/03\/FT-Bianai-Reserva.pdf\" target=\"_blank\" rel=\"noopener noreferrer\">Ficha T\u00e9cnica<\/a><\/span><\/h4>\n","protected":false},"excerpt":{"rendered":"<p>REGI\u00d3N | Espa\u00f1a, Rioja<br \/>\nDOCa Rioja<br \/>\n18 meses en barrica<br \/>\nCEPAS | Tempranillo, Graciano y Mazuelo<br \/>\nNOTAS DE CATA | Color: De color rojo cereza claro. | Aroma: Intensos aromas a fruta madura,\u00a0redondeados con notas tostadas, aromas de toffe y vainilla. | Boca: En boca es goloso, aterciopelado y equilibrado, posee una estructura t\u00e1nica de gran calidad con muy buen balance.<\/p>\n","protected":false},"featured_media":11923,"template":"","meta":{"om_disable_all_campaigns":false,"_monsterinsights_skip_tracking":false,"_monsterinsights_sitenote_active":false,"_monsterinsights_sitenote_note":"","_monsterinsights_sitenote_category":0,"_uf_show_specific_survey":0,"_uf_disable_surveys":false,"_joinchat":[]},"product_brand":[184],"product_cat":[178,194,26,23],"product_tag":[201,206,207,181,91,35,28],"class_list":{"0":"post-12121","1":"product","2":"type-product","3":"status-publish","4":"has-post-thumbnail","6":"product_brand-bianai","7":"product_cat-espana","8":"product_cat-reserva","9":"product_cat-tinto","10":"product_cat-vino","11":"product_tag-espana","12":"product_tag-graciano","13":"product_tag-mazuelo","14":"product_tag-rioja","15":"product_tag-tempranillo","16":"product_tag-tinto","17":"product_tag-vino","19":"first","20":"instock","21":"shipping-taxable","22":"product-type-simple"},"yoast_head":"<!-- This site is optimized with the Yoast SEO plugin v27.3 - https:\/\/yoast.com\/product\/yoast-seo-wordpress\/ -->\n<title>Vino Bianai Reserva<\/title>\n<meta name=\"description\" content=\"El vino Bianai Reserva con taninos redondeados, textura aterciopelada y un final persistente que deja una impresi\u00f3n elegante.\" \/>\n<meta name=\"robots\" content=\"index, follow, max-snippet:-1, max-image-preview:large, max-video-preview:-1\" \/>\n<link rel=\"canonical\" href=\"https:\/\/vinal.co\/index.php\/product\/bianai-reserva\/\" \/>\n<meta property=\"og:locale\" content=\"es_ES\" \/>\n<meta property=\"og:type\" content=\"article\" \/>\n<meta property=\"og:title\" content=\"Vino Bianai Reserva\" \/>\n<meta property=\"og:description\" content=\"El vino Bianai Reserva con taninos redondeados, textura aterciopelada y un final persistente que deja una impresi\u00f3n elegante.\" \/>\n<meta property=\"og:url\" content=\"https:\/\/vinal.co\/index.php\/product\/bianai-reserva\/\" \/>\n<meta property=\"og:site_name\" content=\"Vinal Colombia\" \/>\n<meta property=\"article:publisher\" content=\"https:\/\/www.facebook.com\/VinalColombia\/\" \/>\n<meta property=\"article:modified_time\" content=\"2026-03-08T17:42:48+00:00\" \/>\n<meta property=\"og:image\" content=\"https:\/\/vinal.co\/wp-content\/uploads\/2026\/02\/Bianai-Res.png\" \/>\n\t<meta property=\"og:image:width\" content=\"840\" \/>\n\t<meta property=\"og:image:height\" content=\"840\" \/>\n\t<meta property=\"og:image:type\" content=\"image\/png\" \/>\n<meta name=\"twitter:card\" content=\"summary_large_image\" \/>\n<meta name=\"twitter:label1\" content=\"Tiempo de lectura\" \/>\n\t<meta name=\"twitter:data1\" content=\"1 minuto\" \/>\n<script type=\"application\/ld+json\" class=\"yoast-schema-graph\">{\"@context\":\"https:\\\/\\\/schema.org\",\"@graph\":[{\"@type\":\"WebPage\",\"@id\":\"https:\\\/\\\/vinal.co\\\/index.php\\\/product\\\/bianai-reserva\\\/\",\"url\":\"https:\\\/\\\/vinal.co\\\/index.php\\\/product\\\/bianai-reserva\\\/\",\"name\":\"Vino Bianai Reserva\",\"isPartOf\":{\"@id\":\"https:\\\/\\\/vinal.co\\\/#website\"},\"primaryImageOfPage\":{\"@id\":\"https:\\\/\\\/vinal.co\\\/index.php\\\/product\\\/bianai-reserva\\\/#primaryimage\"},\"image\":{\"@id\":\"https:\\\/\\\/vinal.co\\\/index.php\\\/product\\\/bianai-reserva\\\/#primaryimage\"},\"thumbnailUrl\":\"https:\\\/\\\/vinal.co\\\/wp-content\\\/uploads\\\/2026\\\/02\\\/Bianai-Res.png\",\"datePublished\":\"2026-02-19T00:27:59+00:00\",\"dateModified\":\"2026-03-08T17:42:48+00:00\",\"description\":\"El vino Bianai Reserva con taninos redondeados, textura aterciopelada y un final persistente que deja una impresi\u00f3n elegante.\",\"breadcrumb\":{\"@id\":\"https:\\\/\\\/vinal.co\\\/index.php\\\/product\\\/bianai-reserva\\\/#breadcrumb\"},\"inLanguage\":\"es\",\"potentialAction\":[{\"@type\":\"ReadAction\",\"target\":[\"https:\\\/\\\/vinal.co\\\/index.php\\\/product\\\/bianai-reserva\\\/\"]}]},{\"@type\":\"ImageObject\",\"inLanguage\":\"es\",\"@id\":\"https:\\\/\\\/vinal.co\\\/index.php\\\/product\\\/bianai-reserva\\\/#primaryimage\",\"url\":\"https:\\\/\\\/vinal.co\\\/wp-content\\\/uploads\\\/2026\\\/02\\\/Bianai-Res.png\",\"contentUrl\":\"https:\\\/\\\/vinal.co\\\/wp-content\\\/uploads\\\/2026\\\/02\\\/Bianai-Res.png\",\"width\":840,\"height\":840,\"caption\":\"Botella vino bianai reserva\"},{\"@type\":\"BreadcrumbList\",\"@id\":\"https:\\\/\\\/vinal.co\\\/index.php\\\/product\\\/bianai-reserva\\\/#breadcrumb\",\"itemListElement\":[{\"@type\":\"ListItem\",\"position\":1,\"name\":\"Inicio\",\"item\":\"https:\\\/\\\/vinal.co\\\/\"},{\"@type\":\"ListItem\",\"position\":2,\"name\":\"Comprar\",\"item\":\"https:\\\/\\\/vinal.co\\\/index.php\\\/vinal-colombia-vinos-y-alimentos\\\/\"},{\"@type\":\"ListItem\",\"position\":3,\"name\":\"Bianai Reserva\"}]},{\"@type\":\"WebSite\",\"@id\":\"https:\\\/\\\/vinal.co\\\/#website\",\"url\":\"https:\\\/\\\/vinal.co\\\/\",\"name\":\"Vinal Colombia\",\"description\":\"El mundo en una copa!\",\"publisher\":{\"@id\":\"https:\\\/\\\/vinal.co\\\/#organization\"},\"potentialAction\":[{\"@type\":\"SearchAction\",\"target\":{\"@type\":\"EntryPoint\",\"urlTemplate\":\"https:\\\/\\\/vinal.co\\\/?s={search_term_string}\"},\"query-input\":{\"@type\":\"PropertyValueSpecification\",\"valueRequired\":true,\"valueName\":\"search_term_string\"}}],\"inLanguage\":\"es\"},{\"@type\":\"Organization\",\"@id\":\"https:\\\/\\\/vinal.co\\\/#organization\",\"name\":\"VINAL COLOMBIA\",\"url\":\"https:\\\/\\\/vinal.co\\\/\",\"logo\":{\"@type\":\"ImageObject\",\"inLanguage\":\"es\",\"@id\":\"https:\\\/\\\/vinal.co\\\/#\\\/schema\\\/logo\\\/image\\\/\",\"url\":\"https:\\\/\\\/i2.wp.com\\\/vinal.co\\\/wp-content\\\/uploads\\\/2020\\\/09\\\/Portugal-en-una-copa-Vinal-Colombia-Logo.png?fit=216%2C252&ssl=1\",\"contentUrl\":\"https:\\\/\\\/i2.wp.com\\\/vinal.co\\\/wp-content\\\/uploads\\\/2020\\\/09\\\/Portugal-en-una-copa-Vinal-Colombia-Logo.png?fit=216%2C252&ssl=1\",\"width\":216,\"height\":252,\"caption\":\"VINAL COLOMBIA\"},\"image\":{\"@id\":\"https:\\\/\\\/vinal.co\\\/#\\\/schema\\\/logo\\\/image\\\/\"},\"sameAs\":[\"https:\\\/\\\/www.facebook.com\\\/VinalColombia\\\/\",\"https:\\\/\\\/www.instagram.com\\\/vinalcolombia\\\/\"]}]}<\/script>\n<!-- \/ Yoast SEO plugin. -->","yoast_head_json":{"title":"Vino Bianai Reserva","description":"El vino Bianai Reserva con taninos redondeados, textura aterciopelada y un final persistente que deja una impresi\u00f3n elegante.","robots":{"index":"index","follow":"follow","max-snippet":"max-snippet:-1","max-image-preview":"max-image-preview:large","max-video-preview":"max-video-preview:-1"},"canonical":"https:\/\/vinal.co\/index.php\/product\/bianai-reserva\/","og_locale":"es_ES","og_type":"article","og_title":"Vino Bianai Reserva","og_description":"El vino Bianai Reserva con taninos redondeados, textura aterciopelada y un final persistente que deja una impresi\u00f3n elegante.","og_url":"https:\/\/vinal.co\/index.php\/product\/bianai-reserva\/","og_site_name":"Vinal Colombia","article_publisher":"https:\/\/www.facebook.com\/VinalColombia\/","article_modified_time":"2026-03-08T17:42:48+00:00","og_image":[{"width":840,"height":840,"url":"https:\/\/vinal.co\/wp-content\/uploads\/2026\/02\/Bianai-Res.png","type":"image\/png"}],"twitter_card":"summary_large_image","twitter_misc":{"Tiempo de lectura":"1 minuto"},"schema":{"@context":"https:\/\/schema.org","@graph":[{"@type":"WebPage","@id":"https:\/\/vinal.co\/index.php\/product\/bianai-reserva\/","url":"https:\/\/vinal.co\/index.php\/product\/bianai-reserva\/","name":"Vino Bianai Reserva","isPartOf":{"@id":"https:\/\/vinal.co\/#website"},"primaryImageOfPage":{"@id":"https:\/\/vinal.co\/index.php\/product\/bianai-reserva\/#primaryimage"},"image":{"@id":"https:\/\/vinal.co\/index.php\/product\/bianai-reserva\/#primaryimage"},"thumbnailUrl":"https:\/\/vinal.co\/wp-content\/uploads\/2026\/02\/Bianai-Res.png","datePublished":"2026-02-19T00:27:59+00:00","dateModified":"2026-03-08T17:42:48+00:00","description":"El vino Bianai Reserva con taninos redondeados, textura aterciopelada y un final persistente que deja una impresi\u00f3n elegante.","breadcrumb":{"@id":"https:\/\/vinal.co\/index.php\/product\/bianai-reserva\/#breadcrumb"},"inLanguage":"es","potentialAction":[{"@type":"ReadAction","target":["https:\/\/vinal.co\/index.php\/product\/bianai-reserva\/"]}]},{"@type":"ImageObject","inLanguage":"es","@id":"https:\/\/vinal.co\/index.php\/product\/bianai-reserva\/#primaryimage","url":"https:\/\/vinal.co\/wp-content\/uploads\/2026\/02\/Bianai-Res.png","contentUrl":"https:\/\/vinal.co\/wp-content\/uploads\/2026\/02\/Bianai-Res.png","width":840,"height":840,"caption":"Botella vino bianai reserva"},{"@type":"BreadcrumbList","@id":"https:\/\/vinal.co\/index.php\/product\/bianai-reserva\/#breadcrumb","itemListElement":[{"@type":"ListItem","position":1,"name":"Inicio","item":"https:\/\/vinal.co\/"},{"@type":"ListItem","position":2,"name":"Comprar","item":"https:\/\/vinal.co\/index.php\/vinal-colombia-vinos-y-alimentos\/"},{"@type":"ListItem","position":3,"name":"Bianai Reserva"}]},{"@type":"WebSite","@id":"https:\/\/vinal.co\/#website","url":"https:\/\/vinal.co\/","name":"Vinal Colombia","description":"El mundo en una copa!","publisher":{"@id":"https:\/\/vinal.co\/#organization"},"potentialAction":[{"@type":"SearchAction","target":{"@type":"EntryPoint","urlTemplate":"https:\/\/vinal.co\/?s={search_term_string}"},"query-input":{"@type":"PropertyValueSpecification","valueRequired":true,"valueName":"search_term_string"}}],"inLanguage":"es"},{"@type":"Organization","@id":"https:\/\/vinal.co\/#organization","name":"VINAL COLOMBIA","url":"https:\/\/vinal.co\/","logo":{"@type":"ImageObject","inLanguage":"es","@id":"https:\/\/vinal.co\/#\/schema\/logo\/image\/","url":"https:\/\/i2.wp.com\/vinal.co\/wp-content\/uploads\/2020\/09\/Portugal-en-una-copa-Vinal-Colombia-Logo.png?fit=216%2C252&ssl=1","contentUrl":"https:\/\/i2.wp.com\/vinal.co\/wp-content\/uploads\/2020\/09\/Portugal-en-una-copa-Vinal-Colombia-Logo.png?fit=216%2C252&ssl=1","width":216,"height":252,"caption":"VINAL COLOMBIA"},"image":{"@id":"https:\/\/vinal.co\/#\/schema\/logo\/image\/"},"sameAs":["https:\/\/www.facebook.com\/VinalColombia\/","https:\/\/www.instagram.com\/vinalcolombia\/"]}]}},"_links":{"self":[{"href":"https:\/\/vinal.co\/index.php\/wp-json\/wp\/v2\/product\/12121","targetHints":{"allow":["GET"]}}],"collection":[{"href":"https:\/\/vinal.co\/index.php\/wp-json\/wp\/v2\/product"}],"about":[{"href":"https:\/\/vinal.co\/index.php\/wp-json\/wp\/v2\/types\/product"}],"version-history":[{"count":6,"href":"https:\/\/vinal.co\/index.php\/wp-json\/wp\/v2\/product\/12121\/revisions"}],"predecessor-version":[{"id":12125,"href":"https:\/\/vinal.co\/index.php\/wp-json\/wp\/v2\/product\/12121\/revisions\/12125"}],"wp:featuredmedia":[{"embeddable":true,"href":"https:\/\/vinal.co\/index.php\/wp-json\/wp\/v2\/media\/11923"}],"wp:attachment":[{"href":"https:\/\/vinal.co\/index.php\/wp-json\/wp\/v2\/media?parent=12121"}],"wp:term":[{"taxonomy":"product_brand","embeddable":true,"href":"https:\/\/vinal.co\/index.php\/wp-json\/wp\/v2\/product_brand?post=12121"},{"taxonomy":"product_cat","embeddable":true,"href":"https:\/\/vinal.co\/index.php\/wp-json\/wp\/v2\/product_cat?post=12121"},{"taxonomy":"product_tag","embeddable":true,"href":"https:\/\/vinal.co\/index.php\/wp-json\/wp\/v2\/product_tag?post=12121"}],"curies":[{"name":"wp","href":"https:\/\/api.w.org\/{rel}","templated":true}]}}