{"id":12132,"date":"2026-02-18T20:19:57","date_gmt":"2026-02-19T01:19:57","guid":{"rendered":"https:\/\/vinal.co\/?post_type=product&#038;p=12132"},"modified":"2026-03-08T18:05:49","modified_gmt":"2026-03-08T23:05:49","slug":"aveleda-solos-de-xisto","status":"publish","type":"product","link":"https:\/\/vinal.co\/index.php\/product\/aveleda-solos-de-xisto\/","title":{"rendered":"Aveleda Solos de Xisto"},"content":{"rendered":"<div class=\"page\" title=\"Page 9\">\n<div class=\"layoutArea\">\n<div class=\"column\">\n<div class=\"flex flex-col text-sm pb-25\">\n<article class=\"text-token-text-primary w-full focus:outline-none [--shadow-height:45px] has-data-writing-block:pointer-events-none has-data-writing-block:-mt-(--shadow-height) has-data-writing-block:pt-(--shadow-height) [&amp;:has([data-writing-block])&gt;*]:pointer-events-auto scroll-mt-[calc(var(--header-height)+min(200px,max(70px,20svh)))]\" dir=\"auto\" tabindex=\"-1\" data-turn-id=\"request-6994cd8d-0b78-832d-a382-5e8bc3830d13-49\" data-testid=\"conversation-turn-86\" data-scroll-anchor=\"true\" data-turn=\"assistant\">\n<div class=\"text-base my-auto mx-auto pb-10 [--thread-content-margin:--spacing(4)] @w-sm\/main:[--thread-content-margin:--spacing(6)] @w-lg\/main:[--thread-content-margin:--spacing(16)] px-(--thread-content-margin)\">\n<div class=\"[--thread-content-max-width:40rem] @w-lg\/main:[--thread-content-max-width:48rem] mx-auto max-w-(--thread-content-max-width) flex-1 group\/turn-messages focus-visible:outline-hidden relative flex w-full min-w-0 flex-col agent-turn\" tabindex=\"-1\">\n<div class=\"flex max-w-full flex-col grow\">\n<div class=\"min-h-8 text-message relative flex w-full flex-col items-end gap-2 text-start break-words whitespace-normal [.text-message+&amp;]:mt-1\" dir=\"auto\" data-message-author-role=\"assistant\" data-message-id=\"b95ce252-0cc0-48d5-90f8-d9b62f12d0bc\" data-message-model-slug=\"gpt-5-2\">\n<div class=\"flex w-full flex-col gap-1 empty:hidden first:pt-[1px]\">\n<div class=\"markdown prose dark:prose-invert w-full wrap-break-word light markdown-new-styling\">\n<p data-start=\"0\" data-end=\"42\">Diferentes terroirs, dan origen a vinos distinguidos como el Vino Aveleda Solos de Xisto<\/p>\n<p data-start=\"0\" data-end=\"188\">En una regi\u00f3n donde el granito cubre el 90% de la superficie, esta gama tambi\u00e9n explora las raras variedades de esquisto existentes y c\u00f3mo los diferentes suelos se reflejan en los vinos.<\/p>\n<p data-start=\"190\" data-end=\"459\">El esquisto es una roca sedimentaria formada por el aumento de presi\u00f3n sobre sedimentos que terminan fusion\u00e1ndose. Es una roca m\u00e1s f\u00e1cil de fragmentar, lo que permite un mayor desarrollo en profundidad del sistema radicular de la planta y una mayor retenci\u00f3n de agua.<\/p>\n<p data-start=\"461\" data-end=\"545\" data-is-last-node=\"\" data-is-only-node=\"\">Los vinos resultantes como el vino Aveleda Solos de Xisto son m\u00e1s estructurados, con mayor untuosidad y volumen en boca.<\/p>\n<\/div>\n<\/div>\n<\/div>\n<\/div>\n<\/div>\n<\/div>\n<\/article>\n<\/div>\n<\/div>\n<\/div>\n<\/div>\n<h4><span style=\"color: #857650;\">Premios<\/span><\/h4>\n<div class=\"page\" title=\"Page 9\">\n<div class=\"layoutArea\">\n<div class=\"column\">\n<div class=\"page\" title=\"Page 1\">\n<div class=\"section\">\n<div class=\"layoutArea\">\n<div class=\"column\">\n<ul>\n<li>James Suckling 93 puntos 2023<\/li>\n<li>International Wine Challenge 91 puntos 2023<\/li>\n<li>Wine Enthusiast 93 puntos 2023<\/li>\n<li>Wine Enthusiast 93 puntos 2022<\/li>\n<li>Andreas Larsson 92 puntos 2022<\/li>\n<\/ul>\n<\/div>\n<\/div>\n<\/div>\n<\/div>\n<p><span style=\"font-family: -apple-system, BlinkMacSystemFont, 'Segoe UI', Roboto, Oxygen-Sans, Ubuntu, Cantarell, 'Helvetica Neue', sans-serif;\">Entre otros<\/span><\/p>\n<\/div>\n<\/div>\n<\/div>\n<h4><span style=\"color: #87764f;\"><a style=\"color: #87764f;\" href=\"https:\/\/vinal.co\/wp-content\/uploads\/2026\/03\/FT-Aveleda-Solos-Xisto.pdf\" target=\"_blank\" rel=\"noopener noreferrer\">Ficha T\u00e9cnica<\/a><\/span><\/h4>\n<p><a href=\"https:\/\/vinal.co\/index.php\/2026\/03\/08\/que-es-el-vinho-verde\/\" target=\"_blank\" rel=\"noopener noreferrer\">Puedes leer m\u00e1s sobre el vino verde aqui<\/a><\/p>\n","protected":false},"excerpt":{"rendered":"<p>REGI\u00d3N | Portugal, Vinho Verde<br \/>\nCEPAS | Albari\u00f1o<br \/>\nNOTAS DE CATA | Color: Amarillo p\u00e1lido con reflejos dorados. | Aroma: Buena intensidad arom\u00e1tica, con notas muy evidentes de lima y lim\u00f3n, acompa\u00f1adas de un sutil toque de flor blanca. | Boca: Perfil aterciopelado y equilibrado, acompa\u00f1ado de una frescura muy elegante y un final largo.<\/p>\n","protected":false},"featured_media":11927,"template":"","meta":{"om_disable_all_campaigns":false,"_monsterinsights_skip_tracking":false,"_monsterinsights_sitenote_active":false,"_monsterinsights_sitenote_note":"","_monsterinsights_sitenote_category":0,"_uf_show_specific_survey":0,"_uf_disable_surveys":false,"_joinchat":[]},"product_brand":[182],"product_cat":[25,177,143,23],"product_tag":[171,170,36,29,30,28,90,31],"class_list":{"0":"post-12132","1":"product","2":"type-product","3":"status-publish","4":"has-post-thumbnail","6":"product_brand-aveleda","7":"product_cat-blanco","8":"product_cat-portugal","9":"product_cat-vino-verde","10":"product_cat-vino","11":"product_tag-albarino","12":"product_tag-alvarinho","13":"product_tag-portugal","14":"product_tag-vinho","15":"product_tag-vinho-verde","16":"product_tag-vino","17":"product_tag-vino-blanco","18":"product_tag-vino-verde","20":"first","21":"instock","22":"featured","23":"shipping-taxable","24":"product-type-simple"},"yoast_head":"<!-- This site is optimized with the Yoast SEO plugin v27.3 - https:\/\/yoast.com\/product\/yoast-seo-wordpress\/ -->\n<title>Vino Aveleda Solos de Xisto<\/title>\n<meta name=\"description\" content=\"El Vino Aveleda Solos de Xisto, diferentes terroirs, vinos distinguidos. Este vino expresa una identidad \u00fanica y diferenciada.\" \/>\n<meta name=\"robots\" content=\"index, follow, max-snippet:-1, max-image-preview:large, max-video-preview:-1\" \/>\n<link rel=\"canonical\" href=\"https:\/\/vinal.co\/index.php\/product\/aveleda-solos-de-xisto\/\" \/>\n<meta property=\"og:locale\" content=\"es_ES\" \/>\n<meta property=\"og:type\" content=\"article\" \/>\n<meta property=\"og:title\" content=\"Vino Aveleda Solos de Xisto\" \/>\n<meta property=\"og:description\" content=\"El Vino Aveleda Solos de Xisto, diferentes terroirs, vinos distinguidos. Este vino expresa una identidad \u00fanica y diferenciada.\" \/>\n<meta property=\"og:url\" content=\"https:\/\/vinal.co\/index.php\/product\/aveleda-solos-de-xisto\/\" \/>\n<meta property=\"og:site_name\" content=\"Vinal Colombia\" \/>\n<meta property=\"article:publisher\" content=\"https:\/\/www.facebook.com\/VinalColombia\/\" \/>\n<meta property=\"article:modified_time\" content=\"2026-03-08T23:05:49+00:00\" \/>\n<meta property=\"og:image\" content=\"https:\/\/vinal.co\/wp-content\/uploads\/2026\/02\/Aveleda-Sol-Six.png\" \/>\n\t<meta property=\"og:image:width\" content=\"840\" \/>\n\t<meta property=\"og:image:height\" content=\"840\" \/>\n\t<meta property=\"og:image:type\" content=\"image\/png\" \/>\n<meta name=\"twitter:card\" content=\"summary_large_image\" \/>\n<meta name=\"twitter:label1\" content=\"Tiempo de lectura\" \/>\n\t<meta name=\"twitter:data1\" content=\"1 minuto\" \/>\n<script type=\"application\/ld+json\" class=\"yoast-schema-graph\">{\"@context\":\"https:\\\/\\\/schema.org\",\"@graph\":[{\"@type\":\"WebPage\",\"@id\":\"https:\\\/\\\/vinal.co\\\/index.php\\\/product\\\/aveleda-solos-de-xisto\\\/\",\"url\":\"https:\\\/\\\/vinal.co\\\/index.php\\\/product\\\/aveleda-solos-de-xisto\\\/\",\"name\":\"Vino Aveleda Solos de Xisto\",\"isPartOf\":{\"@id\":\"https:\\\/\\\/vinal.co\\\/#website\"},\"primaryImageOfPage\":{\"@id\":\"https:\\\/\\\/vinal.co\\\/index.php\\\/product\\\/aveleda-solos-de-xisto\\\/#primaryimage\"},\"image\":{\"@id\":\"https:\\\/\\\/vinal.co\\\/index.php\\\/product\\\/aveleda-solos-de-xisto\\\/#primaryimage\"},\"thumbnailUrl\":\"https:\\\/\\\/vinal.co\\\/wp-content\\\/uploads\\\/2026\\\/02\\\/Aveleda-Sol-Six.png\",\"datePublished\":\"2026-02-19T01:19:57+00:00\",\"dateModified\":\"2026-03-08T23:05:49+00:00\",\"description\":\"El Vino Aveleda Solos de Xisto, diferentes terroirs, vinos distinguidos. Este vino expresa una identidad \u00fanica y diferenciada.\",\"breadcrumb\":{\"@id\":\"https:\\\/\\\/vinal.co\\\/index.php\\\/product\\\/aveleda-solos-de-xisto\\\/#breadcrumb\"},\"inLanguage\":\"es\",\"potentialAction\":[{\"@type\":\"ReadAction\",\"target\":[\"https:\\\/\\\/vinal.co\\\/index.php\\\/product\\\/aveleda-solos-de-xisto\\\/\"]}]},{\"@type\":\"ImageObject\",\"inLanguage\":\"es\",\"@id\":\"https:\\\/\\\/vinal.co\\\/index.php\\\/product\\\/aveleda-solos-de-xisto\\\/#primaryimage\",\"url\":\"https:\\\/\\\/vinal.co\\\/wp-content\\\/uploads\\\/2026\\\/02\\\/Aveleda-Sol-Six.png\",\"contentUrl\":\"https:\\\/\\\/vinal.co\\\/wp-content\\\/uploads\\\/2026\\\/02\\\/Aveleda-Sol-Six.png\",\"width\":840,\"height\":840,\"caption\":\"Botella vino blanco Aveleda solos de xisto\"},{\"@type\":\"BreadcrumbList\",\"@id\":\"https:\\\/\\\/vinal.co\\\/index.php\\\/product\\\/aveleda-solos-de-xisto\\\/#breadcrumb\",\"itemListElement\":[{\"@type\":\"ListItem\",\"position\":1,\"name\":\"Inicio\",\"item\":\"https:\\\/\\\/vinal.co\\\/\"},{\"@type\":\"ListItem\",\"position\":2,\"name\":\"Comprar\",\"item\":\"https:\\\/\\\/vinal.co\\\/index.php\\\/vinal-colombia-vinos-y-alimentos\\\/\"},{\"@type\":\"ListItem\",\"position\":3,\"name\":\"Aveleda Solos de Xisto\"}]},{\"@type\":\"WebSite\",\"@id\":\"https:\\\/\\\/vinal.co\\\/#website\",\"url\":\"https:\\\/\\\/vinal.co\\\/\",\"name\":\"Vinal Colombia\",\"description\":\"El mundo en una copa!\",\"publisher\":{\"@id\":\"https:\\\/\\\/vinal.co\\\/#organization\"},\"potentialAction\":[{\"@type\":\"SearchAction\",\"target\":{\"@type\":\"EntryPoint\",\"urlTemplate\":\"https:\\\/\\\/vinal.co\\\/?s={search_term_string}\"},\"query-input\":{\"@type\":\"PropertyValueSpecification\",\"valueRequired\":true,\"valueName\":\"search_term_string\"}}],\"inLanguage\":\"es\"},{\"@type\":\"Organization\",\"@id\":\"https:\\\/\\\/vinal.co\\\/#organization\",\"name\":\"VINAL COLOMBIA\",\"url\":\"https:\\\/\\\/vinal.co\\\/\",\"logo\":{\"@type\":\"ImageObject\",\"inLanguage\":\"es\",\"@id\":\"https:\\\/\\\/vinal.co\\\/#\\\/schema\\\/logo\\\/image\\\/\",\"url\":\"https:\\\/\\\/i2.wp.com\\\/vinal.co\\\/wp-content\\\/uploads\\\/2020\\\/09\\\/Portugal-en-una-copa-Vinal-Colombia-Logo.png?fit=216%2C252&ssl=1\",\"contentUrl\":\"https:\\\/\\\/i2.wp.com\\\/vinal.co\\\/wp-content\\\/uploads\\\/2020\\\/09\\\/Portugal-en-una-copa-Vinal-Colombia-Logo.png?fit=216%2C252&ssl=1\",\"width\":216,\"height\":252,\"caption\":\"VINAL COLOMBIA\"},\"image\":{\"@id\":\"https:\\\/\\\/vinal.co\\\/#\\\/schema\\\/logo\\\/image\\\/\"},\"sameAs\":[\"https:\\\/\\\/www.facebook.com\\\/VinalColombia\\\/\",\"https:\\\/\\\/www.instagram.com\\\/vinalcolombia\\\/\"]}]}<\/script>\n<!-- \/ Yoast SEO plugin. -->","yoast_head_json":{"title":"Vino Aveleda Solos de Xisto","description":"El Vino Aveleda Solos de Xisto, diferentes terroirs, vinos distinguidos. Este vino expresa una identidad \u00fanica y diferenciada.","robots":{"index":"index","follow":"follow","max-snippet":"max-snippet:-1","max-image-preview":"max-image-preview:large","max-video-preview":"max-video-preview:-1"},"canonical":"https:\/\/vinal.co\/index.php\/product\/aveleda-solos-de-xisto\/","og_locale":"es_ES","og_type":"article","og_title":"Vino Aveleda Solos de Xisto","og_description":"El Vino Aveleda Solos de Xisto, diferentes terroirs, vinos distinguidos. Este vino expresa una identidad \u00fanica y diferenciada.","og_url":"https:\/\/vinal.co\/index.php\/product\/aveleda-solos-de-xisto\/","og_site_name":"Vinal Colombia","article_publisher":"https:\/\/www.facebook.com\/VinalColombia\/","article_modified_time":"2026-03-08T23:05:49+00:00","og_image":[{"width":840,"height":840,"url":"https:\/\/vinal.co\/wp-content\/uploads\/2026\/02\/Aveleda-Sol-Six.png","type":"image\/png"}],"twitter_card":"summary_large_image","twitter_misc":{"Tiempo de lectura":"1 minuto"},"schema":{"@context":"https:\/\/schema.org","@graph":[{"@type":"WebPage","@id":"https:\/\/vinal.co\/index.php\/product\/aveleda-solos-de-xisto\/","url":"https:\/\/vinal.co\/index.php\/product\/aveleda-solos-de-xisto\/","name":"Vino Aveleda Solos de Xisto","isPartOf":{"@id":"https:\/\/vinal.co\/#website"},"primaryImageOfPage":{"@id":"https:\/\/vinal.co\/index.php\/product\/aveleda-solos-de-xisto\/#primaryimage"},"image":{"@id":"https:\/\/vinal.co\/index.php\/product\/aveleda-solos-de-xisto\/#primaryimage"},"thumbnailUrl":"https:\/\/vinal.co\/wp-content\/uploads\/2026\/02\/Aveleda-Sol-Six.png","datePublished":"2026-02-19T01:19:57+00:00","dateModified":"2026-03-08T23:05:49+00:00","description":"El Vino Aveleda Solos de Xisto, diferentes terroirs, vinos distinguidos. Este vino expresa una identidad \u00fanica y diferenciada.","breadcrumb":{"@id":"https:\/\/vinal.co\/index.php\/product\/aveleda-solos-de-xisto\/#breadcrumb"},"inLanguage":"es","potentialAction":[{"@type":"ReadAction","target":["https:\/\/vinal.co\/index.php\/product\/aveleda-solos-de-xisto\/"]}]},{"@type":"ImageObject","inLanguage":"es","@id":"https:\/\/vinal.co\/index.php\/product\/aveleda-solos-de-xisto\/#primaryimage","url":"https:\/\/vinal.co\/wp-content\/uploads\/2026\/02\/Aveleda-Sol-Six.png","contentUrl":"https:\/\/vinal.co\/wp-content\/uploads\/2026\/02\/Aveleda-Sol-Six.png","width":840,"height":840,"caption":"Botella vino blanco Aveleda solos de xisto"},{"@type":"BreadcrumbList","@id":"https:\/\/vinal.co\/index.php\/product\/aveleda-solos-de-xisto\/#breadcrumb","itemListElement":[{"@type":"ListItem","position":1,"name":"Inicio","item":"https:\/\/vinal.co\/"},{"@type":"ListItem","position":2,"name":"Comprar","item":"https:\/\/vinal.co\/index.php\/vinal-colombia-vinos-y-alimentos\/"},{"@type":"ListItem","position":3,"name":"Aveleda Solos de Xisto"}]},{"@type":"WebSite","@id":"https:\/\/vinal.co\/#website","url":"https:\/\/vinal.co\/","name":"Vinal Colombia","description":"El mundo en una copa!","publisher":{"@id":"https:\/\/vinal.co\/#organization"},"potentialAction":[{"@type":"SearchAction","target":{"@type":"EntryPoint","urlTemplate":"https:\/\/vinal.co\/?s={search_term_string}"},"query-input":{"@type":"PropertyValueSpecification","valueRequired":true,"valueName":"search_term_string"}}],"inLanguage":"es"},{"@type":"Organization","@id":"https:\/\/vinal.co\/#organization","name":"VINAL COLOMBIA","url":"https:\/\/vinal.co\/","logo":{"@type":"ImageObject","inLanguage":"es","@id":"https:\/\/vinal.co\/#\/schema\/logo\/image\/","url":"https:\/\/i2.wp.com\/vinal.co\/wp-content\/uploads\/2020\/09\/Portugal-en-una-copa-Vinal-Colombia-Logo.png?fit=216%2C252&ssl=1","contentUrl":"https:\/\/i2.wp.com\/vinal.co\/wp-content\/uploads\/2020\/09\/Portugal-en-una-copa-Vinal-Colombia-Logo.png?fit=216%2C252&ssl=1","width":216,"height":252,"caption":"VINAL COLOMBIA"},"image":{"@id":"https:\/\/vinal.co\/#\/schema\/logo\/image\/"},"sameAs":["https:\/\/www.facebook.com\/VinalColombia\/","https:\/\/www.instagram.com\/vinalcolombia\/"]}]}},"_links":{"self":[{"href":"https:\/\/vinal.co\/index.php\/wp-json\/wp\/v2\/product\/12132","targetHints":{"allow":["GET"]}}],"collection":[{"href":"https:\/\/vinal.co\/index.php\/wp-json\/wp\/v2\/product"}],"about":[{"href":"https:\/\/vinal.co\/index.php\/wp-json\/wp\/v2\/types\/product"}],"version-history":[{"count":6,"href":"https:\/\/vinal.co\/index.php\/wp-json\/wp\/v2\/product\/12132\/revisions"}],"predecessor-version":[{"id":12134,"href":"https:\/\/vinal.co\/index.php\/wp-json\/wp\/v2\/product\/12132\/revisions\/12134"}],"wp:featuredmedia":[{"embeddable":true,"href":"https:\/\/vinal.co\/index.php\/wp-json\/wp\/v2\/media\/11927"}],"wp:attachment":[{"href":"https:\/\/vinal.co\/index.php\/wp-json\/wp\/v2\/media?parent=12132"}],"wp:term":[{"taxonomy":"product_brand","embeddable":true,"href":"https:\/\/vinal.co\/index.php\/wp-json\/wp\/v2\/product_brand?post=12132"},{"taxonomy":"product_cat","embeddable":true,"href":"https:\/\/vinal.co\/index.php\/wp-json\/wp\/v2\/product_cat?post=12132"},{"taxonomy":"product_tag","embeddable":true,"href":"https:\/\/vinal.co\/index.php\/wp-json\/wp\/v2\/product_tag?post=12132"}],"curies":[{"name":"wp","href":"https:\/\/api.w.org\/{rel}","templated":true}]}}