{"id":1480,"date":"2019-09-29T21:59:42","date_gmt":"2019-09-30T02:59:42","guid":{"rendered":"http:\/\/vinal.co\/?post_type=product&#038;p=1480"},"modified":"2026-03-08T13:51:41","modified_gmt":"2026-03-08T18:51:41","slug":"pocas-porto-blanco","status":"publish","type":"product","link":"https:\/\/vinal.co\/index.php\/product\/pocas-porto-blanco\/","title":{"rendered":"Po\u00e7as Porto Blanco"},"content":{"rendered":"<p class=\"p1\">El Porto Po\u00e7as Blanco es un vino fortificado o generoso de la regi\u00f3n del Douro. De aromas c\u00edtricos y tropicales de pi\u00f1a y pl\u00e1tano. En boca es suave y persistente, equilibrado y elegante.<\/p>\n<p class=\"p1\">De sabor afrutado,\u00a0 es muy agradable como aperitivo, debe servirse refrigerado. Ideal para acompa\u00f1ar quesos suaves, frutos secos, almendras y aceitunas.<\/p>\n<h5><span style=\"color: #87764f;\">Premios<\/span><\/h5>\n<ul>\n<li>89 Puntos &#8211; Wine Enthusiast<\/li>\n<li>88 Wine Spectator<\/li>\n<li>88 For the Love of Port<\/li>\n<\/ul>\n<h4><span style=\"color: #87764f;\"><a style=\"color: #87764f;\" href=\"https:\/\/vinal.co\/wp-content\/uploads\/2026\/03\/FT-Pocas-Blanco.pdf\" target=\"_blank\" rel=\"noopener noreferrer\">Ficha T\u00e9cnica<\/a><\/span><\/h4>\n","protected":false},"excerpt":{"rendered":"<p>REGI\u00d3N | Portugal, Douro<br \/>\nCEPAS | Malvasia Fina 25%, C\u00f3dega 25%, Rabigato 25%, Viosinho 25%<br \/>\n36 meses en barricas de roble.<br \/>\nNOTAS DE CATA | Color: De color blanco | Aroma:\u00a0 Aromas c\u00edtricos y tropicales de pi\u00f1a y pl\u00e1tano. | Boca: En boca es bien equilibrado, elegante, suave y persistente.<\/p>\n<p><img decoding=\"async\" class=\"alignnone wp-image-11996\" src=\"https:\/\/vinal.co\/wp-content\/uploads\/2026\/02\/vegano.png\" alt=\"Sello Vegano\" width=\"88\" height=\"110\" srcset=\"https:\/\/vinal.co\/wp-content\/uploads\/2026\/02\/vegano.png 1417w, https:\/\/vinal.co\/wp-content\/uploads\/2026\/02\/vegano-240x300.png 240w, https:\/\/vinal.co\/wp-content\/uploads\/2026\/02\/vegano-819x1024.png 819w, https:\/\/vinal.co\/wp-content\/uploads\/2026\/02\/vegano-768x960.png 768w, https:\/\/vinal.co\/wp-content\/uploads\/2026\/02\/vegano-1228x1536.png 1228w, https:\/\/vinal.co\/wp-content\/uploads\/2026\/02\/vegano-600x750.png 600w\" sizes=\"(max-width: 88px) 100vw, 88px\" \/><\/p>\n","protected":false},"featured_media":11900,"template":"","meta":{"om_disable_all_campaigns":false,"_monsterinsights_skip_tracking":false,"_monsterinsights_sitenote_active":false,"_monsterinsights_sitenote_note":"","_monsterinsights_sitenote_category":0,"_uf_show_specific_survey":0,"_uf_disable_surveys":false,"_joinchat":[]},"product_brand":[189],"product_cat":[25,80,177,23],"product_tag":[48,32,86,85,157,81,36,83,29,28,156,84],"class_list":{"0":"post-1480","1":"product","2":"type-product","3":"status-publish","4":"has-post-thumbnail","6":"product_brand-pocas","7":"product_cat-blanco","8":"product_cat-porto","9":"product_cat-portugal","10":"product_cat-vino","11":"product_tag-barrica","12":"product_tag-blanco","13":"product_tag-codega","14":"product_tag-malvasia-fina","15":"product_tag-oporto","16":"product_tag-porto","17":"product_tag-portugal","18":"product_tag-rabigato","19":"product_tag-vinho","20":"product_tag-vino","21":"product_tag-vino-para-postre","22":"product_tag-viosinho","24":"first","25":"instock","26":"featured","27":"shipping-taxable","28":"product-type-simple"},"yoast_head":"<!-- This site is optimized with the Yoast SEO plugin v27.3 - https:\/\/yoast.com\/product\/yoast-seo-wordpress\/ -->\n<title>Po\u00e7as Porto Blanco<\/title>\n<meta name=\"description\" content=\"El oporto o porto Po\u00e7as Blanco es un vino fortificado o generoso de la regi\u00f3n del Douro. De aromas c\u00edtricos y tropicales de pi\u00f1a y pl\u00e1tano.\" \/>\n<meta name=\"robots\" content=\"index, follow, max-snippet:-1, max-image-preview:large, max-video-preview:-1\" \/>\n<link rel=\"canonical\" href=\"https:\/\/vinal.co\/index.php\/product\/pocas-porto-blanco\/\" \/>\n<meta property=\"og:locale\" content=\"es_ES\" \/>\n<meta property=\"og:type\" content=\"article\" \/>\n<meta property=\"og:title\" content=\"Po\u00e7as Porto Blanco\" \/>\n<meta property=\"og:description\" content=\"El oporto o porto Po\u00e7as Blanco es un vino fortificado o generoso de la regi\u00f3n del Douro. De aromas c\u00edtricos y tropicales de pi\u00f1a y pl\u00e1tano.\" \/>\n<meta property=\"og:url\" content=\"https:\/\/vinal.co\/index.php\/product\/pocas-porto-blanco\/\" \/>\n<meta property=\"og:site_name\" content=\"Vinal Colombia\" \/>\n<meta property=\"article:publisher\" content=\"https:\/\/www.facebook.com\/VinalColombia\/\" \/>\n<meta property=\"article:modified_time\" content=\"2026-03-08T18:51:41+00:00\" \/>\n<meta property=\"og:image\" content=\"https:\/\/vinal.co\/wp-content\/uploads\/2026\/02\/Pocas-BL.png\" \/>\n\t<meta property=\"og:image:width\" content=\"840\" \/>\n\t<meta property=\"og:image:height\" content=\"840\" \/>\n\t<meta property=\"og:image:type\" content=\"image\/png\" \/>\n<meta name=\"twitter:card\" content=\"summary_large_image\" \/>\n<meta name=\"twitter:label1\" content=\"Tiempo de lectura\" \/>\n\t<meta name=\"twitter:data1\" content=\"1 minuto\" \/>\n<script type=\"application\/ld+json\" class=\"yoast-schema-graph\">{\"@context\":\"https:\\\/\\\/schema.org\",\"@graph\":[{\"@type\":\"WebPage\",\"@id\":\"https:\\\/\\\/vinal.co\\\/index.php\\\/product\\\/pocas-porto-blanco\\\/\",\"url\":\"https:\\\/\\\/vinal.co\\\/index.php\\\/product\\\/pocas-porto-blanco\\\/\",\"name\":\"Po\u00e7as Porto Blanco\",\"isPartOf\":{\"@id\":\"https:\\\/\\\/vinal.co\\\/#website\"},\"primaryImageOfPage\":{\"@id\":\"https:\\\/\\\/vinal.co\\\/index.php\\\/product\\\/pocas-porto-blanco\\\/#primaryimage\"},\"image\":{\"@id\":\"https:\\\/\\\/vinal.co\\\/index.php\\\/product\\\/pocas-porto-blanco\\\/#primaryimage\"},\"thumbnailUrl\":\"https:\\\/\\\/vinal.co\\\/wp-content\\\/uploads\\\/2026\\\/02\\\/Pocas-BL.png\",\"datePublished\":\"2019-09-30T02:59:42+00:00\",\"dateModified\":\"2026-03-08T18:51:41+00:00\",\"description\":\"El oporto o porto Po\u00e7as Blanco es un vino fortificado o generoso de la regi\u00f3n del Douro. De aromas c\u00edtricos y tropicales de pi\u00f1a y pl\u00e1tano.\",\"breadcrumb\":{\"@id\":\"https:\\\/\\\/vinal.co\\\/index.php\\\/product\\\/pocas-porto-blanco\\\/#breadcrumb\"},\"inLanguage\":\"es\",\"potentialAction\":[{\"@type\":\"ReadAction\",\"target\":[\"https:\\\/\\\/vinal.co\\\/index.php\\\/product\\\/pocas-porto-blanco\\\/\"]}]},{\"@type\":\"ImageObject\",\"inLanguage\":\"es\",\"@id\":\"https:\\\/\\\/vinal.co\\\/index.php\\\/product\\\/pocas-porto-blanco\\\/#primaryimage\",\"url\":\"https:\\\/\\\/vinal.co\\\/wp-content\\\/uploads\\\/2026\\\/02\\\/Pocas-BL.png\",\"contentUrl\":\"https:\\\/\\\/vinal.co\\\/wp-content\\\/uploads\\\/2026\\\/02\\\/Pocas-BL.png\",\"width\":840,\"height\":840,\"caption\":\"Botella Porto Po\u00e7as blanco\"},{\"@type\":\"BreadcrumbList\",\"@id\":\"https:\\\/\\\/vinal.co\\\/index.php\\\/product\\\/pocas-porto-blanco\\\/#breadcrumb\",\"itemListElement\":[{\"@type\":\"ListItem\",\"position\":1,\"name\":\"Inicio\",\"item\":\"https:\\\/\\\/vinal.co\\\/\"},{\"@type\":\"ListItem\",\"position\":2,\"name\":\"Comprar\",\"item\":\"https:\\\/\\\/vinal.co\\\/index.php\\\/vinal-colombia-vinos-y-alimentos\\\/\"},{\"@type\":\"ListItem\",\"position\":3,\"name\":\"Po\u00e7as Porto Blanco\"}]},{\"@type\":\"WebSite\",\"@id\":\"https:\\\/\\\/vinal.co\\\/#website\",\"url\":\"https:\\\/\\\/vinal.co\\\/\",\"name\":\"Vinal Colombia\",\"description\":\"El mundo en una copa!\",\"publisher\":{\"@id\":\"https:\\\/\\\/vinal.co\\\/#organization\"},\"potentialAction\":[{\"@type\":\"SearchAction\",\"target\":{\"@type\":\"EntryPoint\",\"urlTemplate\":\"https:\\\/\\\/vinal.co\\\/?s={search_term_string}\"},\"query-input\":{\"@type\":\"PropertyValueSpecification\",\"valueRequired\":true,\"valueName\":\"search_term_string\"}}],\"inLanguage\":\"es\"},{\"@type\":\"Organization\",\"@id\":\"https:\\\/\\\/vinal.co\\\/#organization\",\"name\":\"VINAL COLOMBIA\",\"url\":\"https:\\\/\\\/vinal.co\\\/\",\"logo\":{\"@type\":\"ImageObject\",\"inLanguage\":\"es\",\"@id\":\"https:\\\/\\\/vinal.co\\\/#\\\/schema\\\/logo\\\/image\\\/\",\"url\":\"https:\\\/\\\/i2.wp.com\\\/vinal.co\\\/wp-content\\\/uploads\\\/2020\\\/09\\\/Portugal-en-una-copa-Vinal-Colombia-Logo.png?fit=216%2C252&ssl=1\",\"contentUrl\":\"https:\\\/\\\/i2.wp.com\\\/vinal.co\\\/wp-content\\\/uploads\\\/2020\\\/09\\\/Portugal-en-una-copa-Vinal-Colombia-Logo.png?fit=216%2C252&ssl=1\",\"width\":216,\"height\":252,\"caption\":\"VINAL COLOMBIA\"},\"image\":{\"@id\":\"https:\\\/\\\/vinal.co\\\/#\\\/schema\\\/logo\\\/image\\\/\"},\"sameAs\":[\"https:\\\/\\\/www.facebook.com\\\/VinalColombia\\\/\",\"https:\\\/\\\/www.instagram.com\\\/vinalcolombia\\\/\"]}]}<\/script>\n<!-- \/ Yoast SEO plugin. -->","yoast_head_json":{"title":"Po\u00e7as Porto Blanco","description":"El oporto o porto Po\u00e7as Blanco es un vino fortificado o generoso de la regi\u00f3n del Douro. De aromas c\u00edtricos y tropicales de pi\u00f1a y pl\u00e1tano.","robots":{"index":"index","follow":"follow","max-snippet":"max-snippet:-1","max-image-preview":"max-image-preview:large","max-video-preview":"max-video-preview:-1"},"canonical":"https:\/\/vinal.co\/index.php\/product\/pocas-porto-blanco\/","og_locale":"es_ES","og_type":"article","og_title":"Po\u00e7as Porto Blanco","og_description":"El oporto o porto Po\u00e7as Blanco es un vino fortificado o generoso de la regi\u00f3n del Douro. De aromas c\u00edtricos y tropicales de pi\u00f1a y pl\u00e1tano.","og_url":"https:\/\/vinal.co\/index.php\/product\/pocas-porto-blanco\/","og_site_name":"Vinal Colombia","article_publisher":"https:\/\/www.facebook.com\/VinalColombia\/","article_modified_time":"2026-03-08T18:51:41+00:00","og_image":[{"width":840,"height":840,"url":"https:\/\/vinal.co\/wp-content\/uploads\/2026\/02\/Pocas-BL.png","type":"image\/png"}],"twitter_card":"summary_large_image","twitter_misc":{"Tiempo de lectura":"1 minuto"},"schema":{"@context":"https:\/\/schema.org","@graph":[{"@type":"WebPage","@id":"https:\/\/vinal.co\/index.php\/product\/pocas-porto-blanco\/","url":"https:\/\/vinal.co\/index.php\/product\/pocas-porto-blanco\/","name":"Po\u00e7as Porto Blanco","isPartOf":{"@id":"https:\/\/vinal.co\/#website"},"primaryImageOfPage":{"@id":"https:\/\/vinal.co\/index.php\/product\/pocas-porto-blanco\/#primaryimage"},"image":{"@id":"https:\/\/vinal.co\/index.php\/product\/pocas-porto-blanco\/#primaryimage"},"thumbnailUrl":"https:\/\/vinal.co\/wp-content\/uploads\/2026\/02\/Pocas-BL.png","datePublished":"2019-09-30T02:59:42+00:00","dateModified":"2026-03-08T18:51:41+00:00","description":"El oporto o porto Po\u00e7as Blanco es un vino fortificado o generoso de la regi\u00f3n del Douro. De aromas c\u00edtricos y tropicales de pi\u00f1a y pl\u00e1tano.","breadcrumb":{"@id":"https:\/\/vinal.co\/index.php\/product\/pocas-porto-blanco\/#breadcrumb"},"inLanguage":"es","potentialAction":[{"@type":"ReadAction","target":["https:\/\/vinal.co\/index.php\/product\/pocas-porto-blanco\/"]}]},{"@type":"ImageObject","inLanguage":"es","@id":"https:\/\/vinal.co\/index.php\/product\/pocas-porto-blanco\/#primaryimage","url":"https:\/\/vinal.co\/wp-content\/uploads\/2026\/02\/Pocas-BL.png","contentUrl":"https:\/\/vinal.co\/wp-content\/uploads\/2026\/02\/Pocas-BL.png","width":840,"height":840,"caption":"Botella Porto Po\u00e7as blanco"},{"@type":"BreadcrumbList","@id":"https:\/\/vinal.co\/index.php\/product\/pocas-porto-blanco\/#breadcrumb","itemListElement":[{"@type":"ListItem","position":1,"name":"Inicio","item":"https:\/\/vinal.co\/"},{"@type":"ListItem","position":2,"name":"Comprar","item":"https:\/\/vinal.co\/index.php\/vinal-colombia-vinos-y-alimentos\/"},{"@type":"ListItem","position":3,"name":"Po\u00e7as Porto Blanco"}]},{"@type":"WebSite","@id":"https:\/\/vinal.co\/#website","url":"https:\/\/vinal.co\/","name":"Vinal Colombia","description":"El mundo en una copa!","publisher":{"@id":"https:\/\/vinal.co\/#organization"},"potentialAction":[{"@type":"SearchAction","target":{"@type":"EntryPoint","urlTemplate":"https:\/\/vinal.co\/?s={search_term_string}"},"query-input":{"@type":"PropertyValueSpecification","valueRequired":true,"valueName":"search_term_string"}}],"inLanguage":"es"},{"@type":"Organization","@id":"https:\/\/vinal.co\/#organization","name":"VINAL COLOMBIA","url":"https:\/\/vinal.co\/","logo":{"@type":"ImageObject","inLanguage":"es","@id":"https:\/\/vinal.co\/#\/schema\/logo\/image\/","url":"https:\/\/i2.wp.com\/vinal.co\/wp-content\/uploads\/2020\/09\/Portugal-en-una-copa-Vinal-Colombia-Logo.png?fit=216%2C252&ssl=1","contentUrl":"https:\/\/i2.wp.com\/vinal.co\/wp-content\/uploads\/2020\/09\/Portugal-en-una-copa-Vinal-Colombia-Logo.png?fit=216%2C252&ssl=1","width":216,"height":252,"caption":"VINAL COLOMBIA"},"image":{"@id":"https:\/\/vinal.co\/#\/schema\/logo\/image\/"},"sameAs":["https:\/\/www.facebook.com\/VinalColombia\/","https:\/\/www.instagram.com\/vinalcolombia\/"]}]}},"_links":{"self":[{"href":"https:\/\/vinal.co\/index.php\/wp-json\/wp\/v2\/product\/1480","targetHints":{"allow":["GET"]}}],"collection":[{"href":"https:\/\/vinal.co\/index.php\/wp-json\/wp\/v2\/product"}],"about":[{"href":"https:\/\/vinal.co\/index.php\/wp-json\/wp\/v2\/types\/product"}],"version-history":[{"count":11,"href":"https:\/\/vinal.co\/index.php\/wp-json\/wp\/v2\/product\/1480\/revisions"}],"predecessor-version":[{"id":1727,"href":"https:\/\/vinal.co\/index.php\/wp-json\/wp\/v2\/product\/1480\/revisions\/1727"}],"wp:featuredmedia":[{"embeddable":true,"href":"https:\/\/vinal.co\/index.php\/wp-json\/wp\/v2\/media\/11900"}],"wp:attachment":[{"href":"https:\/\/vinal.co\/index.php\/wp-json\/wp\/v2\/media?parent=1480"}],"wp:term":[{"taxonomy":"product_brand","embeddable":true,"href":"https:\/\/vinal.co\/index.php\/wp-json\/wp\/v2\/product_brand?post=1480"},{"taxonomy":"product_cat","embeddable":true,"href":"https:\/\/vinal.co\/index.php\/wp-json\/wp\/v2\/product_cat?post=1480"},{"taxonomy":"product_tag","embeddable":true,"href":"https:\/\/vinal.co\/index.php\/wp-json\/wp\/v2\/product_tag?post=1480"}],"curies":[{"name":"wp","href":"https:\/\/api.w.org\/{rel}","templated":true}]}}