{"id":2097,"date":"2020-09-22T09:51:40","date_gmt":"2020-09-22T14:51:40","guid":{"rendered":"https:\/\/vinal.co\/?post_type=product&#038;p=2097"},"modified":"2026-03-08T18:07:41","modified_gmt":"2026-03-08T23:07:41","slug":"ponte-de-lima-loureiro","status":"publish","type":"product","link":"https:\/\/vinal.co\/index.php\/product\/ponte-de-lima-loureiro\/","title":{"rendered":"Vinho Verde Ponte De Lima Loureiro"},"content":{"rendered":"<p>Entre los vinos blancos de la regi\u00f3n de Ponte De Lima, la variedad Loureiro tiene una especial importancia por su magn\u00edfica adaptaci\u00f3n al terroir del Valle de Lima, su lugar de nacimiento, haciendo vinos altamente apreciados por su aroma y cualidades organol\u00e9pticas.<\/p>\n<h4><span style=\"color: #857650;\">Premios<\/span><\/h4>\n<ul>\n<li class=\"p1\">Medalla de Oro &#8211; Berliner Wine Trophy, Berlin\/19<\/li>\n<li class=\"p1\">Medalla de Plata &#8211; Prodexpo, Rusia RU\/18-19.<\/li>\n<li class=\"p1\">Medalla de Plata &#8211; Decanter Asia Wine Awards HK\/15<\/li>\n<li class=\"p1\">Medalla de Plata &#8211; Wine Master Challenge PT\/15<\/li>\n<li class=\"p1\">Medalla de Bronce &#8211; International Wine Challenge UK\/15-19<\/li>\n<li class=\"p1\">Medalla de Bronce &#8211; International Wine &amp; Spirits Competition UK\/15<\/li>\n<\/ul>\n<h4><span style=\"color: #87764f;\"><a style=\"color: #87764f;\" href=\"https:\/\/vinal.co\/wp-content\/uploads\/2026\/03\/FT-Ponte-De-Lima.pdf\" target=\"_blank\" rel=\"noopener noreferrer\">Ficha T\u00e9cnica<\/a><\/span><\/h4>\n<p><a href=\"https:\/\/vinal.co\/index.php\/2026\/03\/08\/que-es-el-vinho-verde\/\" target=\"_blank\" rel=\"noopener noreferrer\">Puedes leer m\u00e1s sobre el vino verde aqui<\/a><\/p>\n","protected":false},"excerpt":{"rendered":"<p>REGI\u00d3N | Portugal, Vinho Verde<br \/>\nCEPAS | Loureiro<br \/>\nNOTAS DE CATA | Color:\u00a0Es un vino claro, de color amarillo p\u00e1lido con reflejos dorados. | Aroma: Presenta un aroma floral de intensidad media, ligeramente afrutado y con algunas notas de frutos c\u00edtricos. | Boca: En boca es floral, con buen cuerpo, persistente y suave.<\/p>\n","protected":false},"featured_media":11911,"template":"","meta":{"om_disable_all_campaigns":false,"_monsterinsights_skip_tracking":false,"_monsterinsights_sitenote_active":false,"_monsterinsights_sitenote_note":"","_monsterinsights_sitenote_category":0,"_uf_show_specific_survey":0,"_uf_disable_surveys":false,"_joinchat":[]},"product_brand":[190],"product_cat":[25,177,143,23],"product_tag":[95,36,29,30,28,90,156,31],"class_list":{"0":"post-2097","1":"product","2":"type-product","3":"status-publish","4":"has-post-thumbnail","6":"product_brand-ponte-de-lima","7":"product_cat-blanco","8":"product_cat-portugal","9":"product_cat-vino-verde","10":"product_cat-vino","11":"product_tag-loureiro","12":"product_tag-portugal","13":"product_tag-vinho","14":"product_tag-vinho-verde","15":"product_tag-vino","16":"product_tag-vino-blanco","17":"product_tag-vino-para-postre","18":"product_tag-vino-verde","20":"first","21":"instock","22":"shipping-taxable","23":"product-type-simple"},"yoast_head":"<!-- This site is optimized with the Yoast SEO plugin v27.3 - https:\/\/yoast.com\/product\/yoast-seo-wordpress\/ -->\n<title>Ponte De Lima Loureiro - Vinho Verde<\/title>\n<meta name=\"description\" content=\"El vino Ponte de Lima loureiro, con un sutil toque de burbuja, es fresco y maravillosamente arom\u00e1tico. Es el acompa\u00f1ante perfecto a la hora del aperitivo.\" \/>\n<meta name=\"robots\" content=\"index, follow, max-snippet:-1, max-image-preview:large, max-video-preview:-1\" \/>\n<link rel=\"canonical\" href=\"https:\/\/vinal.co\/index.php\/product\/ponte-de-lima-loureiro\/\" \/>\n<meta property=\"og:locale\" content=\"es_ES\" \/>\n<meta property=\"og:type\" content=\"article\" \/>\n<meta property=\"og:title\" content=\"Ponte De Lima Loureiro - Vinho Verde\" \/>\n<meta property=\"og:description\" content=\"El vino Ponte de Lima loureiro, con un sutil toque de burbuja, es fresco y maravillosamente arom\u00e1tico. Es el acompa\u00f1ante perfecto a la hora del aperitivo.\" \/>\n<meta property=\"og:url\" content=\"https:\/\/vinal.co\/index.php\/product\/ponte-de-lima-loureiro\/\" \/>\n<meta property=\"og:site_name\" content=\"Vinal Colombia\" \/>\n<meta property=\"article:publisher\" content=\"https:\/\/www.facebook.com\/VinalColombia\/\" \/>\n<meta property=\"article:modified_time\" content=\"2026-03-08T23:07:41+00:00\" \/>\n<meta property=\"og:image\" content=\"https:\/\/vinal.co\/wp-content\/uploads\/2026\/02\/PDL-Lour.png\" \/>\n\t<meta property=\"og:image:width\" content=\"840\" \/>\n\t<meta property=\"og:image:height\" content=\"840\" \/>\n\t<meta property=\"og:image:type\" content=\"image\/png\" \/>\n<meta name=\"twitter:card\" content=\"summary_large_image\" \/>\n<meta name=\"twitter:label1\" content=\"Tiempo de lectura\" \/>\n\t<meta name=\"twitter:data1\" content=\"1 minuto\" \/>\n<script type=\"application\/ld+json\" class=\"yoast-schema-graph\">{\"@context\":\"https:\\\/\\\/schema.org\",\"@graph\":[{\"@type\":\"WebPage\",\"@id\":\"https:\\\/\\\/vinal.co\\\/index.php\\\/product\\\/ponte-de-lima-loureiro\\\/\",\"url\":\"https:\\\/\\\/vinal.co\\\/index.php\\\/product\\\/ponte-de-lima-loureiro\\\/\",\"name\":\"Ponte De Lima Loureiro - Vinho Verde\",\"isPartOf\":{\"@id\":\"https:\\\/\\\/vinal.co\\\/#website\"},\"primaryImageOfPage\":{\"@id\":\"https:\\\/\\\/vinal.co\\\/index.php\\\/product\\\/ponte-de-lima-loureiro\\\/#primaryimage\"},\"image\":{\"@id\":\"https:\\\/\\\/vinal.co\\\/index.php\\\/product\\\/ponte-de-lima-loureiro\\\/#primaryimage\"},\"thumbnailUrl\":\"https:\\\/\\\/vinal.co\\\/wp-content\\\/uploads\\\/2026\\\/02\\\/PDL-Lour.png\",\"datePublished\":\"2020-09-22T14:51:40+00:00\",\"dateModified\":\"2026-03-08T23:07:41+00:00\",\"description\":\"El vino Ponte de Lima loureiro, con un sutil toque de burbuja, es fresco y maravillosamente arom\u00e1tico. Es el acompa\u00f1ante perfecto a la hora del aperitivo.\",\"breadcrumb\":{\"@id\":\"https:\\\/\\\/vinal.co\\\/index.php\\\/product\\\/ponte-de-lima-loureiro\\\/#breadcrumb\"},\"inLanguage\":\"es\",\"potentialAction\":[{\"@type\":\"ReadAction\",\"target\":[\"https:\\\/\\\/vinal.co\\\/index.php\\\/product\\\/ponte-de-lima-loureiro\\\/\"]}]},{\"@type\":\"ImageObject\",\"inLanguage\":\"es\",\"@id\":\"https:\\\/\\\/vinal.co\\\/index.php\\\/product\\\/ponte-de-lima-loureiro\\\/#primaryimage\",\"url\":\"https:\\\/\\\/vinal.co\\\/wp-content\\\/uploads\\\/2026\\\/02\\\/PDL-Lour.png\",\"contentUrl\":\"https:\\\/\\\/vinal.co\\\/wp-content\\\/uploads\\\/2026\\\/02\\\/PDL-Lour.png\",\"width\":840,\"height\":840,\"caption\":\"Botella vino Ponte de lima loureiro\"},{\"@type\":\"BreadcrumbList\",\"@id\":\"https:\\\/\\\/vinal.co\\\/index.php\\\/product\\\/ponte-de-lima-loureiro\\\/#breadcrumb\",\"itemListElement\":[{\"@type\":\"ListItem\",\"position\":1,\"name\":\"Inicio\",\"item\":\"https:\\\/\\\/vinal.co\\\/\"},{\"@type\":\"ListItem\",\"position\":2,\"name\":\"Comprar\",\"item\":\"https:\\\/\\\/vinal.co\\\/index.php\\\/vinal-colombia-vinos-y-alimentos\\\/\"},{\"@type\":\"ListItem\",\"position\":3,\"name\":\"Vinho Verde Ponte De Lima Loureiro\"}]},{\"@type\":\"WebSite\",\"@id\":\"https:\\\/\\\/vinal.co\\\/#website\",\"url\":\"https:\\\/\\\/vinal.co\\\/\",\"name\":\"Vinal Colombia\",\"description\":\"El mundo en una copa!\",\"publisher\":{\"@id\":\"https:\\\/\\\/vinal.co\\\/#organization\"},\"potentialAction\":[{\"@type\":\"SearchAction\",\"target\":{\"@type\":\"EntryPoint\",\"urlTemplate\":\"https:\\\/\\\/vinal.co\\\/?s={search_term_string}\"},\"query-input\":{\"@type\":\"PropertyValueSpecification\",\"valueRequired\":true,\"valueName\":\"search_term_string\"}}],\"inLanguage\":\"es\"},{\"@type\":\"Organization\",\"@id\":\"https:\\\/\\\/vinal.co\\\/#organization\",\"name\":\"VINAL COLOMBIA\",\"url\":\"https:\\\/\\\/vinal.co\\\/\",\"logo\":{\"@type\":\"ImageObject\",\"inLanguage\":\"es\",\"@id\":\"https:\\\/\\\/vinal.co\\\/#\\\/schema\\\/logo\\\/image\\\/\",\"url\":\"https:\\\/\\\/i2.wp.com\\\/vinal.co\\\/wp-content\\\/uploads\\\/2020\\\/09\\\/Portugal-en-una-copa-Vinal-Colombia-Logo.png?fit=216%2C252&ssl=1\",\"contentUrl\":\"https:\\\/\\\/i2.wp.com\\\/vinal.co\\\/wp-content\\\/uploads\\\/2020\\\/09\\\/Portugal-en-una-copa-Vinal-Colombia-Logo.png?fit=216%2C252&ssl=1\",\"width\":216,\"height\":252,\"caption\":\"VINAL COLOMBIA\"},\"image\":{\"@id\":\"https:\\\/\\\/vinal.co\\\/#\\\/schema\\\/logo\\\/image\\\/\"},\"sameAs\":[\"https:\\\/\\\/www.facebook.com\\\/VinalColombia\\\/\",\"https:\\\/\\\/www.instagram.com\\\/vinalcolombia\\\/\"]}]}<\/script>\n<!-- \/ Yoast SEO plugin. -->","yoast_head_json":{"title":"Ponte De Lima Loureiro - Vinho Verde","description":"El vino Ponte de Lima loureiro, con un sutil toque de burbuja, es fresco y maravillosamente arom\u00e1tico. Es el acompa\u00f1ante perfecto a la hora del aperitivo.","robots":{"index":"index","follow":"follow","max-snippet":"max-snippet:-1","max-image-preview":"max-image-preview:large","max-video-preview":"max-video-preview:-1"},"canonical":"https:\/\/vinal.co\/index.php\/product\/ponte-de-lima-loureiro\/","og_locale":"es_ES","og_type":"article","og_title":"Ponte De Lima Loureiro - Vinho Verde","og_description":"El vino Ponte de Lima loureiro, con un sutil toque de burbuja, es fresco y maravillosamente arom\u00e1tico. Es el acompa\u00f1ante perfecto a la hora del aperitivo.","og_url":"https:\/\/vinal.co\/index.php\/product\/ponte-de-lima-loureiro\/","og_site_name":"Vinal Colombia","article_publisher":"https:\/\/www.facebook.com\/VinalColombia\/","article_modified_time":"2026-03-08T23:07:41+00:00","og_image":[{"width":840,"height":840,"url":"https:\/\/vinal.co\/wp-content\/uploads\/2026\/02\/PDL-Lour.png","type":"image\/png"}],"twitter_card":"summary_large_image","twitter_misc":{"Tiempo de lectura":"1 minuto"},"schema":{"@context":"https:\/\/schema.org","@graph":[{"@type":"WebPage","@id":"https:\/\/vinal.co\/index.php\/product\/ponte-de-lima-loureiro\/","url":"https:\/\/vinal.co\/index.php\/product\/ponte-de-lima-loureiro\/","name":"Ponte De Lima Loureiro - Vinho Verde","isPartOf":{"@id":"https:\/\/vinal.co\/#website"},"primaryImageOfPage":{"@id":"https:\/\/vinal.co\/index.php\/product\/ponte-de-lima-loureiro\/#primaryimage"},"image":{"@id":"https:\/\/vinal.co\/index.php\/product\/ponte-de-lima-loureiro\/#primaryimage"},"thumbnailUrl":"https:\/\/vinal.co\/wp-content\/uploads\/2026\/02\/PDL-Lour.png","datePublished":"2020-09-22T14:51:40+00:00","dateModified":"2026-03-08T23:07:41+00:00","description":"El vino Ponte de Lima loureiro, con un sutil toque de burbuja, es fresco y maravillosamente arom\u00e1tico. Es el acompa\u00f1ante perfecto a la hora del aperitivo.","breadcrumb":{"@id":"https:\/\/vinal.co\/index.php\/product\/ponte-de-lima-loureiro\/#breadcrumb"},"inLanguage":"es","potentialAction":[{"@type":"ReadAction","target":["https:\/\/vinal.co\/index.php\/product\/ponte-de-lima-loureiro\/"]}]},{"@type":"ImageObject","inLanguage":"es","@id":"https:\/\/vinal.co\/index.php\/product\/ponte-de-lima-loureiro\/#primaryimage","url":"https:\/\/vinal.co\/wp-content\/uploads\/2026\/02\/PDL-Lour.png","contentUrl":"https:\/\/vinal.co\/wp-content\/uploads\/2026\/02\/PDL-Lour.png","width":840,"height":840,"caption":"Botella vino Ponte de lima loureiro"},{"@type":"BreadcrumbList","@id":"https:\/\/vinal.co\/index.php\/product\/ponte-de-lima-loureiro\/#breadcrumb","itemListElement":[{"@type":"ListItem","position":1,"name":"Inicio","item":"https:\/\/vinal.co\/"},{"@type":"ListItem","position":2,"name":"Comprar","item":"https:\/\/vinal.co\/index.php\/vinal-colombia-vinos-y-alimentos\/"},{"@type":"ListItem","position":3,"name":"Vinho Verde Ponte De Lima Loureiro"}]},{"@type":"WebSite","@id":"https:\/\/vinal.co\/#website","url":"https:\/\/vinal.co\/","name":"Vinal Colombia","description":"El mundo en una copa!","publisher":{"@id":"https:\/\/vinal.co\/#organization"},"potentialAction":[{"@type":"SearchAction","target":{"@type":"EntryPoint","urlTemplate":"https:\/\/vinal.co\/?s={search_term_string}"},"query-input":{"@type":"PropertyValueSpecification","valueRequired":true,"valueName":"search_term_string"}}],"inLanguage":"es"},{"@type":"Organization","@id":"https:\/\/vinal.co\/#organization","name":"VINAL COLOMBIA","url":"https:\/\/vinal.co\/","logo":{"@type":"ImageObject","inLanguage":"es","@id":"https:\/\/vinal.co\/#\/schema\/logo\/image\/","url":"https:\/\/i2.wp.com\/vinal.co\/wp-content\/uploads\/2020\/09\/Portugal-en-una-copa-Vinal-Colombia-Logo.png?fit=216%2C252&ssl=1","contentUrl":"https:\/\/i2.wp.com\/vinal.co\/wp-content\/uploads\/2020\/09\/Portugal-en-una-copa-Vinal-Colombia-Logo.png?fit=216%2C252&ssl=1","width":216,"height":252,"caption":"VINAL COLOMBIA"},"image":{"@id":"https:\/\/vinal.co\/#\/schema\/logo\/image\/"},"sameAs":["https:\/\/www.facebook.com\/VinalColombia\/","https:\/\/www.instagram.com\/vinalcolombia\/"]}]}},"_links":{"self":[{"href":"https:\/\/vinal.co\/index.php\/wp-json\/wp\/v2\/product\/2097","targetHints":{"allow":["GET"]}}],"collection":[{"href":"https:\/\/vinal.co\/index.php\/wp-json\/wp\/v2\/product"}],"about":[{"href":"https:\/\/vinal.co\/index.php\/wp-json\/wp\/v2\/types\/product"}],"version-history":[{"count":14,"href":"https:\/\/vinal.co\/index.php\/wp-json\/wp\/v2\/product\/2097\/revisions"}],"predecessor-version":[{"id":2397,"href":"https:\/\/vinal.co\/index.php\/wp-json\/wp\/v2\/product\/2097\/revisions\/2397"}],"wp:featuredmedia":[{"embeddable":true,"href":"https:\/\/vinal.co\/index.php\/wp-json\/wp\/v2\/media\/11911"}],"wp:attachment":[{"href":"https:\/\/vinal.co\/index.php\/wp-json\/wp\/v2\/media?parent=2097"}],"wp:term":[{"taxonomy":"product_brand","embeddable":true,"href":"https:\/\/vinal.co\/index.php\/wp-json\/wp\/v2\/product_brand?post=2097"},{"taxonomy":"product_cat","embeddable":true,"href":"https:\/\/vinal.co\/index.php\/wp-json\/wp\/v2\/product_cat?post=2097"},{"taxonomy":"product_tag","embeddable":true,"href":"https:\/\/vinal.co\/index.php\/wp-json\/wp\/v2\/product_tag?post=2097"}],"curies":[{"name":"wp","href":"https:\/\/api.w.org\/{rel}","templated":true}]}}