{"id":450,"date":"2019-05-16T20:41:31","date_gmt":"2019-05-17T01:41:31","guid":{"rendered":"http:\/\/vinal.co\/?post_type=product&#038;p=450"},"modified":"2026-03-08T18:09:11","modified_gmt":"2026-03-08T23:09:11","slug":"vino-casal-garcia-blanco","status":"publish","type":"product","link":"https:\/\/vinal.co\/index.php\/product\/vino-casal-garcia-blanco\/","title":{"rendered":"Casal Garcia Blanco"},"content":{"rendered":"<p data-start=\"0\" data-end=\"29\"><strong data-start=\"0\" data-end=\"27\">Vino Casal Garcia Blanco Embajador de la Alegr\u00eda<\/strong><\/p>\n<p data-start=\"31\" data-end=\"175\">Creado en 1939, Casal Garcia es un embajador de los vinos portugueses en el mundo, reconocido por su botella azulada y su etiqueta distintiva.<\/p>\n<p data-start=\"177\" data-end=\"425\" data-is-last-node=\"\" data-is-only-node=\"\">Representando la frescura y el car\u00e1cter vibrante de la regi\u00f3n de los Vinos Verdes, el vino Casal Garcia Blanco es un vino joven y ligero, con notas de frutos tropicales y c\u00edtricos. Ideal para compartir con amigos y celebrar los momentos simples de la vida.<\/p>\n<h4><span style=\"color: #857650;\">Premios<\/span><\/h4>\n<ul>\n<li>Oro -SAKURA Japan Women\u2019s Wine Award 2024<\/li>\n<li>90 puntos &#8211; James Suckling 2020 &amp; 2023<\/li>\n<li>Best Buy \u2013Vinordic Wine Challenge 2015<\/li>\n<li>85 puntos Best Buy \u2013 Wine Enthusiast 2014<\/li>\n<li>87 puntos Year&#8217;s Best \u2013 Wine &amp; Spirits 2014<\/li>\n<li>Nota 10 \u2013 Time Out Lisboa 2013<\/li>\n<li>88 puntos \u2013 The Tasting Panel 2013<\/li>\n<li>88 Puntos \u2013 Wine &amp; Spirits 2012<\/li>\n<li>Blue Gold Award &amp; Selected for the Top 100 Wines 2012<\/li>\n<li>Best Buy \u2013 Wine Enthusiast 2010<\/li>\n<\/ul>\n<h4><span style=\"color: #87764f;\"><a style=\"color: #87764f;\" href=\"https:\/\/vinal.co\/wp-content\/uploads\/2026\/03\/FT-Casal-Garcia-Blanco.pdf\" target=\"_blank\" rel=\"noopener noreferrer\">Ficha T\u00e9cnica<\/a><\/span><\/h4>\n<p><a href=\"https:\/\/vinal.co\/index.php\/2026\/03\/08\/que-es-el-vinho-verde\/\" target=\"_blank\" rel=\"noopener noreferrer\">Puedes leer m\u00e1s sobre el vino verde aqui<\/a><\/p>\n","protected":false},"excerpt":{"rendered":"<p>REGI\u00d3N | Portugal, Vinho Verde<br \/>\nCEPAS | Trajadura, Loureiro, Arinto, Fern\u00e3o Pires<br \/>\nNOTAS DE CATA | Color: Aspecto limpio y brillante, de color amarillo lim\u00f3n y ligeramente efervescente. | Aroma: Limpio, fresco, joven y ligeramente afrutado. | Sabor: En boca presenta un sabor semiseco, fresco, equilibrado y frutado.<\/p>\n","protected":false},"featured_media":11920,"template":"","meta":{"om_disable_all_campaigns":false,"_monsterinsights_skip_tracking":false,"_monsterinsights_sitenote_active":false,"_monsterinsights_sitenote_note":"","_monsterinsights_sitenote_category":0,"_uf_show_specific_survey":0,"_uf_disable_surveys":false,"_joinchat":[]},"product_brand":[186],"product_cat":[25,177,143,23],"product_tag":[46,95,36,29,30,28,31],"class_list":{"0":"post-450","1":"product","2":"type-product","3":"status-publish","4":"has-post-thumbnail","6":"product_brand-casal-garcia","7":"product_cat-blanco","8":"product_cat-portugal","9":"product_cat-vino-verde","10":"product_cat-vino","11":"product_tag-arinto","12":"product_tag-loureiro","13":"product_tag-portugal","14":"product_tag-vinho","15":"product_tag-vinho-verde","16":"product_tag-vino","17":"product_tag-vino-verde","19":"first","20":"instock","21":"featured","22":"shipping-taxable","23":"product-type-simple"},"yoast_head":"<!-- This site is optimized with the Yoast SEO plugin v27.3 - https:\/\/yoast.com\/product\/yoast-seo-wordpress\/ -->\n<title>Vino Casal Garcia Blanco - Vinho Verde<\/title>\n<meta name=\"description\" content=\"Vinho Verde Casal Garcia blanco, el vinho verde N.1 en el mundo! \u00danico, el vino que acompa\u00f1a historias con alegr\u00eda. Bajo en alcohol y calorias.\" \/>\n<meta name=\"robots\" content=\"index, follow, max-snippet:-1, max-image-preview:large, max-video-preview:-1\" \/>\n<link rel=\"canonical\" href=\"https:\/\/vinal.co\/index.php\/product\/vino-casal-garcia-blanco\/\" \/>\n<meta property=\"og:locale\" content=\"es_ES\" \/>\n<meta property=\"og:type\" content=\"article\" \/>\n<meta property=\"og:title\" content=\"Vino Casal Garcia Blanco - Vinho Verde\" \/>\n<meta property=\"og:description\" content=\"Vinho Verde Casal Garcia blanco, el vinho verde N.1 en el mundo! \u00danico, el vino que acompa\u00f1a historias con alegr\u00eda. Bajo en alcohol y calorias.\" \/>\n<meta property=\"og:url\" content=\"https:\/\/vinal.co\/index.php\/product\/vino-casal-garcia-blanco\/\" \/>\n<meta property=\"og:site_name\" content=\"Vinal Colombia\" \/>\n<meta property=\"article:publisher\" content=\"https:\/\/www.facebook.com\/VinalColombia\/\" \/>\n<meta property=\"article:modified_time\" content=\"2026-03-08T23:09:11+00:00\" \/>\n<meta property=\"og:image\" content=\"https:\/\/vinal.co\/wp-content\/uploads\/2026\/02\/CG-BL.png\" \/>\n\t<meta property=\"og:image:width\" content=\"840\" \/>\n\t<meta property=\"og:image:height\" content=\"840\" \/>\n\t<meta property=\"og:image:type\" content=\"image\/png\" \/>\n<meta name=\"twitter:card\" content=\"summary_large_image\" \/>\n<meta name=\"twitter:label1\" content=\"Tiempo de lectura\" \/>\n\t<meta name=\"twitter:data1\" content=\"1 minuto\" \/>\n<script type=\"application\/ld+json\" class=\"yoast-schema-graph\">{\"@context\":\"https:\\\/\\\/schema.org\",\"@graph\":[{\"@type\":\"WebPage\",\"@id\":\"https:\\\/\\\/vinal.co\\\/index.php\\\/product\\\/vino-casal-garcia-blanco\\\/\",\"url\":\"https:\\\/\\\/vinal.co\\\/index.php\\\/product\\\/vino-casal-garcia-blanco\\\/\",\"name\":\"Vino Casal Garcia Blanco - Vinho Verde\",\"isPartOf\":{\"@id\":\"https:\\\/\\\/vinal.co\\\/#website\"},\"primaryImageOfPage\":{\"@id\":\"https:\\\/\\\/vinal.co\\\/index.php\\\/product\\\/vino-casal-garcia-blanco\\\/#primaryimage\"},\"image\":{\"@id\":\"https:\\\/\\\/vinal.co\\\/index.php\\\/product\\\/vino-casal-garcia-blanco\\\/#primaryimage\"},\"thumbnailUrl\":\"https:\\\/\\\/vinal.co\\\/wp-content\\\/uploads\\\/2026\\\/02\\\/CG-BL.png\",\"datePublished\":\"2019-05-17T01:41:31+00:00\",\"dateModified\":\"2026-03-08T23:09:11+00:00\",\"description\":\"Vinho Verde Casal Garcia blanco, el vinho verde N.1 en el mundo! \u00danico, el vino que acompa\u00f1a historias con alegr\u00eda. Bajo en alcohol y calorias.\",\"breadcrumb\":{\"@id\":\"https:\\\/\\\/vinal.co\\\/index.php\\\/product\\\/vino-casal-garcia-blanco\\\/#breadcrumb\"},\"inLanguage\":\"es\",\"potentialAction\":[{\"@type\":\"ReadAction\",\"target\":[\"https:\\\/\\\/vinal.co\\\/index.php\\\/product\\\/vino-casal-garcia-blanco\\\/\"]}]},{\"@type\":\"ImageObject\",\"inLanguage\":\"es\",\"@id\":\"https:\\\/\\\/vinal.co\\\/index.php\\\/product\\\/vino-casal-garcia-blanco\\\/#primaryimage\",\"url\":\"https:\\\/\\\/vinal.co\\\/wp-content\\\/uploads\\\/2026\\\/02\\\/CG-BL.png\",\"contentUrl\":\"https:\\\/\\\/vinal.co\\\/wp-content\\\/uploads\\\/2026\\\/02\\\/CG-BL.png\",\"width\":840,\"height\":840,\"caption\":\"Botella vino casal garcia blanco\"},{\"@type\":\"BreadcrumbList\",\"@id\":\"https:\\\/\\\/vinal.co\\\/index.php\\\/product\\\/vino-casal-garcia-blanco\\\/#breadcrumb\",\"itemListElement\":[{\"@type\":\"ListItem\",\"position\":1,\"name\":\"Inicio\",\"item\":\"https:\\\/\\\/vinal.co\\\/\"},{\"@type\":\"ListItem\",\"position\":2,\"name\":\"Comprar\",\"item\":\"https:\\\/\\\/vinal.co\\\/index.php\\\/vinal-colombia-vinos-y-alimentos\\\/\"},{\"@type\":\"ListItem\",\"position\":3,\"name\":\"Casal Garcia Blanco\"}]},{\"@type\":\"WebSite\",\"@id\":\"https:\\\/\\\/vinal.co\\\/#website\",\"url\":\"https:\\\/\\\/vinal.co\\\/\",\"name\":\"Vinal Colombia\",\"description\":\"El mundo en una copa!\",\"publisher\":{\"@id\":\"https:\\\/\\\/vinal.co\\\/#organization\"},\"potentialAction\":[{\"@type\":\"SearchAction\",\"target\":{\"@type\":\"EntryPoint\",\"urlTemplate\":\"https:\\\/\\\/vinal.co\\\/?s={search_term_string}\"},\"query-input\":{\"@type\":\"PropertyValueSpecification\",\"valueRequired\":true,\"valueName\":\"search_term_string\"}}],\"inLanguage\":\"es\"},{\"@type\":\"Organization\",\"@id\":\"https:\\\/\\\/vinal.co\\\/#organization\",\"name\":\"VINAL COLOMBIA\",\"url\":\"https:\\\/\\\/vinal.co\\\/\",\"logo\":{\"@type\":\"ImageObject\",\"inLanguage\":\"es\",\"@id\":\"https:\\\/\\\/vinal.co\\\/#\\\/schema\\\/logo\\\/image\\\/\",\"url\":\"https:\\\/\\\/i2.wp.com\\\/vinal.co\\\/wp-content\\\/uploads\\\/2020\\\/09\\\/Portugal-en-una-copa-Vinal-Colombia-Logo.png?fit=216%2C252&ssl=1\",\"contentUrl\":\"https:\\\/\\\/i2.wp.com\\\/vinal.co\\\/wp-content\\\/uploads\\\/2020\\\/09\\\/Portugal-en-una-copa-Vinal-Colombia-Logo.png?fit=216%2C252&ssl=1\",\"width\":216,\"height\":252,\"caption\":\"VINAL COLOMBIA\"},\"image\":{\"@id\":\"https:\\\/\\\/vinal.co\\\/#\\\/schema\\\/logo\\\/image\\\/\"},\"sameAs\":[\"https:\\\/\\\/www.facebook.com\\\/VinalColombia\\\/\",\"https:\\\/\\\/www.instagram.com\\\/vinalcolombia\\\/\"]}]}<\/script>\n<!-- \/ Yoast SEO plugin. -->","yoast_head_json":{"title":"Vino Casal Garcia Blanco - Vinho Verde","description":"Vinho Verde Casal Garcia blanco, el vinho verde N.1 en el mundo! \u00danico, el vino que acompa\u00f1a historias con alegr\u00eda. Bajo en alcohol y calorias.","robots":{"index":"index","follow":"follow","max-snippet":"max-snippet:-1","max-image-preview":"max-image-preview:large","max-video-preview":"max-video-preview:-1"},"canonical":"https:\/\/vinal.co\/index.php\/product\/vino-casal-garcia-blanco\/","og_locale":"es_ES","og_type":"article","og_title":"Vino Casal Garcia Blanco - Vinho Verde","og_description":"Vinho Verde Casal Garcia blanco, el vinho verde N.1 en el mundo! \u00danico, el vino que acompa\u00f1a historias con alegr\u00eda. Bajo en alcohol y calorias.","og_url":"https:\/\/vinal.co\/index.php\/product\/vino-casal-garcia-blanco\/","og_site_name":"Vinal Colombia","article_publisher":"https:\/\/www.facebook.com\/VinalColombia\/","article_modified_time":"2026-03-08T23:09:11+00:00","og_image":[{"width":840,"height":840,"url":"https:\/\/vinal.co\/wp-content\/uploads\/2026\/02\/CG-BL.png","type":"image\/png"}],"twitter_card":"summary_large_image","twitter_misc":{"Tiempo de lectura":"1 minuto"},"schema":{"@context":"https:\/\/schema.org","@graph":[{"@type":"WebPage","@id":"https:\/\/vinal.co\/index.php\/product\/vino-casal-garcia-blanco\/","url":"https:\/\/vinal.co\/index.php\/product\/vino-casal-garcia-blanco\/","name":"Vino Casal Garcia Blanco - Vinho Verde","isPartOf":{"@id":"https:\/\/vinal.co\/#website"},"primaryImageOfPage":{"@id":"https:\/\/vinal.co\/index.php\/product\/vino-casal-garcia-blanco\/#primaryimage"},"image":{"@id":"https:\/\/vinal.co\/index.php\/product\/vino-casal-garcia-blanco\/#primaryimage"},"thumbnailUrl":"https:\/\/vinal.co\/wp-content\/uploads\/2026\/02\/CG-BL.png","datePublished":"2019-05-17T01:41:31+00:00","dateModified":"2026-03-08T23:09:11+00:00","description":"Vinho Verde Casal Garcia blanco, el vinho verde N.1 en el mundo! \u00danico, el vino que acompa\u00f1a historias con alegr\u00eda. Bajo en alcohol y calorias.","breadcrumb":{"@id":"https:\/\/vinal.co\/index.php\/product\/vino-casal-garcia-blanco\/#breadcrumb"},"inLanguage":"es","potentialAction":[{"@type":"ReadAction","target":["https:\/\/vinal.co\/index.php\/product\/vino-casal-garcia-blanco\/"]}]},{"@type":"ImageObject","inLanguage":"es","@id":"https:\/\/vinal.co\/index.php\/product\/vino-casal-garcia-blanco\/#primaryimage","url":"https:\/\/vinal.co\/wp-content\/uploads\/2026\/02\/CG-BL.png","contentUrl":"https:\/\/vinal.co\/wp-content\/uploads\/2026\/02\/CG-BL.png","width":840,"height":840,"caption":"Botella vino casal garcia blanco"},{"@type":"BreadcrumbList","@id":"https:\/\/vinal.co\/index.php\/product\/vino-casal-garcia-blanco\/#breadcrumb","itemListElement":[{"@type":"ListItem","position":1,"name":"Inicio","item":"https:\/\/vinal.co\/"},{"@type":"ListItem","position":2,"name":"Comprar","item":"https:\/\/vinal.co\/index.php\/vinal-colombia-vinos-y-alimentos\/"},{"@type":"ListItem","position":3,"name":"Casal Garcia Blanco"}]},{"@type":"WebSite","@id":"https:\/\/vinal.co\/#website","url":"https:\/\/vinal.co\/","name":"Vinal Colombia","description":"El mundo en una copa!","publisher":{"@id":"https:\/\/vinal.co\/#organization"},"potentialAction":[{"@type":"SearchAction","target":{"@type":"EntryPoint","urlTemplate":"https:\/\/vinal.co\/?s={search_term_string}"},"query-input":{"@type":"PropertyValueSpecification","valueRequired":true,"valueName":"search_term_string"}}],"inLanguage":"es"},{"@type":"Organization","@id":"https:\/\/vinal.co\/#organization","name":"VINAL COLOMBIA","url":"https:\/\/vinal.co\/","logo":{"@type":"ImageObject","inLanguage":"es","@id":"https:\/\/vinal.co\/#\/schema\/logo\/image\/","url":"https:\/\/i2.wp.com\/vinal.co\/wp-content\/uploads\/2020\/09\/Portugal-en-una-copa-Vinal-Colombia-Logo.png?fit=216%2C252&ssl=1","contentUrl":"https:\/\/i2.wp.com\/vinal.co\/wp-content\/uploads\/2020\/09\/Portugal-en-una-copa-Vinal-Colombia-Logo.png?fit=216%2C252&ssl=1","width":216,"height":252,"caption":"VINAL COLOMBIA"},"image":{"@id":"https:\/\/vinal.co\/#\/schema\/logo\/image\/"},"sameAs":["https:\/\/www.facebook.com\/VinalColombia\/","https:\/\/www.instagram.com\/vinalcolombia\/"]}]}},"_links":{"self":[{"href":"https:\/\/vinal.co\/index.php\/wp-json\/wp\/v2\/product\/450","targetHints":{"allow":["GET"]}}],"collection":[{"href":"https:\/\/vinal.co\/index.php\/wp-json\/wp\/v2\/product"}],"about":[{"href":"https:\/\/vinal.co\/index.php\/wp-json\/wp\/v2\/types\/product"}],"version-history":[{"count":11,"href":"https:\/\/vinal.co\/index.php\/wp-json\/wp\/v2\/product\/450\/revisions"}],"predecessor-version":[{"id":12882,"href":"https:\/\/vinal.co\/index.php\/wp-json\/wp\/v2\/product\/450\/revisions\/12882"}],"wp:featuredmedia":[{"embeddable":true,"href":"https:\/\/vinal.co\/index.php\/wp-json\/wp\/v2\/media\/11920"}],"wp:attachment":[{"href":"https:\/\/vinal.co\/index.php\/wp-json\/wp\/v2\/media?parent=450"}],"wp:term":[{"taxonomy":"product_brand","embeddable":true,"href":"https:\/\/vinal.co\/index.php\/wp-json\/wp\/v2\/product_brand?post=450"},{"taxonomy":"product_cat","embeddable":true,"href":"https:\/\/vinal.co\/index.php\/wp-json\/wp\/v2\/product_cat?post=450"},{"taxonomy":"product_tag","embeddable":true,"href":"https:\/\/vinal.co\/index.php\/wp-json\/wp\/v2\/product_tag?post=450"}],"curies":[{"name":"wp","href":"https:\/\/api.w.org\/{rel}","templated":true}]}}