{"id":682,"date":"2019-05-19T14:51:52","date_gmt":"2019-05-19T19:51:52","guid":{"rendered":"http:\/\/vinal.co\/?post_type=product&#038;p=682"},"modified":"2026-03-08T18:08:23","modified_gmt":"2026-03-08T23:08:23","slug":"vino-casal-garcia-rose","status":"publish","type":"product","link":"https:\/\/vinal.co\/index.php\/product\/vino-casal-garcia-rose\/","title":{"rendered":"Casal Garcia Ros\u00e9"},"content":{"rendered":"<p data-start=\"0\" data-end=\"165\">Casal Garcia Ros\u00e9 es un vino joven y vibrante. Su perfil afrutado revela deliciosas notas de fresas maduras y frambuesas, ofreciendo un car\u00e1cter fresco y din\u00e1mico.<\/p>\n<p data-start=\"167\" data-end=\"284\" data-is-last-node=\"\" data-is-only-node=\"\">Un vino radiante que captura la esencia de un d\u00eda perfecto de verano y la alegr\u00eda de brindar por momentos especiales.<\/p>\n<h4><span style=\"color: #867550;\">Premios<\/span><\/h4>\n<ul>\n<li>Plata &#8211; SAKURA Japan Women\u2019s Wine Award<\/li>\n<li>Best Buy \u2013 Wine Enthusiast<\/li>\n<li>Oro \u2013 Mundus Vini<\/li>\n<li>Wise Buy \u2013Paix\u00e3o Pelo Vinho Magazine<\/li>\n<li>Blue Gold Award &amp; Selected for the Top 100 Wines<\/li>\n<li>86 Puntos \u2013 Wine &amp; Spirits<\/li>\n<\/ul>\n<h4><a href=\"https:\/\/vinal.co\/wp-content\/uploads\/2026\/03\/FT-Casal-Garcia-Rose.pdf\" target=\"_blank\" rel=\"noopener noreferrer\"><span style=\"color: #87764f;\">Ficha T\u00e9cnica<\/span><\/a><\/h4>\n<p><a href=\"https:\/\/vinal.co\/index.php\/2026\/03\/08\/que-es-el-vinho-verde\/\" target=\"_blank\" rel=\"noopener noreferrer\">Puedes leer m\u00e1s sobre el vino verde aqui<\/a><\/p>\n","protected":false},"excerpt":{"rendered":"<p>REGI\u00d3N | Portugal, Vinho Verde<br \/>\nCEPAS | Touriga Nacional, Sous\u00e3o, Syrah, Tinta Roriz, entre otras<br \/>\nNOTAS DE CATA | Color: Aspecto limpio y brillante, de color rosado y ligeramente efervescente. | Aroma: Limpio, fresco y afrutado, con notas de frambuesa y fresa. | Sabor: En boca presenta buen equilibrio, muy fresco, joven y frutado.<\/p>\n","protected":false},"featured_media":11919,"template":"","meta":{"om_disable_all_campaigns":false,"_monsterinsights_skip_tracking":false,"_monsterinsights_sitenote_active":false,"_monsterinsights_sitenote_note":"","_monsterinsights_sitenote_category":0,"_uf_show_specific_survey":0,"_uf_disable_surveys":false,"_joinchat":[]},"product_brand":[186],"product_cat":[177,27,143,23],"product_tag":[36,33,29,30,28,31],"class_list":{"0":"post-682","1":"product","2":"type-product","3":"status-publish","4":"has-post-thumbnail","6":"product_brand-casal-garcia","7":"product_cat-portugal","8":"product_cat-rosado","9":"product_cat-vino-verde","10":"product_cat-vino","11":"product_tag-portugal","12":"product_tag-rosado","13":"product_tag-vinho","14":"product_tag-vinho-verde","15":"product_tag-vino","16":"product_tag-vino-verde","18":"first","19":"instock","20":"shipping-taxable","21":"product-type-simple"},"yoast_head":"<!-- This site is optimized with the Yoast SEO plugin v27.3 - https:\/\/yoast.com\/product\/yoast-seo-wordpress\/ -->\n<title>Vino Casal Garcia Ros\u00e9 - Vinho Verde<\/title>\n<meta name=\"description\" content=\"El Vino Casal Garcia Ros\u00e9 es un ros\u00e9 inolvidable, ideal para compartir con quienes m\u00e1s queremos. Es suave, bajo en alcohol y calorias.\" \/>\n<meta name=\"robots\" content=\"index, follow, max-snippet:-1, max-image-preview:large, max-video-preview:-1\" \/>\n<link rel=\"canonical\" href=\"https:\/\/vinal.co\/index.php\/product\/vino-casal-garcia-rose\/\" \/>\n<meta property=\"og:locale\" content=\"es_ES\" \/>\n<meta property=\"og:type\" content=\"article\" \/>\n<meta property=\"og:title\" content=\"Vino Casal Garcia Ros\u00e9 - Vinho Verde\" \/>\n<meta property=\"og:description\" content=\"El Vino Casal Garcia Ros\u00e9 es un ros\u00e9 inolvidable, ideal para compartir con quienes m\u00e1s queremos. Es suave, bajo en alcohol y calorias.\" \/>\n<meta property=\"og:url\" content=\"https:\/\/vinal.co\/index.php\/product\/vino-casal-garcia-rose\/\" \/>\n<meta property=\"og:site_name\" content=\"Vinal Colombia\" \/>\n<meta property=\"article:publisher\" content=\"https:\/\/www.facebook.com\/VinalColombia\/\" \/>\n<meta property=\"article:modified_time\" content=\"2026-03-08T23:08:23+00:00\" \/>\n<meta property=\"og:image\" content=\"https:\/\/vinal.co\/wp-content\/uploads\/2026\/02\/CG-RO.png\" \/>\n\t<meta property=\"og:image:width\" content=\"840\" \/>\n\t<meta property=\"og:image:height\" content=\"840\" \/>\n\t<meta property=\"og:image:type\" content=\"image\/png\" \/>\n<meta name=\"twitter:card\" content=\"summary_large_image\" \/>\n<meta name=\"twitter:label1\" content=\"Tiempo de lectura\" \/>\n\t<meta name=\"twitter:data1\" content=\"1 minuto\" \/>\n<script type=\"application\/ld+json\" class=\"yoast-schema-graph\">{\"@context\":\"https:\\\/\\\/schema.org\",\"@graph\":[{\"@type\":\"WebPage\",\"@id\":\"https:\\\/\\\/vinal.co\\\/index.php\\\/product\\\/vino-casal-garcia-rose\\\/\",\"url\":\"https:\\\/\\\/vinal.co\\\/index.php\\\/product\\\/vino-casal-garcia-rose\\\/\",\"name\":\"Vino Casal Garcia Ros\u00e9 - Vinho Verde\",\"isPartOf\":{\"@id\":\"https:\\\/\\\/vinal.co\\\/#website\"},\"primaryImageOfPage\":{\"@id\":\"https:\\\/\\\/vinal.co\\\/index.php\\\/product\\\/vino-casal-garcia-rose\\\/#primaryimage\"},\"image\":{\"@id\":\"https:\\\/\\\/vinal.co\\\/index.php\\\/product\\\/vino-casal-garcia-rose\\\/#primaryimage\"},\"thumbnailUrl\":\"https:\\\/\\\/vinal.co\\\/wp-content\\\/uploads\\\/2026\\\/02\\\/CG-RO.png\",\"datePublished\":\"2019-05-19T19:51:52+00:00\",\"dateModified\":\"2026-03-08T23:08:23+00:00\",\"description\":\"El Vino Casal Garcia Ros\u00e9 es un ros\u00e9 inolvidable, ideal para compartir con quienes m\u00e1s queremos. Es suave, bajo en alcohol y calorias.\",\"breadcrumb\":{\"@id\":\"https:\\\/\\\/vinal.co\\\/index.php\\\/product\\\/vino-casal-garcia-rose\\\/#breadcrumb\"},\"inLanguage\":\"es\",\"potentialAction\":[{\"@type\":\"ReadAction\",\"target\":[\"https:\\\/\\\/vinal.co\\\/index.php\\\/product\\\/vino-casal-garcia-rose\\\/\"]}]},{\"@type\":\"ImageObject\",\"inLanguage\":\"es\",\"@id\":\"https:\\\/\\\/vinal.co\\\/index.php\\\/product\\\/vino-casal-garcia-rose\\\/#primaryimage\",\"url\":\"https:\\\/\\\/vinal.co\\\/wp-content\\\/uploads\\\/2026\\\/02\\\/CG-RO.png\",\"contentUrl\":\"https:\\\/\\\/vinal.co\\\/wp-content\\\/uploads\\\/2026\\\/02\\\/CG-RO.png\",\"width\":840,\"height\":840,\"caption\":\"Botella vino casal garcia rosado\"},{\"@type\":\"BreadcrumbList\",\"@id\":\"https:\\\/\\\/vinal.co\\\/index.php\\\/product\\\/vino-casal-garcia-rose\\\/#breadcrumb\",\"itemListElement\":[{\"@type\":\"ListItem\",\"position\":1,\"name\":\"Inicio\",\"item\":\"https:\\\/\\\/vinal.co\\\/\"},{\"@type\":\"ListItem\",\"position\":2,\"name\":\"Comprar\",\"item\":\"https:\\\/\\\/vinal.co\\\/index.php\\\/vinal-colombia-vinos-y-alimentos\\\/\"},{\"@type\":\"ListItem\",\"position\":3,\"name\":\"Casal Garcia Ros\u00e9\"}]},{\"@type\":\"WebSite\",\"@id\":\"https:\\\/\\\/vinal.co\\\/#website\",\"url\":\"https:\\\/\\\/vinal.co\\\/\",\"name\":\"Vinal Colombia\",\"description\":\"El mundo en una copa!\",\"publisher\":{\"@id\":\"https:\\\/\\\/vinal.co\\\/#organization\"},\"potentialAction\":[{\"@type\":\"SearchAction\",\"target\":{\"@type\":\"EntryPoint\",\"urlTemplate\":\"https:\\\/\\\/vinal.co\\\/?s={search_term_string}\"},\"query-input\":{\"@type\":\"PropertyValueSpecification\",\"valueRequired\":true,\"valueName\":\"search_term_string\"}}],\"inLanguage\":\"es\"},{\"@type\":\"Organization\",\"@id\":\"https:\\\/\\\/vinal.co\\\/#organization\",\"name\":\"VINAL COLOMBIA\",\"url\":\"https:\\\/\\\/vinal.co\\\/\",\"logo\":{\"@type\":\"ImageObject\",\"inLanguage\":\"es\",\"@id\":\"https:\\\/\\\/vinal.co\\\/#\\\/schema\\\/logo\\\/image\\\/\",\"url\":\"https:\\\/\\\/i2.wp.com\\\/vinal.co\\\/wp-content\\\/uploads\\\/2020\\\/09\\\/Portugal-en-una-copa-Vinal-Colombia-Logo.png?fit=216%2C252&ssl=1\",\"contentUrl\":\"https:\\\/\\\/i2.wp.com\\\/vinal.co\\\/wp-content\\\/uploads\\\/2020\\\/09\\\/Portugal-en-una-copa-Vinal-Colombia-Logo.png?fit=216%2C252&ssl=1\",\"width\":216,\"height\":252,\"caption\":\"VINAL COLOMBIA\"},\"image\":{\"@id\":\"https:\\\/\\\/vinal.co\\\/#\\\/schema\\\/logo\\\/image\\\/\"},\"sameAs\":[\"https:\\\/\\\/www.facebook.com\\\/VinalColombia\\\/\",\"https:\\\/\\\/www.instagram.com\\\/vinalcolombia\\\/\"]}]}<\/script>\n<!-- \/ Yoast SEO plugin. -->","yoast_head_json":{"title":"Vino Casal Garcia Ros\u00e9 - Vinho Verde","description":"El Vino Casal Garcia Ros\u00e9 es un ros\u00e9 inolvidable, ideal para compartir con quienes m\u00e1s queremos. Es suave, bajo en alcohol y calorias.","robots":{"index":"index","follow":"follow","max-snippet":"max-snippet:-1","max-image-preview":"max-image-preview:large","max-video-preview":"max-video-preview:-1"},"canonical":"https:\/\/vinal.co\/index.php\/product\/vino-casal-garcia-rose\/","og_locale":"es_ES","og_type":"article","og_title":"Vino Casal Garcia Ros\u00e9 - Vinho Verde","og_description":"El Vino Casal Garcia Ros\u00e9 es un ros\u00e9 inolvidable, ideal para compartir con quienes m\u00e1s queremos. Es suave, bajo en alcohol y calorias.","og_url":"https:\/\/vinal.co\/index.php\/product\/vino-casal-garcia-rose\/","og_site_name":"Vinal Colombia","article_publisher":"https:\/\/www.facebook.com\/VinalColombia\/","article_modified_time":"2026-03-08T23:08:23+00:00","og_image":[{"width":840,"height":840,"url":"https:\/\/vinal.co\/wp-content\/uploads\/2026\/02\/CG-RO.png","type":"image\/png"}],"twitter_card":"summary_large_image","twitter_misc":{"Tiempo de lectura":"1 minuto"},"schema":{"@context":"https:\/\/schema.org","@graph":[{"@type":"WebPage","@id":"https:\/\/vinal.co\/index.php\/product\/vino-casal-garcia-rose\/","url":"https:\/\/vinal.co\/index.php\/product\/vino-casal-garcia-rose\/","name":"Vino Casal Garcia Ros\u00e9 - Vinho Verde","isPartOf":{"@id":"https:\/\/vinal.co\/#website"},"primaryImageOfPage":{"@id":"https:\/\/vinal.co\/index.php\/product\/vino-casal-garcia-rose\/#primaryimage"},"image":{"@id":"https:\/\/vinal.co\/index.php\/product\/vino-casal-garcia-rose\/#primaryimage"},"thumbnailUrl":"https:\/\/vinal.co\/wp-content\/uploads\/2026\/02\/CG-RO.png","datePublished":"2019-05-19T19:51:52+00:00","dateModified":"2026-03-08T23:08:23+00:00","description":"El Vino Casal Garcia Ros\u00e9 es un ros\u00e9 inolvidable, ideal para compartir con quienes m\u00e1s queremos. Es suave, bajo en alcohol y calorias.","breadcrumb":{"@id":"https:\/\/vinal.co\/index.php\/product\/vino-casal-garcia-rose\/#breadcrumb"},"inLanguage":"es","potentialAction":[{"@type":"ReadAction","target":["https:\/\/vinal.co\/index.php\/product\/vino-casal-garcia-rose\/"]}]},{"@type":"ImageObject","inLanguage":"es","@id":"https:\/\/vinal.co\/index.php\/product\/vino-casal-garcia-rose\/#primaryimage","url":"https:\/\/vinal.co\/wp-content\/uploads\/2026\/02\/CG-RO.png","contentUrl":"https:\/\/vinal.co\/wp-content\/uploads\/2026\/02\/CG-RO.png","width":840,"height":840,"caption":"Botella vino casal garcia rosado"},{"@type":"BreadcrumbList","@id":"https:\/\/vinal.co\/index.php\/product\/vino-casal-garcia-rose\/#breadcrumb","itemListElement":[{"@type":"ListItem","position":1,"name":"Inicio","item":"https:\/\/vinal.co\/"},{"@type":"ListItem","position":2,"name":"Comprar","item":"https:\/\/vinal.co\/index.php\/vinal-colombia-vinos-y-alimentos\/"},{"@type":"ListItem","position":3,"name":"Casal Garcia Ros\u00e9"}]},{"@type":"WebSite","@id":"https:\/\/vinal.co\/#website","url":"https:\/\/vinal.co\/","name":"Vinal Colombia","description":"El mundo en una copa!","publisher":{"@id":"https:\/\/vinal.co\/#organization"},"potentialAction":[{"@type":"SearchAction","target":{"@type":"EntryPoint","urlTemplate":"https:\/\/vinal.co\/?s={search_term_string}"},"query-input":{"@type":"PropertyValueSpecification","valueRequired":true,"valueName":"search_term_string"}}],"inLanguage":"es"},{"@type":"Organization","@id":"https:\/\/vinal.co\/#organization","name":"VINAL COLOMBIA","url":"https:\/\/vinal.co\/","logo":{"@type":"ImageObject","inLanguage":"es","@id":"https:\/\/vinal.co\/#\/schema\/logo\/image\/","url":"https:\/\/i2.wp.com\/vinal.co\/wp-content\/uploads\/2020\/09\/Portugal-en-una-copa-Vinal-Colombia-Logo.png?fit=216%2C252&ssl=1","contentUrl":"https:\/\/i2.wp.com\/vinal.co\/wp-content\/uploads\/2020\/09\/Portugal-en-una-copa-Vinal-Colombia-Logo.png?fit=216%2C252&ssl=1","width":216,"height":252,"caption":"VINAL COLOMBIA"},"image":{"@id":"https:\/\/vinal.co\/#\/schema\/logo\/image\/"},"sameAs":["https:\/\/www.facebook.com\/VinalColombia\/","https:\/\/www.instagram.com\/vinalcolombia\/"]}]}},"_links":{"self":[{"href":"https:\/\/vinal.co\/index.php\/wp-json\/wp\/v2\/product\/682","targetHints":{"allow":["GET"]}}],"collection":[{"href":"https:\/\/vinal.co\/index.php\/wp-json\/wp\/v2\/product"}],"about":[{"href":"https:\/\/vinal.co\/index.php\/wp-json\/wp\/v2\/types\/product"}],"version-history":[{"count":8,"href":"https:\/\/vinal.co\/index.php\/wp-json\/wp\/v2\/product\/682\/revisions"}],"predecessor-version":[{"id":12880,"href":"https:\/\/vinal.co\/index.php\/wp-json\/wp\/v2\/product\/682\/revisions\/12880"}],"wp:featuredmedia":[{"embeddable":true,"href":"https:\/\/vinal.co\/index.php\/wp-json\/wp\/v2\/media\/11919"}],"wp:attachment":[{"href":"https:\/\/vinal.co\/index.php\/wp-json\/wp\/v2\/media?parent=682"}],"wp:term":[{"taxonomy":"product_brand","embeddable":true,"href":"https:\/\/vinal.co\/index.php\/wp-json\/wp\/v2\/product_brand?post=682"},{"taxonomy":"product_cat","embeddable":true,"href":"https:\/\/vinal.co\/index.php\/wp-json\/wp\/v2\/product_cat?post=682"},{"taxonomy":"product_tag","embeddable":true,"href":"https:\/\/vinal.co\/index.php\/wp-json\/wp\/v2\/product_tag?post=682"}],"curies":[{"name":"wp","href":"https:\/\/api.w.org\/{rel}","templated":true}]}}