{"id":731,"date":"2019-05-19T15:46:39","date_gmt":"2019-05-19T20:46:39","guid":{"rendered":"http:\/\/vinal.co\/?post_type=product&#038;p=731"},"modified":"2026-03-08T14:09:46","modified_gmt":"2026-03-08T19:09:46","slug":"vino-tinto-mina-velha-reserva","status":"publish","type":"product","link":"https:\/\/vinal.co\/index.php\/product\/vino-tinto-mina-velha-reserva\/","title":{"rendered":"Mina Velha Reserva"},"content":{"rendered":"<p data-start=\"0\" data-end=\"323\">El vino tinto Mina Velha Reserva se inspira en la \u00abMina Velha\u00bb mina vieja existente en la Quinta de S. Sebasti\u00e3o. Se trata de una mina compuesta por galer\u00edas subterr\u00e1neas que atraviesan toda la propiedad y que hacen posible la relaci\u00f3n hist\u00f3rica de la Quinta con las \u201cL\u00edneas de Torres\u201d, fundamentales en la defensa de Lisboa contra las invasiones francesas.<\/p>\n<p data-start=\"325\" data-end=\"594\" data-is-last-node=\"\" data-is-only-node=\"\">Los vinos de esta colecci\u00f3n incluyen diversas variedades nacionales como Touriga Nacional y Tinta Roriz, as\u00ed como Arinto y Fern\u00e3o Pires. Estas castas les confieren un car\u00e1cter joven, expresivo y afrutado, dando como resultado vinos f\u00e1ciles de beber, suaves y elegantes.<\/p>\n<h4><span style=\"color: #87764f;\">Premios<\/span><\/h4>\n<ul>\n<li>Plata &#8211; China Wine and Spirits Award, Best Value 2018<\/li>\n<\/ul>\n<h4><span style=\"color: #87764f;\"><a style=\"color: #87764f;\" href=\"https:\/\/vinal.co\/wp-content\/uploads\/2026\/03\/FT-Mina-Velha-Reserva.pdf\" target=\"_blank\" rel=\"noopener noreferrer\">Ficha T\u00e9cnica<\/a><\/span><\/h4>\n","protected":false},"excerpt":{"rendered":"<p>REGI\u00d3N | Portugal, Lisboa &#8211; Arruda Dos Vinho<br \/>\nCEPAS | Tinta Roriz \u00abTempranillo\u00bb y Touriga Nacional<br \/>\n6 meses en barrica de roble franc\u00e9s.<br \/>\nNOTAS DE CATA | Color: Vino de color granate. | Aroma: Con un aroma joven y expresivo que presenta notas de fruta muy madura y ligeros matices tostados. | Boca: En boca es suave y elegante.<\/p>\n","protected":false},"featured_media":11915,"template":"","meta":{"om_disable_all_campaigns":false,"_monsterinsights_skip_tracking":false,"_monsterinsights_sitenote_active":false,"_monsterinsights_sitenote_note":"","_monsterinsights_sitenote_category":0,"_uf_show_specific_survey":0,"_uf_disable_surveys":false,"_joinchat":[]},"product_brand":[188],"product_cat":[177,194,26,23],"product_tag":[48,37,36,40,35,39,29,28],"class_list":{"0":"post-731","1":"product","2":"type-product","3":"status-publish","4":"has-post-thumbnail","6":"product_brand-mina-velha","7":"product_cat-portugal","8":"product_cat-reserva","9":"product_cat-tinto","10":"product_cat-vino","11":"product_tag-barrica","12":"product_tag-lisboa","13":"product_tag-portugal","14":"product_tag-tinta-roriz","15":"product_tag-tinto","16":"product_tag-touriga-nacional","17":"product_tag-vinho","18":"product_tag-vino","20":"first","21":"instock","22":"featured","23":"shipping-taxable","24":"product-type-simple"},"yoast_head":"<!-- This site is optimized with the Yoast SEO plugin v27.3 - https:\/\/yoast.com\/product\/yoast-seo-wordpress\/ -->\n<title>Vino Tinto Mina Velha Reserva - Vinal Colombia<\/title>\n<meta name=\"description\" content=\"El vino tinto Mina Velha Reserva - Tinta Roriz y Touriga Nacional. Es un vino expresivo, suave y elegante. Con 6 meses en barrica de roble franc\u00e9s.\" \/>\n<meta name=\"robots\" content=\"index, follow, max-snippet:-1, max-image-preview:large, max-video-preview:-1\" \/>\n<link rel=\"canonical\" href=\"https:\/\/vinal.co\/index.php\/product\/vino-tinto-mina-velha-reserva\/\" \/>\n<meta property=\"og:locale\" content=\"es_ES\" \/>\n<meta property=\"og:type\" content=\"article\" \/>\n<meta property=\"og:title\" content=\"Vino Tinto Mina Velha Reserva - Vinal Colombia\" \/>\n<meta property=\"og:description\" content=\"El vino tinto Mina Velha Reserva - Tinta Roriz y Touriga Nacional. Es un vino expresivo, suave y elegante. Con 6 meses en barrica de roble franc\u00e9s.\" \/>\n<meta property=\"og:url\" content=\"https:\/\/vinal.co\/index.php\/product\/vino-tinto-mina-velha-reserva\/\" \/>\n<meta property=\"og:site_name\" content=\"Vinal Colombia\" \/>\n<meta property=\"article:publisher\" content=\"https:\/\/www.facebook.com\/VinalColombia\/\" \/>\n<meta property=\"article:modified_time\" content=\"2026-03-08T19:09:46+00:00\" \/>\n<meta property=\"og:image\" content=\"https:\/\/vinal.co\/wp-content\/uploads\/2026\/02\/MV-TTR.png\" \/>\n\t<meta property=\"og:image:width\" content=\"840\" \/>\n\t<meta property=\"og:image:height\" content=\"840\" \/>\n\t<meta property=\"og:image:type\" content=\"image\/png\" \/>\n<meta name=\"twitter:card\" content=\"summary_large_image\" \/>\n<meta name=\"twitter:label1\" content=\"Tiempo de lectura\" \/>\n\t<meta name=\"twitter:data1\" content=\"1 minuto\" \/>\n<script type=\"application\/ld+json\" class=\"yoast-schema-graph\">{\"@context\":\"https:\\\/\\\/schema.org\",\"@graph\":[{\"@type\":\"WebPage\",\"@id\":\"https:\\\/\\\/vinal.co\\\/index.php\\\/product\\\/vino-tinto-mina-velha-reserva\\\/\",\"url\":\"https:\\\/\\\/vinal.co\\\/index.php\\\/product\\\/vino-tinto-mina-velha-reserva\\\/\",\"name\":\"Vino Tinto Mina Velha Reserva - Vinal Colombia\",\"isPartOf\":{\"@id\":\"https:\\\/\\\/vinal.co\\\/#website\"},\"primaryImageOfPage\":{\"@id\":\"https:\\\/\\\/vinal.co\\\/index.php\\\/product\\\/vino-tinto-mina-velha-reserva\\\/#primaryimage\"},\"image\":{\"@id\":\"https:\\\/\\\/vinal.co\\\/index.php\\\/product\\\/vino-tinto-mina-velha-reserva\\\/#primaryimage\"},\"thumbnailUrl\":\"https:\\\/\\\/vinal.co\\\/wp-content\\\/uploads\\\/2026\\\/02\\\/MV-TTR.png\",\"datePublished\":\"2019-05-19T20:46:39+00:00\",\"dateModified\":\"2026-03-08T19:09:46+00:00\",\"description\":\"El vino tinto Mina Velha Reserva - Tinta Roriz y Touriga Nacional. Es un vino expresivo, suave y elegante. Con 6 meses en barrica de roble franc\u00e9s.\",\"breadcrumb\":{\"@id\":\"https:\\\/\\\/vinal.co\\\/index.php\\\/product\\\/vino-tinto-mina-velha-reserva\\\/#breadcrumb\"},\"inLanguage\":\"es\",\"potentialAction\":[{\"@type\":\"ReadAction\",\"target\":[\"https:\\\/\\\/vinal.co\\\/index.php\\\/product\\\/vino-tinto-mina-velha-reserva\\\/\"]}]},{\"@type\":\"ImageObject\",\"inLanguage\":\"es\",\"@id\":\"https:\\\/\\\/vinal.co\\\/index.php\\\/product\\\/vino-tinto-mina-velha-reserva\\\/#primaryimage\",\"url\":\"https:\\\/\\\/vinal.co\\\/wp-content\\\/uploads\\\/2026\\\/02\\\/MV-TTR.png\",\"contentUrl\":\"https:\\\/\\\/vinal.co\\\/wp-content\\\/uploads\\\/2026\\\/02\\\/MV-TTR.png\",\"width\":840,\"height\":840,\"caption\":\"Botella vino Mina Velha tinto reserva\"},{\"@type\":\"BreadcrumbList\",\"@id\":\"https:\\\/\\\/vinal.co\\\/index.php\\\/product\\\/vino-tinto-mina-velha-reserva\\\/#breadcrumb\",\"itemListElement\":[{\"@type\":\"ListItem\",\"position\":1,\"name\":\"Inicio\",\"item\":\"https:\\\/\\\/vinal.co\\\/\"},{\"@type\":\"ListItem\",\"position\":2,\"name\":\"Comprar\",\"item\":\"https:\\\/\\\/vinal.co\\\/index.php\\\/vinal-colombia-vinos-y-alimentos\\\/\"},{\"@type\":\"ListItem\",\"position\":3,\"name\":\"Mina Velha Reserva\"}]},{\"@type\":\"WebSite\",\"@id\":\"https:\\\/\\\/vinal.co\\\/#website\",\"url\":\"https:\\\/\\\/vinal.co\\\/\",\"name\":\"Vinal Colombia\",\"description\":\"El mundo en una copa!\",\"publisher\":{\"@id\":\"https:\\\/\\\/vinal.co\\\/#organization\"},\"potentialAction\":[{\"@type\":\"SearchAction\",\"target\":{\"@type\":\"EntryPoint\",\"urlTemplate\":\"https:\\\/\\\/vinal.co\\\/?s={search_term_string}\"},\"query-input\":{\"@type\":\"PropertyValueSpecification\",\"valueRequired\":true,\"valueName\":\"search_term_string\"}}],\"inLanguage\":\"es\"},{\"@type\":\"Organization\",\"@id\":\"https:\\\/\\\/vinal.co\\\/#organization\",\"name\":\"VINAL COLOMBIA\",\"url\":\"https:\\\/\\\/vinal.co\\\/\",\"logo\":{\"@type\":\"ImageObject\",\"inLanguage\":\"es\",\"@id\":\"https:\\\/\\\/vinal.co\\\/#\\\/schema\\\/logo\\\/image\\\/\",\"url\":\"https:\\\/\\\/i2.wp.com\\\/vinal.co\\\/wp-content\\\/uploads\\\/2020\\\/09\\\/Portugal-en-una-copa-Vinal-Colombia-Logo.png?fit=216%2C252&ssl=1\",\"contentUrl\":\"https:\\\/\\\/i2.wp.com\\\/vinal.co\\\/wp-content\\\/uploads\\\/2020\\\/09\\\/Portugal-en-una-copa-Vinal-Colombia-Logo.png?fit=216%2C252&ssl=1\",\"width\":216,\"height\":252,\"caption\":\"VINAL COLOMBIA\"},\"image\":{\"@id\":\"https:\\\/\\\/vinal.co\\\/#\\\/schema\\\/logo\\\/image\\\/\"},\"sameAs\":[\"https:\\\/\\\/www.facebook.com\\\/VinalColombia\\\/\",\"https:\\\/\\\/www.instagram.com\\\/vinalcolombia\\\/\"]}]}<\/script>\n<!-- \/ Yoast SEO plugin. -->","yoast_head_json":{"title":"Vino Tinto Mina Velha Reserva - Vinal Colombia","description":"El vino tinto Mina Velha Reserva - Tinta Roriz y Touriga Nacional. Es un vino expresivo, suave y elegante. Con 6 meses en barrica de roble franc\u00e9s.","robots":{"index":"index","follow":"follow","max-snippet":"max-snippet:-1","max-image-preview":"max-image-preview:large","max-video-preview":"max-video-preview:-1"},"canonical":"https:\/\/vinal.co\/index.php\/product\/vino-tinto-mina-velha-reserva\/","og_locale":"es_ES","og_type":"article","og_title":"Vino Tinto Mina Velha Reserva - Vinal Colombia","og_description":"El vino tinto Mina Velha Reserva - Tinta Roriz y Touriga Nacional. Es un vino expresivo, suave y elegante. Con 6 meses en barrica de roble franc\u00e9s.","og_url":"https:\/\/vinal.co\/index.php\/product\/vino-tinto-mina-velha-reserva\/","og_site_name":"Vinal Colombia","article_publisher":"https:\/\/www.facebook.com\/VinalColombia\/","article_modified_time":"2026-03-08T19:09:46+00:00","og_image":[{"width":840,"height":840,"url":"https:\/\/vinal.co\/wp-content\/uploads\/2026\/02\/MV-TTR.png","type":"image\/png"}],"twitter_card":"summary_large_image","twitter_misc":{"Tiempo de lectura":"1 minuto"},"schema":{"@context":"https:\/\/schema.org","@graph":[{"@type":"WebPage","@id":"https:\/\/vinal.co\/index.php\/product\/vino-tinto-mina-velha-reserva\/","url":"https:\/\/vinal.co\/index.php\/product\/vino-tinto-mina-velha-reserva\/","name":"Vino Tinto Mina Velha Reserva - Vinal Colombia","isPartOf":{"@id":"https:\/\/vinal.co\/#website"},"primaryImageOfPage":{"@id":"https:\/\/vinal.co\/index.php\/product\/vino-tinto-mina-velha-reserva\/#primaryimage"},"image":{"@id":"https:\/\/vinal.co\/index.php\/product\/vino-tinto-mina-velha-reserva\/#primaryimage"},"thumbnailUrl":"https:\/\/vinal.co\/wp-content\/uploads\/2026\/02\/MV-TTR.png","datePublished":"2019-05-19T20:46:39+00:00","dateModified":"2026-03-08T19:09:46+00:00","description":"El vino tinto Mina Velha Reserva - Tinta Roriz y Touriga Nacional. Es un vino expresivo, suave y elegante. Con 6 meses en barrica de roble franc\u00e9s.","breadcrumb":{"@id":"https:\/\/vinal.co\/index.php\/product\/vino-tinto-mina-velha-reserva\/#breadcrumb"},"inLanguage":"es","potentialAction":[{"@type":"ReadAction","target":["https:\/\/vinal.co\/index.php\/product\/vino-tinto-mina-velha-reserva\/"]}]},{"@type":"ImageObject","inLanguage":"es","@id":"https:\/\/vinal.co\/index.php\/product\/vino-tinto-mina-velha-reserva\/#primaryimage","url":"https:\/\/vinal.co\/wp-content\/uploads\/2026\/02\/MV-TTR.png","contentUrl":"https:\/\/vinal.co\/wp-content\/uploads\/2026\/02\/MV-TTR.png","width":840,"height":840,"caption":"Botella vino Mina Velha tinto reserva"},{"@type":"BreadcrumbList","@id":"https:\/\/vinal.co\/index.php\/product\/vino-tinto-mina-velha-reserva\/#breadcrumb","itemListElement":[{"@type":"ListItem","position":1,"name":"Inicio","item":"https:\/\/vinal.co\/"},{"@type":"ListItem","position":2,"name":"Comprar","item":"https:\/\/vinal.co\/index.php\/vinal-colombia-vinos-y-alimentos\/"},{"@type":"ListItem","position":3,"name":"Mina Velha Reserva"}]},{"@type":"WebSite","@id":"https:\/\/vinal.co\/#website","url":"https:\/\/vinal.co\/","name":"Vinal Colombia","description":"El mundo en una copa!","publisher":{"@id":"https:\/\/vinal.co\/#organization"},"potentialAction":[{"@type":"SearchAction","target":{"@type":"EntryPoint","urlTemplate":"https:\/\/vinal.co\/?s={search_term_string}"},"query-input":{"@type":"PropertyValueSpecification","valueRequired":true,"valueName":"search_term_string"}}],"inLanguage":"es"},{"@type":"Organization","@id":"https:\/\/vinal.co\/#organization","name":"VINAL COLOMBIA","url":"https:\/\/vinal.co\/","logo":{"@type":"ImageObject","inLanguage":"es","@id":"https:\/\/vinal.co\/#\/schema\/logo\/image\/","url":"https:\/\/i2.wp.com\/vinal.co\/wp-content\/uploads\/2020\/09\/Portugal-en-una-copa-Vinal-Colombia-Logo.png?fit=216%2C252&ssl=1","contentUrl":"https:\/\/i2.wp.com\/vinal.co\/wp-content\/uploads\/2020\/09\/Portugal-en-una-copa-Vinal-Colombia-Logo.png?fit=216%2C252&ssl=1","width":216,"height":252,"caption":"VINAL COLOMBIA"},"image":{"@id":"https:\/\/vinal.co\/#\/schema\/logo\/image\/"},"sameAs":["https:\/\/www.facebook.com\/VinalColombia\/","https:\/\/www.instagram.com\/vinalcolombia\/"]}]}},"_links":{"self":[{"href":"https:\/\/vinal.co\/index.php\/wp-json\/wp\/v2\/product\/731","targetHints":{"allow":["GET"]}}],"collection":[{"href":"https:\/\/vinal.co\/index.php\/wp-json\/wp\/v2\/product"}],"about":[{"href":"https:\/\/vinal.co\/index.php\/wp-json\/wp\/v2\/types\/product"}],"version-history":[{"count":8,"href":"https:\/\/vinal.co\/index.php\/wp-json\/wp\/v2\/product\/731\/revisions"}],"predecessor-version":[{"id":1073,"href":"https:\/\/vinal.co\/index.php\/wp-json\/wp\/v2\/product\/731\/revisions\/1073"}],"wp:featuredmedia":[{"embeddable":true,"href":"https:\/\/vinal.co\/index.php\/wp-json\/wp\/v2\/media\/11915"}],"wp:attachment":[{"href":"https:\/\/vinal.co\/index.php\/wp-json\/wp\/v2\/media?parent=731"}],"wp:term":[{"taxonomy":"product_brand","embeddable":true,"href":"https:\/\/vinal.co\/index.php\/wp-json\/wp\/v2\/product_brand?post=731"},{"taxonomy":"product_cat","embeddable":true,"href":"https:\/\/vinal.co\/index.php\/wp-json\/wp\/v2\/product_cat?post=731"},{"taxonomy":"product_tag","embeddable":true,"href":"https:\/\/vinal.co\/index.php\/wp-json\/wp\/v2\/product_tag?post=731"}],"curies":[{"name":"wp","href":"https:\/\/api.w.org\/{rel}","templated":true}]}}