{"id":732,"date":"2019-05-19T15:50:39","date_gmt":"2019-05-19T20:50:39","guid":{"rendered":"http:\/\/vinal.co\/?post_type=product&#038;p=732"},"modified":"2026-03-08T14:08:26","modified_gmt":"2026-03-08T19:08:26","slug":"vinos-de-portugal-vino-blanco-mil-caminhos","status":"publish","type":"product","link":"https:\/\/vinal.co\/index.php\/product\/vinos-de-portugal-vino-blanco-mil-caminhos\/","title":{"rendered":"Mil Caminhos Blanco"},"content":{"rendered":"<p class=\"p1\">El vino Mil Caminhos Blanco toma su nombre de los \u201cMil Caminos\u201d que se pueden vislumbrar y recorrer entre cada vi\u00f1edo de la Quinta de S. Sebasti\u00e3o fueron la met\u00e1fora que dio origen al nombre de esta gama.<\/p>\n<p data-start=\"162\" data-end=\"330\">Una inmensidad de vi\u00f1as en diferentes tonalidades que dan lugar a vinos con aromas intensos y expresivos, as\u00ed como sabores suaves y frescos, vibrantes y persistentes.<\/p>\n<p data-start=\"332\" data-end=\"449\" data-is-last-node=\"\" data-is-only-node=\"\">Proceden de vi\u00f1edos asentados en suelos arcillo-calc\u00e1reos y de un clima mediterr\u00e1neo con fuerte influencia atl\u00e1ntica.<\/p>\n<h4><span style=\"color: #87764f;\">Premios<\/span><\/h4>\n<ul>\n<li>Bronce &#8211; Escan\u00e7o\u00e9s de Portugal<\/li>\n<li>Boa Compra &#8211; Revista Vinhos 2015<\/li>\n<li>Bronce &#8211; China Wine and Spirits Award 2016<\/li>\n<\/ul>\n<h4><span style=\"color: #87764f;\"><a style=\"color: #87764f;\" href=\"https:\/\/vinal.co\/wp-content\/uploads\/2026\/03\/FT-Mil-Caminhos-Blanco.pdf\" target=\"_blank\" rel=\"noopener noreferrer\">Ficha T\u00e9cnica<\/a><\/span><\/h4>\n","protected":false},"excerpt":{"rendered":"<p>REGI\u00d3N | Portugal<br \/>\nCEPAS | Blend<br \/>\nNOTAS DE CATA | Color: Vino de color c\u00edtrico. | Aroma. De aroma expresivo con flores frescas casado con notas de lima. | Boca: En boca es suave y muy fresco.<\/p>\n","protected":false},"featured_media":11917,"template":"","meta":{"om_disable_all_campaigns":false,"_monsterinsights_skip_tracking":false,"_monsterinsights_sitenote_active":false,"_monsterinsights_sitenote_note":"","_monsterinsights_sitenote_category":0,"_uf_show_specific_survey":0,"_uf_disable_surveys":false,"_joinchat":[]},"product_brand":[187],"product_cat":[25,177,23],"product_tag":[46,32,36,29,28],"class_list":{"0":"post-732","1":"product","2":"type-product","3":"status-publish","4":"has-post-thumbnail","6":"product_brand-mil-caminhos","7":"product_cat-blanco","8":"product_cat-portugal","9":"product_cat-vino","10":"product_tag-arinto","11":"product_tag-blanco","12":"product_tag-portugal","13":"product_tag-vinho","14":"product_tag-vino","16":"first","17":"instock","18":"shipping-taxable","19":"product-type-simple"},"yoast_head":"<!-- This site is optimized with the Yoast SEO plugin v27.3 - https:\/\/yoast.com\/product\/yoast-seo-wordpress\/ -->\n<title>Vino Mil Caminhos Blanco - Vinal Colombia<\/title>\n<meta name=\"description\" content=\"El vino Mil Caminhos Blanco procede de vi\u00f1edos asentados en suelos arcillo-calc\u00e1reos y de un clima mediterr\u00e1neo con fuerte influencia atl\u00e1ntica.\" \/>\n<meta name=\"robots\" content=\"index, follow, max-snippet:-1, max-image-preview:large, max-video-preview:-1\" \/>\n<link rel=\"canonical\" href=\"https:\/\/vinal.co\/index.php\/product\/vinos-de-portugal-vino-blanco-mil-caminhos\/\" \/>\n<meta property=\"og:locale\" content=\"es_ES\" \/>\n<meta property=\"og:type\" content=\"article\" \/>\n<meta property=\"og:title\" content=\"Vino Mil Caminhos Blanco - Vinal Colombia\" \/>\n<meta property=\"og:description\" content=\"El vino Mil Caminhos Blanco procede de vi\u00f1edos asentados en suelos arcillo-calc\u00e1reos y de un clima mediterr\u00e1neo con fuerte influencia atl\u00e1ntica.\" \/>\n<meta property=\"og:url\" content=\"https:\/\/vinal.co\/index.php\/product\/vinos-de-portugal-vino-blanco-mil-caminhos\/\" \/>\n<meta property=\"og:site_name\" content=\"Vinal Colombia\" \/>\n<meta property=\"article:publisher\" content=\"https:\/\/www.facebook.com\/VinalColombia\/\" \/>\n<meta property=\"article:modified_time\" content=\"2026-03-08T19:08:26+00:00\" \/>\n<meta property=\"og:image\" content=\"https:\/\/vinal.co\/wp-content\/uploads\/2026\/02\/MC-BL.png\" \/>\n\t<meta property=\"og:image:width\" content=\"840\" \/>\n\t<meta property=\"og:image:height\" content=\"840\" \/>\n\t<meta property=\"og:image:type\" content=\"image\/png\" \/>\n<meta name=\"twitter:card\" content=\"summary_large_image\" \/>\n<meta name=\"twitter:label1\" content=\"Tiempo de lectura\" \/>\n\t<meta name=\"twitter:data1\" content=\"1 minuto\" \/>\n<script type=\"application\/ld+json\" class=\"yoast-schema-graph\">{\"@context\":\"https:\\\/\\\/schema.org\",\"@graph\":[{\"@type\":\"WebPage\",\"@id\":\"https:\\\/\\\/vinal.co\\\/index.php\\\/product\\\/vinos-de-portugal-vino-blanco-mil-caminhos\\\/\",\"url\":\"https:\\\/\\\/vinal.co\\\/index.php\\\/product\\\/vinos-de-portugal-vino-blanco-mil-caminhos\\\/\",\"name\":\"Vino Mil Caminhos Blanco - Vinal Colombia\",\"isPartOf\":{\"@id\":\"https:\\\/\\\/vinal.co\\\/#website\"},\"primaryImageOfPage\":{\"@id\":\"https:\\\/\\\/vinal.co\\\/index.php\\\/product\\\/vinos-de-portugal-vino-blanco-mil-caminhos\\\/#primaryimage\"},\"image\":{\"@id\":\"https:\\\/\\\/vinal.co\\\/index.php\\\/product\\\/vinos-de-portugal-vino-blanco-mil-caminhos\\\/#primaryimage\"},\"thumbnailUrl\":\"https:\\\/\\\/vinal.co\\\/wp-content\\\/uploads\\\/2026\\\/02\\\/MC-BL.png\",\"datePublished\":\"2019-05-19T20:50:39+00:00\",\"dateModified\":\"2026-03-08T19:08:26+00:00\",\"description\":\"El vino Mil Caminhos Blanco procede de vi\u00f1edos asentados en suelos arcillo-calc\u00e1reos y de un clima mediterr\u00e1neo con fuerte influencia atl\u00e1ntica.\",\"breadcrumb\":{\"@id\":\"https:\\\/\\\/vinal.co\\\/index.php\\\/product\\\/vinos-de-portugal-vino-blanco-mil-caminhos\\\/#breadcrumb\"},\"inLanguage\":\"es\",\"potentialAction\":[{\"@type\":\"ReadAction\",\"target\":[\"https:\\\/\\\/vinal.co\\\/index.php\\\/product\\\/vinos-de-portugal-vino-blanco-mil-caminhos\\\/\"]}]},{\"@type\":\"ImageObject\",\"inLanguage\":\"es\",\"@id\":\"https:\\\/\\\/vinal.co\\\/index.php\\\/product\\\/vinos-de-portugal-vino-blanco-mil-caminhos\\\/#primaryimage\",\"url\":\"https:\\\/\\\/vinal.co\\\/wp-content\\\/uploads\\\/2026\\\/02\\\/MC-BL.png\",\"contentUrl\":\"https:\\\/\\\/vinal.co\\\/wp-content\\\/uploads\\\/2026\\\/02\\\/MC-BL.png\",\"width\":840,\"height\":840,\"caption\":\"Botella vino mil caminhos blanco\"},{\"@type\":\"BreadcrumbList\",\"@id\":\"https:\\\/\\\/vinal.co\\\/index.php\\\/product\\\/vinos-de-portugal-vino-blanco-mil-caminhos\\\/#breadcrumb\",\"itemListElement\":[{\"@type\":\"ListItem\",\"position\":1,\"name\":\"Inicio\",\"item\":\"https:\\\/\\\/vinal.co\\\/\"},{\"@type\":\"ListItem\",\"position\":2,\"name\":\"Comprar\",\"item\":\"https:\\\/\\\/vinal.co\\\/index.php\\\/vinal-colombia-vinos-y-alimentos\\\/\"},{\"@type\":\"ListItem\",\"position\":3,\"name\":\"Mil Caminhos Blanco\"}]},{\"@type\":\"WebSite\",\"@id\":\"https:\\\/\\\/vinal.co\\\/#website\",\"url\":\"https:\\\/\\\/vinal.co\\\/\",\"name\":\"Vinal Colombia\",\"description\":\"El mundo en una copa!\",\"publisher\":{\"@id\":\"https:\\\/\\\/vinal.co\\\/#organization\"},\"potentialAction\":[{\"@type\":\"SearchAction\",\"target\":{\"@type\":\"EntryPoint\",\"urlTemplate\":\"https:\\\/\\\/vinal.co\\\/?s={search_term_string}\"},\"query-input\":{\"@type\":\"PropertyValueSpecification\",\"valueRequired\":true,\"valueName\":\"search_term_string\"}}],\"inLanguage\":\"es\"},{\"@type\":\"Organization\",\"@id\":\"https:\\\/\\\/vinal.co\\\/#organization\",\"name\":\"VINAL COLOMBIA\",\"url\":\"https:\\\/\\\/vinal.co\\\/\",\"logo\":{\"@type\":\"ImageObject\",\"inLanguage\":\"es\",\"@id\":\"https:\\\/\\\/vinal.co\\\/#\\\/schema\\\/logo\\\/image\\\/\",\"url\":\"https:\\\/\\\/i2.wp.com\\\/vinal.co\\\/wp-content\\\/uploads\\\/2020\\\/09\\\/Portugal-en-una-copa-Vinal-Colombia-Logo.png?fit=216%2C252&ssl=1\",\"contentUrl\":\"https:\\\/\\\/i2.wp.com\\\/vinal.co\\\/wp-content\\\/uploads\\\/2020\\\/09\\\/Portugal-en-una-copa-Vinal-Colombia-Logo.png?fit=216%2C252&ssl=1\",\"width\":216,\"height\":252,\"caption\":\"VINAL COLOMBIA\"},\"image\":{\"@id\":\"https:\\\/\\\/vinal.co\\\/#\\\/schema\\\/logo\\\/image\\\/\"},\"sameAs\":[\"https:\\\/\\\/www.facebook.com\\\/VinalColombia\\\/\",\"https:\\\/\\\/www.instagram.com\\\/vinalcolombia\\\/\"]}]}<\/script>\n<!-- \/ Yoast SEO plugin. -->","yoast_head_json":{"title":"Vino Mil Caminhos Blanco - Vinal Colombia","description":"El vino Mil Caminhos Blanco procede de vi\u00f1edos asentados en suelos arcillo-calc\u00e1reos y de un clima mediterr\u00e1neo con fuerte influencia atl\u00e1ntica.","robots":{"index":"index","follow":"follow","max-snippet":"max-snippet:-1","max-image-preview":"max-image-preview:large","max-video-preview":"max-video-preview:-1"},"canonical":"https:\/\/vinal.co\/index.php\/product\/vinos-de-portugal-vino-blanco-mil-caminhos\/","og_locale":"es_ES","og_type":"article","og_title":"Vino Mil Caminhos Blanco - Vinal Colombia","og_description":"El vino Mil Caminhos Blanco procede de vi\u00f1edos asentados en suelos arcillo-calc\u00e1reos y de un clima mediterr\u00e1neo con fuerte influencia atl\u00e1ntica.","og_url":"https:\/\/vinal.co\/index.php\/product\/vinos-de-portugal-vino-blanco-mil-caminhos\/","og_site_name":"Vinal Colombia","article_publisher":"https:\/\/www.facebook.com\/VinalColombia\/","article_modified_time":"2026-03-08T19:08:26+00:00","og_image":[{"width":840,"height":840,"url":"https:\/\/vinal.co\/wp-content\/uploads\/2026\/02\/MC-BL.png","type":"image\/png"}],"twitter_card":"summary_large_image","twitter_misc":{"Tiempo de lectura":"1 minuto"},"schema":{"@context":"https:\/\/schema.org","@graph":[{"@type":"WebPage","@id":"https:\/\/vinal.co\/index.php\/product\/vinos-de-portugal-vino-blanco-mil-caminhos\/","url":"https:\/\/vinal.co\/index.php\/product\/vinos-de-portugal-vino-blanco-mil-caminhos\/","name":"Vino Mil Caminhos Blanco - Vinal Colombia","isPartOf":{"@id":"https:\/\/vinal.co\/#website"},"primaryImageOfPage":{"@id":"https:\/\/vinal.co\/index.php\/product\/vinos-de-portugal-vino-blanco-mil-caminhos\/#primaryimage"},"image":{"@id":"https:\/\/vinal.co\/index.php\/product\/vinos-de-portugal-vino-blanco-mil-caminhos\/#primaryimage"},"thumbnailUrl":"https:\/\/vinal.co\/wp-content\/uploads\/2026\/02\/MC-BL.png","datePublished":"2019-05-19T20:50:39+00:00","dateModified":"2026-03-08T19:08:26+00:00","description":"El vino Mil Caminhos Blanco procede de vi\u00f1edos asentados en suelos arcillo-calc\u00e1reos y de un clima mediterr\u00e1neo con fuerte influencia atl\u00e1ntica.","breadcrumb":{"@id":"https:\/\/vinal.co\/index.php\/product\/vinos-de-portugal-vino-blanco-mil-caminhos\/#breadcrumb"},"inLanguage":"es","potentialAction":[{"@type":"ReadAction","target":["https:\/\/vinal.co\/index.php\/product\/vinos-de-portugal-vino-blanco-mil-caminhos\/"]}]},{"@type":"ImageObject","inLanguage":"es","@id":"https:\/\/vinal.co\/index.php\/product\/vinos-de-portugal-vino-blanco-mil-caminhos\/#primaryimage","url":"https:\/\/vinal.co\/wp-content\/uploads\/2026\/02\/MC-BL.png","contentUrl":"https:\/\/vinal.co\/wp-content\/uploads\/2026\/02\/MC-BL.png","width":840,"height":840,"caption":"Botella vino mil caminhos blanco"},{"@type":"BreadcrumbList","@id":"https:\/\/vinal.co\/index.php\/product\/vinos-de-portugal-vino-blanco-mil-caminhos\/#breadcrumb","itemListElement":[{"@type":"ListItem","position":1,"name":"Inicio","item":"https:\/\/vinal.co\/"},{"@type":"ListItem","position":2,"name":"Comprar","item":"https:\/\/vinal.co\/index.php\/vinal-colombia-vinos-y-alimentos\/"},{"@type":"ListItem","position":3,"name":"Mil Caminhos Blanco"}]},{"@type":"WebSite","@id":"https:\/\/vinal.co\/#website","url":"https:\/\/vinal.co\/","name":"Vinal Colombia","description":"El mundo en una copa!","publisher":{"@id":"https:\/\/vinal.co\/#organization"},"potentialAction":[{"@type":"SearchAction","target":{"@type":"EntryPoint","urlTemplate":"https:\/\/vinal.co\/?s={search_term_string}"},"query-input":{"@type":"PropertyValueSpecification","valueRequired":true,"valueName":"search_term_string"}}],"inLanguage":"es"},{"@type":"Organization","@id":"https:\/\/vinal.co\/#organization","name":"VINAL COLOMBIA","url":"https:\/\/vinal.co\/","logo":{"@type":"ImageObject","inLanguage":"es","@id":"https:\/\/vinal.co\/#\/schema\/logo\/image\/","url":"https:\/\/i2.wp.com\/vinal.co\/wp-content\/uploads\/2020\/09\/Portugal-en-una-copa-Vinal-Colombia-Logo.png?fit=216%2C252&ssl=1","contentUrl":"https:\/\/i2.wp.com\/vinal.co\/wp-content\/uploads\/2020\/09\/Portugal-en-una-copa-Vinal-Colombia-Logo.png?fit=216%2C252&ssl=1","width":216,"height":252,"caption":"VINAL COLOMBIA"},"image":{"@id":"https:\/\/vinal.co\/#\/schema\/logo\/image\/"},"sameAs":["https:\/\/www.facebook.com\/VinalColombia\/","https:\/\/www.instagram.com\/vinalcolombia\/"]}]}},"_links":{"self":[{"href":"https:\/\/vinal.co\/index.php\/wp-json\/wp\/v2\/product\/732","targetHints":{"allow":["GET"]}}],"collection":[{"href":"https:\/\/vinal.co\/index.php\/wp-json\/wp\/v2\/product"}],"about":[{"href":"https:\/\/vinal.co\/index.php\/wp-json\/wp\/v2\/types\/product"}],"version-history":[{"count":7,"href":"https:\/\/vinal.co\/index.php\/wp-json\/wp\/v2\/product\/732\/revisions"}],"predecessor-version":[{"id":1642,"href":"https:\/\/vinal.co\/index.php\/wp-json\/wp\/v2\/product\/732\/revisions\/1642"}],"wp:featuredmedia":[{"embeddable":true,"href":"https:\/\/vinal.co\/index.php\/wp-json\/wp\/v2\/media\/11917"}],"wp:attachment":[{"href":"https:\/\/vinal.co\/index.php\/wp-json\/wp\/v2\/media?parent=732"}],"wp:term":[{"taxonomy":"product_brand","embeddable":true,"href":"https:\/\/vinal.co\/index.php\/wp-json\/wp\/v2\/product_brand?post=732"},{"taxonomy":"product_cat","embeddable":true,"href":"https:\/\/vinal.co\/index.php\/wp-json\/wp\/v2\/product_cat?post=732"},{"taxonomy":"product_tag","embeddable":true,"href":"https:\/\/vinal.co\/index.php\/wp-json\/wp\/v2\/product_tag?post=732"}],"curies":[{"name":"wp","href":"https:\/\/api.w.org\/{rel}","templated":true}]}}