{"id":734,"date":"2019-05-19T19:48:44","date_gmt":"2019-05-20T00:48:44","guid":{"rendered":"http:\/\/vinal.co\/?post_type=product&#038;p=734"},"modified":"2026-03-08T14:07:25","modified_gmt":"2026-03-08T19:07:25","slug":"vino-mil-caminhos-rose","status":"publish","type":"product","link":"https:\/\/vinal.co\/index.php\/product\/vino-mil-caminhos-rose\/","title":{"rendered":"Mil Caminhos Ros\u00e9"},"content":{"rendered":"<p class=\"p1\">El vino Mil Caminhos Ros\u00e9 toma su nombre de los \u201cMil Caminos\u201d que se pueden vislumbrar y recorrer entre cada vi\u00f1edo de la Quinta de S. Sebasti\u00e3o fueron la met\u00e1fora que dio origen al nombre de esta gama.<\/p>\n<p data-start=\"162\" data-end=\"330\">Una inmensidad de vi\u00f1as en diferentes tonalidades que dan lugar a vinos con aromas intensos y expresivos, as\u00ed como sabores suaves y frescos, vibrantes y persistentes.<\/p>\n<p data-start=\"332\" data-end=\"449\" data-is-last-node=\"\" data-is-only-node=\"\">Proceden de vi\u00f1edos asentados en suelos arcillo-calc\u00e1reos y de un clima mediterr\u00e1neo con fuerte influencia atl\u00e1ntica.<\/p>\n<h4><span style=\"color: #87764f;\"><a style=\"color: #87764f;\" href=\"https:\/\/vinal.co\/wp-content\/uploads\/2026\/03\/FT-Mil-Caminhos-Rose.pdf\" target=\"_blank\" rel=\"noopener noreferrer\">Ficha T\u00e9cnica<\/a><\/span><\/h4>\n","protected":false},"excerpt":{"rendered":"<p>REGI\u00d3N | Portugal<br \/>\nCEPAS | Blend<br \/>\nNOTAS DE CATA | Color: De color salm\u00f3n claro. | Aroma: Con una nariz expresiva que presenta notas de fresas maduras y rosas. | Boca: En boca es ligero, suave y vibrante.<\/p>\n","protected":false},"featured_media":11916,"template":"","meta":{"om_disable_all_campaigns":false,"_monsterinsights_skip_tracking":false,"_monsterinsights_sitenote_active":false,"_monsterinsights_sitenote_note":"","_monsterinsights_sitenote_category":0,"_uf_show_specific_survey":0,"_uf_disable_surveys":false,"_joinchat":[]},"product_brand":[187],"product_cat":[177,27,23],"product_tag":[36,33,39,29,28],"class_list":{"0":"post-734","1":"product","2":"type-product","3":"status-publish","4":"has-post-thumbnail","6":"product_brand-mil-caminhos","7":"product_cat-portugal","8":"product_cat-rosado","9":"product_cat-vino","10":"product_tag-portugal","11":"product_tag-rosado","12":"product_tag-touriga-nacional","13":"product_tag-vinho","14":"product_tag-vino","16":"first","17":"instock","18":"shipping-taxable","19":"product-type-simple"},"yoast_head":"<!-- This site is optimized with the Yoast SEO plugin v27.3 - https:\/\/yoast.com\/product\/yoast-seo-wordpress\/ -->\n<title>Vino Mil Caminhos Ros\u00e9 - Vinal Colombia<\/title>\n<meta name=\"description\" content=\"Vino Mil Caminhos ros\u00e9 de color salm\u00f3n claro, aromas de fresas y rosas. De un clima mediterr\u00e1neo con fuerte influencia atl\u00e1ntica.\" \/>\n<meta name=\"robots\" content=\"index, follow, max-snippet:-1, max-image-preview:large, max-video-preview:-1\" \/>\n<link rel=\"canonical\" href=\"https:\/\/vinal.co\/index.php\/product\/vino-mil-caminhos-rose\/\" \/>\n<meta property=\"og:locale\" content=\"es_ES\" \/>\n<meta property=\"og:type\" content=\"article\" \/>\n<meta property=\"og:title\" content=\"Vino Mil Caminhos Ros\u00e9 - Vinal Colombia\" \/>\n<meta property=\"og:description\" content=\"Vino Mil Caminhos ros\u00e9 de color salm\u00f3n claro, aromas de fresas y rosas. De un clima mediterr\u00e1neo con fuerte influencia atl\u00e1ntica.\" \/>\n<meta property=\"og:url\" content=\"https:\/\/vinal.co\/index.php\/product\/vino-mil-caminhos-rose\/\" \/>\n<meta property=\"og:site_name\" content=\"Vinal Colombia\" \/>\n<meta property=\"article:publisher\" content=\"https:\/\/www.facebook.com\/VinalColombia\/\" \/>\n<meta property=\"article:modified_time\" content=\"2026-03-08T19:07:25+00:00\" \/>\n<meta property=\"og:image\" content=\"https:\/\/vinal.co\/wp-content\/uploads\/2026\/02\/MC-RO.png\" \/>\n\t<meta property=\"og:image:width\" content=\"840\" \/>\n\t<meta property=\"og:image:height\" content=\"840\" \/>\n\t<meta property=\"og:image:type\" content=\"image\/png\" \/>\n<meta name=\"twitter:card\" content=\"summary_large_image\" \/>\n<meta name=\"twitter:label1\" content=\"Tiempo de lectura\" \/>\n\t<meta name=\"twitter:data1\" content=\"1 minuto\" \/>\n<script type=\"application\/ld+json\" class=\"yoast-schema-graph\">{\"@context\":\"https:\\\/\\\/schema.org\",\"@graph\":[{\"@type\":\"WebPage\",\"@id\":\"https:\\\/\\\/vinal.co\\\/index.php\\\/product\\\/vino-mil-caminhos-rose\\\/\",\"url\":\"https:\\\/\\\/vinal.co\\\/index.php\\\/product\\\/vino-mil-caminhos-rose\\\/\",\"name\":\"Vino Mil Caminhos Ros\u00e9 - Vinal Colombia\",\"isPartOf\":{\"@id\":\"https:\\\/\\\/vinal.co\\\/#website\"},\"primaryImageOfPage\":{\"@id\":\"https:\\\/\\\/vinal.co\\\/index.php\\\/product\\\/vino-mil-caminhos-rose\\\/#primaryimage\"},\"image\":{\"@id\":\"https:\\\/\\\/vinal.co\\\/index.php\\\/product\\\/vino-mil-caminhos-rose\\\/#primaryimage\"},\"thumbnailUrl\":\"https:\\\/\\\/vinal.co\\\/wp-content\\\/uploads\\\/2026\\\/02\\\/MC-RO.png\",\"datePublished\":\"2019-05-20T00:48:44+00:00\",\"dateModified\":\"2026-03-08T19:07:25+00:00\",\"description\":\"Vino Mil Caminhos ros\u00e9 de color salm\u00f3n claro, aromas de fresas y rosas. De un clima mediterr\u00e1neo con fuerte influencia atl\u00e1ntica.\",\"breadcrumb\":{\"@id\":\"https:\\\/\\\/vinal.co\\\/index.php\\\/product\\\/vino-mil-caminhos-rose\\\/#breadcrumb\"},\"inLanguage\":\"es\",\"potentialAction\":[{\"@type\":\"ReadAction\",\"target\":[\"https:\\\/\\\/vinal.co\\\/index.php\\\/product\\\/vino-mil-caminhos-rose\\\/\"]}]},{\"@type\":\"ImageObject\",\"inLanguage\":\"es\",\"@id\":\"https:\\\/\\\/vinal.co\\\/index.php\\\/product\\\/vino-mil-caminhos-rose\\\/#primaryimage\",\"url\":\"https:\\\/\\\/vinal.co\\\/wp-content\\\/uploads\\\/2026\\\/02\\\/MC-RO.png\",\"contentUrl\":\"https:\\\/\\\/vinal.co\\\/wp-content\\\/uploads\\\/2026\\\/02\\\/MC-RO.png\",\"width\":840,\"height\":840,\"caption\":\"Botella vino mil caminhos rosado\"},{\"@type\":\"BreadcrumbList\",\"@id\":\"https:\\\/\\\/vinal.co\\\/index.php\\\/product\\\/vino-mil-caminhos-rose\\\/#breadcrumb\",\"itemListElement\":[{\"@type\":\"ListItem\",\"position\":1,\"name\":\"Inicio\",\"item\":\"https:\\\/\\\/vinal.co\\\/\"},{\"@type\":\"ListItem\",\"position\":2,\"name\":\"Comprar\",\"item\":\"https:\\\/\\\/vinal.co\\\/index.php\\\/vinal-colombia-vinos-y-alimentos\\\/\"},{\"@type\":\"ListItem\",\"position\":3,\"name\":\"Mil Caminhos Ros\u00e9\"}]},{\"@type\":\"WebSite\",\"@id\":\"https:\\\/\\\/vinal.co\\\/#website\",\"url\":\"https:\\\/\\\/vinal.co\\\/\",\"name\":\"Vinal Colombia\",\"description\":\"El mundo en una copa!\",\"publisher\":{\"@id\":\"https:\\\/\\\/vinal.co\\\/#organization\"},\"potentialAction\":[{\"@type\":\"SearchAction\",\"target\":{\"@type\":\"EntryPoint\",\"urlTemplate\":\"https:\\\/\\\/vinal.co\\\/?s={search_term_string}\"},\"query-input\":{\"@type\":\"PropertyValueSpecification\",\"valueRequired\":true,\"valueName\":\"search_term_string\"}}],\"inLanguage\":\"es\"},{\"@type\":\"Organization\",\"@id\":\"https:\\\/\\\/vinal.co\\\/#organization\",\"name\":\"VINAL COLOMBIA\",\"url\":\"https:\\\/\\\/vinal.co\\\/\",\"logo\":{\"@type\":\"ImageObject\",\"inLanguage\":\"es\",\"@id\":\"https:\\\/\\\/vinal.co\\\/#\\\/schema\\\/logo\\\/image\\\/\",\"url\":\"https:\\\/\\\/i2.wp.com\\\/vinal.co\\\/wp-content\\\/uploads\\\/2020\\\/09\\\/Portugal-en-una-copa-Vinal-Colombia-Logo.png?fit=216%2C252&ssl=1\",\"contentUrl\":\"https:\\\/\\\/i2.wp.com\\\/vinal.co\\\/wp-content\\\/uploads\\\/2020\\\/09\\\/Portugal-en-una-copa-Vinal-Colombia-Logo.png?fit=216%2C252&ssl=1\",\"width\":216,\"height\":252,\"caption\":\"VINAL COLOMBIA\"},\"image\":{\"@id\":\"https:\\\/\\\/vinal.co\\\/#\\\/schema\\\/logo\\\/image\\\/\"},\"sameAs\":[\"https:\\\/\\\/www.facebook.com\\\/VinalColombia\\\/\",\"https:\\\/\\\/www.instagram.com\\\/vinalcolombia\\\/\"]}]}<\/script>\n<!-- \/ Yoast SEO plugin. -->","yoast_head_json":{"title":"Vino Mil Caminhos Ros\u00e9 - Vinal Colombia","description":"Vino Mil Caminhos ros\u00e9 de color salm\u00f3n claro, aromas de fresas y rosas. De un clima mediterr\u00e1neo con fuerte influencia atl\u00e1ntica.","robots":{"index":"index","follow":"follow","max-snippet":"max-snippet:-1","max-image-preview":"max-image-preview:large","max-video-preview":"max-video-preview:-1"},"canonical":"https:\/\/vinal.co\/index.php\/product\/vino-mil-caminhos-rose\/","og_locale":"es_ES","og_type":"article","og_title":"Vino Mil Caminhos Ros\u00e9 - Vinal Colombia","og_description":"Vino Mil Caminhos ros\u00e9 de color salm\u00f3n claro, aromas de fresas y rosas. De un clima mediterr\u00e1neo con fuerte influencia atl\u00e1ntica.","og_url":"https:\/\/vinal.co\/index.php\/product\/vino-mil-caminhos-rose\/","og_site_name":"Vinal Colombia","article_publisher":"https:\/\/www.facebook.com\/VinalColombia\/","article_modified_time":"2026-03-08T19:07:25+00:00","og_image":[{"width":840,"height":840,"url":"https:\/\/vinal.co\/wp-content\/uploads\/2026\/02\/MC-RO.png","type":"image\/png"}],"twitter_card":"summary_large_image","twitter_misc":{"Tiempo de lectura":"1 minuto"},"schema":{"@context":"https:\/\/schema.org","@graph":[{"@type":"WebPage","@id":"https:\/\/vinal.co\/index.php\/product\/vino-mil-caminhos-rose\/","url":"https:\/\/vinal.co\/index.php\/product\/vino-mil-caminhos-rose\/","name":"Vino Mil Caminhos Ros\u00e9 - Vinal Colombia","isPartOf":{"@id":"https:\/\/vinal.co\/#website"},"primaryImageOfPage":{"@id":"https:\/\/vinal.co\/index.php\/product\/vino-mil-caminhos-rose\/#primaryimage"},"image":{"@id":"https:\/\/vinal.co\/index.php\/product\/vino-mil-caminhos-rose\/#primaryimage"},"thumbnailUrl":"https:\/\/vinal.co\/wp-content\/uploads\/2026\/02\/MC-RO.png","datePublished":"2019-05-20T00:48:44+00:00","dateModified":"2026-03-08T19:07:25+00:00","description":"Vino Mil Caminhos ros\u00e9 de color salm\u00f3n claro, aromas de fresas y rosas. De un clima mediterr\u00e1neo con fuerte influencia atl\u00e1ntica.","breadcrumb":{"@id":"https:\/\/vinal.co\/index.php\/product\/vino-mil-caminhos-rose\/#breadcrumb"},"inLanguage":"es","potentialAction":[{"@type":"ReadAction","target":["https:\/\/vinal.co\/index.php\/product\/vino-mil-caminhos-rose\/"]}]},{"@type":"ImageObject","inLanguage":"es","@id":"https:\/\/vinal.co\/index.php\/product\/vino-mil-caminhos-rose\/#primaryimage","url":"https:\/\/vinal.co\/wp-content\/uploads\/2026\/02\/MC-RO.png","contentUrl":"https:\/\/vinal.co\/wp-content\/uploads\/2026\/02\/MC-RO.png","width":840,"height":840,"caption":"Botella vino mil caminhos rosado"},{"@type":"BreadcrumbList","@id":"https:\/\/vinal.co\/index.php\/product\/vino-mil-caminhos-rose\/#breadcrumb","itemListElement":[{"@type":"ListItem","position":1,"name":"Inicio","item":"https:\/\/vinal.co\/"},{"@type":"ListItem","position":2,"name":"Comprar","item":"https:\/\/vinal.co\/index.php\/vinal-colombia-vinos-y-alimentos\/"},{"@type":"ListItem","position":3,"name":"Mil Caminhos Ros\u00e9"}]},{"@type":"WebSite","@id":"https:\/\/vinal.co\/#website","url":"https:\/\/vinal.co\/","name":"Vinal Colombia","description":"El mundo en una copa!","publisher":{"@id":"https:\/\/vinal.co\/#organization"},"potentialAction":[{"@type":"SearchAction","target":{"@type":"EntryPoint","urlTemplate":"https:\/\/vinal.co\/?s={search_term_string}"},"query-input":{"@type":"PropertyValueSpecification","valueRequired":true,"valueName":"search_term_string"}}],"inLanguage":"es"},{"@type":"Organization","@id":"https:\/\/vinal.co\/#organization","name":"VINAL COLOMBIA","url":"https:\/\/vinal.co\/","logo":{"@type":"ImageObject","inLanguage":"es","@id":"https:\/\/vinal.co\/#\/schema\/logo\/image\/","url":"https:\/\/i2.wp.com\/vinal.co\/wp-content\/uploads\/2020\/09\/Portugal-en-una-copa-Vinal-Colombia-Logo.png?fit=216%2C252&ssl=1","contentUrl":"https:\/\/i2.wp.com\/vinal.co\/wp-content\/uploads\/2020\/09\/Portugal-en-una-copa-Vinal-Colombia-Logo.png?fit=216%2C252&ssl=1","width":216,"height":252,"caption":"VINAL COLOMBIA"},"image":{"@id":"https:\/\/vinal.co\/#\/schema\/logo\/image\/"},"sameAs":["https:\/\/www.facebook.com\/VinalColombia\/","https:\/\/www.instagram.com\/vinalcolombia\/"]}]}},"_links":{"self":[{"href":"https:\/\/vinal.co\/index.php\/wp-json\/wp\/v2\/product\/734","targetHints":{"allow":["GET"]}}],"collection":[{"href":"https:\/\/vinal.co\/index.php\/wp-json\/wp\/v2\/product"}],"about":[{"href":"https:\/\/vinal.co\/index.php\/wp-json\/wp\/v2\/types\/product"}],"version-history":[{"count":6,"href":"https:\/\/vinal.co\/index.php\/wp-json\/wp\/v2\/product\/734\/revisions"}],"predecessor-version":[{"id":12744,"href":"https:\/\/vinal.co\/index.php\/wp-json\/wp\/v2\/product\/734\/revisions\/12744"}],"wp:featuredmedia":[{"embeddable":true,"href":"https:\/\/vinal.co\/index.php\/wp-json\/wp\/v2\/media\/11916"}],"wp:attachment":[{"href":"https:\/\/vinal.co\/index.php\/wp-json\/wp\/v2\/media?parent=734"}],"wp:term":[{"taxonomy":"product_brand","embeddable":true,"href":"https:\/\/vinal.co\/index.php\/wp-json\/wp\/v2\/product_brand?post=734"},{"taxonomy":"product_cat","embeddable":true,"href":"https:\/\/vinal.co\/index.php\/wp-json\/wp\/v2\/product_cat?post=734"},{"taxonomy":"product_tag","embeddable":true,"href":"https:\/\/vinal.co\/index.php\/wp-json\/wp\/v2\/product_tag?post=734"}],"curies":[{"name":"wp","href":"https:\/\/api.w.org\/{rel}","templated":true}]}}