{"id":750,"date":"2019-05-20T11:34:29","date_gmt":"2019-05-20T16:34:29","guid":{"rendered":"http:\/\/vinal.co\/?post_type=product&#038;p=750"},"modified":"2026-03-08T14:03:22","modified_gmt":"2026-03-08T19:03:22","slug":"vinos-de-portugal-vino-blanco-s-sebastiao","status":"publish","type":"product","link":"https:\/\/vinal.co\/index.php\/product\/vinos-de-portugal-vino-blanco-s-sebastiao\/","title":{"rendered":"S\u00e3o Sebasti\u00e3o Blanco"},"content":{"rendered":"<p>El vino S\u00e3o Sebasti\u00e3o Blanco es un vino de la regi\u00f3n de Arruda Dos Vinhos en Lisboa, hace parte de los vinos de Quinta De S. Sebasti\u00e3o, una quinta ubicada a pocos kil\u00f3metros del mar, pero protegida por las monta\u00f1as. Lo cual permite la creaci\u00f3n de vinos con una frescura e identidad muy propias.<\/p>\n<h4><span style=\"color: #87764f;\">Premios<\/span><\/h4>\n<ul>\n<li>Bronce &#8211; China Wine and Spirits Awards 2016<\/li>\n<li>Oro &#8211; China Wine and Spirits Awards 2018<\/li>\n<\/ul>\n<h4><span style=\"color: #87764f;\"><a style=\"color: #87764f;\" href=\"https:\/\/vinal.co\/wp-content\/uploads\/2026\/03\/FT-S-Sebastiao-Blanco.pdf\" target=\"_blank\" rel=\"noopener noreferrer\">Ficha T\u00e9cnica<\/a><\/span><\/h4>\n","protected":false},"excerpt":{"rendered":"<p>REGI\u00d3N | Portugal, Lisboa &#8211; Arruda Dos Vinhos<br \/>\nCEPAS | Sauvignon Blanc y Arinto<br \/>\nNOTAS DE CATA | Color: Vino de color amarillo lim\u00f3n. | Aroma: Con una nariz expresiva que presenta notas de lima y ligeros matices tropicales frescos. | Boca: En boca es suave, con una acidez c\u00edtrica refrescante.<\/p>\n","protected":false},"featured_media":11906,"template":"","meta":{"om_disable_all_campaigns":false,"_monsterinsights_skip_tracking":false,"_monsterinsights_sitenote_active":false,"_monsterinsights_sitenote_note":"","_monsterinsights_sitenote_category":0,"_uf_show_specific_survey":0,"_uf_disable_surveys":false,"_joinchat":[]},"product_brand":[192],"product_cat":[25,177,23],"product_tag":[46,32,37,36,45,29,28],"class_list":{"0":"post-750","1":"product","2":"type-product","3":"status-publish","4":"has-post-thumbnail","6":"product_brand-sao-sebastiao","7":"product_cat-blanco","8":"product_cat-portugal","9":"product_cat-vino","10":"product_tag-arinto","11":"product_tag-blanco","12":"product_tag-lisboa","13":"product_tag-portugal","14":"product_tag-sauvignon-blanc","15":"product_tag-vinho","16":"product_tag-vino","18":"first","19":"instock","20":"shipping-taxable","21":"product-type-simple"},"yoast_head":"<!-- This site is optimized with the Yoast SEO plugin v27.3 - https:\/\/yoast.com\/product\/yoast-seo-wordpress\/ -->\n<title>Vino S\u00e3o Sebasti\u00e3o Blanco<\/title>\n<meta name=\"description\" content=\"El vino S\u00e3o Sebasti\u00e3o Blanco procede de un clima mediterr\u00e1neo con fuerte influencia atl\u00e1ntica. Es un blend de variedades portuguesas e internacionales.\" \/>\n<meta name=\"robots\" content=\"index, follow, max-snippet:-1, max-image-preview:large, max-video-preview:-1\" \/>\n<link rel=\"canonical\" href=\"https:\/\/vinal.co\/index.php\/product\/vinos-de-portugal-vino-blanco-s-sebastiao\/\" \/>\n<meta property=\"og:locale\" content=\"es_ES\" \/>\n<meta property=\"og:type\" content=\"article\" \/>\n<meta property=\"og:title\" content=\"Vino S\u00e3o Sebasti\u00e3o Blanco\" \/>\n<meta property=\"og:description\" content=\"El vino S\u00e3o Sebasti\u00e3o Blanco procede de un clima mediterr\u00e1neo con fuerte influencia atl\u00e1ntica. Es un blend de variedades portuguesas e internacionales.\" \/>\n<meta property=\"og:url\" content=\"https:\/\/vinal.co\/index.php\/product\/vinos-de-portugal-vino-blanco-s-sebastiao\/\" \/>\n<meta property=\"og:site_name\" content=\"Vinal Colombia\" \/>\n<meta property=\"article:publisher\" content=\"https:\/\/www.facebook.com\/VinalColombia\/\" \/>\n<meta property=\"article:modified_time\" content=\"2026-03-08T19:03:22+00:00\" \/>\n<meta property=\"og:image\" content=\"https:\/\/vinal.co\/wp-content\/uploads\/2026\/02\/SS-BL.png\" \/>\n\t<meta property=\"og:image:width\" content=\"840\" \/>\n\t<meta property=\"og:image:height\" content=\"840\" \/>\n\t<meta property=\"og:image:type\" content=\"image\/png\" \/>\n<meta name=\"twitter:card\" content=\"summary_large_image\" \/>\n<meta name=\"twitter:label1\" content=\"Tiempo de lectura\" \/>\n\t<meta name=\"twitter:data1\" content=\"1 minuto\" \/>\n<script type=\"application\/ld+json\" class=\"yoast-schema-graph\">{\"@context\":\"https:\\\/\\\/schema.org\",\"@graph\":[{\"@type\":\"WebPage\",\"@id\":\"https:\\\/\\\/vinal.co\\\/index.php\\\/product\\\/vinos-de-portugal-vino-blanco-s-sebastiao\\\/\",\"url\":\"https:\\\/\\\/vinal.co\\\/index.php\\\/product\\\/vinos-de-portugal-vino-blanco-s-sebastiao\\\/\",\"name\":\"Vino S\u00e3o Sebasti\u00e3o Blanco\",\"isPartOf\":{\"@id\":\"https:\\\/\\\/vinal.co\\\/#website\"},\"primaryImageOfPage\":{\"@id\":\"https:\\\/\\\/vinal.co\\\/index.php\\\/product\\\/vinos-de-portugal-vino-blanco-s-sebastiao\\\/#primaryimage\"},\"image\":{\"@id\":\"https:\\\/\\\/vinal.co\\\/index.php\\\/product\\\/vinos-de-portugal-vino-blanco-s-sebastiao\\\/#primaryimage\"},\"thumbnailUrl\":\"https:\\\/\\\/vinal.co\\\/wp-content\\\/uploads\\\/2026\\\/02\\\/SS-BL.png\",\"datePublished\":\"2019-05-20T16:34:29+00:00\",\"dateModified\":\"2026-03-08T19:03:22+00:00\",\"description\":\"El vino S\u00e3o Sebasti\u00e3o Blanco procede de un clima mediterr\u00e1neo con fuerte influencia atl\u00e1ntica. Es un blend de variedades portuguesas e internacionales.\",\"breadcrumb\":{\"@id\":\"https:\\\/\\\/vinal.co\\\/index.php\\\/product\\\/vinos-de-portugal-vino-blanco-s-sebastiao\\\/#breadcrumb\"},\"inLanguage\":\"es\",\"potentialAction\":[{\"@type\":\"ReadAction\",\"target\":[\"https:\\\/\\\/vinal.co\\\/index.php\\\/product\\\/vinos-de-portugal-vino-blanco-s-sebastiao\\\/\"]}]},{\"@type\":\"ImageObject\",\"inLanguage\":\"es\",\"@id\":\"https:\\\/\\\/vinal.co\\\/index.php\\\/product\\\/vinos-de-portugal-vino-blanco-s-sebastiao\\\/#primaryimage\",\"url\":\"https:\\\/\\\/vinal.co\\\/wp-content\\\/uploads\\\/2026\\\/02\\\/SS-BL.png\",\"contentUrl\":\"https:\\\/\\\/vinal.co\\\/wp-content\\\/uploads\\\/2026\\\/02\\\/SS-BL.png\",\"width\":840,\"height\":840,\"caption\":\"Botella vino S. Sebastiao blanco\"},{\"@type\":\"BreadcrumbList\",\"@id\":\"https:\\\/\\\/vinal.co\\\/index.php\\\/product\\\/vinos-de-portugal-vino-blanco-s-sebastiao\\\/#breadcrumb\",\"itemListElement\":[{\"@type\":\"ListItem\",\"position\":1,\"name\":\"Inicio\",\"item\":\"https:\\\/\\\/vinal.co\\\/\"},{\"@type\":\"ListItem\",\"position\":2,\"name\":\"Comprar\",\"item\":\"https:\\\/\\\/vinal.co\\\/index.php\\\/vinal-colombia-vinos-y-alimentos\\\/\"},{\"@type\":\"ListItem\",\"position\":3,\"name\":\"S\u00e3o Sebasti\u00e3o Blanco\"}]},{\"@type\":\"WebSite\",\"@id\":\"https:\\\/\\\/vinal.co\\\/#website\",\"url\":\"https:\\\/\\\/vinal.co\\\/\",\"name\":\"Vinal Colombia\",\"description\":\"El mundo en una copa!\",\"publisher\":{\"@id\":\"https:\\\/\\\/vinal.co\\\/#organization\"},\"potentialAction\":[{\"@type\":\"SearchAction\",\"target\":{\"@type\":\"EntryPoint\",\"urlTemplate\":\"https:\\\/\\\/vinal.co\\\/?s={search_term_string}\"},\"query-input\":{\"@type\":\"PropertyValueSpecification\",\"valueRequired\":true,\"valueName\":\"search_term_string\"}}],\"inLanguage\":\"es\"},{\"@type\":\"Organization\",\"@id\":\"https:\\\/\\\/vinal.co\\\/#organization\",\"name\":\"VINAL COLOMBIA\",\"url\":\"https:\\\/\\\/vinal.co\\\/\",\"logo\":{\"@type\":\"ImageObject\",\"inLanguage\":\"es\",\"@id\":\"https:\\\/\\\/vinal.co\\\/#\\\/schema\\\/logo\\\/image\\\/\",\"url\":\"https:\\\/\\\/i2.wp.com\\\/vinal.co\\\/wp-content\\\/uploads\\\/2020\\\/09\\\/Portugal-en-una-copa-Vinal-Colombia-Logo.png?fit=216%2C252&ssl=1\",\"contentUrl\":\"https:\\\/\\\/i2.wp.com\\\/vinal.co\\\/wp-content\\\/uploads\\\/2020\\\/09\\\/Portugal-en-una-copa-Vinal-Colombia-Logo.png?fit=216%2C252&ssl=1\",\"width\":216,\"height\":252,\"caption\":\"VINAL COLOMBIA\"},\"image\":{\"@id\":\"https:\\\/\\\/vinal.co\\\/#\\\/schema\\\/logo\\\/image\\\/\"},\"sameAs\":[\"https:\\\/\\\/www.facebook.com\\\/VinalColombia\\\/\",\"https:\\\/\\\/www.instagram.com\\\/vinalcolombia\\\/\"]}]}<\/script>\n<!-- \/ Yoast SEO plugin. -->","yoast_head_json":{"title":"Vino S\u00e3o Sebasti\u00e3o Blanco","description":"El vino S\u00e3o Sebasti\u00e3o Blanco procede de un clima mediterr\u00e1neo con fuerte influencia atl\u00e1ntica. Es un blend de variedades portuguesas e internacionales.","robots":{"index":"index","follow":"follow","max-snippet":"max-snippet:-1","max-image-preview":"max-image-preview:large","max-video-preview":"max-video-preview:-1"},"canonical":"https:\/\/vinal.co\/index.php\/product\/vinos-de-portugal-vino-blanco-s-sebastiao\/","og_locale":"es_ES","og_type":"article","og_title":"Vino S\u00e3o Sebasti\u00e3o Blanco","og_description":"El vino S\u00e3o Sebasti\u00e3o Blanco procede de un clima mediterr\u00e1neo con fuerte influencia atl\u00e1ntica. Es un blend de variedades portuguesas e internacionales.","og_url":"https:\/\/vinal.co\/index.php\/product\/vinos-de-portugal-vino-blanco-s-sebastiao\/","og_site_name":"Vinal Colombia","article_publisher":"https:\/\/www.facebook.com\/VinalColombia\/","article_modified_time":"2026-03-08T19:03:22+00:00","og_image":[{"width":840,"height":840,"url":"https:\/\/vinal.co\/wp-content\/uploads\/2026\/02\/SS-BL.png","type":"image\/png"}],"twitter_card":"summary_large_image","twitter_misc":{"Tiempo de lectura":"1 minuto"},"schema":{"@context":"https:\/\/schema.org","@graph":[{"@type":"WebPage","@id":"https:\/\/vinal.co\/index.php\/product\/vinos-de-portugal-vino-blanco-s-sebastiao\/","url":"https:\/\/vinal.co\/index.php\/product\/vinos-de-portugal-vino-blanco-s-sebastiao\/","name":"Vino S\u00e3o Sebasti\u00e3o Blanco","isPartOf":{"@id":"https:\/\/vinal.co\/#website"},"primaryImageOfPage":{"@id":"https:\/\/vinal.co\/index.php\/product\/vinos-de-portugal-vino-blanco-s-sebastiao\/#primaryimage"},"image":{"@id":"https:\/\/vinal.co\/index.php\/product\/vinos-de-portugal-vino-blanco-s-sebastiao\/#primaryimage"},"thumbnailUrl":"https:\/\/vinal.co\/wp-content\/uploads\/2026\/02\/SS-BL.png","datePublished":"2019-05-20T16:34:29+00:00","dateModified":"2026-03-08T19:03:22+00:00","description":"El vino S\u00e3o Sebasti\u00e3o Blanco procede de un clima mediterr\u00e1neo con fuerte influencia atl\u00e1ntica. Es un blend de variedades portuguesas e internacionales.","breadcrumb":{"@id":"https:\/\/vinal.co\/index.php\/product\/vinos-de-portugal-vino-blanco-s-sebastiao\/#breadcrumb"},"inLanguage":"es","potentialAction":[{"@type":"ReadAction","target":["https:\/\/vinal.co\/index.php\/product\/vinos-de-portugal-vino-blanco-s-sebastiao\/"]}]},{"@type":"ImageObject","inLanguage":"es","@id":"https:\/\/vinal.co\/index.php\/product\/vinos-de-portugal-vino-blanco-s-sebastiao\/#primaryimage","url":"https:\/\/vinal.co\/wp-content\/uploads\/2026\/02\/SS-BL.png","contentUrl":"https:\/\/vinal.co\/wp-content\/uploads\/2026\/02\/SS-BL.png","width":840,"height":840,"caption":"Botella vino S. Sebastiao blanco"},{"@type":"BreadcrumbList","@id":"https:\/\/vinal.co\/index.php\/product\/vinos-de-portugal-vino-blanco-s-sebastiao\/#breadcrumb","itemListElement":[{"@type":"ListItem","position":1,"name":"Inicio","item":"https:\/\/vinal.co\/"},{"@type":"ListItem","position":2,"name":"Comprar","item":"https:\/\/vinal.co\/index.php\/vinal-colombia-vinos-y-alimentos\/"},{"@type":"ListItem","position":3,"name":"S\u00e3o Sebasti\u00e3o Blanco"}]},{"@type":"WebSite","@id":"https:\/\/vinal.co\/#website","url":"https:\/\/vinal.co\/","name":"Vinal Colombia","description":"El mundo en una copa!","publisher":{"@id":"https:\/\/vinal.co\/#organization"},"potentialAction":[{"@type":"SearchAction","target":{"@type":"EntryPoint","urlTemplate":"https:\/\/vinal.co\/?s={search_term_string}"},"query-input":{"@type":"PropertyValueSpecification","valueRequired":true,"valueName":"search_term_string"}}],"inLanguage":"es"},{"@type":"Organization","@id":"https:\/\/vinal.co\/#organization","name":"VINAL COLOMBIA","url":"https:\/\/vinal.co\/","logo":{"@type":"ImageObject","inLanguage":"es","@id":"https:\/\/vinal.co\/#\/schema\/logo\/image\/","url":"https:\/\/i2.wp.com\/vinal.co\/wp-content\/uploads\/2020\/09\/Portugal-en-una-copa-Vinal-Colombia-Logo.png?fit=216%2C252&ssl=1","contentUrl":"https:\/\/i2.wp.com\/vinal.co\/wp-content\/uploads\/2020\/09\/Portugal-en-una-copa-Vinal-Colombia-Logo.png?fit=216%2C252&ssl=1","width":216,"height":252,"caption":"VINAL COLOMBIA"},"image":{"@id":"https:\/\/vinal.co\/#\/schema\/logo\/image\/"},"sameAs":["https:\/\/www.facebook.com\/VinalColombia\/","https:\/\/www.instagram.com\/vinalcolombia\/"]}]}},"_links":{"self":[{"href":"https:\/\/vinal.co\/index.php\/wp-json\/wp\/v2\/product\/750","targetHints":{"allow":["GET"]}}],"collection":[{"href":"https:\/\/vinal.co\/index.php\/wp-json\/wp\/v2\/product"}],"about":[{"href":"https:\/\/vinal.co\/index.php\/wp-json\/wp\/v2\/types\/product"}],"version-history":[{"count":8,"href":"https:\/\/vinal.co\/index.php\/wp-json\/wp\/v2\/product\/750\/revisions"}],"predecessor-version":[{"id":1746,"href":"https:\/\/vinal.co\/index.php\/wp-json\/wp\/v2\/product\/750\/revisions\/1746"}],"wp:featuredmedia":[{"embeddable":true,"href":"https:\/\/vinal.co\/index.php\/wp-json\/wp\/v2\/media\/11906"}],"wp:attachment":[{"href":"https:\/\/vinal.co\/index.php\/wp-json\/wp\/v2\/media?parent=750"}],"wp:term":[{"taxonomy":"product_brand","embeddable":true,"href":"https:\/\/vinal.co\/index.php\/wp-json\/wp\/v2\/product_brand?post=750"},{"taxonomy":"product_cat","embeddable":true,"href":"https:\/\/vinal.co\/index.php\/wp-json\/wp\/v2\/product_cat?post=750"},{"taxonomy":"product_tag","embeddable":true,"href":"https:\/\/vinal.co\/index.php\/wp-json\/wp\/v2\/product_tag?post=750"}],"curies":[{"name":"wp","href":"https:\/\/api.w.org\/{rel}","templated":true}]}}