{"id":753,"date":"2019-05-20T17:36:54","date_gmt":"2019-05-20T22:36:54","guid":{"rendered":"http:\/\/vinal.co\/?post_type=product&#038;p=753"},"modified":"2026-03-08T14:00:34","modified_gmt":"2026-03-08T19:00:34","slug":"sao-sebastiao-reserva","status":"publish","type":"product","link":"https:\/\/vinal.co\/index.php\/product\/sao-sebastiao-reserva\/","title":{"rendered":"S\u00e3o Sebasti\u00e3o Reserva"},"content":{"rendered":"<p class=\"p1\">El vino tinto S\u00e3o Sebasti\u00e3o Reserva es un vino de la regi\u00f3n de Arruda Dos Vinhos en Lisboa, hace parte de los vinos de Quinta De S. Sebasti\u00e3o, una quinta ubicada a pocos kil\u00f3metros del mar, pero protegida por las monta\u00f1as. Lo cual permite la creaci\u00f3n de vinos con una frescura e identidad muy propias.<\/p>\n<h4><span style=\"color: #87764f;\">Premios<\/span><\/h4>\n<ul>\n<li>Bronce &#8211; London Wine Competition 2020<\/li>\n<li>Oro &#8211; China Wine and Spirits Award 2020<\/li>\n<li>Oro, Best Value &#8211; China Wine and Spirits Award 2019<\/li>\n<li>Bronce, Best Value &#8211; China Wine and Spirits Award 2017<\/li>\n<li>Oro &#8211; Concorso Dos Vinhos de Lisboa 2017<\/li>\n<li>Buena Compra &#8211; Revista Vinhos 2015<\/li>\n<\/ul>\n<h4><span style=\"color: #87764f;\"><a style=\"color: #87764f;\" href=\"https:\/\/vinal.co\/wp-content\/uploads\/2026\/03\/FT-S-Sebastiao-Reserva.pdf\" target=\"_blank\" rel=\"noopener noreferrer\">Ficha T\u00e9cnica<\/a><\/span><\/h4>\n","protected":false},"excerpt":{"rendered":"<p>REGI\u00d3N | Portugal, Lisboa &#8211; Arruda Dos Vinhos<br \/>\nCEPAS | Syrah y Touriga Nacional<br \/>\n12 meses en barrica de roble franc\u00e9s<br \/>\nNOTAS DE CATA | Color: De color granate profundo. | Aroma:\u00a0 Con una nariz que ofrece notas de frutos negros, trufa y tabaco. | Boca: En boca presenta una estructura envolvente y un final largo.<\/p>\n","protected":false},"featured_media":11907,"template":"","meta":{"om_disable_all_campaigns":false,"_monsterinsights_skip_tracking":false,"_monsterinsights_sitenote_active":false,"_monsterinsights_sitenote_note":"","_monsterinsights_sitenote_category":0,"_uf_show_specific_survey":0,"_uf_disable_surveys":false,"_joinchat":[]},"product_brand":[192],"product_cat":[177,194,26,23],"product_tag":[48,37,36,49,44,35,39,29,28],"class_list":{"0":"post-753","1":"product","2":"type-product","3":"status-publish","4":"has-post-thumbnail","6":"product_brand-sao-sebastiao","7":"product_cat-portugal","8":"product_cat-reserva","9":"product_cat-tinto","10":"product_cat-vino","11":"product_tag-barrica","12":"product_tag-lisboa","13":"product_tag-portugal","14":"product_tag-reserva","15":"product_tag-syrah","16":"product_tag-tinto","17":"product_tag-touriga-nacional","18":"product_tag-vinho","19":"product_tag-vino","21":"first","22":"instock","23":"featured","24":"shipping-taxable","25":"product-type-simple"},"yoast_head":"<!-- This site is optimized with the Yoast SEO plugin v27.3 - https:\/\/yoast.com\/product\/yoast-seo-wordpress\/ -->\n<title>Vino tinto S\u00e3o Sebasti\u00e3o Reserva<\/title>\n<meta name=\"description\" content=\"El Vino tinto S\u00e3o Sebasti\u00e3o Reserva, 12 meses en barrica, de car\u00e1cter irreverente, este vino se distingue por la armon\u00eda de sus sabores elegantes.\" \/>\n<meta name=\"robots\" content=\"index, follow, max-snippet:-1, max-image-preview:large, max-video-preview:-1\" \/>\n<link rel=\"canonical\" href=\"https:\/\/vinal.co\/index.php\/product\/sao-sebastiao-reserva\/\" \/>\n<meta property=\"og:locale\" content=\"es_ES\" \/>\n<meta property=\"og:type\" content=\"article\" \/>\n<meta property=\"og:title\" content=\"Vino tinto S\u00e3o Sebasti\u00e3o Reserva\" \/>\n<meta property=\"og:description\" content=\"El Vino tinto S\u00e3o Sebasti\u00e3o Reserva, 12 meses en barrica, de car\u00e1cter irreverente, este vino se distingue por la armon\u00eda de sus sabores elegantes.\" \/>\n<meta property=\"og:url\" content=\"https:\/\/vinal.co\/index.php\/product\/sao-sebastiao-reserva\/\" \/>\n<meta property=\"og:site_name\" content=\"Vinal Colombia\" \/>\n<meta property=\"article:publisher\" content=\"https:\/\/www.facebook.com\/VinalColombia\/\" \/>\n<meta property=\"article:modified_time\" content=\"2026-03-08T19:00:34+00:00\" \/>\n<meta property=\"og:image\" content=\"https:\/\/vinal.co\/wp-content\/uploads\/2026\/02\/SS-TTR.png\" \/>\n\t<meta property=\"og:image:width\" content=\"840\" \/>\n\t<meta property=\"og:image:height\" content=\"840\" \/>\n\t<meta property=\"og:image:type\" content=\"image\/png\" \/>\n<meta name=\"twitter:card\" content=\"summary_large_image\" \/>\n<meta name=\"twitter:label1\" content=\"Tiempo de lectura\" \/>\n\t<meta name=\"twitter:data1\" content=\"1 minuto\" \/>\n<script type=\"application\/ld+json\" class=\"yoast-schema-graph\">{\"@context\":\"https:\\\/\\\/schema.org\",\"@graph\":[{\"@type\":\"WebPage\",\"@id\":\"https:\\\/\\\/vinal.co\\\/index.php\\\/product\\\/sao-sebastiao-reserva\\\/\",\"url\":\"https:\\\/\\\/vinal.co\\\/index.php\\\/product\\\/sao-sebastiao-reserva\\\/\",\"name\":\"Vino tinto S\u00e3o Sebasti\u00e3o Reserva\",\"isPartOf\":{\"@id\":\"https:\\\/\\\/vinal.co\\\/#website\"},\"primaryImageOfPage\":{\"@id\":\"https:\\\/\\\/vinal.co\\\/index.php\\\/product\\\/sao-sebastiao-reserva\\\/#primaryimage\"},\"image\":{\"@id\":\"https:\\\/\\\/vinal.co\\\/index.php\\\/product\\\/sao-sebastiao-reserva\\\/#primaryimage\"},\"thumbnailUrl\":\"https:\\\/\\\/vinal.co\\\/wp-content\\\/uploads\\\/2026\\\/02\\\/SS-TTR.png\",\"datePublished\":\"2019-05-20T22:36:54+00:00\",\"dateModified\":\"2026-03-08T19:00:34+00:00\",\"description\":\"El Vino tinto S\u00e3o Sebasti\u00e3o Reserva, 12 meses en barrica, de car\u00e1cter irreverente, este vino se distingue por la armon\u00eda de sus sabores elegantes.\",\"breadcrumb\":{\"@id\":\"https:\\\/\\\/vinal.co\\\/index.php\\\/product\\\/sao-sebastiao-reserva\\\/#breadcrumb\"},\"inLanguage\":\"es\",\"potentialAction\":[{\"@type\":\"ReadAction\",\"target\":[\"https:\\\/\\\/vinal.co\\\/index.php\\\/product\\\/sao-sebastiao-reserva\\\/\"]}]},{\"@type\":\"ImageObject\",\"inLanguage\":\"es\",\"@id\":\"https:\\\/\\\/vinal.co\\\/index.php\\\/product\\\/sao-sebastiao-reserva\\\/#primaryimage\",\"url\":\"https:\\\/\\\/vinal.co\\\/wp-content\\\/uploads\\\/2026\\\/02\\\/SS-TTR.png\",\"contentUrl\":\"https:\\\/\\\/vinal.co\\\/wp-content\\\/uploads\\\/2026\\\/02\\\/SS-TTR.png\",\"width\":840,\"height\":840,\"caption\":\"Botella vino S. Sebastiao Reserva tinto\"},{\"@type\":\"BreadcrumbList\",\"@id\":\"https:\\\/\\\/vinal.co\\\/index.php\\\/product\\\/sao-sebastiao-reserva\\\/#breadcrumb\",\"itemListElement\":[{\"@type\":\"ListItem\",\"position\":1,\"name\":\"Inicio\",\"item\":\"https:\\\/\\\/vinal.co\\\/\"},{\"@type\":\"ListItem\",\"position\":2,\"name\":\"Comprar\",\"item\":\"https:\\\/\\\/vinal.co\\\/index.php\\\/vinal-colombia-vinos-y-alimentos\\\/\"},{\"@type\":\"ListItem\",\"position\":3,\"name\":\"S\u00e3o Sebasti\u00e3o Reserva\"}]},{\"@type\":\"WebSite\",\"@id\":\"https:\\\/\\\/vinal.co\\\/#website\",\"url\":\"https:\\\/\\\/vinal.co\\\/\",\"name\":\"Vinal Colombia\",\"description\":\"El mundo en una copa!\",\"publisher\":{\"@id\":\"https:\\\/\\\/vinal.co\\\/#organization\"},\"potentialAction\":[{\"@type\":\"SearchAction\",\"target\":{\"@type\":\"EntryPoint\",\"urlTemplate\":\"https:\\\/\\\/vinal.co\\\/?s={search_term_string}\"},\"query-input\":{\"@type\":\"PropertyValueSpecification\",\"valueRequired\":true,\"valueName\":\"search_term_string\"}}],\"inLanguage\":\"es\"},{\"@type\":\"Organization\",\"@id\":\"https:\\\/\\\/vinal.co\\\/#organization\",\"name\":\"VINAL COLOMBIA\",\"url\":\"https:\\\/\\\/vinal.co\\\/\",\"logo\":{\"@type\":\"ImageObject\",\"inLanguage\":\"es\",\"@id\":\"https:\\\/\\\/vinal.co\\\/#\\\/schema\\\/logo\\\/image\\\/\",\"url\":\"https:\\\/\\\/i2.wp.com\\\/vinal.co\\\/wp-content\\\/uploads\\\/2020\\\/09\\\/Portugal-en-una-copa-Vinal-Colombia-Logo.png?fit=216%2C252&ssl=1\",\"contentUrl\":\"https:\\\/\\\/i2.wp.com\\\/vinal.co\\\/wp-content\\\/uploads\\\/2020\\\/09\\\/Portugal-en-una-copa-Vinal-Colombia-Logo.png?fit=216%2C252&ssl=1\",\"width\":216,\"height\":252,\"caption\":\"VINAL COLOMBIA\"},\"image\":{\"@id\":\"https:\\\/\\\/vinal.co\\\/#\\\/schema\\\/logo\\\/image\\\/\"},\"sameAs\":[\"https:\\\/\\\/www.facebook.com\\\/VinalColombia\\\/\",\"https:\\\/\\\/www.instagram.com\\\/vinalcolombia\\\/\"]}]}<\/script>\n<!-- \/ Yoast SEO plugin. -->","yoast_head_json":{"title":"Vino tinto S\u00e3o Sebasti\u00e3o Reserva","description":"El Vino tinto S\u00e3o Sebasti\u00e3o Reserva, 12 meses en barrica, de car\u00e1cter irreverente, este vino se distingue por la armon\u00eda de sus sabores elegantes.","robots":{"index":"index","follow":"follow","max-snippet":"max-snippet:-1","max-image-preview":"max-image-preview:large","max-video-preview":"max-video-preview:-1"},"canonical":"https:\/\/vinal.co\/index.php\/product\/sao-sebastiao-reserva\/","og_locale":"es_ES","og_type":"article","og_title":"Vino tinto S\u00e3o Sebasti\u00e3o Reserva","og_description":"El Vino tinto S\u00e3o Sebasti\u00e3o Reserva, 12 meses en barrica, de car\u00e1cter irreverente, este vino se distingue por la armon\u00eda de sus sabores elegantes.","og_url":"https:\/\/vinal.co\/index.php\/product\/sao-sebastiao-reserva\/","og_site_name":"Vinal Colombia","article_publisher":"https:\/\/www.facebook.com\/VinalColombia\/","article_modified_time":"2026-03-08T19:00:34+00:00","og_image":[{"width":840,"height":840,"url":"https:\/\/vinal.co\/wp-content\/uploads\/2026\/02\/SS-TTR.png","type":"image\/png"}],"twitter_card":"summary_large_image","twitter_misc":{"Tiempo de lectura":"1 minuto"},"schema":{"@context":"https:\/\/schema.org","@graph":[{"@type":"WebPage","@id":"https:\/\/vinal.co\/index.php\/product\/sao-sebastiao-reserva\/","url":"https:\/\/vinal.co\/index.php\/product\/sao-sebastiao-reserva\/","name":"Vino tinto S\u00e3o Sebasti\u00e3o Reserva","isPartOf":{"@id":"https:\/\/vinal.co\/#website"},"primaryImageOfPage":{"@id":"https:\/\/vinal.co\/index.php\/product\/sao-sebastiao-reserva\/#primaryimage"},"image":{"@id":"https:\/\/vinal.co\/index.php\/product\/sao-sebastiao-reserva\/#primaryimage"},"thumbnailUrl":"https:\/\/vinal.co\/wp-content\/uploads\/2026\/02\/SS-TTR.png","datePublished":"2019-05-20T22:36:54+00:00","dateModified":"2026-03-08T19:00:34+00:00","description":"El Vino tinto S\u00e3o Sebasti\u00e3o Reserva, 12 meses en barrica, de car\u00e1cter irreverente, este vino se distingue por la armon\u00eda de sus sabores elegantes.","breadcrumb":{"@id":"https:\/\/vinal.co\/index.php\/product\/sao-sebastiao-reserva\/#breadcrumb"},"inLanguage":"es","potentialAction":[{"@type":"ReadAction","target":["https:\/\/vinal.co\/index.php\/product\/sao-sebastiao-reserva\/"]}]},{"@type":"ImageObject","inLanguage":"es","@id":"https:\/\/vinal.co\/index.php\/product\/sao-sebastiao-reserva\/#primaryimage","url":"https:\/\/vinal.co\/wp-content\/uploads\/2026\/02\/SS-TTR.png","contentUrl":"https:\/\/vinal.co\/wp-content\/uploads\/2026\/02\/SS-TTR.png","width":840,"height":840,"caption":"Botella vino S. Sebastiao Reserva tinto"},{"@type":"BreadcrumbList","@id":"https:\/\/vinal.co\/index.php\/product\/sao-sebastiao-reserva\/#breadcrumb","itemListElement":[{"@type":"ListItem","position":1,"name":"Inicio","item":"https:\/\/vinal.co\/"},{"@type":"ListItem","position":2,"name":"Comprar","item":"https:\/\/vinal.co\/index.php\/vinal-colombia-vinos-y-alimentos\/"},{"@type":"ListItem","position":3,"name":"S\u00e3o Sebasti\u00e3o Reserva"}]},{"@type":"WebSite","@id":"https:\/\/vinal.co\/#website","url":"https:\/\/vinal.co\/","name":"Vinal Colombia","description":"El mundo en una copa!","publisher":{"@id":"https:\/\/vinal.co\/#organization"},"potentialAction":[{"@type":"SearchAction","target":{"@type":"EntryPoint","urlTemplate":"https:\/\/vinal.co\/?s={search_term_string}"},"query-input":{"@type":"PropertyValueSpecification","valueRequired":true,"valueName":"search_term_string"}}],"inLanguage":"es"},{"@type":"Organization","@id":"https:\/\/vinal.co\/#organization","name":"VINAL COLOMBIA","url":"https:\/\/vinal.co\/","logo":{"@type":"ImageObject","inLanguage":"es","@id":"https:\/\/vinal.co\/#\/schema\/logo\/image\/","url":"https:\/\/i2.wp.com\/vinal.co\/wp-content\/uploads\/2020\/09\/Portugal-en-una-copa-Vinal-Colombia-Logo.png?fit=216%2C252&ssl=1","contentUrl":"https:\/\/i2.wp.com\/vinal.co\/wp-content\/uploads\/2020\/09\/Portugal-en-una-copa-Vinal-Colombia-Logo.png?fit=216%2C252&ssl=1","width":216,"height":252,"caption":"VINAL COLOMBIA"},"image":{"@id":"https:\/\/vinal.co\/#\/schema\/logo\/image\/"},"sameAs":["https:\/\/www.facebook.com\/VinalColombia\/","https:\/\/www.instagram.com\/vinalcolombia\/"]}]}},"_links":{"self":[{"href":"https:\/\/vinal.co\/index.php\/wp-json\/wp\/v2\/product\/753","targetHints":{"allow":["GET"]}}],"collection":[{"href":"https:\/\/vinal.co\/index.php\/wp-json\/wp\/v2\/product"}],"about":[{"href":"https:\/\/vinal.co\/index.php\/wp-json\/wp\/v2\/types\/product"}],"version-history":[{"count":9,"href":"https:\/\/vinal.co\/index.php\/wp-json\/wp\/v2\/product\/753\/revisions"}],"predecessor-version":[{"id":12017,"href":"https:\/\/vinal.co\/index.php\/wp-json\/wp\/v2\/product\/753\/revisions\/12017"}],"wp:featuredmedia":[{"embeddable":true,"href":"https:\/\/vinal.co\/index.php\/wp-json\/wp\/v2\/media\/11907"}],"wp:attachment":[{"href":"https:\/\/vinal.co\/index.php\/wp-json\/wp\/v2\/media?parent=753"}],"wp:term":[{"taxonomy":"product_brand","embeddable":true,"href":"https:\/\/vinal.co\/index.php\/wp-json\/wp\/v2\/product_brand?post=753"},{"taxonomy":"product_cat","embeddable":true,"href":"https:\/\/vinal.co\/index.php\/wp-json\/wp\/v2\/product_cat?post=753"},{"taxonomy":"product_tag","embeddable":true,"href":"https:\/\/vinal.co\/index.php\/wp-json\/wp\/v2\/product_tag?post=753"}],"curies":[{"name":"wp","href":"https:\/\/api.w.org\/{rel}","templated":true}]}}