{"id":754,"date":"2019-05-20T17:44:39","date_gmt":"2019-05-20T22:44:39","guid":{"rendered":"http:\/\/vinal.co\/?post_type=product&#038;p=754"},"modified":"2026-03-08T13:58:36","modified_gmt":"2026-03-08T18:58:36","slug":"quinta-de-sao-sebastiao-reserva","status":"publish","type":"product","link":"https:\/\/vinal.co\/index.php\/product\/quinta-de-sao-sebastiao-reserva\/","title":{"rendered":"Quinta De S\u00e3o Sebasti\u00e3o Reserva"},"content":{"rendered":"<p>El vino Quinta De S\u00e3o Sebasti\u00e3o Reserva es de la regi\u00f3n de Lisboa, espec\u00edficamente de Arruda Dos Vinhos, cuyo nombre significa la \u00abRuta de los vinos\u00bb.\u00a0 Proveniente de la Quinta De S. Sebasti\u00e3o, una quinta con diez hect\u00e1reas de vi\u00f1as, localizadas muy cerca al mar pero protegidas por monta\u00f1as, lo cual le infunde un car\u00e1cter muy especial a sus vinos.<\/p>\n<h4><span style=\"color: #87764f;\">Premios<\/span><\/h4>\n<ul>\n<li>90 puntos &#8211; Wine Enthusiast<\/li>\n<li>90 puntos &#8211; Robert Parker<\/li>\n<li>Bronce &#8211; Challenge International Du Vin<\/li>\n<li>Plata &#8211; Wines Of Portugal Challenge<\/li>\n<li>Plata &#8211; Concours Mondial Bruxelles 2016<\/li>\n<li>Boa Compra &#8211; Revista Vinhos 2015<\/li>\n<li>Bronce &#8211; International Wine and Spirit Competition 2014<\/li>\n<li>Bronce &#8211; Expolicores Club Los Lagartos 2018<\/li>\n<li>Plata &#8211; Expolicores Club Los Lagartos 2019<\/li>\n<li>Oro &#8211; Mejor vino tinto seco &#8211; Vinalies Internationales 2020<\/li>\n<\/ul>\n<h4><span style=\"color: #87764f;\"><a style=\"color: #87764f;\" href=\"https:\/\/vinal.co\/wp-content\/uploads\/2026\/03\/FT-Quinta-Reserva.pdf\" target=\"_blank\" rel=\"noopener noreferrer\">Ficha T\u00e9cnica<\/a><\/span><\/h4>\n","protected":false},"excerpt":{"rendered":"<p>REGI\u00d3N | Portugal, Lisboa &#8211; Arruda Dos Vinhos<br \/>\nCEPAS | Merlot, Touriga Nacional y Syrah<br \/>\n12 meses en barricas de roble franc\u00e9s de primer uso<br \/>\nNOTAS DE CATA | Color: Vino de color granate profundo. | Aroma: En nariz presenta notas de fruta madura, flor de azahar y algunas especias, armoniosamente integradas con los matices tostados adquiridos durante sus 12 meses en barricas de roble franc\u00e9s. | Boca: En boca es un vino intenso y elegante, con taninos que garantizan una evoluci\u00f3n favorable en los pr\u00f3ximos a\u00f1os.<\/p>\n","protected":false},"featured_media":11910,"template":"","meta":{"om_disable_all_campaigns":false,"_monsterinsights_skip_tracking":false,"_monsterinsights_sitenote_active":false,"_monsterinsights_sitenote_note":"","_monsterinsights_sitenote_category":0,"_uf_show_specific_survey":0,"_uf_disable_surveys":false,"_joinchat":[]},"product_brand":[191],"product_cat":[177,194,26,23],"product_tag":[48,37,43,36,49,44,35,39,29,28],"class_list":{"0":"post-754","1":"product","2":"type-product","3":"status-publish","4":"has-post-thumbnail","6":"product_brand-quinta-de-s-sebastiao","7":"product_cat-portugal","8":"product_cat-reserva","9":"product_cat-tinto","10":"product_cat-vino","11":"product_tag-barrica","12":"product_tag-lisboa","13":"product_tag-merlot","14":"product_tag-portugal","15":"product_tag-reserva","16":"product_tag-syrah","17":"product_tag-tinto","18":"product_tag-touriga-nacional","19":"product_tag-vinho","20":"product_tag-vino","22":"first","23":"instock","24":"shipping-taxable","25":"product-type-simple"},"yoast_head":"<!-- This site is optimized with the Yoast SEO plugin v27.3 - https:\/\/yoast.com\/product\/yoast-seo-wordpress\/ -->\n<title>Vino Quinta De S\u00e3o Sebasti\u00e3o Reserva<\/title>\n<meta name=\"description\" content=\"El vino Quinta De S\u00e3o Sebasti\u00e3o Reserva tinto con 12 meses en barrica de roble franc\u00e9s de primer uso. Es un vino elegante para los amantes del buen vino.\" \/>\n<meta name=\"robots\" content=\"index, follow, max-snippet:-1, max-image-preview:large, max-video-preview:-1\" \/>\n<link rel=\"canonical\" href=\"https:\/\/vinal.co\/index.php\/product\/quinta-de-sao-sebastiao-reserva\/\" \/>\n<meta property=\"og:locale\" content=\"es_ES\" \/>\n<meta property=\"og:type\" content=\"article\" \/>\n<meta property=\"og:title\" content=\"Vino Quinta De S\u00e3o Sebasti\u00e3o Reserva\" \/>\n<meta property=\"og:description\" content=\"El vino Quinta De S\u00e3o Sebasti\u00e3o Reserva tinto con 12 meses en barrica de roble franc\u00e9s de primer uso. Es un vino elegante para los amantes del buen vino.\" \/>\n<meta property=\"og:url\" content=\"https:\/\/vinal.co\/index.php\/product\/quinta-de-sao-sebastiao-reserva\/\" \/>\n<meta property=\"og:site_name\" content=\"Vinal Colombia\" \/>\n<meta property=\"article:publisher\" content=\"https:\/\/www.facebook.com\/VinalColombia\/\" \/>\n<meta property=\"article:modified_time\" content=\"2026-03-08T18:58:36+00:00\" \/>\n<meta property=\"og:image\" content=\"https:\/\/vinal.co\/wp-content\/uploads\/2026\/02\/QSS-TTR.png\" \/>\n\t<meta property=\"og:image:width\" content=\"840\" \/>\n\t<meta property=\"og:image:height\" content=\"840\" \/>\n\t<meta property=\"og:image:type\" content=\"image\/png\" \/>\n<meta name=\"twitter:card\" content=\"summary_large_image\" \/>\n<meta name=\"twitter:label1\" content=\"Tiempo de lectura\" \/>\n\t<meta name=\"twitter:data1\" content=\"1 minuto\" \/>\n<script type=\"application\/ld+json\" class=\"yoast-schema-graph\">{\"@context\":\"https:\\\/\\\/schema.org\",\"@graph\":[{\"@type\":\"WebPage\",\"@id\":\"https:\\\/\\\/vinal.co\\\/index.php\\\/product\\\/quinta-de-sao-sebastiao-reserva\\\/\",\"url\":\"https:\\\/\\\/vinal.co\\\/index.php\\\/product\\\/quinta-de-sao-sebastiao-reserva\\\/\",\"name\":\"Vino Quinta De S\u00e3o Sebasti\u00e3o Reserva\",\"isPartOf\":{\"@id\":\"https:\\\/\\\/vinal.co\\\/#website\"},\"primaryImageOfPage\":{\"@id\":\"https:\\\/\\\/vinal.co\\\/index.php\\\/product\\\/quinta-de-sao-sebastiao-reserva\\\/#primaryimage\"},\"image\":{\"@id\":\"https:\\\/\\\/vinal.co\\\/index.php\\\/product\\\/quinta-de-sao-sebastiao-reserva\\\/#primaryimage\"},\"thumbnailUrl\":\"https:\\\/\\\/vinal.co\\\/wp-content\\\/uploads\\\/2026\\\/02\\\/QSS-TTR.png\",\"datePublished\":\"2019-05-20T22:44:39+00:00\",\"dateModified\":\"2026-03-08T18:58:36+00:00\",\"description\":\"El vino Quinta De S\u00e3o Sebasti\u00e3o Reserva tinto con 12 meses en barrica de roble franc\u00e9s de primer uso. Es un vino elegante para los amantes del buen vino.\",\"breadcrumb\":{\"@id\":\"https:\\\/\\\/vinal.co\\\/index.php\\\/product\\\/quinta-de-sao-sebastiao-reserva\\\/#breadcrumb\"},\"inLanguage\":\"es\",\"potentialAction\":[{\"@type\":\"ReadAction\",\"target\":[\"https:\\\/\\\/vinal.co\\\/index.php\\\/product\\\/quinta-de-sao-sebastiao-reserva\\\/\"]}]},{\"@type\":\"ImageObject\",\"inLanguage\":\"es\",\"@id\":\"https:\\\/\\\/vinal.co\\\/index.php\\\/product\\\/quinta-de-sao-sebastiao-reserva\\\/#primaryimage\",\"url\":\"https:\\\/\\\/vinal.co\\\/wp-content\\\/uploads\\\/2026\\\/02\\\/QSS-TTR.png\",\"contentUrl\":\"https:\\\/\\\/vinal.co\\\/wp-content\\\/uploads\\\/2026\\\/02\\\/QSS-TTR.png\",\"width\":840,\"height\":840,\"caption\":\"Botella vino Quinta de S. Sebastiao tinto reserva\"},{\"@type\":\"BreadcrumbList\",\"@id\":\"https:\\\/\\\/vinal.co\\\/index.php\\\/product\\\/quinta-de-sao-sebastiao-reserva\\\/#breadcrumb\",\"itemListElement\":[{\"@type\":\"ListItem\",\"position\":1,\"name\":\"Inicio\",\"item\":\"https:\\\/\\\/vinal.co\\\/\"},{\"@type\":\"ListItem\",\"position\":2,\"name\":\"Comprar\",\"item\":\"https:\\\/\\\/vinal.co\\\/index.php\\\/vinal-colombia-vinos-y-alimentos\\\/\"},{\"@type\":\"ListItem\",\"position\":3,\"name\":\"Quinta De S\u00e3o Sebasti\u00e3o Reserva\"}]},{\"@type\":\"WebSite\",\"@id\":\"https:\\\/\\\/vinal.co\\\/#website\",\"url\":\"https:\\\/\\\/vinal.co\\\/\",\"name\":\"Vinal Colombia\",\"description\":\"El mundo en una copa!\",\"publisher\":{\"@id\":\"https:\\\/\\\/vinal.co\\\/#organization\"},\"potentialAction\":[{\"@type\":\"SearchAction\",\"target\":{\"@type\":\"EntryPoint\",\"urlTemplate\":\"https:\\\/\\\/vinal.co\\\/?s={search_term_string}\"},\"query-input\":{\"@type\":\"PropertyValueSpecification\",\"valueRequired\":true,\"valueName\":\"search_term_string\"}}],\"inLanguage\":\"es\"},{\"@type\":\"Organization\",\"@id\":\"https:\\\/\\\/vinal.co\\\/#organization\",\"name\":\"VINAL COLOMBIA\",\"url\":\"https:\\\/\\\/vinal.co\\\/\",\"logo\":{\"@type\":\"ImageObject\",\"inLanguage\":\"es\",\"@id\":\"https:\\\/\\\/vinal.co\\\/#\\\/schema\\\/logo\\\/image\\\/\",\"url\":\"https:\\\/\\\/i2.wp.com\\\/vinal.co\\\/wp-content\\\/uploads\\\/2020\\\/09\\\/Portugal-en-una-copa-Vinal-Colombia-Logo.png?fit=216%2C252&ssl=1\",\"contentUrl\":\"https:\\\/\\\/i2.wp.com\\\/vinal.co\\\/wp-content\\\/uploads\\\/2020\\\/09\\\/Portugal-en-una-copa-Vinal-Colombia-Logo.png?fit=216%2C252&ssl=1\",\"width\":216,\"height\":252,\"caption\":\"VINAL COLOMBIA\"},\"image\":{\"@id\":\"https:\\\/\\\/vinal.co\\\/#\\\/schema\\\/logo\\\/image\\\/\"},\"sameAs\":[\"https:\\\/\\\/www.facebook.com\\\/VinalColombia\\\/\",\"https:\\\/\\\/www.instagram.com\\\/vinalcolombia\\\/\"]}]}<\/script>\n<!-- \/ Yoast SEO plugin. -->","yoast_head_json":{"title":"Vino Quinta De S\u00e3o Sebasti\u00e3o Reserva","description":"El vino Quinta De S\u00e3o Sebasti\u00e3o Reserva tinto con 12 meses en barrica de roble franc\u00e9s de primer uso. Es un vino elegante para los amantes del buen vino.","robots":{"index":"index","follow":"follow","max-snippet":"max-snippet:-1","max-image-preview":"max-image-preview:large","max-video-preview":"max-video-preview:-1"},"canonical":"https:\/\/vinal.co\/index.php\/product\/quinta-de-sao-sebastiao-reserva\/","og_locale":"es_ES","og_type":"article","og_title":"Vino Quinta De S\u00e3o Sebasti\u00e3o Reserva","og_description":"El vino Quinta De S\u00e3o Sebasti\u00e3o Reserva tinto con 12 meses en barrica de roble franc\u00e9s de primer uso. Es un vino elegante para los amantes del buen vino.","og_url":"https:\/\/vinal.co\/index.php\/product\/quinta-de-sao-sebastiao-reserva\/","og_site_name":"Vinal Colombia","article_publisher":"https:\/\/www.facebook.com\/VinalColombia\/","article_modified_time":"2026-03-08T18:58:36+00:00","og_image":[{"width":840,"height":840,"url":"https:\/\/vinal.co\/wp-content\/uploads\/2026\/02\/QSS-TTR.png","type":"image\/png"}],"twitter_card":"summary_large_image","twitter_misc":{"Tiempo de lectura":"1 minuto"},"schema":{"@context":"https:\/\/schema.org","@graph":[{"@type":"WebPage","@id":"https:\/\/vinal.co\/index.php\/product\/quinta-de-sao-sebastiao-reserva\/","url":"https:\/\/vinal.co\/index.php\/product\/quinta-de-sao-sebastiao-reserva\/","name":"Vino Quinta De S\u00e3o Sebasti\u00e3o Reserva","isPartOf":{"@id":"https:\/\/vinal.co\/#website"},"primaryImageOfPage":{"@id":"https:\/\/vinal.co\/index.php\/product\/quinta-de-sao-sebastiao-reserva\/#primaryimage"},"image":{"@id":"https:\/\/vinal.co\/index.php\/product\/quinta-de-sao-sebastiao-reserva\/#primaryimage"},"thumbnailUrl":"https:\/\/vinal.co\/wp-content\/uploads\/2026\/02\/QSS-TTR.png","datePublished":"2019-05-20T22:44:39+00:00","dateModified":"2026-03-08T18:58:36+00:00","description":"El vino Quinta De S\u00e3o Sebasti\u00e3o Reserva tinto con 12 meses en barrica de roble franc\u00e9s de primer uso. Es un vino elegante para los amantes del buen vino.","breadcrumb":{"@id":"https:\/\/vinal.co\/index.php\/product\/quinta-de-sao-sebastiao-reserva\/#breadcrumb"},"inLanguage":"es","potentialAction":[{"@type":"ReadAction","target":["https:\/\/vinal.co\/index.php\/product\/quinta-de-sao-sebastiao-reserva\/"]}]},{"@type":"ImageObject","inLanguage":"es","@id":"https:\/\/vinal.co\/index.php\/product\/quinta-de-sao-sebastiao-reserva\/#primaryimage","url":"https:\/\/vinal.co\/wp-content\/uploads\/2026\/02\/QSS-TTR.png","contentUrl":"https:\/\/vinal.co\/wp-content\/uploads\/2026\/02\/QSS-TTR.png","width":840,"height":840,"caption":"Botella vino Quinta de S. Sebastiao tinto reserva"},{"@type":"BreadcrumbList","@id":"https:\/\/vinal.co\/index.php\/product\/quinta-de-sao-sebastiao-reserva\/#breadcrumb","itemListElement":[{"@type":"ListItem","position":1,"name":"Inicio","item":"https:\/\/vinal.co\/"},{"@type":"ListItem","position":2,"name":"Comprar","item":"https:\/\/vinal.co\/index.php\/vinal-colombia-vinos-y-alimentos\/"},{"@type":"ListItem","position":3,"name":"Quinta De S\u00e3o Sebasti\u00e3o Reserva"}]},{"@type":"WebSite","@id":"https:\/\/vinal.co\/#website","url":"https:\/\/vinal.co\/","name":"Vinal Colombia","description":"El mundo en una copa!","publisher":{"@id":"https:\/\/vinal.co\/#organization"},"potentialAction":[{"@type":"SearchAction","target":{"@type":"EntryPoint","urlTemplate":"https:\/\/vinal.co\/?s={search_term_string}"},"query-input":{"@type":"PropertyValueSpecification","valueRequired":true,"valueName":"search_term_string"}}],"inLanguage":"es"},{"@type":"Organization","@id":"https:\/\/vinal.co\/#organization","name":"VINAL COLOMBIA","url":"https:\/\/vinal.co\/","logo":{"@type":"ImageObject","inLanguage":"es","@id":"https:\/\/vinal.co\/#\/schema\/logo\/image\/","url":"https:\/\/i2.wp.com\/vinal.co\/wp-content\/uploads\/2020\/09\/Portugal-en-una-copa-Vinal-Colombia-Logo.png?fit=216%2C252&ssl=1","contentUrl":"https:\/\/i2.wp.com\/vinal.co\/wp-content\/uploads\/2020\/09\/Portugal-en-una-copa-Vinal-Colombia-Logo.png?fit=216%2C252&ssl=1","width":216,"height":252,"caption":"VINAL COLOMBIA"},"image":{"@id":"https:\/\/vinal.co\/#\/schema\/logo\/image\/"},"sameAs":["https:\/\/www.facebook.com\/VinalColombia\/","https:\/\/www.instagram.com\/vinalcolombia\/"]}]}},"_links":{"self":[{"href":"https:\/\/vinal.co\/index.php\/wp-json\/wp\/v2\/product\/754","targetHints":{"allow":["GET"]}}],"collection":[{"href":"https:\/\/vinal.co\/index.php\/wp-json\/wp\/v2\/product"}],"about":[{"href":"https:\/\/vinal.co\/index.php\/wp-json\/wp\/v2\/types\/product"}],"version-history":[{"count":9,"href":"https:\/\/vinal.co\/index.php\/wp-json\/wp\/v2\/product\/754\/revisions"}],"predecessor-version":[{"id":1410,"href":"https:\/\/vinal.co\/index.php\/wp-json\/wp\/v2\/product\/754\/revisions\/1410"}],"wp:featuredmedia":[{"embeddable":true,"href":"https:\/\/vinal.co\/index.php\/wp-json\/wp\/v2\/media\/11910"}],"wp:attachment":[{"href":"https:\/\/vinal.co\/index.php\/wp-json\/wp\/v2\/media?parent=754"}],"wp:term":[{"taxonomy":"product_brand","embeddable":true,"href":"https:\/\/vinal.co\/index.php\/wp-json\/wp\/v2\/product_brand?post=754"},{"taxonomy":"product_cat","embeddable":true,"href":"https:\/\/vinal.co\/index.php\/wp-json\/wp\/v2\/product_cat?post=754"},{"taxonomy":"product_tag","embeddable":true,"href":"https:\/\/vinal.co\/index.php\/wp-json\/wp\/v2\/product_tag?post=754"}],"curies":[{"name":"wp","href":"https:\/\/api.w.org\/{rel}","templated":true}]}}